{"id":926,"date":"2023-07-08T07:20:34","date_gmt":"2023-07-08T07:20:34","guid":{"rendered":"https:\/\/www.optimiseconsulting.eu\/index.php\/cp-v-telegram\/"},"modified":"2023-07-08T07:20:34","modified_gmt":"2023-07-08T07:20:34","slug":"cp-v-telegram","status":"publish","type":"page","link":"https:\/\/www.optimiseconsulting.eu\/index.php\/cp-v-telegram\/","title":{"rendered":"\u0426\u043f \u0432 \u0442\u0435\u043b\u0435\u0433\u0440\u0430\u043c"},"content":{"rendered":"<p><!doctype html> \u0441\u0435\u043a\u0441 \u0434\u0435\u0442\u0435\u0439 \u0432 \u043b\u0430\u0433\u0435\u0440\u0435 YexirUduse629 <a href=\"https:\/\/pixhost.to\/show\/91\/365548154_page1.jpg\"><img decoding=\"async\" src=\"https:\/\/t88.pixhost.to\/thumbs\/91\/365548154_page1.jpg\" alt=\"\u0446\u043f \u0432\u043a\u043e\u043d\u0442\u0430\u043a\u0442\u0435\" class=\"\"\/><\/a> <a href=\"https:\/\/pixhost.to\/show\/91\/365548165_page2.jpg\"><img decoding=\"async\" src=\"https:\/\/t88.pixhost.to\/thumbs\/91\/365548165_page2.jpg\" alt=\"\u0440\u0443\u0441\u0441\u043a\u043e\u0435 \u043b\u0435\u0433\u0430\u043b\" class=\"\"\/><\/a> <\/p>\n<h1>Download torrent mai\u00f4 japon\u00eas de l\u00e1tex garotas gostosas. foro webcam adolescente COLECCI\u00d3N RUSA TOR FRUTA PROHIBIDA foro webcam. del foro NUDISTA NATURISMO CO\u00d1O VK RU ANAL c\u00e1mara web del foro. gen\u00e7 fahi\u015feler porno \u00e7ocuk f\u0131\u015fk\u0131rtma \u00e7ocuk striptiz. \u041f\u043e\u043f\u043a\u0438 \u0440\u0443\u0441\u0441\u043a\u0438\u0445 \u0437\u043d\u0430\u043c\u0435\u043d\u0438\u0442\u043e\u0441\u0442\u0435\u0439, cp porn photos 2ch 2.4TB VIDEOS INCEST ILOVECP ILLEGAL PORN IMAGEBOARD INSTAGRAM 4CHAN JB JAPANESE JAIL BAIT JAILBATE. foto webcam videos adolescentes GRATIS FOTOS JOVENES PROHIBIDAS FRUTA SALA ROJA. Forum Webcam-Teen-Porno MOM UND SOHN MEGA LINK INZEST ONLYFANS. foro c\u00e1mara web adolescente BJ Puke BJ o Puke Girl. . \u043f\u043e\u0440\u043d\u043e \u0434\u0435\u0442\u0435\u0439 \u0434\u043e 18 \u043f\u0438\u0441\u044c\u043a\u0438 \u0434\u0435\u0432\u043e\u0447\u0435\u043a \u0434\u0435\u0442\u0435\u0439k, \u0440\u0443\u0441\u0441\u043a\u043e\u0435 \u0433\u0440\u0443\u043f\u043f\u043e\u0432\u043e\u0435 \u043f\u043e\u0440\u043d\u043e \u0438\u043d\u0446\u0435\u0441\u0442kk PikiOpu23.<\/h1>\n<p>\u0444\u043e\u0440\u0443\u043c \u0935\u0947\u092c\u0915\u0948\u092e \u0915\u093f\u0936\u094b\u0930 \u0905\u0936\u094d\u0932\u0940\u0932 PEDOMOM PEDOFAMILY MAGNET LINKS CP. GIRL WEBCAM SKYPE OMEGLE VIDS Forum-Webcam-Teenager-. foto videos de webcam para adolescentes SPYCAM LOLI VIDEO. c\u00e1mara web del foro CHICA WEBCAM SKYPE OMEGLE VIDS. forum veb kameras\u0131 STUDIO KOLLEKS\u0130YASI TORRENT Y\u00dcKL\u018f. forum webcam ado BRO SIS CP KIDS WEBCAM GIRLS PRIORI. forum webcam teen porn FAMILY SEX FREE PTHC GIRL MP4. foro webcam adolescente TEENS SEX TORRENTS YOUNG TEENAGE foro. avec webcam teen videos DAUGHTER LOVE KIDS LINK EXPOSED SLUT avec webcam teen videos. drainantes canaux priv\u00e9s drainant canaux priv\u00e9s drainant. forum webcam adolescent PRETTY NUDIST FAMILY PICS VIDS. new alice in wonderland v3, \u0421\u0415\u041a\u0421 \u0421 \u041c\u0410\u041b\u041e\u041b\u0415\u0422\u041a\u041e\u0419 \u0421\u041b\u0418\u0412k 409GB VIDEOS CHILD PORN Sex Video Of Indian Teen Indian Irresistible, \u0440\u0443\u0441\u0441\u043a\u043e\u0435 \u0431\u0438 \u043f\u043e\u0440\u043d\u043e \u043e\u043d\u043b\u0430\u0439\u043dkk \u0421\u041b\u0418\u0422\u042b\u0415 \u0424\u041e\u0422\u041e \u0428\u041a\u041e\u041b\u042c\u041d\u0418\u0426 \u0422\u0415\u041b\u0415\u0413\u0420\u0410\u041c\u041c<\/><\/p>\n<p>foto \u0440\u0443\u043c c\u00e1mara web porno adolescente SEXO J\u00d3VENES MODELOS. avec webcam vid\u00e9os pour adolescents MOVING TORRENT 409GB ENFANT NUDE pour webcam vid\u00e9os pour adolescents. Forum Webcam Teen-Porno Teens XXX CP VIDEOS KINDERPORNO. Durchsickern von Fotos von Wichsern, Durchsickern von. forum webcam teen YOUNG MODEL FOTO YOUNG WEBCAM YOUNG. \u0444\u043e\u0440\u0443\u043c v\u00eddeos de webcam para adolescentes PTHC COLLECTION. vor der Webcam nackt Br\u00fcste Teenager zeigen ihre Reize auf Tik Tok. \ud3ec\ub7fc \uc6f9\ucea0 COLLECTION CHILD PORN INCEST LOLI PRETEEN PRIVATS. 12 13 14 yo nudekk TELEGRAM CHANNEL<\/><\/p>\n<h2>2.4TB PRIVATE VIDEO LINK FOR TORRENT CLIENT<\/h2>\n<p> magnet:?xt=urn:btih:38D66BF77DBF45A173FF6009C3ED0895C403AFDA <\/p>\n<h3>WEBSITE: OPEN IN AN ANONYMOUS BROWSER (the link does not work in other browsers!) <a href=\"https:\/\/www.torproject.org\/download\/\">TOR BROWSER<\/a><\/h3>\n<p> <a href=\"http:\/\/dvhdl7akyhos236m76re43nbggcvu5bkxcmfomxsa32ugz6gg2vzdfid.onion\">Www. dvhdl7akyhos236m76re43nbggcvu5bkxcmfomxsa32ugz6gg2vzdfid. onion<\/a><\/p>\n","protected":false},"excerpt":{"rendered":"<p>\u0441\u0435\u043a\u0441 \u0434\u0435\u0442\u0435\u0439 \u0432 \u043b\u0430\u0433\u0435\u0440\u0435 YexirUduse629 Download torrent mai\u00f4 japon\u00eas de l\u00e1tex garotas gostosas. foro webcam adolescente COLECCI\u00d3N RUSA TOR FRUTA PROHIBIDA foro webcam. del foro NUDISTA NATURISMO CO\u00d1O VK RU ANAL c\u00e1mara web del foro. gen\u00e7 fahi\u015feler porno \u00e7ocuk f\u0131\u015fk\u0131rtma \u00e7ocuk striptiz. \u041f\u043e\u043f\u043a\u0438 \u0440\u0443\u0441\u0441\u043a\u0438\u0445 \u0437\u043d\u0430\u043c\u0435\u043d\u0438\u0442\u043e\u0441\u0442\u0435\u0439, cp porn photos 2ch 2.4TB VIDEOS INCEST ILOVECP ILLEGAL PORN [&hellip;]<\/p>\n","protected":false},"author":2,"featured_media":0,"parent":0,"menu_order":0,"comment_status":"closed","ping_status":"closed","template":"","meta":{"footnotes":""},"class_list":["post-926","page","type-page","status-publish","hentry"],"_links":{"self":[{"href":"https:\/\/www.optimiseconsulting.eu\/index.php\/wp-json\/wp\/v2\/pages\/926","targetHints":{"allow":["GET"]}}],"collection":[{"href":"https:\/\/www.optimiseconsulting.eu\/index.php\/wp-json\/wp\/v2\/pages"}],"about":[{"href":"https:\/\/www.optimiseconsulting.eu\/index.php\/wp-json\/wp\/v2\/types\/page"}],"author":[{"embeddable":true,"href":"https:\/\/www.optimiseconsulting.eu\/index.php\/wp-json\/wp\/v2\/users\/2"}],"replies":[{"embeddable":true,"href":"https:\/\/www.optimiseconsulting.eu\/index.php\/wp-json\/wp\/v2\/comments?post=926"}],"version-history":[{"count":0,"href":"https:\/\/www.optimiseconsulting.eu\/index.php\/wp-json\/wp\/v2\/pages\/926\/revisions"}],"wp:attachment":[{"href":"https:\/\/www.optimiseconsulting.eu\/index.php\/wp-json\/wp\/v2\/media?parent=926"}],"curies":[{"name":"wp","href":"https:\/\/api.w.org\/{rel}","templated":true}]}}