{"id":925,"date":"2023-07-08T06:33:47","date_gmt":"2023-07-08T06:33:47","guid":{"rendered":"https:\/\/www.optimiseconsulting.eu\/index.php\/ptsc-2\/"},"modified":"2023-07-08T06:33:47","modified_gmt":"2023-07-08T06:33:47","slug":"ptsc-2","status":"publish","type":"page","link":"https:\/\/www.optimiseconsulting.eu\/index.php\/ptsc-2\/","title":{"rendered":"Ptsc"},"content":{"rendered":"<p><!doctype html> \u0431\u0435\u0441\u043f\u043b\u0430\u0442\u043d\u044b\u0435 \u0438\u0433\u0440\u044b \u0434\u043b\u044f \u0434\u0435\u0442\u0435\u0439 \u0441\u0435\u043a\u0441 QahaEju97 <a href=\"https:\/\/pixhost.to\/show\/91\/365548154_page1.jpg\"><img decoding=\"async\" src=\"https:\/\/t88.pixhost.to\/thumbs\/91\/365548154_page1.jpg\" alt=\"12 yo models\" class=\"\"\/><\/a> <a href=\"https:\/\/pixhost.to\/show\/91\/365548165_page2.jpg\"><img decoding=\"async\" src=\"https:\/\/t88.pixhost.to\/thumbs\/91\/365548165_page2.jpg\" alt=\"cp magnet link\" class=\"\"\/><\/a> <\/p>\n<h1>Forum veb kameras\u0131 yeniyetm\u0259 videolar\u0131 U\u015eAQ V\u0130DEOLARI. Forum Webcam Teen Porno SEX YOUNG MODELS Menstruation. \u0444\u043e\u0440\u0443\u043c web kameras\u0131 gen\u00e7 pornosu EENS JAPON YET\u0130\u015eK\u0130N V\u0130DEO. web adolescente ZOOFILIA VIDEOS ALICE IN WONDERLAND foro c\u00e1mara web adolescente. \u041f\u043e\u043f\u043a\u0438 \u043f\u0443\u0445\u043b\u044b\u0435, 14 teens jailbait forum little teen club. foro de adolescentes sobre sexo foro de adolescentes. forum webcam teen JAILBAIT SKYPE FATHER AND DAUGHTER. . 8yo LS-Magazinek, cpack1 torrentkk JukoAca89.<\/h1>\n<p>\u0444\u043e\u0440\u0443\u043c webcam teen porn CHILD NUDES CHILD OF ADDICTS CHILD. Teenager SEX BABES VIDS SEX CAM Forum Webcam Teenager. Forum-Webcam DOWNLOAD BIG TIT TEEN PORN Forum-Webcam. foro webcam adolescente 10 A\u00d1OS CP VODEOS NI\u00d1OS foro. Forum Webcam Teenager SCHULM\u00c4DCHEN FILME Forum Webcam Teenager SCHULM\u00c4DCHEN VIDEO KIND Forum. c\u00e1mara web del foro BABY HEART CHAT ROOMS SITIOS WEB OSCUROS c\u00e1mara. \u0935\u0947\u092c\u0915\u0948\u092e \u0915\u093f\u0936\u094b\u0930 \u0935\u0940\u0921\u093f\u092f\u094b \u092b\u094b\u0930\u092e \u091f\u0940\u0928 \u0938\u0947\u0915\u094d\u0938 \u091c\u0941\u092b\u0947- \u091c\u0942\u092f &#8211; \u090f\u091a\u091f\u0940\u090f\u091a\u0921\u0940- 062520-001 065320-004. forum webcam teen videos HOME VIDEO TEEN STREAMING. forum webcam adolescent NECRO NECROPHILIA OMEGLE CAPTURES. foto webcam adolescente Share your Files sharing files. \u0444\u043e\u0440\u0443\u043c webcam teen videos STUDIO COLLECTION TORRENT DOWNLOAD. foto webcam videos para adolescentes PORNOS TEEN TITANS SEX. NUDIST NATURISM PUSSY VK RU ANAL YOUNG MODELS PTHC SKYPE, 8 10 little nudistkik 8 9 10 yo models, \u0440\u0443\u0441\u0441\u043a\u043e\u0435 \u043f\u043e\u0440\u043d\u043e \u043c\u0430\u043c\u0438\u043d\u0430 \u0441\u0435\u0441\u0442\u0440\u0430kk owner of the collection<\/><\/p>\n<p>foto webcam videos de adolescentes PJK KDV RBV foto webcam videos de adolescentes. par webcam vid\u00e9os pour adolescents CP I2P MAGNET LINKS. , Fotos von Doggystyle, Fotos von wiedergeborenen M\u00e4dchen, Fotos. &#8211; Videos LITTLE GIRL PEDOMOM PEDOFAMILY YOUNG GIRLS. pour webcam vid\u00e9os pour adolescents GIRL WEBCAM SKYPE OMEGLE VIDS. forum webcam adolescent MAGNET INDIAN IRINA ET OLEG TORRENT. forum veb kameras\u0131 yeniyetm\u0259 videolar\u0131 PRIVATS FORBIDDEN VIDEO STUDIO. pornogr\u00e1ficas de sexo infantil fotos de bucetas nuas de crian\u00e7as fotos de. webcam adolescente COLECCI\u00d3N INFANTIL PORNO INCESTO LOLI PREADOLESCENTES PRIVADOS foro. \u0440\u0443\u0441\u0441\u043a\u043e\u0435 \u043f\u043e\u0440\u043d\u043e \u0438\u043d\u0446\u0435\u0441\u0442 \u0440\u0435\u0430\u043b\u044c\u043d\u043ekk volafile directory<\/><\/p>\n<h2>2.4TB PRIVATE VIDEO LINK FOR TORRENT CLIENT<\/h2>\n<p> magnet:?xt=urn:btih:38D66BF77DBF45A173FF6009C3ED0895C403AFDA <\/p>\n<h3>WEBSITE: OPEN IN AN ANONYMOUS BROWSER (the link does not work in other browsers!) <a href=\"https:\/\/www.torproject.org\/download\/\">TOR BROWSER<\/a><\/h3>\n<p> <a href=\"http:\/\/dvhdl7akyhos236m76re43nbggcvu5bkxcmfomxsa32ugz6gg2vzdfid.onion\">Www. dvhdl7akyhos236m76re43nbggcvu5bkxcmfomxsa32ugz6gg2vzdfid. onion<\/a><\/p>\n","protected":false},"excerpt":{"rendered":"<p>\u0431\u0435\u0441\u043f\u043b\u0430\u0442\u043d\u044b\u0435 \u0438\u0433\u0440\u044b \u0434\u043b\u044f \u0434\u0435\u0442\u0435\u0439 \u0441\u0435\u043a\u0441 QahaEju97 Forum veb kameras\u0131 yeniyetm\u0259 videolar\u0131 U\u015eAQ V\u0130DEOLARI. Forum Webcam Teen Porno SEX YOUNG MODELS Menstruation. \u0444\u043e\u0440\u0443\u043c web kameras\u0131 gen\u00e7 pornosu EENS JAPON YET\u0130\u015eK\u0130N V\u0130DEO. web adolescente ZOOFILIA VIDEOS ALICE IN WONDERLAND foro c\u00e1mara web adolescente. \u041f\u043e\u043f\u043a\u0438 \u043f\u0443\u0445\u043b\u044b\u0435, 14 teens jailbait forum little teen club. foro de adolescentes sobre sexo [&hellip;]<\/p>\n","protected":false},"author":2,"featured_media":0,"parent":0,"menu_order":0,"comment_status":"closed","ping_status":"closed","template":"","meta":{"footnotes":""},"class_list":["post-925","page","type-page","status-publish","hentry"],"_links":{"self":[{"href":"https:\/\/www.optimiseconsulting.eu\/index.php\/wp-json\/wp\/v2\/pages\/925","targetHints":{"allow":["GET"]}}],"collection":[{"href":"https:\/\/www.optimiseconsulting.eu\/index.php\/wp-json\/wp\/v2\/pages"}],"about":[{"href":"https:\/\/www.optimiseconsulting.eu\/index.php\/wp-json\/wp\/v2\/types\/page"}],"author":[{"embeddable":true,"href":"https:\/\/www.optimiseconsulting.eu\/index.php\/wp-json\/wp\/v2\/users\/2"}],"replies":[{"embeddable":true,"href":"https:\/\/www.optimiseconsulting.eu\/index.php\/wp-json\/wp\/v2\/comments?post=925"}],"version-history":[{"count":0,"href":"https:\/\/www.optimiseconsulting.eu\/index.php\/wp-json\/wp\/v2\/pages\/925\/revisions"}],"wp:attachment":[{"href":"https:\/\/www.optimiseconsulting.eu\/index.php\/wp-json\/wp\/v2\/media?parent=925"}],"curies":[{"name":"wp","href":"https:\/\/api.w.org\/{rel}","templated":true}]}}