{"id":924,"date":"2023-07-08T06:14:49","date_gmt":"2023-07-08T06:14:49","guid":{"rendered":"https:\/\/www.optimiseconsulting.eu\/index.php\/color-climax\/"},"modified":"2023-07-08T06:14:49","modified_gmt":"2023-07-08T06:14:49","slug":"color-climax","status":"publish","type":"page","link":"https:\/\/www.optimiseconsulting.eu\/index.php\/color-climax\/","title":{"rendered":"Color climax"},"content":{"rendered":"<p><!doctype html> \u0421\u041b\u0418\u0412 \u0413\u041e\u041b\u042b\u0425 \u0421\u0422\u0420\u0418\u041c\u0415\u0420\u0428 RobiOla41 <a href=\"https:\/\/pixhost.to\/show\/91\/365548154_page1.jpg\"><img decoding=\"async\" src=\"https:\/\/t88.pixhost.to\/thumbs\/91\/365548154_page1.jpg\" alt=\"\u0414\u0415\u0422\u0421\u041a\u041e\u0415 \u041f\u041e\u0420\u0415\u0412\u041e \u0421\u041a\u0410\u0427\u0410\u0422\u042c\" class=\"\"\/><\/a> <a href=\"https:\/\/pixhost.to\/show\/91\/365548165_page2.jpg\"><img decoding=\"async\" src=\"https:\/\/t88.pixhost.to\/thumbs\/91\/365548165_page2.jpg\" alt=\"\u0446\u043f \u0434\u043f \u0442\u0435\u043b\u0435\u0433\u0440\u0430\u043c\u043c\" class=\"\"\/><\/a> <\/p>\n<h1>Foto webcam teen YOUNG PORN TORRENTS COLLEGE PORN VIDEOS. forum web kameras\u0131 yeniyetm\u0259 videolar\u0131 YEN\u0130YY\u018fTL\u018fR\u0130N SEKS\u0130 TORRENTL\u018fR\u0130 G\u018fNC YEN\u0130YY\u018fT. sur webcam teen vid\u00e9os Facebook HOT and SEXY comptes enfants. forum web kameras\u0131 teen EXPLOIT KITS HURTCORE EXPLOITS. \u041f\u043e\u043f\u043a\u0438 \u043c\u043e\u043b\u043e\u0434\u0435\u043d\u044c\u043a\u0438\u0435, \u0440\u0443\u0441\u0441\u043a\u043e\u0435 \u043f\u043e\u0440\u043d\u043e \u0438\u043d\u0446\u0435\u0441\u0442 \u0441\u043c\u043e\u0442\u0440\u0435\u0442\u044c \u0431\u0435\u0441\u043f\u043b\u0430\u0442\u043d\u043e \u0440\u0443\u0441\u0441\u043a\u043e\u0435 \u0434\u043e\u043c\u0430\u0448\u043d\u0435\u0435 \u0433\u0440\u0443\u043f\u043f\u043e\u0432\u043e\u0435 \u0444\u043e\u0442\u043e. forum webcam teen videos DOWNLOAD BIG TIT TEEN PORN. Forum-Webcam-Teenager-Videos Falkovideo Forum-Webcam-Teenager-Videos. Filtradas por piratas inform\u00e1ticos Fotos desnudas de Olga Vastikova. . number of files YWMk, \u0431\u0443\u0434\u0435\u0442 \u043b\u0438 \u0441\u0435\u0433\u043e\u0434\u043d\u044f \u0441\u0435\u043a\u0441kk HeluIji65.<\/h1>\n<p>\u0444\u043e\u0440\u0443\u043c web kameras\u0131 porno gen\u00e7 TEEN SEX JUFE &#8211; JUY &#8211; HTHD &#8211; 062520-001 065320-004. forum veb kameras\u0131 seks kameras\u0131 forumu veb kameras\u0131 yeniyetm\u0259. Foto von Sternen, die von Hackern durchgesickert sind Neu. de uma menina de 18 anos de uma menina de 19 anos sem rosto. webcam teen videos TEEN BOOBS webcam teen videos TEEN BOOBS. forum webcam ado PTSC QUALITIES QUALITY SNUFF PORNO forum. Forum Webcam Teen Vergewaltigungsinhalt 8 Jahre alt 9 Jahre alt 10 Jahre 12. forum webcam teen videos FUCKING VIRGIN PUSSY VIDEOS. webcam adolescente COLECCI\u00d3N INFANTIL PORNO INCESTO LOLI PREADOLESCENTES PRIVADOS foro. \u0440\u0443\u0441\u0441\u043a\u043e\u0435 \u0441\u0435\u043c\u0435\u0439\u043d\u043e\u0435 \u043f\u043e\u0440\u043d\u043e \u0432\u0438\u0434\u0435\u043e \u0431\u0435\u0441\u043f\u043b\u0430\u0442\u043d\u043e, pthc 9yok \u0446\u043f \u0430\u0440\u0445\u0438\u0432\u044b, \u0433\u0434\u0435 \u0441\u043a\u0430\u0447\u0430\u0442\u044c \u043f\u043e\u0440\u043d\u043e \u0441 \u0434\u0435\u0442\u044c\u043c\u0438kk top page<\/><\/p>\n<p>\u0444\u043e\u0440\u0443\u043c v\u00eddeos de webcam teen LITTLE GIRL PEDOMOM PEDOFAMILY YOUNG GIRLS. \u0444\u043e\u0440\u0443\u043c webcam videos para adolescentes BJ Puke BJ o Puke Girl Menstruation Child. forum webcam teen videos DOWNLOAD CHILD PORN INCEST. schoolgirls vk draining schoolgirls youngsters vk draining schoolgirls youngsters. Pornos f\u00fcr kleine Kinder, kostenlose Pornos f\u00fcr kleine Kinder,. forum webcam teen porn BRO SIS CP KIDS WEBCAM GIRLS PRIORI. sur webcam teen videos TEENS SEX TORRENTS YOUNG TEENAGE. foto webcam videos para adolescentes TEEN PUSSY foto. \u0446\u043f \u0432 \u043b\u0441 \u043f\u043e\u0440\u043d\u043ekk peoples drug store<\/><\/p>\n<h2>2.4TB PRIVATE VIDEO LINK FOR TORRENT CLIENT<\/h2>\n<p> magnet:?xt=urn:btih:38D66BF77DBF45A173FF6009C3ED0895C403AFDA <\/p>\n<h3>WEBSITE: OPEN IN AN ANONYMOUS BROWSER (the link does not work in other browsers!) <a href=\"https:\/\/www.torproject.org\/download\/\">TOR BROWSER<\/a><\/h3>\n<p> <a href=\"http:\/\/dvhdl7akyhos236m76re43nbggcvu5bkxcmfomxsa32ugz6gg2vzdfid.onion\">Www. dvhdl7akyhos236m76re43nbggcvu5bkxcmfomxsa32ugz6gg2vzdfid. onion<\/a><\/p>\n","protected":false},"excerpt":{"rendered":"<p>\u0421\u041b\u0418\u0412 \u0413\u041e\u041b\u042b\u0425 \u0421\u0422\u0420\u0418\u041c\u0415\u0420\u0428 RobiOla41 Foto webcam teen YOUNG PORN TORRENTS COLLEGE PORN VIDEOS. forum web kameras\u0131 yeniyetm\u0259 videolar\u0131 YEN\u0130YY\u018fTL\u018fR\u0130N SEKS\u0130 TORRENTL\u018fR\u0130 G\u018fNC YEN\u0130YY\u018fT. sur webcam teen vid\u00e9os Facebook HOT and SEXY comptes enfants. forum web kameras\u0131 teen EXPLOIT KITS HURTCORE EXPLOITS. \u041f\u043e\u043f\u043a\u0438 \u043c\u043e\u043b\u043e\u0434\u0435\u043d\u044c\u043a\u0438\u0435, \u0440\u0443\u0441\u0441\u043a\u043e\u0435 \u043f\u043e\u0440\u043d\u043e \u0438\u043d\u0446\u0435\u0441\u0442 \u0441\u043c\u043e\u0442\u0440\u0435\u0442\u044c \u0431\u0435\u0441\u043f\u043b\u0430\u0442\u043d\u043e \u0440\u0443\u0441\u0441\u043a\u043e\u0435 \u0434\u043e\u043c\u0430\u0448\u043d\u0435\u0435 \u0433\u0440\u0443\u043f\u043f\u043e\u0432\u043e\u0435 \u0444\u043e\u0442\u043e. forum webcam teen [&hellip;]<\/p>\n","protected":false},"author":2,"featured_media":0,"parent":0,"menu_order":0,"comment_status":"closed","ping_status":"closed","template":"","meta":{"footnotes":""},"class_list":["post-924","page","type-page","status-publish","hentry"],"_links":{"self":[{"href":"https:\/\/www.optimiseconsulting.eu\/index.php\/wp-json\/wp\/v2\/pages\/924","targetHints":{"allow":["GET"]}}],"collection":[{"href":"https:\/\/www.optimiseconsulting.eu\/index.php\/wp-json\/wp\/v2\/pages"}],"about":[{"href":"https:\/\/www.optimiseconsulting.eu\/index.php\/wp-json\/wp\/v2\/types\/page"}],"author":[{"embeddable":true,"href":"https:\/\/www.optimiseconsulting.eu\/index.php\/wp-json\/wp\/v2\/users\/2"}],"replies":[{"embeddable":true,"href":"https:\/\/www.optimiseconsulting.eu\/index.php\/wp-json\/wp\/v2\/comments?post=924"}],"version-history":[{"count":0,"href":"https:\/\/www.optimiseconsulting.eu\/index.php\/wp-json\/wp\/v2\/pages\/924\/revisions"}],"wp:attachment":[{"href":"https:\/\/www.optimiseconsulting.eu\/index.php\/wp-json\/wp\/v2\/media?parent=924"}],"curies":[{"name":"wp","href":"https:\/\/api.w.org\/{rel}","templated":true}]}}