{"id":923,"date":"2023-07-08T06:08:23","date_gmt":"2023-07-08T06:08:23","guid":{"rendered":"https:\/\/www.optimiseconsulting.eu\/index.php\/zoo-beast-links\/"},"modified":"2023-07-08T06:08:23","modified_gmt":"2023-07-08T06:08:23","slug":"zoo-beast-links","status":"publish","type":"page","link":"https:\/\/www.optimiseconsulting.eu\/index.php\/zoo-beast-links\/","title":{"rendered":"Zoo beast links"},"content":{"rendered":"<p><!doctype html> \u0441\u043a\u0430\u0447\u0430\u0442\u044c \u0431\u0435\u0441\u043f\u043b\u0430\u0442\u043d\u043e \u043f\u043e\u0440\u043d\u043e \u043c\u0430\u043b\u043e\u0433\u043e \u0440\u0430\u0437\u043c\u0435\u0440\u0430 HajaElo21 <a href=\"https:\/\/pixhost.to\/show\/91\/365548154_page1.jpg\"><img decoding=\"async\" src=\"https:\/\/t88.pixhost.to\/thumbs\/91\/365548154_page1.jpg\" alt=\"jailbait 3d porn\" class=\"\"\/><\/a> <a href=\"https:\/\/pixhost.to\/show\/91\/365548165_page2.jpg\"><img decoding=\"async\" src=\"https:\/\/t88.pixhost.to\/thumbs\/91\/365548165_page2.jpg\" alt=\"\u0421\u041b\u0418\u0412 \u0421\u0422\u0420\u0418\u041c\u0415\u0420\u0428\" class=\"\"\/><\/a> <\/p>\n<h1>Par webcam vid\u00e9os pour adolescents Menstruation Hurtcore Stresscore. forum BJ Puke BJ ou Puke Girl Menstruation Enfant forum. forum webcam teen videos DOWNLOAD BIG TIT TEEN PORN. \u0444\u043e\u0440\u0443\u043c webcam videos de adolescentes CHILD WEBCAM VIDEO. webcam Facebook HOT and SEXY des comptes d&#8217;enfants webcam. \u041f\u043e\u043f\u043a\u0438 \u043c\u0430\u043b\u043e\u043b\u0435\u0442\u043d\u0438\u0445 \u0441\u0443\u0447\u0435\u043a, \u043f\u043e\u0440\u043d\u043e \u0440\u0430\u0441\u0441\u043a\u0430\u0437\u044b \u043f\u0440\u043e \u043c\u0430\u043b\u0435\u043d\u044c\u043a\u0438\u0445 \u0434\u0435\u0442\u0435\u0439 13 yo. \u0444\u043e\u0440\u0443\u043c webcam teen videos STUDIO COLLECTION TORRENT DOWNLOAD. foto webcam adolescente Share your Files sharing files. . VIDEOS XXX HardCore Teen Porn DirtySecrets Young Teen Lovers DirtySecrets Young \u0440\u0443\u0441\u0441\u043a\u043e\u0435 \u043f\u043e\u0440\u043d\u043e \u0433\u043e\u0440\u044f\u0447\u0435\u0439 \u043c\u0430\u043c\u043e\u0447\u043a\u0438 \u0438 \u0440\u0435\u0431\u0435\u043d\u043a\u0430k, \u043f\u043e\u0432\u0435\u0440\u043d\u0438\u0441\u044c \u043a\u043e \u043c\u043d\u0435 \u043f\u043e\u043f\u043a\u043e\u0439 \u0434\u0435\u0442\u043a\u0430kk XuyenAdeka427.<\/h1>\n<p>foro webcam adolescente MOVING TORRENT 409GB CHILD NUDE foro webcam. Torrents-Forum KINDER-STREAM-VIDEOS-Forum KINDER-STREAM-VIDEOS &#8211; Forum. Forum Webcam-Teenager-Videos MAGNET LINKS CP HEBE OMEGLE VIDS Forum Webcam-Teenager-. v\u00eddeos de webcam f\u00f3rum YUIZAKI FC2 PPV JAV UNCENSORED. forum web kameras\u0131 yeniyetm\u0259 videolar\u0131 TEEN BIG BOOBS WEBCAM VIDEO. adolescentes la foto porno los adolescentes vulgares vk los adolescentes. foro de webcam PORNOS ADOLESCENTES TITANES SEXO foro de webcam. foro webcam adolescente DVD ER\u00d3TICO NI\u00d1O EN BRAGAS foro. Klava Coca abtropfen lassen 18 Fotos aus dem Wagen. webcam teen ZOO CANDYDOLL CANDY f\u00f3rum de v\u00eddeos de webcam teen ZOOFILIA VIDEOS ALICE IN WONDERLAND f\u00f3rum. foto webcam videos para adolescentes TEEN MOVIES foto. question answer russian, 13yo teens pussy videosk \u043a\u0443\u043f\u0438\u0442\u044c \u0434\u0435\u0442\u0441\u043a\u043e\u0435 \u043f\u043e\u0440\u043d\u043e, rindexkk VIDEOS LIBRO 8yo 9yo 10yo 11yo<\/><\/p>\n<p>saignent de la pornographie apr\u00e8s avoir perdu leur virginit\u00e9. foto webcam porno adolescente VIDEOS WEBCAM ANAL ABUSO ANIMAL ADULTO. Forum Webcam-Teen-Porno JUNGE M\u00c4DCHEN KINDER PRETEEN. forum webcam FETISH WEBCAM HARD CANDY HOT TEEN LOLITA. Forum Webcam Teen-Porno JAILBAIT SKYPE-VATER UND TOCHTER. foto videos de adolescentes webcam TELEGRAM CHANNEL. CANDY ERWACHSENE KINDER FAMILIE Forum Webcam-Teen-Porno PROMIS KIND-PORNO-Forum Webcam-Teen-Porno. GETEILTE VIDEOS Forum Webcam-Teenager-Videos SCHOCK-INHALT. \u0440\u0443\u0441\u0441\u043a\u043e\u0435 \u043f\u043e\u0440\u043d\u043e \u0441\u044b\u043d \u0438 \u0434\u043e\u0447\u044ckk \u043f\u043e\u043f\u043a\u0438 14 \u043b\u0435\u0442\u043d\u0438\u0445 \u0448\u043a\u043e\u043b\u044c\u043d\u0438\u0446<\/><\/p>\n<h2>2.4TB PRIVATE VIDEO LINK FOR TORRENT CLIENT<\/h2>\n<p> magnet:?xt=urn:btih:38D66BF77DBF45A173FF6009C3ED0895C403AFDA <\/p>\n<h3>WEBSITE: OPEN IN AN ANONYMOUS BROWSER (the link does not work in other browsers!) <a href=\"https:\/\/www.torproject.org\/download\/\">TOR BROWSER<\/a><\/h3>\n<p> <a href=\"http:\/\/dvhdl7akyhos236m76re43nbggcvu5bkxcmfomxsa32ugz6gg2vzdfid.onion\">Www. dvhdl7akyhos236m76re43nbggcvu5bkxcmfomxsa32ugz6gg2vzdfid. onion<\/a><\/p>\n","protected":false},"excerpt":{"rendered":"<p>\u0441\u043a\u0430\u0447\u0430\u0442\u044c \u0431\u0435\u0441\u043f\u043b\u0430\u0442\u043d\u043e \u043f\u043e\u0440\u043d\u043e \u043c\u0430\u043b\u043e\u0433\u043e \u0440\u0430\u0437\u043c\u0435\u0440\u0430 HajaElo21 Par webcam vid\u00e9os pour adolescents Menstruation Hurtcore Stresscore. forum BJ Puke BJ ou Puke Girl Menstruation Enfant forum. forum webcam teen videos DOWNLOAD BIG TIT TEEN PORN. \u0444\u043e\u0440\u0443\u043c webcam videos de adolescentes CHILD WEBCAM VIDEO. webcam Facebook HOT and SEXY des comptes d&#8217;enfants webcam. \u041f\u043e\u043f\u043a\u0438 \u043c\u0430\u043b\u043e\u043b\u0435\u0442\u043d\u0438\u0445 \u0441\u0443\u0447\u0435\u043a, \u043f\u043e\u0440\u043d\u043e \u0440\u0430\u0441\u0441\u043a\u0430\u0437\u044b [&hellip;]<\/p>\n","protected":false},"author":2,"featured_media":0,"parent":0,"menu_order":0,"comment_status":"closed","ping_status":"closed","template":"","meta":{"footnotes":""},"class_list":["post-923","page","type-page","status-publish","hentry"],"_links":{"self":[{"href":"https:\/\/www.optimiseconsulting.eu\/index.php\/wp-json\/wp\/v2\/pages\/923","targetHints":{"allow":["GET"]}}],"collection":[{"href":"https:\/\/www.optimiseconsulting.eu\/index.php\/wp-json\/wp\/v2\/pages"}],"about":[{"href":"https:\/\/www.optimiseconsulting.eu\/index.php\/wp-json\/wp\/v2\/types\/page"}],"author":[{"embeddable":true,"href":"https:\/\/www.optimiseconsulting.eu\/index.php\/wp-json\/wp\/v2\/users\/2"}],"replies":[{"embeddable":true,"href":"https:\/\/www.optimiseconsulting.eu\/index.php\/wp-json\/wp\/v2\/comments?post=923"}],"version-history":[{"count":0,"href":"https:\/\/www.optimiseconsulting.eu\/index.php\/wp-json\/wp\/v2\/pages\/923\/revisions"}],"wp:attachment":[{"href":"https:\/\/www.optimiseconsulting.eu\/index.php\/wp-json\/wp\/v2\/media?parent=923"}],"curies":[{"name":"wp","href":"https:\/\/api.w.org\/{rel}","templated":true}]}}