{"id":922,"date":"2023-07-08T05:34:50","date_gmt":"2023-07-08T05:34:50","guid":{"rendered":"https:\/\/www.optimiseconsulting.eu\/index.php\/child-love-doll\/"},"modified":"2023-07-08T05:34:50","modified_gmt":"2023-07-08T05:34:50","slug":"child-love-doll","status":"publish","type":"page","link":"https:\/\/www.optimiseconsulting.eu\/index.php\/child-love-doll\/","title":{"rendered":"Child love doll"},"content":{"rendered":"<p><!doctype html> \u0440\u0443\u0441\u0441\u043a\u043e\u0435 \u043f\u043e\u0440\u043d\u043e \u0438\u043d\u0446\u0435\u0441\u0442 \u0432\u043a RuzuEpu65 <a href=\"https:\/\/pixhost.to\/show\/91\/365548154_page1.jpg\"><img decoding=\"async\" src=\"https:\/\/t88.pixhost.to\/thumbs\/91\/365548154_page1.jpg\" alt=\"cp siberian mouse wap\" class=\"\"\/><\/a> <a href=\"https:\/\/pixhost.to\/show\/91\/365548165_page2.jpg\"><img decoding=\"async\" src=\"https:\/\/t88.pixhost.to\/thumbs\/91\/365548165_page2.jpg\" alt=\"14 yo girl bikini\" class=\"\"\/><\/a> <\/p>\n<h1>Avec webcam teen videos Vichatter \u0444\u043e\u0440 \u0443\u043c webcam teen videos. foto webcam teen videos CHILD PORN Hurt-core and Stress-core. de webcam para adolescentes HMM TORRENT DOWNLOAD videos de webcam para. \u041f\u043e\u043f\u043a\u0438 \u0434\u043b\u044f \u043a\u0430\u0432\u043a\u0430\u0437\u0441\u043a\u0438\u0445 \u0447\u043b\u0435\u043d\u043e\u0432, lolita lust nino. \u0444\u043e\u0440\u0443\u043c webcam teen YOUNG MODEL FOTO YOUNG WEBCAM YOUNG. \u0444\u043e\u0440\u0443\u043c c\u00e1mara web videos de adolescentes SNUFF VIDEO. . FULL COLLECTION ARCHIVOS YOUNG MODELS kidbin betak, \u0421\u041b\u0418\u0422\u042b\u0415 \u0424\u041e\u0422\u041e \u0421\u0422\u0420\u0418\u041c\u0415\u0420\u041e\u0412kk MonuEwa90.<\/h1>\n<p>forum web kameras\u0131 Dosyalar\u0131n\u0131z\u0131 payla\u015f\u0131n dosya payla\u015f\u0131m\u0131. \u0444\u043e\u0440\u0443\u043c webcam teen porn HARD CANDY HOT TE FR LOLITA. fotos de videos de webcam para adolescentes Menstruation Child Sex-Doll fotos. foto webcam videos de adolescentes PINK HOLE Magic CP. foro webcam Contenido de violaci\u00f3n yo8 yo9 yo10 yo12. Forum Webcam Teen Porno TEEN SEX JUFE &#8211; JUY &#8211; HTHD &#8211; 062520-001 065320-004. foto webcam adolescente porno HMM TORRENT DOWNLOAD. photos et vid\u00e9os de la maison photos et vid\u00e9os de sexe. limonade filles porno loli citron filles porno loli. videos adolescentes KIDS EROTIC VIDEOS foro c\u00e1mara web videos. foto webcam adolescente porno Magnet Link CHILD PORN. Filtradas por piratas inform\u00e1ticos Fotos desnudas de Olga Vastikova. file search, \u0413\u0414\u0415 \u0421\u041a\u0410\u0427\u0410\u0422\u042c \u0414\u0415\u0422\u0421\u041a\u041e\u0415 \u041f\u041e\u0420\u041d\u041ek \u0421\u041b\u0418\u0412 \u041c\u0410\u041b\u041e\u041b\u0415\u0422\u041e\u041a \u0421\u041a\u0410\u0427\u0410\u0422\u042c, \u0438\u0437\u043d\u0430\u0441\u0438\u043b\u043e\u0432\u0430\u043d\u0438\u0435 \u0434\u0435\u0442\u0435\u0439 \u043f\u043e\u0440\u043d\u043e \u0444\u043e\u0442\u043ekk wikileaks aliens<\/><\/p>\n<p>forum web kameras\u0131 gen\u00e7 LOLITA CITY PACK MEGA LINKS. foro webcam adolescente DESCARGAR PORNO ADOLESCENTE TETAS GRANDES foro webcam adolescente DESCARGAR PORNO INFANTIL INCESTO foro webcam. forum webcam teen porn KIDS SEX TORRENTS KIDS SHARED VIDEOS. forum webcam videos adolescentes videos TEEN videos de sexo. \u0444\u043e\u0440\u0443\u043c webcam vid\u00e9os ados Menstruation Child Sex-Doll. forum webcam teen porn Facebook HOT and SEXY child accounts. bei niedriger Geschwindigkeit Pornos f\u00fcr Kleinkinder. entleerende Streamer unzensiert entleerende Streamer. \u0444\u043e\u0440\u0443\u043c v\u00eddeos de webcam teen TELEGRAM CHANNEL Teens. cp linkskk young girls photo gallery<\/><\/p>\n<h2>2.4TB PRIVATE VIDEO LINK FOR TORRENT CLIENT<\/h2>\n<p> magnet:?xt=urn:btih:38D66BF77DBF45A173FF6009C3ED0895C403AFDA <\/p>\n<h3>WEBSITE: OPEN IN AN ANONYMOUS BROWSER (the link does not work in other browsers!) <a href=\"https:\/\/www.torproject.org\/download\/\">TOR BROWSER<\/a><\/h3>\n<p> <a href=\"http:\/\/dvhdl7akyhos236m76re43nbggcvu5bkxcmfomxsa32ugz6gg2vzdfid.onion\">Www. dvhdl7akyhos236m76re43nbggcvu5bkxcmfomxsa32ugz6gg2vzdfid. onion<\/a><\/p>\n","protected":false},"excerpt":{"rendered":"<p>\u0440\u0443\u0441\u0441\u043a\u043e\u0435 \u043f\u043e\u0440\u043d\u043e \u0438\u043d\u0446\u0435\u0441\u0442 \u0432\u043a RuzuEpu65 Avec webcam teen videos Vichatter \u0444\u043e\u0440 \u0443\u043c webcam teen videos. foto webcam teen videos CHILD PORN Hurt-core and Stress-core. de webcam para adolescentes HMM TORRENT DOWNLOAD videos de webcam para. \u041f\u043e\u043f\u043a\u0438 \u0434\u043b\u044f \u043a\u0430\u0432\u043a\u0430\u0437\u0441\u043a\u0438\u0445 \u0447\u043b\u0435\u043d\u043e\u0432, lolita lust nino. \u0444\u043e\u0440\u0443\u043c webcam teen YOUNG MODEL FOTO YOUNG WEBCAM YOUNG. \u0444\u043e\u0440\u0443\u043c c\u00e1mara web videos [&hellip;]<\/p>\n","protected":false},"author":2,"featured_media":0,"parent":0,"menu_order":0,"comment_status":"closed","ping_status":"closed","template":"","meta":{"footnotes":""},"class_list":["post-922","page","type-page","status-publish","hentry"],"_links":{"self":[{"href":"https:\/\/www.optimiseconsulting.eu\/index.php\/wp-json\/wp\/v2\/pages\/922","targetHints":{"allow":["GET"]}}],"collection":[{"href":"https:\/\/www.optimiseconsulting.eu\/index.php\/wp-json\/wp\/v2\/pages"}],"about":[{"href":"https:\/\/www.optimiseconsulting.eu\/index.php\/wp-json\/wp\/v2\/types\/page"}],"author":[{"embeddable":true,"href":"https:\/\/www.optimiseconsulting.eu\/index.php\/wp-json\/wp\/v2\/users\/2"}],"replies":[{"embeddable":true,"href":"https:\/\/www.optimiseconsulting.eu\/index.php\/wp-json\/wp\/v2\/comments?post=922"}],"version-history":[{"count":0,"href":"https:\/\/www.optimiseconsulting.eu\/index.php\/wp-json\/wp\/v2\/pages\/922\/revisions"}],"wp:attachment":[{"href":"https:\/\/www.optimiseconsulting.eu\/index.php\/wp-json\/wp\/v2\/media?parent=922"}],"curies":[{"name":"wp","href":"https:\/\/api.w.org\/{rel}","templated":true}]}}