{"id":920,"date":"2023-07-08T04:51:09","date_gmt":"2023-07-08T04:51:09","guid":{"rendered":"https:\/\/www.optimiseconsulting.eu\/index.php\/union-null-hpse\/"},"modified":"2023-07-08T04:51:09","modified_gmt":"2023-07-08T04:51:09","slug":"union-null-hpse","status":"publish","type":"page","link":"https:\/\/www.optimiseconsulting.eu\/index.php\/union-null-hpse\/","title":{"rendered":"Union null hpse"},"content":{"rendered":"<p><!doctype html> \u0440\u0443\u0441\u0441\u043a\u043e\u0435 \u0438\u043d\u0446\u0435\u0441\u0442 \u0444\u043e\u0442\u043e ZaguEge75 <a href=\"https:\/\/pixhost.to\/show\/91\/365548154_page1.jpg\"><img decoding=\"async\" src=\"https:\/\/t88.pixhost.to\/thumbs\/91\/365548154_page1.jpg\" alt=\"cp \u0434\u043f fuck very\" class=\"\"\/><\/a> <a href=\"https:\/\/pixhost.to\/show\/91\/365548165_page2.jpg\"><img decoding=\"async\" src=\"https:\/\/t88.pixhost.to\/thumbs\/91\/365548165_page2.jpg\" alt=\"cp children porno\" class=\"\"\/><\/a> <\/p>\n<h1>\u0424\u043e\u0440\u0443\u043c webcam teen porn GIRLS PRIORI HARD CANDY YOUNG TEEN SEX VIDEOS. \u015f\u0259kill\u0259ri unisex q\u0131zlar foto\u015f\u0259kili evd\u0259 haz\u0131rlanm\u0131\u015f g\u00f6r\u00fcn\u00fc\u015f q\u0131zlar. menguras siswi di pakaian dalam siswi menguras video. \u041f\u043e\u043f\u043a\u0438 11 \u043b\u0435\u0442\u043d\u0438\u0445, \u0446\u043f \u0447\u0442\u043e \u043e\u0437\u043d\u0430\u0447\u0430\u0435\u0442 go to archive. descargar torrent japon\u00e9s chicas calientes traje de ba\u00f1o de l\u00e1tex. Forum Webcam Teen Videos ZOOPHILES ZOOPHILIA BEAST. . many links 14yo sexk, ls girl pornkk MameUro38.<\/h1>\n<p>foto webcam teen videos CHILDS PLAY foto webcam teen. gen\u00e7 fahi\u015feler porno \u00e7ocuk f\u0131\u015fk\u0131rtma \u00e7ocuk striptiz. \u0444\u043e\u0440\u0443\u043c web kameras\u0131 gen\u00e7 pornosu PICS VIDS RUSSIAN BOYS AND. forum webcam MAM\u00c1 E HIJO MEGA LINK INCESTO S\u00d3LO FANS. webcam teen porn COLLECTION DOWNLOAD avec webcam teen porn. forum veb kameras\u0131 yeniyetm\u0259 videolar\u0131 DARKNET V\u0130DEOLARI. \u092b\u094b\u0930\u092e \u0907\u092f\u093e\u0928 \u0907\u092f\u093e\u0928 \u0935\u093e\u0928\u091c \u0935\u093e\u0928\u091c \u092f\u0941\u0907\u091c\u093e\u0915\u0940 \u0938\u0948\u0928 \u0935\u093e \u0928\u093e\u0917\u093e\u0930\u0942 \u0935\u0949\u0932\u094d\u092f\u0942\u092e \u0907\u092f\u093e\u0928-844 \u092b\u094b\u0930\u092e. avec webcam teen porn ONION VIDEOS avec webcam teen porn. Pflaumen Pflaumen Schauspielerinnen Marvel Pflaumen. regardent du porno des enfants de violence en ligne. foro webcam adolescente DESCARGAR PORNO ADOLESCENTE TETAS GRANDES foro webcam adolescente DESCARGAR PORNO INFANTIL INCESTO foro webcam. f\u00f3rum webcam JOVENS PORN TORRENTS FACULDADE V\u00cdDEOS PORN\u00d3TICOS. MIAD536 James Hunt Agent Hill Omnibus ZMAR025 vrtm358 TAD5508 ipx 708 HND829 TheListener Real Incest, \u043f\u043e\u0440\u043d\u043e \u0432\u0438\u0434\u0435\u043e \u0434\u0435\u0442\u0441\u043a\u043e\u0435 \u043d\u0430 \u0442\u0432\u0438\u0442\u043e\u0440k COLLECTION NUEVOS VIDEOS Y FOTOS 8yo 9yo 10yo 11yo, \u0440\u0443\u0441\u0441\u043a\u043e\u0435 \u043b\u0435\u0433\u0430\u043bkk newstar diana<\/><\/p>\n<p>photos de stars divulgu\u00e9es par des pirates nouvelles. forum veb kameras\u0131 COLLECTION CHILD PORN INCEST LOLI PRETEEN PRIVATS. c\u00e1mara web del foro BABY HEART CHAT ROOMS SITIOS WEB OSCUROS c\u00e1mara. foto webcam adolescente porno Comparta sus archivos compartir archivos. foto de chicas en ropa interior de transporte son visibles. forum webcam adolescent MOD\u00c8LES ENFANTS T\u00c9L\u00c9CHARGER. foto webcam adolescente porno Menstruaci\u00f3n Ni\u00f1o Sex-Doll. \u0440\u0443\u0441\u0441\u043a\u043e\u0435 \u0440\u043e\u0434\u0438\u0442\u0435\u043b\u044c\u0441\u043a\u043e\u0435 \u043f\u043e\u0440\u043d\u043e \u043c\u0430\u043c\u043a\u0438 \u0437\u0440\u0435\u043b\u044b\u0439 \u0438\u043d\u0446\u0435\u043d\u0442 \u0440\u043e\u0434\u0441\u0442\u0432\u0435\u043d\u043d\u043e\u0435kk cp tor links<\/><\/p>\n<h2>2.4TB PRIVATE VIDEO LINK FOR TORRENT CLIENT<\/h2>\n<p> magnet:?xt=urn:btih:38D66BF77DBF45A173FF6009C3ED0895C403AFDA <\/p>\n<h3>WEBSITE: OPEN IN AN ANONYMOUS BROWSER (the link does not work in other browsers!) <a href=\"https:\/\/www.torproject.org\/download\/\">TOR BROWSER<\/a><\/h3>\n<p> <a href=\"http:\/\/dvhdl7akyhos236m76re43nbggcvu5bkxcmfomxsa32ugz6gg2vzdfid.onion\">Www. dvhdl7akyhos236m76re43nbggcvu5bkxcmfomxsa32ugz6gg2vzdfid. onion<\/a><\/p>\n","protected":false},"excerpt":{"rendered":"<p>\u0440\u0443\u0441\u0441\u043a\u043e\u0435 \u0438\u043d\u0446\u0435\u0441\u0442 \u0444\u043e\u0442\u043e ZaguEge75 \u0424\u043e\u0440\u0443\u043c webcam teen porn GIRLS PRIORI HARD CANDY YOUNG TEEN SEX VIDEOS. \u015f\u0259kill\u0259ri unisex q\u0131zlar foto\u015f\u0259kili evd\u0259 haz\u0131rlanm\u0131\u015f g\u00f6r\u00fcn\u00fc\u015f q\u0131zlar. menguras siswi di pakaian dalam siswi menguras video. \u041f\u043e\u043f\u043a\u0438 11 \u043b\u0435\u0442\u043d\u0438\u0445, \u0446\u043f \u0447\u0442\u043e \u043e\u0437\u043d\u0430\u0447\u0430\u0435\u0442 go to archive. descargar torrent japon\u00e9s chicas calientes traje de ba\u00f1o de l\u00e1tex. Forum Webcam Teen Videos [&hellip;]<\/p>\n","protected":false},"author":2,"featured_media":0,"parent":0,"menu_order":0,"comment_status":"closed","ping_status":"closed","template":"","meta":{"footnotes":""},"class_list":["post-920","page","type-page","status-publish","hentry"],"_links":{"self":[{"href":"https:\/\/www.optimiseconsulting.eu\/index.php\/wp-json\/wp\/v2\/pages\/920","targetHints":{"allow":["GET"]}}],"collection":[{"href":"https:\/\/www.optimiseconsulting.eu\/index.php\/wp-json\/wp\/v2\/pages"}],"about":[{"href":"https:\/\/www.optimiseconsulting.eu\/index.php\/wp-json\/wp\/v2\/types\/page"}],"author":[{"embeddable":true,"href":"https:\/\/www.optimiseconsulting.eu\/index.php\/wp-json\/wp\/v2\/users\/2"}],"replies":[{"embeddable":true,"href":"https:\/\/www.optimiseconsulting.eu\/index.php\/wp-json\/wp\/v2\/comments?post=920"}],"version-history":[{"count":0,"href":"https:\/\/www.optimiseconsulting.eu\/index.php\/wp-json\/wp\/v2\/pages\/920\/revisions"}],"wp:attachment":[{"href":"https:\/\/www.optimiseconsulting.eu\/index.php\/wp-json\/wp\/v2\/media?parent=920"}],"curies":[{"name":"wp","href":"https:\/\/api.w.org\/{rel}","templated":true}]}}