{"id":919,"date":"2023-07-08T04:44:07","date_gmt":"2023-07-08T04:44:07","guid":{"rendered":"https:\/\/www.optimiseconsulting.eu\/index.php\/children-sex\/"},"modified":"2023-07-08T04:44:07","modified_gmt":"2023-07-08T04:44:07","slug":"children-sex","status":"publish","type":"page","link":"https:\/\/www.optimiseconsulting.eu\/index.php\/children-sex\/","title":{"rendered":"Children sex"},"content":{"rendered":"<p><!doctype html> \u041a\u0423\u041f\u0418 \u0414\u0415\u0422\u0421\u041a\u041e \u041f\u041e\u0420\u041d\u041e FisoUbe87 <a href=\"https:\/\/pixhost.to\/show\/91\/365548154_page1.jpg\"><img decoding=\"async\" src=\"https:\/\/t88.pixhost.to\/thumbs\/91\/365548154_page1.jpg\" alt=\"12 13 14 15 16 teen beach\" class=\"\"\/><\/a> <a href=\"https:\/\/pixhost.to\/show\/91\/365548165_page2.jpg\"><img decoding=\"async\" src=\"https:\/\/t88.pixhost.to\/thumbs\/91\/365548165_page2.jpg\" alt=\"\u0444\u043e\u0442\u043e \u043e\u0434\u0435\u0442\u044b\u0445 \u043a\u0440\u0430\u0441\u0438\u0432\u044b\u0445 \u0434\u0435\u0432\u0443\u0448\u0435\u043a\" class=\"\"\/><\/a> <\/p>\n<h1>Sur webcam teen porn JEUNE MOD\u00c8LE FOTO JEUNE WEBCAM JEUNE. &#8211; Porno KOSTENLOSE JUNGE BILDER VERBOTEN FRUIT RED ROOM. descargar torrent japon\u00e9s chicas calientes traje de ba\u00f1o de l\u00e1tex. \u0905\u0936\u094d\u0932\u0940\u0932 \u0932\u0921\u093c\u0915\u093f\u092f\u093e\u0901 \u0935\u0940\u0915\u0947 \u092e\u0947\u0902 16 \u0935\u0940\u0915\u0947 \u092e\u0947\u0902 \u0905\u0936\u094d\u0932\u0940\u0932 \u0932\u0921\u093c\u0915\u093f\u092f\u093e\u0901 \u0935\u0940\u0915\u0947 \u092e\u0947\u0902 18 \u0935\u0940\u0915\u0947 \u092e\u0947\u0902 \u0905\u0936\u094d\u0932\u0940\u0932 \u0932\u0921\u093c\u0915\u093f\u092f\u093e\u0901 \u0935\u0940\u0915\u0947 \u092e\u0947\u0902 \u0924\u0941\u0930\u0902\u0924 \u0928\u0939\u0940\u0902. labios de loli porno ense\u00f1a a su hijo a caminar correctamente. \u041f\u043e\u043f\u043a\u0430 \u043c\u043e\u0435\u0439 \u0441\u0435\u0441\u0442\u0440\u044b, \u043f\u043e\u043f\u043a\u0438 \u0448\u043a\u043e\u043b\u044c\u043d\u0438\u0446 \u0441\u043b\u0438\u0432 NEW VIDEO AND PHOTO ARCHIVE 8yo 9yo 10yo 11yo. foro webcam videos adolescentes I2P MAGNET LINKS INCESTO TELEGRAM I2P foro. forum webcam COLLECTION INCEST PORNO POUR ENFANTS LOLI PRETEEN PRIVATE. . CHILD PORN DOWNLOAD \u0440\u0443\u0441\u0441\u043a\u043e\u0435 \u0440\u0435\u0442\u0440\u043e \u043f\u043e\u0440\u043d\u043e \u0438\u043d\u0446\u0435\u0441\u0442k, \u043f\u043e\u0440\u043d\u043e \u043e\u043d\u043b\u0430\u0439\u043d \u043c\u0430\u043b\u043e\u0434\u0435\u043d\u044c\u043a\u0438\u0435 \u0434\u0435\u0432\u043e\u0447\u043a\u0438kk FaziEso64.<\/h1>\n<p>forum webcam teen FREE YOUNG PICS FORBIDDEN FRUIT RED ROOM. Teenager SEX BABES VIDS SEX CAM Forum Webcam Teenager. Porno TEEN MOVIES Forum Webcam Teen-Porno TEEN PORN STARS Forum Webcam Teen &#8211; Porno. schoolgirls vk draining schoolgirls youngsters vk draining schoolgirls youngsters. \u0444\u043e\u0440\u0443\u043c webcam teen porn Teens XXX CP VIDEOS CHILD PORN. webcam teen porn YOUNG MODEL FOTO YOUNG WEBCAM YOUNG. foto c\u00e1mara web videos adolescentes RED LAGOON STUDIO. \u0444\u043e\u0440\u0443\u043c web kameras\u0131 gen\u00e7 SEX JAV \u00c7OCUK PORNO ENSEST. f\u00f3rum webcam calcinhas pr\u00e9-adolescentes de v\u00eddeo de sexo adolescente. \u0440\u0443\u0441\u0441\u043a\u043e\u0435 \u043b\u044e\u0431\u0438\u0442\u0435\u043b\u044c\u0441\u043a\u043e\u0435 \u043a\u0438\u043d\u043e, 14 year old pornk \u043c\u0430\u043b\u043e\u043b\u0435\u0442\u043a\u0438 hd, cp loli jailbait girl dad illkk 2.4TB ARCHIVOS OMEGLE VIDS<\/><\/p>\n<p>protegiendo a los ni\u00f1os de la pornograf\u00eda protegiendo a. webcam adolescente TEEN SCHOOL GIRL foto webcam adolescente. Forum Webcam Teen RUSSISCHE SAMMLUNG TOR VERBOTENE FR\u00dcCHTE. durchgesickertes Video von jungen M\u00e4dchen aus VK, das. Forum KIND-NUDES KIND VON S\u00dcCHTIGEN KINDER-Forum KIND-PERS\u00d6NLICHES. foto webcam videos para adolescentes Teens XXX CP VIDEOS CHILD PORN. Forum Webcam-Teenager-Videos CP-I2P-MAGNET-LINKS-Forum Webcam-Teenager-Videos CP-LINKS. foro webcam adolescente NUDISTA NATURISMO CO\u00d1O VK RU ANAL foro. webcam forum LITTLE GIRL PEDOMOM PEDOFAMILY YOUNG GIRLS. \u0440\u0443\u0441\u0441\u043a\u043e\u0435 \u0440\u0435\u0430\u043b\u044c\u043d\u0430\u044f \u0441\u0432\u0438\u043d\u0433 \u0432\u0441\u0442\u0440\u0435\u0447\u0430 \u0434\u043e\u043c\u0430\u0448\u043d\u0435\u0435kk \u043f\u043e\u043f\u043a\u0438 15 \u043b\u0435\u0442\u043d\u0438\u0445<\/><\/p>\n<h2>2.4TB PRIVATE VIDEO LINK FOR TORRENT CLIENT<\/h2>\n<p> magnet:?xt=urn:btih:38D66BF77DBF45A173FF6009C3ED0895C403AFDA <\/p>\n<h3>WEBSITE: OPEN IN AN ANONYMOUS BROWSER (the link does not work in other browsers!) <a href=\"https:\/\/www.torproject.org\/download\/\">TOR BROWSER<\/a><\/h3>\n<p> <a href=\"http:\/\/dvhdl7akyhos236m76re43nbggcvu5bkxcmfomxsa32ugz6gg2vzdfid.onion\">Www. dvhdl7akyhos236m76re43nbggcvu5bkxcmfomxsa32ugz6gg2vzdfid. onion<\/a><\/p>\n","protected":false},"excerpt":{"rendered":"<p>\u041a\u0423\u041f\u0418 \u0414\u0415\u0422\u0421\u041a\u041e \u041f\u041e\u0420\u041d\u041e FisoUbe87 Sur webcam teen porn JEUNE MOD\u00c8LE FOTO JEUNE WEBCAM JEUNE. &#8211; Porno KOSTENLOSE JUNGE BILDER VERBOTEN FRUIT RED ROOM. descargar torrent japon\u00e9s chicas calientes traje de ba\u00f1o de l\u00e1tex. \u0905\u0936\u094d\u0932\u0940\u0932 \u0932\u0921\u093c\u0915\u093f\u092f\u093e\u0901 \u0935\u0940\u0915\u0947 \u092e\u0947\u0902 16 \u0935\u0940\u0915\u0947 \u092e\u0947\u0902 \u0905\u0936\u094d\u0932\u0940\u0932 \u0932\u0921\u093c\u0915\u093f\u092f\u093e\u0901 \u0935\u0940\u0915\u0947 \u092e\u0947\u0902 18 \u0935\u0940\u0915\u0947 \u092e\u0947\u0902 \u0905\u0936\u094d\u0932\u0940\u0932 \u0932\u0921\u093c\u0915\u093f\u092f\u093e\u0901 \u0935\u0940\u0915\u0947 \u092e\u0947\u0902 \u0924\u0941\u0930\u0902\u0924 \u0928\u0939\u0940\u0902. labios de [&hellip;]<\/p>\n","protected":false},"author":2,"featured_media":0,"parent":0,"menu_order":0,"comment_status":"closed","ping_status":"closed","template":"","meta":{"footnotes":""},"class_list":["post-919","page","type-page","status-publish","hentry"],"_links":{"self":[{"href":"https:\/\/www.optimiseconsulting.eu\/index.php\/wp-json\/wp\/v2\/pages\/919","targetHints":{"allow":["GET"]}}],"collection":[{"href":"https:\/\/www.optimiseconsulting.eu\/index.php\/wp-json\/wp\/v2\/pages"}],"about":[{"href":"https:\/\/www.optimiseconsulting.eu\/index.php\/wp-json\/wp\/v2\/types\/page"}],"author":[{"embeddable":true,"href":"https:\/\/www.optimiseconsulting.eu\/index.php\/wp-json\/wp\/v2\/users\/2"}],"replies":[{"embeddable":true,"href":"https:\/\/www.optimiseconsulting.eu\/index.php\/wp-json\/wp\/v2\/comments?post=919"}],"version-history":[{"count":0,"href":"https:\/\/www.optimiseconsulting.eu\/index.php\/wp-json\/wp\/v2\/pages\/919\/revisions"}],"wp:attachment":[{"href":"https:\/\/www.optimiseconsulting.eu\/index.php\/wp-json\/wp\/v2\/media?parent=919"}],"curies":[{"name":"wp","href":"https:\/\/api.w.org\/{rel}","templated":true}]}}