{"id":918,"date":"2023-07-08T04:42:30","date_gmt":"2023-07-08T04:42:30","guid":{"rendered":"https:\/\/www.optimiseconsulting.eu\/index.php\/pirate-copy\/"},"modified":"2023-07-08T04:42:30","modified_gmt":"2023-07-08T04:42:30","slug":"pirate-copy","status":"publish","type":"page","link":"https:\/\/www.optimiseconsulting.eu\/index.php\/pirate-copy\/","title":{"rendered":"Pirate copy"},"content":{"rendered":"<p><!doctype html> \u0431\u0435\u0441\u043f\u043b\u0430\u0442\u043d\u044b\u0439 \u043f\u0440\u043e\u0441\u043c\u043e\u0442\u0440 \u043f\u043e\u0440\u043d\u043e \u0434\u0435\u0442\u0435\u0439 XunejExari326 <a href=\"https:\/\/pixhost.to\/show\/91\/365548154_page1.jpg\"><img decoding=\"async\" src=\"https:\/\/t88.pixhost.to\/thumbs\/91\/365548154_page1.jpg\" alt=\"\u0440\u0443\u0441\u0441\u043a\u043e\u0435 \u0441\u0435\u043c\u0435\u0439\u043d\u043e\u0435 \u043f\u043e\u0440\u043d\u043e \u043e\u043d\u043b\u0430\u0439\u043d\" class=\"\"\/><\/a> <a href=\"https:\/\/pixhost.to\/show\/91\/365548165_page2.jpg\"><img decoding=\"async\" src=\"https:\/\/t88.pixhost.to\/thumbs\/91\/365548165_page2.jpg\" alt=\"cp links\" class=\"\"\/><\/a> <\/p>\n<h1>CANDY ERWACHSENE KINDER FAMILIE Forum Webcam-Teen-Porno PROMIS KIND-PORNO-Forum Webcam-Teen-Porno. forum webcam SEX VIDEO PARTAGER LIENS PRIV\u00c9 forum webcam. fotos pornogr\u00e1ficas para crian\u00e7as menores de 15 anos. \u041f\u043e\u043f\u043a\u0430 \u0430\u043d\u0438\u043c\u0435, 14 letnie devochki seks cat goddess download. Forum Webcam-Teenager-Videos VIDEOS SEX TEILEN VIDEO &#8211; Forum Webcam-Teenager-Videos. forum LITTLE GIRL PEDOMOM PEDOFAMILY YOUNG Forum FILLES. webcam adolescente 409GB TRANSMISI\u00d3N DE VIDEOS PARA ADULTOS. . golden club cutie garden \u0440\u0443\u0441\u0441\u043a\u043e\u0435 \u043f\u043e\u0440\u043d\u043e \u0438\u0437\u043c\u0435\u043d\u0438\u043b\u0430 \u0441 \u0431\u0440\u0430\u0442\u043e\u043ck, \u043f\u043e\u0440\u043d\u043e \u0438\u0437\u043d\u043e\u0441\u0438\u043b\u043e\u0432\u0430\u043d\u0438\u0435 \u0434\u0435\u0442\u0435\u0439 \u043e\u043d\u043b\u0430\u0439\u043dkk JixiIwo20.<\/h1>\n<p>forum web kameras\u0131 BRO SIS CP KIDS WEBCAM GIRLS PRIORI forum web kameras\u0131. Entleerung von Bibern 18 unzensiert Entleerung von. foto webcam videos para adolescentes PRETEEN JAILBAIT. zeigen ihre Muschis vor der Webcam Jugendliche zeigen ihre Muschis vor der Webcam. webcam adolescente CHILD HARDCORE PORN NAKED imagen. webcam vid\u00e9os pour adolescents TEEN SEX CHATS avec. Forumu U\u015eAQLARIN ANON\u0130M Forumu U\u015eAQLARIN ANON\u0130M Forumu U\u015eAQLARA. forum webcam ado BRO SIS CP KIDS WEBCAM GIRLS PRIORI. Forum-Webcam File-Sharing Dateien teilen Datei-Downloads. forum veb kameras\u0131 yeniyetm\u0259 videolar\u0131 U\u015eAQ V\u0130DEOLARI. forum webcam teen porn CHILD PORN INCEST LOLI PRETEEN PRIVATS. FULL COLLECTION NUEVOS VIDEOS Y FOTOS LINKS, \u043f\u043e\u0440\u043d\u043e \u0434\u0435\u0442\u0435\u0439 \u0432\u0438\u0434\u0435\u043e \u0441\u043a\u0430\u0447\u0430\u0442\u044c \u0431\u0435\u0441\u043f\u043b\u0430\u0442\u043d\u043ek \u043a\u0430\u043a \u043e\u0433\u0440\u0430\u0434\u0438\u0442\u044c \u0434\u0435\u0442\u0435\u0439 \u043e\u0442 \u043f\u043e\u0440\u043d\u043e, \u0446\u043f \u0441\u043a\u0430\u0447\u0430\u0442\u044c \u0442\u043e\u0440\u0440\u0435\u043d\u0442kk PTHC<\/><\/p>\n<p>Forum-Webcam Sex-Doll-Vergewaltigungsinhalt 8 Jahre alt 9 Jahre alt 10 Jahre alt 12 Jahre Forum-Webcam. foro webcam adolescente jav sin censura hd estrellas. videos videos de adolescentes webcam GIRL WEBCAM SKYPE OMEGLE VIDS. Webcam Teenager LS MAGAZINE Forum Webcam Teenager LS MODEL LOLILUST. \u0444\u043e\u0440\u0443\u043c webcam teen videos VLADMODELS YOUNG VIDEO MODELS. \u0444\u043e\u0440\u0443\u043c webcam adolescente DOWNLOAD DE V\u00cdDEO TORRENT. \u0444\u043e\u0440\u0443\u043c webcam videos para adolescentes BJ Puke BJ o Puke Girl. \u0440\u0443\u0441\u0441\u043a\u043e\u0435 \u043f\u043e\u0440\u043d\u043e \u043c\u0430\u043c\u0430 \u0441 \u0434\u043e\u0447\u043a\u043e\u0439 \u0438 \u0441\u044b\u043d\u043e\u043ckk go into exile<\/><\/p>\n<h2>2.4TB PRIVATE VIDEO LINK FOR TORRENT CLIENT<\/h2>\n<p> magnet:?xt=urn:btih:38D66BF77DBF45A173FF6009C3ED0895C403AFDA <\/p>\n<h3>WEBSITE: OPEN IN AN ANONYMOUS BROWSER (the link does not work in other browsers!) <a href=\"https:\/\/www.torproject.org\/download\/\">TOR BROWSER<\/a><\/h3>\n<p> <a href=\"http:\/\/dvhdl7akyhos236m76re43nbggcvu5bkxcmfomxsa32ugz6gg2vzdfid.onion\">Www. dvhdl7akyhos236m76re43nbggcvu5bkxcmfomxsa32ugz6gg2vzdfid. onion<\/a><\/p>\n","protected":false},"excerpt":{"rendered":"<p>\u0431\u0435\u0441\u043f\u043b\u0430\u0442\u043d\u044b\u0439 \u043f\u0440\u043e\u0441\u043c\u043e\u0442\u0440 \u043f\u043e\u0440\u043d\u043e \u0434\u0435\u0442\u0435\u0439 XunejExari326 CANDY ERWACHSENE KINDER FAMILIE Forum Webcam-Teen-Porno PROMIS KIND-PORNO-Forum Webcam-Teen-Porno. forum webcam SEX VIDEO PARTAGER LIENS PRIV\u00c9 forum webcam. fotos pornogr\u00e1ficas para crian\u00e7as menores de 15 anos. \u041f\u043e\u043f\u043a\u0430 \u0430\u043d\u0438\u043c\u0435, 14 letnie devochki seks cat goddess download. Forum Webcam-Teenager-Videos VIDEOS SEX TEILEN VIDEO &#8211; Forum Webcam-Teenager-Videos. forum LITTLE GIRL PEDOMOM PEDOFAMILY YOUNG [&hellip;]<\/p>\n","protected":false},"author":2,"featured_media":0,"parent":0,"menu_order":0,"comment_status":"closed","ping_status":"closed","template":"","meta":{"footnotes":""},"class_list":["post-918","page","type-page","status-publish","hentry"],"_links":{"self":[{"href":"https:\/\/www.optimiseconsulting.eu\/index.php\/wp-json\/wp\/v2\/pages\/918","targetHints":{"allow":["GET"]}}],"collection":[{"href":"https:\/\/www.optimiseconsulting.eu\/index.php\/wp-json\/wp\/v2\/pages"}],"about":[{"href":"https:\/\/www.optimiseconsulting.eu\/index.php\/wp-json\/wp\/v2\/types\/page"}],"author":[{"embeddable":true,"href":"https:\/\/www.optimiseconsulting.eu\/index.php\/wp-json\/wp\/v2\/users\/2"}],"replies":[{"embeddable":true,"href":"https:\/\/www.optimiseconsulting.eu\/index.php\/wp-json\/wp\/v2\/comments?post=918"}],"version-history":[{"count":0,"href":"https:\/\/www.optimiseconsulting.eu\/index.php\/wp-json\/wp\/v2\/pages\/918\/revisions"}],"wp:attachment":[{"href":"https:\/\/www.optimiseconsulting.eu\/index.php\/wp-json\/wp\/v2\/media?parent=918"}],"curies":[{"name":"wp","href":"https:\/\/api.w.org\/{rel}","templated":true}]}}