{"id":917,"date":"2023-07-08T04:31:36","date_gmt":"2023-07-08T04:31:36","guid":{"rendered":"https:\/\/www.optimiseconsulting.eu\/index.php\/dar-knet\/"},"modified":"2023-07-08T04:31:36","modified_gmt":"2023-07-08T04:31:36","slug":"dar-knet","status":"publish","type":"page","link":"https:\/\/www.optimiseconsulting.eu\/index.php\/dar-knet\/","title":{"rendered":"Dar knet"},"content":{"rendered":"<p><!doctype html> 15 yo blowjob PaqeOqu94 <a href=\"https:\/\/pixhost.to\/show\/91\/365548154_page1.jpg\"><img decoding=\"async\" src=\"https:\/\/t88.pixhost.to\/thumbs\/91\/365548154_page1.jpg\" alt=\"\u043f\u043e\u0440\u043d\u043e \u0440\u0430\u0441\u0441\u043a\u0430\u0437\u044b \u0434\u0435\u0442\u0435\u0439 \u0433\u0435\u0435\u0432\" class=\"\"\/><\/a> <a href=\"https:\/\/pixhost.to\/show\/91\/365548165_page2.jpg\"><img decoding=\"async\" src=\"https:\/\/t88.pixhost.to\/thumbs\/91\/365548165_page2.jpg\" alt=\"\u0440\u0443\u0441\u0441\u043a\u043e\u0435 \u043f\u043e\u0440\u043d\u043e \u043c\u043e\u043b\u043e\u0434\u044b\u0445 \u043c\u0438\u043b\u0430\u0448\u0435\u043a\" class=\"\"\/><\/a> <\/p>\n<h1>Foro webcam adolescente DESCARGAR PORNO ADOLESCENTE TETAS GRANDES foro webcam adolescente DESCARGAR PORNO INFANTIL INCESTO foro webcam. foto webcam teen videos EYAN EY AN WANZ WANZ YUIZAKI SAN WA NAGERU VOL EYAN -844. f\u00f3rum webcam adolescente porn\u00f4 LS MODELS LOLI LUST. Forum Webcam-Teen-Porno PTHC COLLECTION Forum Webcam-. Polarlights gvenet angy and mom, pthc, pedo, lolita, PTSC, kids, teens child sarah modeling nn. \u0921\u094d\u0930\u0947\u0928\u093f\u0902\u0917 \u090f\u0915 \u0932\u0921\u093c\u0915\u0940 \u0915\u0947 \u0938\u093e\u0925 \u0917\u0928\u0935\u0947\u0938\u094d\u091f\u093e \u0935\u0940\u0921\u093f\u092f\u094b \u092a\u0942\u0930\u094d\u0923 \u0921\u094d\u0930\u0947\u0928\u093f\u0902\u0917. foto webcam teen porn CP LINKS foto webcam porno adolescente. Forum Webcam Teen Videos ZOOPHILES ZOOPHILIA BEAST. . jailbait 12 year old modelsk, \u0440\u0443\u0441\u0441\u043a\u043e\u0435 \u043f\u043e\u0440\u043d\u043e \u043f\u0435\u0440\u0432\u044b\u0439 \u0441\u0435\u043a\u0441 \u0441 \u043c\u0430\u043c\u043e\u0439kk CigoEho81.<\/h1>\n<p>\u0444\u043e\u0440\u0443\u043c c\u00e1mara web videos de adolescentes J\u00d3VENES ADOLESCENTES. forum webcam vid\u00e9os pour adolescents KIDS EROTIC VIDEOS. yeniyetm\u0259 DILDO KINDER FICKENOW forum veb kameras\u0131 DILDO KINDER FICKEN DIGENOW veb kameras\u0131 DILDO KINDER FICKEN DIGENOW. rusas vulgares ballestas vulgares de redes sociales foto travestis. foro webcam adolescente NATURISTA LIBERTAD foro webcam. \u0444\u043e\u0440\u0443\u043c webcam teen porn CHILD MODELS DOWNLOAD \u0444\u043e\u0440\u0443 \u043c webcam teen. Forum Webcam Teen Videos EENS JAPANESE ADULT VIDEO. \u0444\u043e\u0440\u0443\u043c videos de webcam para adolescentes magnet links TORRENT CHILD PORN YOUNG \u0444\u043e\u0440\u0443\u043c videos de. descargar torrent webcam fiesta joven descargar torrent. forum webcam teen porn MODEL BOY AND GIRL BEASTIALITY DOG SEX. news, jailbait stars sessions modelsk 12 years old sex, \u0421\u041b\u0418\u0422\u042b\u0415 \u0428\u041a\u041e\u041b\u042c\u041d\u0418\u0426\u042b \u0412\u041akk COLLECTION ARCHIVOS OMEGLE VIDS<\/><\/p>\n<p>Schulm\u00e4dchen Abfluss 16 Schulm\u00e4dchen Abfluss Telegramm Schulm\u00e4dchen. Fotos von M\u00e4dchen mit Tieren, 18 Fotos zum kostenlosen Download von. \u0444\u043e\u0440\u0443\u043c videos de webcam para adolescentes descargar chica perro cebolla. \u00c7inli \u00e7ocuk pornosu \u00e7izgi roman \u00e7ocuklar yeti\u015fkin pornosu. forum web kameras\u0131 yeniyetm\u0259 videolar\u0131 YEN\u0130YY\u018fTL\u018fR SEKS\u0130 D\u00dc\u015e\u018fR\u018fG\u018fR\u0130. foto webcam adolescente porno MEGA LINKS VIDEOS PRIVADOS TORRENT DESCARGAR. forum FETISH WEBCAM FETISH WEBCAM HARD CANDY HOT TEEN LOLITA. 14 years old nudekk child pussy videos<\/><\/p>\n<h2>2.4TB PRIVATE VIDEO LINK FOR TORRENT CLIENT<\/h2>\n<p> magnet:?xt=urn:btih:38D66BF77DBF45A173FF6009C3ED0895C403AFDA <\/p>\n<h3>WEBSITE: OPEN IN AN ANONYMOUS BROWSER (the link does not work in other browsers!) <a href=\"https:\/\/www.torproject.org\/download\/\">TOR BROWSER<\/a><\/h3>\n<p> <a href=\"http:\/\/dvhdl7akyhos236m76re43nbggcvu5bkxcmfomxsa32ugz6gg2vzdfid.onion\">Www. dvhdl7akyhos236m76re43nbggcvu5bkxcmfomxsa32ugz6gg2vzdfid. onion<\/a><\/p>\n","protected":false},"excerpt":{"rendered":"<p>15 yo blowjob PaqeOqu94 Foro webcam adolescente DESCARGAR PORNO ADOLESCENTE TETAS GRANDES foro webcam adolescente DESCARGAR PORNO INFANTIL INCESTO foro webcam. foto webcam teen videos EYAN EY AN WANZ WANZ YUIZAKI SAN WA NAGERU VOL EYAN -844. f\u00f3rum webcam adolescente porn\u00f4 LS MODELS LOLI LUST. Forum Webcam-Teen-Porno PTHC COLLECTION Forum Webcam-. Polarlights gvenet angy and [&hellip;]<\/p>\n","protected":false},"author":2,"featured_media":0,"parent":0,"menu_order":0,"comment_status":"closed","ping_status":"closed","template":"","meta":{"footnotes":""},"class_list":["post-917","page","type-page","status-publish","hentry"],"_links":{"self":[{"href":"https:\/\/www.optimiseconsulting.eu\/index.php\/wp-json\/wp\/v2\/pages\/917","targetHints":{"allow":["GET"]}}],"collection":[{"href":"https:\/\/www.optimiseconsulting.eu\/index.php\/wp-json\/wp\/v2\/pages"}],"about":[{"href":"https:\/\/www.optimiseconsulting.eu\/index.php\/wp-json\/wp\/v2\/types\/page"}],"author":[{"embeddable":true,"href":"https:\/\/www.optimiseconsulting.eu\/index.php\/wp-json\/wp\/v2\/users\/2"}],"replies":[{"embeddable":true,"href":"https:\/\/www.optimiseconsulting.eu\/index.php\/wp-json\/wp\/v2\/comments?post=917"}],"version-history":[{"count":0,"href":"https:\/\/www.optimiseconsulting.eu\/index.php\/wp-json\/wp\/v2\/pages\/917\/revisions"}],"wp:attachment":[{"href":"https:\/\/www.optimiseconsulting.eu\/index.php\/wp-json\/wp\/v2\/media?parent=917"}],"curies":[{"name":"wp","href":"https:\/\/api.w.org\/{rel}","templated":true}]}}