{"id":914,"date":"2023-07-08T03:55:59","date_gmt":"2023-07-08T03:55:59","guid":{"rendered":"https:\/\/www.optimiseconsulting.eu\/index.php\/cp-chto-takoe\/"},"modified":"2023-07-08T03:55:59","modified_gmt":"2023-07-08T03:55:59","slug":"cp-chto-takoe","status":"publish","type":"page","link":"https:\/\/www.optimiseconsulting.eu\/index.php\/cp-chto-takoe\/","title":{"rendered":"\u0426\u043f \u0447\u0442\u043e \u0442\u0430\u043a\u043e\u0435"},"content":{"rendered":"<p><!doctype html> 14yo teen YohaOxa89 <a href=\"https:\/\/pixhost.to\/show\/91\/365548154_page1.jpg\"><img decoding=\"async\" src=\"https:\/\/t88.pixhost.to\/thumbs\/91\/365548154_page1.jpg\" alt=\"\u043f\u043e\u0440\u043d\u043e \u043a\u043e\u043c\u0438\u043a\u0441\u044b \u0434\u0435\u0442\u043a\u0438 \u043f\u043e\u0434\u0440\u043e\u0441\u043b\u0438\" class=\"\"\/><\/a> <a href=\"https:\/\/pixhost.to\/show\/91\/365548165_page2.jpg\"><img decoding=\"async\" src=\"https:\/\/t88.pixhost.to\/thumbs\/91\/365548165_page2.jpg\" alt=\"\u0446\u043f \u043d\u0430 \u0434\u0432\u0430\u0447\u0435\" class=\"\"\/><\/a> <\/p>\n<h1>Videos para adolescentes con webcam SEXUAL KIDS STREAMING videos de videos para adolescentes con webcam. forum webcam adolescent EYAN EYAN WANZ WANZ YUIZAKI SAN WA NAGERU VOL EYAN-844. forum webcam teen videos TEENS SEX TORRENTS YOUNG TEENAGE. forum veb kameras\u0131 yeniyetm\u0259 videolar\u0131 LOLICON SHOTACON SHOTA forum. entleerende Schulm\u00e4dchen-Periskop-Telegramme entleerende. Pirate bay, \u043f\u043e\u043f\u043a\u0438 \u0434\u0435\u0432\u043e\u0447\u0435\u043a 15 \u043b\u0435\u0442 dark web anonib. \u0444\u043e\u0440\u0443\u043c web kameras\u0131 gen\u00e7 videolar\u0131 TEEN pornosu PEDO LINKS. forum webcam teen porn CHILD NUDES CHILD OF ADDICTS CHILD. . \u0440\u0443\u0441\u0441\u043a\u043e\u0435 \u043f\u043e\u0440\u043d\u043e \u0443\u0433\u043e\u0432\u043e\u0440\u0438\u043b \u043c\u0430\u043c\u0443 \u043d\u0430 \u0441\u0435\u043a\u0441 \u0446\u043f \u043f\u043e\u0440\u043d\u043e \u0444\u043e\u0442\u043e halzerk, \u0421\u041b\u0418\u0412\u042b \u0422\u0418\u041a\u0422\u041e\u0420\u0415\u0428 \u0412\u0418\u0414\u0415\u041ekk CawiIke91.<\/h1>\n<p>forum webcam teen porn GIRLS LEAK GIRL CHAT HIDDEN. Forum Webcam Teenager PRETEEN GETEILTE VIDEOS Forum Webcam Teenager PRIVATE. forum webcam teen MAGNET INDIAN IRINA AND OLEG TORRENT. \u0444\u043e\u0440\u0443\u043c v\u00eddeos de webcam para adolescentes SCHOOLGIRL FILMES. forum webcam teen videos VLADMODELS YOUNG VIDEO MODELS. \u0444\u043e\u0440\u0443\u043c web kameras\u0131 gen\u00e7 pornosu GEN\u00c7 KIZ \u0444\u043e\u0440\u0443\u043c web kameras\u0131. \u0444\u043e\u0440\u0443\u043c c\u00e1mara web videos de adolescentes CHICAS 10YR ZOOM ID. forum veb kameras\u0131 YOUNG GIRLS KIDS PRETEENG forum veb. webcam vid\u00e9os pour adolescents TEEN SEX CHATS avec. zeigen ihre Muschis vor der Webcam Jugendliche zeigen ihre Muschis vor der Webcam. webcam NUDISTE forum webcam NUDISTE NATURISME PUSSY VK RU ANAL. web kameras\u0131nda gen\u00e7ler bacaklar\u0131n\u0131 ay\u0131r\u0131yor video. 409 GIGABYT LIBRO 8yo 9yo 10yo 11yo, jailbait video downloadk child porn photos of naked, \u0440\u0443\u0441\u0441\u043a\u043e\u0435 \u043f\u043e\u0440\u043d\u043e \u043c\u0430\u0442\u044c \u0438 \u043e\u0442\u0435\u0446kk jailbait 12 yo<\/><\/p>\n<p>Forum Webcam SEX VIDEO PRETEEN PANTIES Forum Webcam. Porno FETISCH WEBCAM-Forum Webcam-Teen-Porno FETISCH WEBCAM HARD CANDY HOT TEEN LOLITA Forum Webcam-Teen-Porno. plums of schoolchildren 14 years old telegrams uncensored. foro webcam adolescente CO\u00d1O JOVEN TETAS GRANDES JOVEN MAMADA foro webcam adolescente. avec webcam vid\u00e9os pour adolescents MOD\u00c8LES MEGANZ avec. forum webcam teen COLLECTION CHILD PORN INCEST LOLI PRETEEN PRIVATS. Forum Webcam-Teen-Porno MEGA LINKS PRIVATS VIDEOS TORRENT DOWNLOAD-Forum Webcam-Teen-Porno MEGA. \u043f\u043e\u043f\u043a\u0438 18 \u043b\u0435\u0442\u043d\u0438\u0445 \u0434\u0435\u0432\u0443\u0448\u0435\u043akk after the reference<\/><\/p>\n<h2>2.4TB PRIVATE VIDEO LINK FOR TORRENT CLIENT<\/h2>\n<p> magnet:?xt=urn:btih:38D66BF77DBF45A173FF6009C3ED0895C403AFDA <\/p>\n<h3>WEBSITE: OPEN IN AN ANONYMOUS BROWSER (the link does not work in other browsers!) <a href=\"https:\/\/www.torproject.org\/download\/\">TOR BROWSER<\/a><\/h3>\n<p> <a href=\"http:\/\/dvhdl7akyhos236m76re43nbggcvu5bkxcmfomxsa32ugz6gg2vzdfid.onion\">Www. dvhdl7akyhos236m76re43nbggcvu5bkxcmfomxsa32ugz6gg2vzdfid. onion<\/a><\/p>\n","protected":false},"excerpt":{"rendered":"<p>14yo teen YohaOxa89 Videos para adolescentes con webcam SEXUAL KIDS STREAMING videos de videos para adolescentes con webcam. forum webcam adolescent EYAN EYAN WANZ WANZ YUIZAKI SAN WA NAGERU VOL EYAN-844. forum webcam teen videos TEENS SEX TORRENTS YOUNG TEENAGE. forum veb kameras\u0131 yeniyetm\u0259 videolar\u0131 LOLICON SHOTACON SHOTA forum. entleerende Schulm\u00e4dchen-Periskop-Telegramme entleerende. Pirate bay, \u043f\u043e\u043f\u043a\u0438 [&hellip;]<\/p>\n","protected":false},"author":2,"featured_media":0,"parent":0,"menu_order":0,"comment_status":"closed","ping_status":"closed","template":"","meta":{"footnotes":""},"class_list":["post-914","page","type-page","status-publish","hentry"],"_links":{"self":[{"href":"https:\/\/www.optimiseconsulting.eu\/index.php\/wp-json\/wp\/v2\/pages\/914","targetHints":{"allow":["GET"]}}],"collection":[{"href":"https:\/\/www.optimiseconsulting.eu\/index.php\/wp-json\/wp\/v2\/pages"}],"about":[{"href":"https:\/\/www.optimiseconsulting.eu\/index.php\/wp-json\/wp\/v2\/types\/page"}],"author":[{"embeddable":true,"href":"https:\/\/www.optimiseconsulting.eu\/index.php\/wp-json\/wp\/v2\/users\/2"}],"replies":[{"embeddable":true,"href":"https:\/\/www.optimiseconsulting.eu\/index.php\/wp-json\/wp\/v2\/comments?post=914"}],"version-history":[{"count":0,"href":"https:\/\/www.optimiseconsulting.eu\/index.php\/wp-json\/wp\/v2\/pages\/914\/revisions"}],"wp:attachment":[{"href":"https:\/\/www.optimiseconsulting.eu\/index.php\/wp-json\/wp\/v2\/media?parent=914"}],"curies":[{"name":"wp","href":"https:\/\/api.w.org\/{rel}","templated":true}]}}