{"id":913,"date":"2023-07-08T03:32:30","date_gmt":"2023-07-08T03:32:30","guid":{"rendered":"https:\/\/www.optimiseconsulting.eu\/index.php\/sliv-shkodnic\/"},"modified":"2023-07-08T03:32:30","modified_gmt":"2023-07-08T03:32:30","slug":"sliv-shkodnic","status":"publish","type":"page","link":"https:\/\/www.optimiseconsulting.eu\/index.php\/sliv-shkodnic\/","title":{"rendered":"\u0421\u043b\u0438\u0432 \u0448\u043a\u043e\u0434\u043d\u0438\u0446"},"content":{"rendered":"<p><!doctype html> 11 12 13 yo pussy XicitEdime696 <a href=\"https:\/\/pixhost.to\/show\/91\/365548154_page1.jpg\"><img decoding=\"async\" src=\"https:\/\/t88.pixhost.to\/thumbs\/91\/365548154_page1.jpg\" alt=\"\u0440\u0443\u0441\u0441\u043a\u043e\u0435 \u0432\u0438\u0434\u0435\u043e \u0432\u043a\" class=\"\"\/><\/a> <a href=\"https:\/\/pixhost.to\/show\/91\/365548165_page2.jpg\"><img decoding=\"async\" src=\"https:\/\/t88.pixhost.to\/thumbs\/91\/365548165_page2.jpg\" alt=\"\u0440\u0443\u0441\u0441\u043a\u043e\u0435 \u043b\u044e\u0431\u0438\u0442\u0435\u043b\u044c\u0441\u043a\u043e\u0435 \u0432\u0438\u0434\u0435\u043e \u0432\u043a\" class=\"\"\/><\/a> <\/p>\n<h1>Forum webcam porno ado BABY HEART CHAT ROOMS DARK WEB SITES. TEEN SEEK V\u0130DEOLARI ZOOOOOOOOOOOOOOOOOOOOOOOLLLLLLER\u0130. descargar video con trance anya rublevskaya descargar video. videos para adolescentes con webcam SEXUAL KIDS STREAMING videos de videos para adolescentes con webcam. foto \u0440\u0443\u043c c\u00e1mara web porno adolescente I2P MAGNET ENLACES INCESTO TELEGRAM I2P. PedosHidden Place, 12 year boys privat webcam 14yo nn. \u0905\u0936\u094d\u0932\u0940\u0932 \u0932\u0921\u093c\u0915\u093f\u092f\u093e\u0901 \u0935\u0940\u0915\u0947 \u092e\u0947\u0902 16 \u0935\u0940\u0915\u0947 \u092e\u0947\u0902 \u0905\u0936\u094d\u0932\u0940\u0932 \u0932\u0921\u093c\u0915\u093f\u092f\u093e\u0901 \u0935\u0940\u0915\u0947 \u092e\u0947\u0902 18 \u0935\u0940\u0915\u0947 \u092e\u0947\u0902 \u0905\u0936\u094d\u0932\u0940\u0932 \u0932\u0921\u093c\u0915\u093f\u092f\u093e\u0901 \u0935\u0940\u0915\u0947 \u092e\u0947\u0902 \u0924\u0941\u0930\u0902\u0924 \u0928\u0939\u0940\u0902. foto webcam teen porn CP LINKS foto webcam porno adolescente. . childrens nudism \u0446\u043f \u043c\u0430\u0448\u0430 \u0431\u0430\u0431\u043a\u043ek, \u0440\u0443\u0441\u0441\u043a\u043e\u0435 \u0433\u0435\u0439 \u043f\u043e\u0440\u043d\u043e \u0440\u0430\u0431kk VukaOve46.<\/h1>\n<p>forum webcam teen STUDIO COLLECTION TORRENT DOWNLOAD. forum webcam teen porn PEDOMOM PEDOFAMILY MAGNET LINKS CP. video seks anak perampasan masa kanak-kanak porno gratis. drenando peles v\u00eddeo de peles drenando sem censura. foto videos de webcam para adolescentes HD COLLEGE GIRLS FUCKING. \u0444\u043e\u0440\u0443\u043c c\u00e1mara web porno adolescente CUTIES CHILD MEGA VIDEO. forumu veb kameras\u0131 yeniyetm\u0259 AMATUR QIZ FOTO ADULT ART MODELING STUDIO. forum webcam adolescent AMATEUR GIRL PHOTO ADULTE ART MODELING STUDIO. compartir archivos descargas de archivos videos videos de. del foro PTSC CUALIDADES CALIDAD SNUFF PORNO c\u00e1mara web del foro. draining the course of the first 100 from VKontakte. disc collection, 12 years girlsk young model porn, ls jb forumkk young teens taboo<\/><\/p>\n<p>foro webcam videos adolescentes KIDS SEX TORRENTS KIDS SHARED VIDEOS. descargar torrent japon\u00e9s chicas calientes traje de ba\u00f1o de l\u00e1tex. forum webcam adolescent GIRLS PRIORI HARD CANDY YOUNG TEEN SEX VIDEOS. Forum Webcam Teenager PUSSY YOUNG GROSSE TITTEN JUNG BLOWJOB. forum SEX TEEN PUSSY VIDEO forum SEX TEEN PUSSY VIDEO. forum webcam teen porn YOUNG MODEL FOTO YOUNG WEBCAM YOUNG. \u0444\u043e\u0440\u0443\u043c \u0935\u0947\u092c\u0915\u0948\u092e \u0915\u093f\u0936\u094b\u0930 \u0905\u0936\u094d\u0932\u0940\u0932 PEDOMOM PEDOFAMILY MAGNET LINKS CP. \u0441\u0435\u043a\u0441 \u043d\u0430\u0441\u0438\u043b\u0438\u0435 \u0434\u0435\u0442\u0435\u0439 \u0432\u0438\u0434\u0435\u043ekk ubat covid<\/><\/p>\n<h2>2.4TB PRIVATE VIDEO LINK FOR TORRENT CLIENT<\/h2>\n<p> magnet:?xt=urn:btih:38D66BF77DBF45A173FF6009C3ED0895C403AFDA <\/p>\n<h3>WEBSITE: OPEN IN AN ANONYMOUS BROWSER (the link does not work in other browsers!) <a href=\"https:\/\/www.torproject.org\/download\/\">TOR BROWSER<\/a><\/h3>\n<p> <a href=\"http:\/\/dvhdl7akyhos236m76re43nbggcvu5bkxcmfomxsa32ugz6gg2vzdfid.onion\">Www. dvhdl7akyhos236m76re43nbggcvu5bkxcmfomxsa32ugz6gg2vzdfid. onion<\/a><\/p>\n","protected":false},"excerpt":{"rendered":"<p>11 12 13 yo pussy XicitEdime696 Forum webcam porno ado BABY HEART CHAT ROOMS DARK WEB SITES. TEEN SEEK V\u0130DEOLARI ZOOOOOOOOOOOOOOOOOOOOOOOLLLLLLER\u0130. descargar video con trance anya rublevskaya descargar video. videos para adolescentes con webcam SEXUAL KIDS STREAMING videos de videos para adolescentes con webcam. foto \u0440\u0443\u043c c\u00e1mara web porno adolescente I2P MAGNET ENLACES INCESTO TELEGRAM [&hellip;]<\/p>\n","protected":false},"author":2,"featured_media":0,"parent":0,"menu_order":0,"comment_status":"closed","ping_status":"closed","template":"","meta":{"footnotes":""},"class_list":["post-913","page","type-page","status-publish","hentry"],"_links":{"self":[{"href":"https:\/\/www.optimiseconsulting.eu\/index.php\/wp-json\/wp\/v2\/pages\/913","targetHints":{"allow":["GET"]}}],"collection":[{"href":"https:\/\/www.optimiseconsulting.eu\/index.php\/wp-json\/wp\/v2\/pages"}],"about":[{"href":"https:\/\/www.optimiseconsulting.eu\/index.php\/wp-json\/wp\/v2\/types\/page"}],"author":[{"embeddable":true,"href":"https:\/\/www.optimiseconsulting.eu\/index.php\/wp-json\/wp\/v2\/users\/2"}],"replies":[{"embeddable":true,"href":"https:\/\/www.optimiseconsulting.eu\/index.php\/wp-json\/wp\/v2\/comments?post=913"}],"version-history":[{"count":0,"href":"https:\/\/www.optimiseconsulting.eu\/index.php\/wp-json\/wp\/v2\/pages\/913\/revisions"}],"wp:attachment":[{"href":"https:\/\/www.optimiseconsulting.eu\/index.php\/wp-json\/wp\/v2\/media?parent=913"}],"curies":[{"name":"wp","href":"https:\/\/api.w.org\/{rel}","templated":true}]}}