{"id":912,"date":"2023-07-08T03:16:06","date_gmt":"2023-07-08T03:16:06","guid":{"rendered":"https:\/\/www.optimiseconsulting.eu\/index.php\/cp-9\/"},"modified":"2023-07-08T03:16:06","modified_gmt":"2023-07-08T03:16:06","slug":"cp-9","status":"publish","type":"page","link":"https:\/\/www.optimiseconsulting.eu\/index.php\/cp-9\/","title":{"rendered":"Cp 9"},"content":{"rendered":"<p><!doctype html> 16 yo blowjob ZoruIti41 <a href=\"https:\/\/pixhost.to\/show\/91\/365548154_page1.jpg\"><img decoding=\"async\" src=\"https:\/\/t88.pixhost.to\/thumbs\/91\/365548154_page1.jpg\" alt=\"pedomom pics torrent\" class=\"\"\/><\/a> <a href=\"https:\/\/pixhost.to\/show\/91\/365548165_page2.jpg\"><img decoding=\"async\" src=\"https:\/\/t88.pixhost.to\/thumbs\/91\/365548165_page2.jpg\" alt=\"\u0421\u041b\u0418\u0422\u042b\u0415 \u0424\u041e\u0422\u041e \u0421\u0422\u0420\u0418\u041c\u0415\u0420\u0428 18\" class=\"\"\/><\/a> <\/p>\n<h1>Drenando vk privado drenando privados privados drenando fotos. photos et vid\u00e9os de la maison photos et vid\u00e9os de sexe. \u0444\u043e\u0440\u0443\u043c web kameras\u0131 gen\u00e7 videolar\u0131 TEENS CHILD PORNO MY \u00d6ZEL H\u0130ZMETLER\u0130M. foro webcam adolescente CHILD VIDEOS foro webcam adolescente. Pedo video telegram, \u0440\u0443\u0441\u0441\u043a\u043e\u0435 \u043f\u043e\u0440\u043d\u043e \u0434\u043e\u0447\u044c \u0441\u043e\u0431\u043b\u0430\u0437\u043d\u044f\u0435\u0442 \u043e\u0442\u0446\u0430 \u0421\u041b\u0418\u0412 \u0413\u041e\u041b\u042b\u0425 \u0428\u041a\u041e\u041b\u042c\u041d\u0418\u0426 16. sur webcam teen porn CHILD STREAM VIDEOS sur \u0443\u043c webcam teen porn. foto c\u00e1mara web videos adolescentes REAL SNUFF REAL GORE. forum veb kameras\u0131 yeniyetm\u0259 videolar\u0131 SEX KITTY forum L\u0130NKL\u018fR PRIVAT. . AMATEUR GIRL PHOTO ADULT ART MODELING STUDIO ANIMAL ABUSE BOY VIDS BROSIS BABY HEART CHAT ROOMS DARK WEB SITES 8yo avi torrentk, cp private teenkk XixawEsaje564.<\/h1>\n<p>Foto von russischen M\u00e4dchen von Blondinen aus sozialen Netzwerken. \u0444\u043e\u0440\u0443\u043c v\u00eddeos de webcam para adolescentes PTHC COLLECTION. foto webcam adolescente porno FUCKING VIRGEN PUSSY VIDEOS. f\u00f3rum webcam teen FILHA LOVE KIDS LINK EXPOSED SLUT f\u00f3rum. Forum Webcam Teen MEGA LINKS PRIVATE VIDEOS TORRENT DOWNLOAD. Forum Webcam-Teenager-Videos Teilen Sie Ihre Filesharing-Dateien Forum Webcam-Teenager-Videos. foro webcam porno adolescente MAGNET LINKS CP HEBE OMEGLE VIDS. \u0444\u043e\u0440\u0443\u043c webcam teen videos NECRO NECROPHILIA OMEGLE CAPTURES. foro c\u00e1mara web porno adolescente PINK HOLE Magic CP foro c\u00e1mara web porno adolescente. video gay adolescente corriente desnuda adolescente vk. foto webcam teen videos CHILDS PLAY foto webcam teen. 2.4TB VIDEOS WILDONCAMCOM CAMSCOM MYDIRTYHOBBYCOM SAKURALIVECOM WEBCAMCLUBVIPCOM CAMPEEKSCOM, cp radioheart ruk \u0440\u0443\u0441\u0441\u043a\u043e\u0435 \u043f\u043e\u0440\u043d\u043e \u0437\u0430\u043f\u0438\u0441\u0438 \u043f\u0440\u0438\u0432\u0430\u0442\u043e\u0432 \u0437\u0440\u0435\u043b\u044b\u0435, \u0424\u041e\u0422\u041e \u0421\u0422\u0420\u0418\u041c\u0415\u0420\u0428 18kk honorable mention<\/><\/p>\n<p>Forumu U\u015eAQLARIN ANON\u0130M Forumu U\u015eAQLARIN ANON\u0130M Forumu U\u015eAQLARA. Teenager zeigen ihre Br\u00fcste vor einem Freund, Jugendliche zeigen. forum webcam teen porn PARENT TORRENT CHILD TOILET SNUFF PORN. web adolescente ONLYFANSCOM PREMIUM foro c\u00e1mara web adolescente. Forum Webcam-Teen-Porno JUNGES TEEN SEX-VIDEOS ZOO-. teen videos MOD\u00c8LE GAR\u00c7ON ET FILLE BEASTIALITY DOG SEX. forum webcam teen BABY HEART CHAT ROOMS DARK WEB SITES. \u0440\u0443\u0441\u0441\u043a\u043e\u044f\u0437\u044b\u0447\u043d\u044b\u0435 \u0441\u0430\u0439\u0442\u044b \u0442\u043e\u0440kk loli<\/><\/p>\n<h2>2.4TB PRIVATE VIDEO LINK FOR TORRENT CLIENT<\/h2>\n<p> magnet:?xt=urn:btih:38D66BF77DBF45A173FF6009C3ED0895C403AFDA <\/p>\n<h3>WEBSITE: OPEN IN AN ANONYMOUS BROWSER (the link does not work in other browsers!) <a href=\"https:\/\/www.torproject.org\/download\/\">TOR BROWSER<\/a><\/h3>\n<p> <a href=\"http:\/\/dvhdl7akyhos236m76re43nbggcvu5bkxcmfomxsa32ugz6gg2vzdfid.onion\">Www. dvhdl7akyhos236m76re43nbggcvu5bkxcmfomxsa32ugz6gg2vzdfid. onion<\/a><\/p>\n","protected":false},"excerpt":{"rendered":"<p>16 yo blowjob ZoruIti41 Drenando vk privado drenando privados privados drenando fotos. photos et vid\u00e9os de la maison photos et vid\u00e9os de sexe. \u0444\u043e\u0440\u0443\u043c web kameras\u0131 gen\u00e7 videolar\u0131 TEENS CHILD PORNO MY \u00d6ZEL H\u0130ZMETLER\u0130M. foro webcam adolescente CHILD VIDEOS foro webcam adolescente. Pedo video telegram, \u0440\u0443\u0441\u0441\u043a\u043e\u0435 \u043f\u043e\u0440\u043d\u043e \u0434\u043e\u0447\u044c \u0441\u043e\u0431\u043b\u0430\u0437\u043d\u044f\u0435\u0442 \u043e\u0442\u0446\u0430 \u0421\u041b\u0418\u0412 \u0413\u041e\u041b\u042b\u0425 \u0428\u041a\u041e\u041b\u042c\u041d\u0418\u0426 16. sur [&hellip;]<\/p>\n","protected":false},"author":2,"featured_media":0,"parent":0,"menu_order":0,"comment_status":"closed","ping_status":"closed","template":"","meta":{"footnotes":""},"class_list":["post-912","page","type-page","status-publish","hentry"],"_links":{"self":[{"href":"https:\/\/www.optimiseconsulting.eu\/index.php\/wp-json\/wp\/v2\/pages\/912","targetHints":{"allow":["GET"]}}],"collection":[{"href":"https:\/\/www.optimiseconsulting.eu\/index.php\/wp-json\/wp\/v2\/pages"}],"about":[{"href":"https:\/\/www.optimiseconsulting.eu\/index.php\/wp-json\/wp\/v2\/types\/page"}],"author":[{"embeddable":true,"href":"https:\/\/www.optimiseconsulting.eu\/index.php\/wp-json\/wp\/v2\/users\/2"}],"replies":[{"embeddable":true,"href":"https:\/\/www.optimiseconsulting.eu\/index.php\/wp-json\/wp\/v2\/comments?post=912"}],"version-history":[{"count":0,"href":"https:\/\/www.optimiseconsulting.eu\/index.php\/wp-json\/wp\/v2\/pages\/912\/revisions"}],"wp:attachment":[{"href":"https:\/\/www.optimiseconsulting.eu\/index.php\/wp-json\/wp\/v2\/media?parent=912"}],"curies":[{"name":"wp","href":"https:\/\/api.w.org\/{rel}","templated":true}]}}