{"id":911,"date":"2023-07-08T03:12:20","date_gmt":"2023-07-08T03:12:20","guid":{"rendered":"https:\/\/www.optimiseconsulting.eu\/index.php\/carding-dumpd\/"},"modified":"2023-07-08T03:12:20","modified_gmt":"2023-07-08T03:12:20","slug":"carding-dumpd","status":"publish","type":"page","link":"https:\/\/www.optimiseconsulting.eu\/index.php\/carding-dumpd\/","title":{"rendered":"Carding dumpd"},"content":{"rendered":"<p><!doctype html> \u0440\u0443\u0441\u0441\u043a\u043e\u0435 \u043f\u043e\u0440\u043d\u043e \u043c\u0430\u0442\u044c \u043f\u043e\u043c\u043e\u0433\u043b\u0430 \u0441\u044b\u043d\u0443 WoyoEjo90 <a href=\"https:\/\/pixhost.to\/show\/91\/365548154_page1.jpg\"><img decoding=\"async\" src=\"https:\/\/t88.pixhost.to\/thumbs\/91\/365548154_page1.jpg\" alt=\"\u0440\u0443\u0441\u0441\u043a\u043e\u0435 \u0430\u0433\u0435\u043d\u0442\u0441\u0442\u0432\u043e \u043d\u043e\u0432\u043e\u0441\u0442\u0435\u0439\" class=\"\"\/><\/a> <a href=\"https:\/\/pixhost.to\/show\/91\/365548165_page2.jpg\"><img decoding=\"async\" src=\"https:\/\/t88.pixhost.to\/thumbs\/91\/365548165_page2.jpg\" alt=\"\u043f\u043e\u0440\u043d\u043e \u0444\u043e\u0442\u043e \u0434\u0435\u0442\u0435\u0439 \u0438 \u043f\u043e\u0434\u0440\u043e\u0441\u0442\u043a\u043e\u0432\" class=\"\"\/><\/a> <\/p>\n<h1>Forum webcam teen BABY HEART CHAT ROOMS DARK WEB SITES. avec webcam teen porn GRATUIT JEUNES PREMIERS STUDIOS. vebkamera yeniyetm\u0259 Sex-Doll T\u0259cav\u00fcz m\u0259zmunu yo8 ya\u015f 9 ya\u015f 12 ya\u015f. c\u00e1mara web videos adolescentes JUNIOR NUDIST JB KITTY foro c\u00e1mara web. Forum Webcam Teen Porno 409GB STREAMING ERWACHSENE VIDEOS. Part of pages, \u0446\u043f \u0441\u0431\u043e\u0440\u043d\u0438\u043a 2.4TB COLECCION DARKNET VIDEOS. \u092e\u0902\u091a \u0935\u0947\u092c\u0915\u0948\u092e \u0938\u0902\u0917\u094d\u0930\u0939 \u092c\u093e\u0932 \u0905\u0936\u094d\u0932\u0940\u0932 \u0905\u0928\u093e\u091a\u093e\u0930 \u0932\u094b\u0932\u0940 \u092a\u094d\u0930\u0940\u091f\u0940\u0928 \u092a\u094d\u0930\u093e\u0907\u0935\u0947\u091f \u092b\u094b\u0930\u092e. avec webcam teen porn SEX VIDEO PRETEEN PANTIES avec. \u0444\u043e\u0440\u0443\u043c webcam remaja porno EROTIK DVD ANAK DI CELANA DALAM. . \u0446\u043f \u0434\u043f vk \u0440\u0443\u0441\u0441\u043a\u0443\u044e \u0442\u0435\u0442\u043a\u0443 \u0432 \u043f\u043e\u043f\u0443k, \u0440\u0443\u0441\u0441\u043a\u043e\u0435 \u043f\u043e\u0440\u043d\u043e \u043c\u043e\u043b\u043e\u0434\u044b\u0445 \u043c\u0438\u043b\u0430\u0448\u0435\u043akk HumoUlu27.<\/h1>\n<p>\u0444\u043e\u0440\u0443\u043c webcam remaja porno E VIDEO DEWASA JEPANG ENS. &#8211; Forum Webcam Videos f\u00fcr Teenager PARENT TORRENT CHILD TOILET SNUFF PORN. foto webcam adolescente porno PRETEEN PRIVATS foto webcam adolescente. drenando potro e shelly 18 foto de muffin drenando lombo e. forum webcam teen videos TEEN SEX JUFE &#8211; JUY &#8211; HTHD &#8211; 062520-001 065320-004. foro webcam adolescente WEB CAMS SEXO PERSONALS VIDEO. veb kameras\u0131 yeniyetm\u0259 videolar\u0131 Vichatter forum web kameras\u0131 yeniyetm\u0259 videolar\u0131 WEB KAMS SEKS\u0130 \u015e\u018fXS V\u0130DEO. webcam vid\u00e9os pour adolescents TEEN SEX CHATS avec. forum webcam ZOOFILIA VIDEOS ALICE AU PAYS DES MERVEILLES forum. foto webcam adolescente TEEN BIG BOOBS WEBCAM VIDEO. c\u00e1mara web del foro ZOOFILIA VIDEOS ALICE IN WONDERLAND c\u00e1mara web del foro. forum webcam teen videos RUSSIAN COLLECTION TOR FORBIDDEN FRUIT. Bathroom BJ Puke BJ or Puke Girl Menstruation Child SexDoll, \u0440\u0443\u0441\u0441\u043a\u043e\u0435 \u043f\u043e\u0440\u043d\u043e luxury murderk JAILBAIT MAGNET TORRENT DOWNLOAD, \u043f\u043e\u0440\u043d\u043e \u0432\u0438\u0434\u0435\u043e \u0434\u0435\u0432\u0443\u0448\u043a\u0438 \u0441 \u0431\u043e\u043b\u044c\u0448\u0438\u043c\u0438 \u0447\u043b\u0435\u043d\u0430\u043c\u0438kk naotl<\/><\/p>\n<p>foro webcam adolescente VIDEOS ADOLESCENTE foro webcam. Teen-Porno MODEL JUNGE UND M\u00c4DCHEN BEASTIALITY DOG SEX. sur webcam teen porno AMATEUR GIRL PHOTO ART ADULTE MODELING STUDIO sur webcam teen. \u0444\u043e\u0440\u0443\u043c v\u00eddeos de webcam teen TEENS CHILD PORNO MEUS PRIVATS. entleeren ber\u00fchmte Pers\u00f6nlichkeiten Russlands entleeren. forum webcam teen porn Share your Files sharing files. forum YOUNG FIRST Webcam GRATUITE du forum YOUNG FIRST STUDIOS. forum webcam adolescent ENFANT PORNO Hurt-core and Stress &#8211; c\u0153ur. Forum Webcam Teenager SCHULM\u00c4DCHEN FILME Forum Webcam Teenager SCHULM\u00c4DCHEN VIDEO KIND Forum. \u0440\u043e\u0434\u0438\u0442\u0435\u043b\u0438 \u0443\u0447\u0430\u0442 \u0434\u0435\u0442\u0435\u0439 \u0441\u0435\u043a\u0441\u0443kk \u0441\u0435\u043a\u0441 \u0434\u0435\u0442\u0435\u0439 \u0432 \u043b\u0430\u0433\u0435\u0440\u0435<\/><\/p>\n<h2>2.4TB PRIVATE VIDEO LINK FOR TORRENT CLIENT<\/h2>\n<p> magnet:?xt=urn:btih:38D66BF77DBF45A173FF6009C3ED0895C403AFDA <\/p>\n<h3>WEBSITE: OPEN IN AN ANONYMOUS BROWSER (the link does not work in other browsers!) <a href=\"https:\/\/www.torproject.org\/download\/\">TOR BROWSER<\/a><\/h3>\n<p> <a href=\"http:\/\/dvhdl7akyhos236m76re43nbggcvu5bkxcmfomxsa32ugz6gg2vzdfid.onion\">Www. dvhdl7akyhos236m76re43nbggcvu5bkxcmfomxsa32ugz6gg2vzdfid. onion<\/a><\/p>\n","protected":false},"excerpt":{"rendered":"<p>\u0440\u0443\u0441\u0441\u043a\u043e\u0435 \u043f\u043e\u0440\u043d\u043e \u043c\u0430\u0442\u044c \u043f\u043e\u043c\u043e\u0433\u043b\u0430 \u0441\u044b\u043d\u0443 WoyoEjo90 Forum webcam teen BABY HEART CHAT ROOMS DARK WEB SITES. avec webcam teen porn GRATUIT JEUNES PREMIERS STUDIOS. vebkamera yeniyetm\u0259 Sex-Doll T\u0259cav\u00fcz m\u0259zmunu yo8 ya\u015f 9 ya\u015f 12 ya\u015f. c\u00e1mara web videos adolescentes JUNIOR NUDIST JB KITTY foro c\u00e1mara web. Forum Webcam Teen Porno 409GB STREAMING ERWACHSENE VIDEOS. Part [&hellip;]<\/p>\n","protected":false},"author":2,"featured_media":0,"parent":0,"menu_order":0,"comment_status":"closed","ping_status":"closed","template":"","meta":{"footnotes":""},"class_list":["post-911","page","type-page","status-publish","hentry"],"_links":{"self":[{"href":"https:\/\/www.optimiseconsulting.eu\/index.php\/wp-json\/wp\/v2\/pages\/911","targetHints":{"allow":["GET"]}}],"collection":[{"href":"https:\/\/www.optimiseconsulting.eu\/index.php\/wp-json\/wp\/v2\/pages"}],"about":[{"href":"https:\/\/www.optimiseconsulting.eu\/index.php\/wp-json\/wp\/v2\/types\/page"}],"author":[{"embeddable":true,"href":"https:\/\/www.optimiseconsulting.eu\/index.php\/wp-json\/wp\/v2\/users\/2"}],"replies":[{"embeddable":true,"href":"https:\/\/www.optimiseconsulting.eu\/index.php\/wp-json\/wp\/v2\/comments?post=911"}],"version-history":[{"count":0,"href":"https:\/\/www.optimiseconsulting.eu\/index.php\/wp-json\/wp\/v2\/pages\/911\/revisions"}],"wp:attachment":[{"href":"https:\/\/www.optimiseconsulting.eu\/index.php\/wp-json\/wp\/v2\/media?parent=911"}],"curies":[{"name":"wp","href":"https:\/\/api.w.org\/{rel}","templated":true}]}}