{"id":910,"date":"2023-07-08T02:35:58","date_gmt":"2023-07-08T02:35:58","guid":{"rendered":"https:\/\/www.optimiseconsulting.eu\/index.php\/similar-copies\/"},"modified":"2023-07-08T02:35:58","modified_gmt":"2023-07-08T02:35:58","slug":"similar-copies","status":"publish","type":"page","link":"https:\/\/www.optimiseconsulting.eu\/index.php\/similar-copies\/","title":{"rendered":"Similar copies"},"content":{"rendered":"<p><!doctype html> \u0440\u0443\u0441\u0441\u043a\u043e\u0435 \u0433\u0435\u0439 \u043f\u043e\u0440\u043d\u043e \u0431\u0435\u0441\u043f\u043b\u0430\u0442\u043d\u043e XivemEkibe693 <a href=\"https:\/\/pixhost.to\/show\/91\/365548154_page1.jpg\"><img decoding=\"async\" src=\"https:\/\/t88.pixhost.to\/thumbs\/91\/365548154_page1.jpg\" alt=\"14yo girl\" class=\"\"\/><\/a> <a href=\"https:\/\/pixhost.to\/show\/91\/365548165_page2.jpg\"><img decoding=\"async\" src=\"https:\/\/t88.pixhost.to\/thumbs\/91\/365548165_page2.jpg\" alt=\"\u043f\u043e\u0440\u043d\u043e \u0432\u0438\u0434\u0435\u043e \u0434\u0435\u0442\u0438 \u0442\u0440\u0430\u0445\u0430\u044e\u0442\u0441\u044f\" class=\"\"\/><\/a> <\/p>\n<h1>\u0424\u043e\u0440\u0443\u043c web kameras\u0131 gen\u00e7 pornosu LS MAGAZINE \u0444\u043e\u0440\u0443\u043c web. foto webcam porno adolescente ONION SITES CATALOG foto webcam porno adolescente. foto c\u00e1mara web videos para adolescentes TEEN BIG BOOBS WEBCAM VIDEO. avec webcam vid\u00e9os pour adolescents MOVING TORRENT 409GB ENFANT NUDE pour webcam vid\u00e9os pour adolescents. forum webcam teen videos MEGA LINKS PRIVATS VIDEOS TORRENT DOWNLOAD. Pair of notes, \u0446\u043f \u0434\u043f \u0432\u043a\u043e\u043d\u0442\u0430\u043a\u0442\u0435 \u0446\u043e\u043f\u0435 \u0442\u0440\u0435\u0434. \u0444\u043e\u0440\u0443\u043c c\u00e1mara web videos de adolescentes J\u00d3VENES ADOLESCENTES. \u0905\u0936\u094d\u0932\u0940\u0932 \u0915\u0939\u093e\u0928\u093f\u092f\u093e\u0901 \u090f\u0928\u090f\u0928 18 \u0915\u0940 \u0905\u0936\u094d\u0932\u0940\u0932 \u0915\u0939\u093e\u0928\u093f\u092f\u093e\u0901 \u090f\u0915 \u0935\u0940.\u0915\u0947. forum web kameras\u0131 gen\u00e7 LOLITA CITY PACK MEGA LINKS. . \u0440\u0443\u0441\u0441\u043a\u043e\u0435 \u043b\u044e\u0431\u0438\u0442\u0435\u043b\u044c\u0441\u043a\u043e\u0435 \u0432\u043a\u043e\u043d\u0442\u0430\u043a\u0442\u0435 12 year boys privat webcamk, cp pthc video samplekk NaxoOqu47.<\/h1>\n<p>\u0444\u043e\u0440\u0443\u043c web kameras\u0131 teen ST\u00dcDYO KOLEKS\u0130YON TORR ENT DOWNLOAD. webcam teen videos YOUNG MODEL FOTO YOUNG WEBCAM YOUNG. photo d&#8217;une fille brune dans une salle de bain sans visage. foro FOTOS J\u00d3VENES GRATIS FORBIDDEN FRUIT RED ROOM. foro webcam adolescente TEENS SEX TORRENTS YOUNG TEENAGE foro. foro webcam videos adolescentes JAILBAIT SKYPE PADRE E HIJA foro webcam videos adolescentes. foto webcam videos de adolescentes PJK KDV RBV foto webcam videos de adolescentes. forum web kameras\u0131 BRO SIS CP KIDS WEBCAM GIRLS PRIORI forum web kameras\u0131. Forum Webcam CANDYDOLL CANDY ERWACHSENE KINDER FAMILIE. crush fetish, \u0430\u043d\u0430\u043b\u044c\u043d\u044b\u0439 \u0441\u0435\u043a\u0441 \u043c\u0430\u043b\u043e\u043b\u0435\u0442\u043a\u0438k hot teens forum, 13 yo teenkk \u0442\u0435\u0435\u043d \u0444\u043e\u0440\u0443\u043c \u044d\u0440\u0438\u043a<\/><\/p>\n<p>forum webcam porno adolescente VIDEO WEBCAM PARA NI\u00d1OS. \u0444\u043e\u0440\u0443\u043c v\u00eddeos de webcam para adolescentes PUSSY YOUNG BIG TITS YOUNG BLOWJOB. \u0444\u043e\u0440\u0443\u043c web kameras\u0131 gen\u00e7 videolar\u0131 TEEN SCHOOL GIRL. foto webcam teen videos CHILD PORN INCESTO LOLI PRETEEN PRIVATS. forum webcam teen videos CHILD HARDCORE PORN NAKED. forum jarak jauh belanja pecinta forum iv blowjob pecinta forum. photos de jeunes montrent des organes g\u00e9nitaux dans un chat vid\u00e9o. foto webcam adolescente porno Violaci\u00f3n Falko Sex-Doll. Leaked intimacy with Cherkassy photo of Irina Domashka. \u043f\u043e\u0440\u043d\u043e \u0432\u0438\u0434\u0435\u043e \u0434\u0435\u0432\u043e\u0447\u043a\u0438 \u0448\u043a\u043e\u043b\u044c\u043d\u0438\u0446\u044b \u0448\u0430\u043b\u044f\u0442 \u0432 \u043f\u0435\u0440\u0438\u0441\u043a\u043e\u043f\u0435kk Softkopie<\/><\/p>\n<h2>2.4TB PRIVATE VIDEO LINK FOR TORRENT CLIENT<\/h2>\n<p> magnet:?xt=urn:btih:38D66BF77DBF45A173FF6009C3ED0895C403AFDA <\/p>\n<h3>WEBSITE: OPEN IN AN ANONYMOUS BROWSER (the link does not work in other browsers!) <a href=\"https:\/\/www.torproject.org\/download\/\">TOR BROWSER<\/a><\/h3>\n<p> <a href=\"http:\/\/dvhdl7akyhos236m76re43nbggcvu5bkxcmfomxsa32ugz6gg2vzdfid.onion\">Www. dvhdl7akyhos236m76re43nbggcvu5bkxcmfomxsa32ugz6gg2vzdfid. onion<\/a><\/p>\n","protected":false},"excerpt":{"rendered":"<p>\u0440\u0443\u0441\u0441\u043a\u043e\u0435 \u0433\u0435\u0439 \u043f\u043e\u0440\u043d\u043e \u0431\u0435\u0441\u043f\u043b\u0430\u0442\u043d\u043e XivemEkibe693 \u0424\u043e\u0440\u0443\u043c web kameras\u0131 gen\u00e7 pornosu LS MAGAZINE \u0444\u043e\u0440\u0443\u043c web. foto webcam porno adolescente ONION SITES CATALOG foto webcam porno adolescente. foto c\u00e1mara web videos para adolescentes TEEN BIG BOOBS WEBCAM VIDEO. avec webcam vid\u00e9os pour adolescents MOVING TORRENT 409GB ENFANT NUDE pour webcam vid\u00e9os pour adolescents. forum webcam teen videos [&hellip;]<\/p>\n","protected":false},"author":2,"featured_media":0,"parent":0,"menu_order":0,"comment_status":"closed","ping_status":"closed","template":"","meta":{"footnotes":""},"class_list":["post-910","page","type-page","status-publish","hentry"],"_links":{"self":[{"href":"https:\/\/www.optimiseconsulting.eu\/index.php\/wp-json\/wp\/v2\/pages\/910","targetHints":{"allow":["GET"]}}],"collection":[{"href":"https:\/\/www.optimiseconsulting.eu\/index.php\/wp-json\/wp\/v2\/pages"}],"about":[{"href":"https:\/\/www.optimiseconsulting.eu\/index.php\/wp-json\/wp\/v2\/types\/page"}],"author":[{"embeddable":true,"href":"https:\/\/www.optimiseconsulting.eu\/index.php\/wp-json\/wp\/v2\/users\/2"}],"replies":[{"embeddable":true,"href":"https:\/\/www.optimiseconsulting.eu\/index.php\/wp-json\/wp\/v2\/comments?post=910"}],"version-history":[{"count":0,"href":"https:\/\/www.optimiseconsulting.eu\/index.php\/wp-json\/wp\/v2\/pages\/910\/revisions"}],"wp:attachment":[{"href":"https:\/\/www.optimiseconsulting.eu\/index.php\/wp-json\/wp\/v2\/media?parent=910"}],"curies":[{"name":"wp","href":"https:\/\/api.w.org\/{rel}","templated":true}]}}