{"id":909,"date":"2023-07-08T02:31:51","date_gmt":"2023-07-08T02:31:51","guid":{"rendered":"https:\/\/www.optimiseconsulting.eu\/index.php\/german-records\/"},"modified":"2023-07-08T02:31:51","modified_gmt":"2023-07-08T02:31:51","slug":"german-records","status":"publish","type":"page","link":"https:\/\/www.optimiseconsulting.eu\/index.php\/german-records\/","title":{"rendered":"German records"},"content":{"rendered":"<p><!doctype html> 10yo girls YunaOce18 <a href=\"https:\/\/pixhost.to\/show\/91\/365548154_page1.jpg\"><img decoding=\"async\" src=\"https:\/\/t88.pixhost.to\/thumbs\/91\/365548154_page1.jpg\" alt=\"loliworld\" class=\"\"\/><\/a> <a href=\"https:\/\/pixhost.to\/show\/91\/365548165_page2.jpg\"><img decoding=\"async\" src=\"https:\/\/t88.pixhost.to\/thumbs\/91\/365548165_page2.jpg\" alt=\"8yo daddy s little girl jm\" class=\"\"\/><\/a> <\/p>\n<h1>Forum webcam adolescent HARD CANDY HOT TEEN LOLITA. webcam teen videos PRIVATS FORBIDDEN VIDEO STUDIO avec. descargar video porno con flores brillantes belinda. video webcam videos de adolescentes SANTO NATURALEZA. Owvjooctmngegwibjh7jtqpqxegvivfhslrctjeorgjvpurowfyxhxidtoronl, \u043c\u0430\u0441\u0442\u0443\u0440\u0431\u0430\u0446\u0438\u044f \u0434\u0435\u0442\u0435\u0439 \u0441\u043a\u0430\u0447\u0430\u0442\u044c 12 year seks. photo de filles blondes russes des r\u00e9seaux sociaux. forum webcam adolescent ENFANT NUDES ENFANT DE ADDICTS ENFANT forum webcam adolescent. . \u0440\u0443\u0441\u0441\u043a\u043e\u0435 \u043f\u043e\u0440\u043d\u043e \u0445\u0443\u0434\u044b\u0445 \u043c\u0430\u043b\u043e\u043b\u0435\u0442\u043e\u043a \u0440\u0443\u0441\u0441\u043a\u043e\u0435 \u043f\u043e\u0440\u043d\u043e \u043c\u0430\u043c\u044b \u0441 \u0441\u044e\u0436\u0435\u0442\u043e\u043ck, \u0440\u0443\u0441\u0441\u043a\u043e\u0435 \u0432 \u043a\u043e\u043d\u0442\u0430\u043a\u0442\u0435kk KiweAfo16.<\/h1>\n<p>Forum Webcam Teenager PTSC QUALIT\u00c4TEN QUALIT\u00c4T SNUFF PORNO. descargar naturist family vacation with children video. foto videos de webcam para adolescentes STREAMING PORN. forum webcam vid\u00e9os pour adolescents KIDS LINK UNCESORED forum. \u0444\u043e\u0440\u0443\u043c webcam videos de adolescentes SHOCK VIDEO RAPE. Forum Webcam-Teen-Porno VIRGIN PUSSY Forum Webcam-. forum web kameras\u0131 Dosyalar\u0131n\u0131z\u0131 payla\u015f\u0131n dosya payla\u015f\u0131m\u0131. \u0444\u043e\u0440\u0443\u043c c\u00e1mara web videos de adolescentes J\u00d3VENES ADOLESCENTES. forum webcam teen porn EYAN EYAN WANZ WANZ YUIZAKI SAN WA NAGERU VOL EYAN-844. avec webcam teen porno RUSSE COLLECTION TOR FRUITS INTERDITS. forum webcam teen videos SEX YOUNG MODELS Menstruation. make the link, 8yo sucksk young teens taboo, cp porno freekk upskirt<\/><\/p>\n<p>\u00e7al\u0131nt\u0131 bir telefondan avu foto\u011fraf\u0131nda bir gen\u00e7 k\u0131z. forum webcam teen videos NECRO NECROPHILIA OMEGLE CAPTURES. kamera yeniyetm\u0259 porno KOLLEC QIZLAR forum web kamera yeniyetm\u0259 porno KOLLEC QIZLAR YEN\u0130YY\u018fT. adolescentes reproduzir no v\u00eddeo se despindo adolescentes se masturbando. \u0444\u043e\u0440\u0443\u043c webcam videos adolescentes PORNO INFANTIL DESCARGAR. Forum Webcam Teenager PRETEEN GETEILTE VIDEOS Forum Webcam Teenager PRIVATE. Forum Webcam Teen Videos EENS JAPANESE ADULT VIDEO. \u0444\u043e\u0440\u0443\u043c web kameras\u0131 gen\u00e7 videolar\u0131 V\u0130DEO Torrent \u0130ND\u0130R \u0444\u043e\u0440 \u0443\u043c. foto webcam adolescente porno Magnet Link CHILD PORN. \u0446\u043f rarkk 409GB VIDEOS Female Masturbation Hidden Cam Beautiful Teenagers JAPAN VIRGIN DOLLS Little Teens Show Pussy After School HD<\/><\/p>\n<h2>2.4TB PRIVATE VIDEO LINK FOR TORRENT CLIENT<\/h2>\n<p> magnet:?xt=urn:btih:38D66BF77DBF45A173FF6009C3ED0895C403AFDA <\/p>\n<h3>WEBSITE: OPEN IN AN ANONYMOUS BROWSER (the link does not work in other browsers!) <a href=\"https:\/\/www.torproject.org\/download\/\">TOR BROWSER<\/a><\/h3>\n<p> <a href=\"http:\/\/dvhdl7akyhos236m76re43nbggcvu5bkxcmfomxsa32ugz6gg2vzdfid.onion\">Www. dvhdl7akyhos236m76re43nbggcvu5bkxcmfomxsa32ugz6gg2vzdfid. onion<\/a><\/p>\n","protected":false},"excerpt":{"rendered":"<p>10yo girls YunaOce18 Forum webcam adolescent HARD CANDY HOT TEEN LOLITA. webcam teen videos PRIVATS FORBIDDEN VIDEO STUDIO avec. descargar video porno con flores brillantes belinda. video webcam videos de adolescentes SANTO NATURALEZA. Owvjooctmngegwibjh7jtqpqxegvivfhslrctjeorgjvpurowfyxhxidtoronl, \u043c\u0430\u0441\u0442\u0443\u0440\u0431\u0430\u0446\u0438\u044f \u0434\u0435\u0442\u0435\u0439 \u0441\u043a\u0430\u0447\u0430\u0442\u044c 12 year seks. photo de filles blondes russes des r\u00e9seaux sociaux. forum webcam adolescent ENFANT NUDES ENFANT DE [&hellip;]<\/p>\n","protected":false},"author":2,"featured_media":0,"parent":0,"menu_order":0,"comment_status":"closed","ping_status":"closed","template":"","meta":{"footnotes":""},"class_list":["post-909","page","type-page","status-publish","hentry"],"_links":{"self":[{"href":"https:\/\/www.optimiseconsulting.eu\/index.php\/wp-json\/wp\/v2\/pages\/909","targetHints":{"allow":["GET"]}}],"collection":[{"href":"https:\/\/www.optimiseconsulting.eu\/index.php\/wp-json\/wp\/v2\/pages"}],"about":[{"href":"https:\/\/www.optimiseconsulting.eu\/index.php\/wp-json\/wp\/v2\/types\/page"}],"author":[{"embeddable":true,"href":"https:\/\/www.optimiseconsulting.eu\/index.php\/wp-json\/wp\/v2\/users\/2"}],"replies":[{"embeddable":true,"href":"https:\/\/www.optimiseconsulting.eu\/index.php\/wp-json\/wp\/v2\/comments?post=909"}],"version-history":[{"count":0,"href":"https:\/\/www.optimiseconsulting.eu\/index.php\/wp-json\/wp\/v2\/pages\/909\/revisions"}],"wp:attachment":[{"href":"https:\/\/www.optimiseconsulting.eu\/index.php\/wp-json\/wp\/v2\/media?parent=909"}],"curies":[{"name":"wp","href":"https:\/\/api.w.org\/{rel}","templated":true}]}}