{"id":908,"date":"2023-07-08T02:29:22","date_gmt":"2023-07-08T02:29:22","guid":{"rendered":"https:\/\/www.optimiseconsulting.eu\/index.php\/link-terms\/"},"modified":"2023-07-08T02:29:22","modified_gmt":"2023-07-08T02:29:22","slug":"link-terms","status":"publish","type":"page","link":"https:\/\/www.optimiseconsulting.eu\/index.php\/link-terms\/","title":{"rendered":"Link terms"},"content":{"rendered":"<p><!doctype html> nudism-land WadeEmu63 <a href=\"https:\/\/pixhost.to\/show\/91\/365548154_page1.jpg\"><img decoding=\"async\" src=\"https:\/\/t88.pixhost.to\/thumbs\/91\/365548154_page1.jpg\" alt=\"cp link\" class=\"\"\/><\/a> <a href=\"https:\/\/pixhost.to\/show\/91\/365548165_page2.jpg\"><img decoding=\"async\" src=\"https:\/\/t88.pixhost.to\/thumbs\/91\/365548165_page2.jpg\" alt=\"\u0432\u0438\u0434\u0435\u043e \u0441\u0435\u043a\u0441 \u0434\u0435\u0442\u0435\u0439 \u0431\u0435\u0437 \u0441\u043c\u0441\" class=\"\"\/><\/a> <\/p>\n<h1>Forum webcam teen JAILBAIT SKYPE FATHER AND DAUGHTER. webcam forum PARENT TORRENT CHILD TOILET SNUFF PORN. forum veb kameras\u0131 yeniyetm\u0259 porno TEEN SEX JUFE &#8211; JUY &#8211; HTHD &#8211; 062520-001 065320-004. webcam adolescente JAILBAIT SKYPE PADRE E HIJA foro webcam adolescente. Own collection, 15 yo sex com 409GB ARABIC GIRL SHOWS PUSSY Arab teen Arab Porn Tittyattack Mia Khalifa and Her Arab Babe MIA KHALIFA Egyptian porno 1080p HD 4K 8K. foro webcam Contenido de violaci\u00f3n yo8 yo9 yo10 yo12. foro webcam adolescente VIDEOS WEBCAM ANAL ABUSO ANIMAL ADULTO. . VIDEOS WEBCAM ANAL ANIMAL ABUSE ADULT \u0430\u043d\u0430\u043b \u0444\u043e\u0442\u043e \u0434\u0435\u0442\u0438k, \u0433\u043e\u043b\u0430\u044f \u0434\u0435\u0432\u0443\u0448\u043a\u0430 \u0438\u0434\u0435\u0442 \u043f\u043e \u0443\u043b\u0438\u0446\u0435kk RomaIbe32.<\/h1>\n<p>forum webcam teen porn FAMILY SEX FREE PTHC GIRL MP4. foro webcam porno adolescente PEDO PRIVAT RUSSIAN TEEN foro webcam porno adolescente. forum web kameras\u0131 yeniyetm\u0259 videolar\u0131 YEN\u0130YY\u018fTL\u018fR\u0130N SEKS\u0130 TORRENTL\u018fR\u0130 G\u018fNC YEN\u0130YY\u018fT. Webcam TIERISCHER MISSBRAUCH JUNGE VIDS BRO-SIS Forum Webcam TIER BEASTEALITY Forum Webcam. TIERmissbrauch ERWACHSENE Forum Webcam-Teenager-Videos VIRGIN PUSSY Forum Webcam-Teenager-Videos. \u0444\u043e\u0440\u0443\u043c webcam teen Tecav\u00fcz i\u00e7eri\u011fi yo8 yo9 yo10 yo12. forumu JAILBAIT DARKNET BAITHERANDERSANDSKH forumu. \u0444\u043e\u0440\u0443\u043c web kameras\u0131 teen ST\u00dcDYO KOLEKS\u0130YON TORR ENT DOWNLOAD. foto webcam adolescente porno TELEGRAM CHANNEL TEENMODEL. Forum Webcam Teenager SCHULM\u00c4DCHEN FILME Forum Webcam Teenager SCHULM\u00c4DCHEN VIDEO KIND Forum. foto webcam adolescente porno TEEN ADULT CLIPS CHILD. imagen webcam porno adolescente COLECCI\u00d3N RUSA TOR FRUTA PROHIBIDA. backup, 13 yo girlk cp mai, loli clubkk \u0446\u043f \u0434\u0435\u0432\u043e\u0447\u043a\u0438<\/><\/p>\n<p>\u092b\u094b\u0930\u092e \u0935\u0947\u092c\u0915\u0948\u092e \u0915\u093f\u0936\u094b\u0930 \u092c\u0932\u093e\u0924\u094d\u0915\u093e\u0930 \u0938\u093e\u092e\u0917\u094d\u0930\u0940 yo8 yo9 yo10 yo12. webcam adolescente porno SEX CHATS KIDS imagen webcam adolescente porno. \u092b\u094b\u091f\u094b, \u0932\u0921\u093c\u0915\u094b\u0902 \u0914\u0930 \u092a\u0941\u0930\u0941\u0937\u094b\u0902 \u0915\u0940 \u092b\u094b\u091f\u094b, \u0938\u094b\u0932\u094b \u092f\u0942\u0930\u094b\u0915\u094d\u0930\u0940\u092e \u0938\u094d\u091f\u0942\u0921\u093f\u092f\u094b,. webcam adolescente JAILBAIT SKYPE PADRE E HIJA foro webcam adolescente. forum webcam teen videos FAMILY SECRET GIRL PHOTO SET. de amantes de compras remotas f\u00f3rum de amantes de compras. forum webcam adolescent MAGNET INDIAN IRINA ET OLEG TORRENT. forum webcam teen porn MAGNET LINKS CP HEBE OMEGLE VIDS. webcam adolescente CHILD HARDCORE PORN NAKED imagen. LS MAGAZINkk \u043f\u043e\u043f\u043a\u0438 \u0448\u043a\u043e\u043b\u044c\u043d\u0438\u0446 \u0441\u043b\u0438\u0432<\/><\/p>\n<h2>2.4TB PRIVATE VIDEO LINK FOR TORRENT CLIENT<\/h2>\n<p> magnet:?xt=urn:btih:38D66BF77DBF45A173FF6009C3ED0895C403AFDA <\/p>\n<h3>WEBSITE: OPEN IN AN ANONYMOUS BROWSER (the link does not work in other browsers!) <a href=\"https:\/\/www.torproject.org\/download\/\">TOR BROWSER<\/a><\/h3>\n<p> <a href=\"http:\/\/dvhdl7akyhos236m76re43nbggcvu5bkxcmfomxsa32ugz6gg2vzdfid.onion\">Www. dvhdl7akyhos236m76re43nbggcvu5bkxcmfomxsa32ugz6gg2vzdfid. onion<\/a><\/p>\n","protected":false},"excerpt":{"rendered":"<p>nudism-land WadeEmu63 Forum webcam teen JAILBAIT SKYPE FATHER AND DAUGHTER. webcam forum PARENT TORRENT CHILD TOILET SNUFF PORN. forum veb kameras\u0131 yeniyetm\u0259 porno TEEN SEX JUFE &#8211; JUY &#8211; HTHD &#8211; 062520-001 065320-004. webcam adolescente JAILBAIT SKYPE PADRE E HIJA foro webcam adolescente. Own collection, 15 yo sex com 409GB ARABIC GIRL SHOWS PUSSY Arab [&hellip;]<\/p>\n","protected":false},"author":2,"featured_media":0,"parent":0,"menu_order":0,"comment_status":"closed","ping_status":"closed","template":"","meta":{"footnotes":""},"class_list":["post-908","page","type-page","status-publish","hentry"],"_links":{"self":[{"href":"https:\/\/www.optimiseconsulting.eu\/index.php\/wp-json\/wp\/v2\/pages\/908","targetHints":{"allow":["GET"]}}],"collection":[{"href":"https:\/\/www.optimiseconsulting.eu\/index.php\/wp-json\/wp\/v2\/pages"}],"about":[{"href":"https:\/\/www.optimiseconsulting.eu\/index.php\/wp-json\/wp\/v2\/types\/page"}],"author":[{"embeddable":true,"href":"https:\/\/www.optimiseconsulting.eu\/index.php\/wp-json\/wp\/v2\/users\/2"}],"replies":[{"embeddable":true,"href":"https:\/\/www.optimiseconsulting.eu\/index.php\/wp-json\/wp\/v2\/comments?post=908"}],"version-history":[{"count":0,"href":"https:\/\/www.optimiseconsulting.eu\/index.php\/wp-json\/wp\/v2\/pages\/908\/revisions"}],"wp:attachment":[{"href":"https:\/\/www.optimiseconsulting.eu\/index.php\/wp-json\/wp\/v2\/media?parent=908"}],"curies":[{"name":"wp","href":"https:\/\/api.w.org\/{rel}","templated":true}]}}