{"id":906,"date":"2023-07-08T00:43:58","date_gmt":"2023-07-08T00:43:58","guid":{"rendered":"https:\/\/www.optimiseconsulting.eu\/index.php\/fresh-tor-list-h\/"},"modified":"2023-07-08T00:43:58","modified_gmt":"2023-07-08T00:43:58","slug":"fresh-tor-list-h","status":"publish","type":"page","link":"https:\/\/www.optimiseconsulting.eu\/index.php\/fresh-tor-list-h\/","title":{"rendered":"Fresh tor list h"},"content":{"rendered":"<p><!doctype html> 16 yo girls videos SiyiEmo30 <a href=\"https:\/\/pixhost.to\/show\/91\/365548154_page1.jpg\"><img decoding=\"async\" src=\"https:\/\/t88.pixhost.to\/thumbs\/91\/365548154_page1.jpg\" alt=\"\u0440\u0443\u0441\u0441\u043a\u043e\u0435 \u043f\u043e\u0440\u043d\u043e \u043c\u0430\u0442\u044c \u0438 \u0441\u044b\u043d \u0441\u043c\u043e\u0442\u0440\u0435\u0442\u044c \u0431\u0435\u0441\u043f\u043b\u0430\u0442\u043d\u043e\" class=\"\"\/><\/a> <a href=\"https:\/\/pixhost.to\/show\/91\/365548165_page2.jpg\"><img decoding=\"async\" src=\"https:\/\/t88.pixhost.to\/thumbs\/91\/365548165_page2.jpg\" alt=\"\u0440\u0443\u0441\u0441\u043a\u043e\u0435 \u043f\u0440\u0438\u0432\u0430\u0442\" class=\"\"\/><\/a> <\/p>\n<h1>Webcam KINDER VERBOTEN Forum Webcam KINDER SCHULD PEDOS VIDEO. draining cadets of the Ministry of Internal Affairs. \u0444\u043e\u0440\u0443\u043c webcam remaja film remaja \u0444\u043e\u0440\u0443\u043c webcam remaja XXX CP VIDEO. \u041e\u0440\u0433\u0430\u043d\u0438\u0437\u0430\u0446\u0438 \u0434\u043e\u0441\u0443\u0433\u0430 \u0434\u0435\u0442\u0435\u0439 \u0434\u043e\u043c\u0430, \u0440\u0443\u0441\u0441\u043a\u043e\u0435 \u043f\u043e\u0440\u043d\u043e \u0441\u044b\u043d \u0435\u0431\u0435\u0442 \u043c\u0430\u0442\u044c \u043e\u0442\u0435\u0446 \u0441\u043c\u043e\u0442\u0440\u0438\u0442 2.4TB WEBCAM BUCH. Forum Webcam-Teen-Porno JUNGES TEEN SEX-VIDEOS ZOO-. foro webcam adolescente LOLITAS ASI\u00c1TICAS J\u00d3VENES ASI\u00c1TICAS CHICAS CUTIE. avec webcam teen videos DAUGHTER LOVE KIDS LINK EXPOSED SLUT avec webcam teen videos. . \u0446\u043f 18 \u0432\u043a \u041a\u0423\u041f\u0418\u0422\u042c \u0414\u0415\u0422\u0421\u041a\u041e\u0415 \u041f\u041e\u0420\u041d\u041ek, STUDIO13kk PozaUjo84.<\/h1>\n<p>forum webcam teen porn SEX YOUNG MODELS Menstruation. PAYLA\u015eILAN V\u0130DEOLAR forum web kameras\u0131 yeniyetm\u0259 videolar\u0131 \u015eOK M\u018fZMUN\u0130 forum web kameras\u0131 yeniyetm\u0259. foto webcam adolescente porno TEEN WIFE FUCK CHILD BLONDE. porno pour petits enfants porno vid\u00e9o gratuit pour. photo de jeunes mannequins nouvelle photo de jeunes mannequins. drenando vk privado drenando privados privados drenando fotos. forum webcam FREE YOUNG PICS FORBIDDEN FRUIT RED ROOM. foto c\u00e1mara web videos adolescentes TEENS CHILD PORNO MY PRIVATS foto. descargar torrent pel\u00edcula familiar en el tel\u00e9fono. Forum Webcam Teen Porno 409GB STREAMING ERWACHSENE VIDEOS. forum webcam teen videos I2P MAGNET LINKS INCEST TELEGRAM I2P. sur webcam teen vid\u00e9os Facebook HOT and SEXY comptes enfants. \u0440\u0443\u0441\u0441\u043a\u043e\u0435 \u043f\u043e\u0440\u043d\u043e \u0441 \u0431\u043e\u0442\u0430\u043d\u0438\u043a\u043e\u043c, \u043f\u043e\u043f\u043a\u0430 \u043c\u0430\u043b\u0435\u043d\u044c\u043a\u0430\u044fk \u0440\u0443\u0441\u0441\u043a\u043e\u0435 \u043f\u043e\u0440\u043d\u043e \u0441 \u0436\u0435\u043d\u043e\u0439 \u0434\u044f\u0434\u0438, \u0441\u0443\u043f\u0435\u0440 \u0434\u0435\u0442\u043a\u0430 \u043f\u043e\u0440\u043d\u043ekk COMPLETE COLLECTION NUEVOS VIDEOS Y FOTOS ARCHIVEN<\/><\/p>\n<p>\u0444\u043e\u0440\u0443\u043c teen webcam porn C OLEC\u00c7\u00c3O PORNOGRAFIA INCESTANTE LOLI PRETEEN PRIVATS. forum webcam teen videos YOUNG MODEL FOTO YOUNG WEBCAM YOUNG. sur webcam teen porn JEUNE MOD\u00c8LE FOTO JEUNE WEBCAM JEUNE. foro webcam CHILD PORN INCEST LOLI PRETEEN PRIVATS. foto webcam adolescente porno FOLLANDO A MI ADOLESCENTE PELUDA. \u0444\u043e\u0440\u0443\u043c webcam videos para adolescentes BJ Puke BJ o Puke Girl Menstruation Child. forum webcam teen videos MOVING TORRENT 409GB CHILD NUDE. \u0444\u043e\u0440\u0443\u043c webcam teen videos TEENS HOME ASIATIQUE TEEN. buzz castkk \u0421\u041b\u0418\u0412 \u0426\u041f \u0412\u0418\u0414\u0415\u041e<\/><\/p>\n<h2>2.4TB PRIVATE VIDEO LINK FOR TORRENT CLIENT<\/h2>\n<p> magnet:?xt=urn:btih:38D66BF77DBF45A173FF6009C3ED0895C403AFDA <\/p>\n<h3>WEBSITE: OPEN IN AN ANONYMOUS BROWSER (the link does not work in other browsers!) <a href=\"https:\/\/www.torproject.org\/download\/\">TOR BROWSER<\/a><\/h3>\n<p> <a href=\"http:\/\/dvhdl7akyhos236m76re43nbggcvu5bkxcmfomxsa32ugz6gg2vzdfid.onion\">Www. dvhdl7akyhos236m76re43nbggcvu5bkxcmfomxsa32ugz6gg2vzdfid. onion<\/a><\/p>\n","protected":false},"excerpt":{"rendered":"<p>16 yo girls videos SiyiEmo30 Webcam KINDER VERBOTEN Forum Webcam KINDER SCHULD PEDOS VIDEO. draining cadets of the Ministry of Internal Affairs. \u0444\u043e\u0440\u0443\u043c webcam remaja film remaja \u0444\u043e\u0440\u0443\u043c webcam remaja XXX CP VIDEO. \u041e\u0440\u0433\u0430\u043d\u0438\u0437\u0430\u0446\u0438 \u0434\u043e\u0441\u0443\u0433\u0430 \u0434\u0435\u0442\u0435\u0439 \u0434\u043e\u043c\u0430, \u0440\u0443\u0441\u0441\u043a\u043e\u0435 \u043f\u043e\u0440\u043d\u043e \u0441\u044b\u043d \u0435\u0431\u0435\u0442 \u043c\u0430\u0442\u044c \u043e\u0442\u0435\u0446 \u0441\u043c\u043e\u0442\u0440\u0438\u0442 2.4TB WEBCAM BUCH. Forum Webcam-Teen-Porno JUNGES TEEN SEX-VIDEOS ZOO-. foro webcam [&hellip;]<\/p>\n","protected":false},"author":2,"featured_media":0,"parent":0,"menu_order":0,"comment_status":"closed","ping_status":"closed","template":"","meta":{"footnotes":""},"class_list":["post-906","page","type-page","status-publish","hentry"],"_links":{"self":[{"href":"https:\/\/www.optimiseconsulting.eu\/index.php\/wp-json\/wp\/v2\/pages\/906","targetHints":{"allow":["GET"]}}],"collection":[{"href":"https:\/\/www.optimiseconsulting.eu\/index.php\/wp-json\/wp\/v2\/pages"}],"about":[{"href":"https:\/\/www.optimiseconsulting.eu\/index.php\/wp-json\/wp\/v2\/types\/page"}],"author":[{"embeddable":true,"href":"https:\/\/www.optimiseconsulting.eu\/index.php\/wp-json\/wp\/v2\/users\/2"}],"replies":[{"embeddable":true,"href":"https:\/\/www.optimiseconsulting.eu\/index.php\/wp-json\/wp\/v2\/comments?post=906"}],"version-history":[{"count":0,"href":"https:\/\/www.optimiseconsulting.eu\/index.php\/wp-json\/wp\/v2\/pages\/906\/revisions"}],"wp:attachment":[{"href":"https:\/\/www.optimiseconsulting.eu\/index.php\/wp-json\/wp\/v2\/media?parent=906"}],"curies":[{"name":"wp","href":"https:\/\/api.w.org\/{rel}","templated":true}]}}