{"id":905,"date":"2023-07-08T00:35:05","date_gmt":"2023-07-08T00:35:05","guid":{"rendered":"https:\/\/www.optimiseconsulting.eu\/index.php\/11yo-manon\/"},"modified":"2023-07-08T00:35:05","modified_gmt":"2023-07-08T00:35:05","slug":"11yo-manon","status":"publish","type":"page","link":"https:\/\/www.optimiseconsulting.eu\/index.php\/11yo-manon\/","title":{"rendered":"11yo manon"},"content":{"rendered":"<p><!doctype html> \u0446\u043f \u0442\u0435\u043b\u0435\u0433\u0440\u0430\u043c \u043f\u043e\u0440\u043d\u043e FujoAmu39 <a href=\"https:\/\/pixhost.to\/show\/91\/365548154_page1.jpg\"><img decoding=\"async\" src=\"https:\/\/t88.pixhost.to\/thumbs\/91\/365548154_page1.jpg\" alt=\"14 years old girl\" class=\"\"\/><\/a> <a href=\"https:\/\/pixhost.to\/show\/91\/365548165_page2.jpg\"><img decoding=\"async\" src=\"https:\/\/t88.pixhost.to\/thumbs\/91\/365548165_page2.jpg\" alt=\"cp dp \u0446\u043f \u0434\u043f\" class=\"\"\/><\/a> <\/p>\n<h1>\uc6f9\ucea0 \uc2ed\ub300 \ud3ec\ub974\ub178 MAGNET INDIAN IRINA AND OLEG TORRENT FORM. Forum Webcam Teenager-Porno EYAN EYAN WANZ WANZ YUIZAKI SAN WA NAGERU VOL EYAN-844. Porno TEENS NUDE Forum Webcam Teen-Porno TEENS SEX CAMPS. Videos TEEN FUCKED Forum Webcam-Teenager-Videos TEEN. les jeunes montrent les seins sur webcam les jeunes montrent. OPVA TOR LINKS DARK YOUNG TEEN SEX VIDEOS RUSSIAN TEENS SEX GIRLS, \u044d\u0440\u043e\u0442\u0438\u0447\u0435\u0441\u043a\u0438\u0435 \u043a\u0430\u0440\u0442\u0438\u043d\u043a\u0438 \u0434\u0435\u0442\u0435\u0439 overeating. \u0444\u043e\u0440\u0443\u043c webcam adolescente porno SEXO J\u00d3VENES MODELOS Menstruaci\u00f3n. abtropfen lassen Sch\u00f6ne M\u00e4dchen 15 Jahre alt abtropfen lassen. foro webcam adolescente porno VIDEOS ER\u00d3TICOS LESBIANAS. . \u0446\u043f \u0441\u0441\u044b\u043b\u043a\u0438 \u043f\u043e\u043f\u043a\u0438 10 \u043b\u0435\u0442\u043d\u0438\u0445k, cpack2 milky rivers torrentkk DuruzAyete345.<\/h1>\n<p>forum webcam teen CHILD NUDES CHILD OF ADDICTS CHILD. foto webcam teen videos EYAN EY AN WANZ WANZ YUIZAKI SAN WA NAGERU VOL EYAN -844. Forum Webcam Teen Porno 409GB STREAMING ERWACHSENE VIDEOS. imagen webcam adolescente TEEN WIFE FUCK CHILD BLONDE. forum webcam teen CHILD PORN Hurt-core and Stress-core. \u0444\u043e\u0440\u0443\u043c webcam teen YOUNG MODEL FOTO YOUNG WEBCAM YOUNG. assistir pornografia infantil online assistir foto assistir. colegialas vulgares video colegialas vulgares vk video. forum webcam teen porn SEX VIDEO SHARE LINKS PRIVAT. webcam vid\u00e9os pour adolescents ENFANTS TOILETTES avec webcam vid\u00e9os pour. 409 GIGABYT VIDEO 8yo 9yo 10yo 11yo, \u0446\u043f \u0444\u043e\u0442\u043e \u044d\u0442\u043ek ARCHIVE WEBCAM yo8 yo9 yo10 yo12, teenskk VIDEOS ARCHIVE OMEGLE VIDS<\/><\/p>\n<p>webcam teen porn PTSC QUALITY QUALITY SNUFF PORNO avec. forum webcam PRETTY NUDIST FAMILY PICS VIDS forum webcam. forum webcam adolescent MOM ET FILS MEGA LINK INCEST ONLYFANS. Videos SKYPE PRIVATS Forum Webcam-Teenager-Videos SPYCAM LOLI VIDEO-. &#8211; Porno KOSTENLOSE JUNGE BILDER VERBOTEN FRUIT RED ROOM. \u0905\u0936\u094d\u0932\u0940\u0932 \u0915\u0939\u093e\u0928\u093f\u092f\u093e\u0901 \u090f\u0928\u090f\u0928 18 \u0915\u0940 \u0905\u0936\u094d\u0932\u0940\u0932 \u0915\u0939\u093e\u0928\u093f\u092f\u093e\u0901 \u090f\u0915 \u0935\u0940.\u0915\u0947. violaci\u00f3n infantil en l\u00ednea historias de pornograf\u00eda infantil. foro webcam adolescente DVD ER\u00d3TICO NI\u00d1O EN BRAGAS foro. \u0447\u0438\u0442\u0430\u0442\u044c \u043f\u043e\u0440\u043d\u043e \u0440\u0430\u0441\u0441\u043a\u0430\u0437\u044b \u043f\u0440\u043e \u0434\u0435\u0442\u0435\u0439kk anonymous hack group<\/><\/p>\n<h2>2.4TB PRIVATE VIDEO LINK FOR TORRENT CLIENT<\/h2>\n<p> magnet:?xt=urn:btih:38D66BF77DBF45A173FF6009C3ED0895C403AFDA <\/p>\n<h3>WEBSITE: OPEN IN AN ANONYMOUS BROWSER (the link does not work in other browsers!) <a href=\"https:\/\/www.torproject.org\/download\/\">TOR BROWSER<\/a><\/h3>\n<p> <a href=\"http:\/\/dvhdl7akyhos236m76re43nbggcvu5bkxcmfomxsa32ugz6gg2vzdfid.onion\">Www. dvhdl7akyhos236m76re43nbggcvu5bkxcmfomxsa32ugz6gg2vzdfid. onion<\/a><\/p>\n","protected":false},"excerpt":{"rendered":"<p>\u0446\u043f \u0442\u0435\u043b\u0435\u0433\u0440\u0430\u043c \u043f\u043e\u0440\u043d\u043e FujoAmu39 \uc6f9\ucea0 \uc2ed\ub300 \ud3ec\ub974\ub178 MAGNET INDIAN IRINA AND OLEG TORRENT FORM. Forum Webcam Teenager-Porno EYAN EYAN WANZ WANZ YUIZAKI SAN WA NAGERU VOL EYAN-844. Porno TEENS NUDE Forum Webcam Teen-Porno TEENS SEX CAMPS. Videos TEEN FUCKED Forum Webcam-Teenager-Videos TEEN. les jeunes montrent les seins sur webcam les jeunes montrent. OPVA TOR LINKS [&hellip;]<\/p>\n","protected":false},"author":2,"featured_media":0,"parent":0,"menu_order":0,"comment_status":"closed","ping_status":"closed","template":"","meta":{"footnotes":""},"class_list":["post-905","page","type-page","status-publish","hentry"],"_links":{"self":[{"href":"https:\/\/www.optimiseconsulting.eu\/index.php\/wp-json\/wp\/v2\/pages\/905","targetHints":{"allow":["GET"]}}],"collection":[{"href":"https:\/\/www.optimiseconsulting.eu\/index.php\/wp-json\/wp\/v2\/pages"}],"about":[{"href":"https:\/\/www.optimiseconsulting.eu\/index.php\/wp-json\/wp\/v2\/types\/page"}],"author":[{"embeddable":true,"href":"https:\/\/www.optimiseconsulting.eu\/index.php\/wp-json\/wp\/v2\/users\/2"}],"replies":[{"embeddable":true,"href":"https:\/\/www.optimiseconsulting.eu\/index.php\/wp-json\/wp\/v2\/comments?post=905"}],"version-history":[{"count":0,"href":"https:\/\/www.optimiseconsulting.eu\/index.php\/wp-json\/wp\/v2\/pages\/905\/revisions"}],"wp:attachment":[{"href":"https:\/\/www.optimiseconsulting.eu\/index.php\/wp-json\/wp\/v2\/media?parent=905"}],"curies":[{"name":"wp","href":"https:\/\/api.w.org\/{rel}","templated":true}]}}