{"id":904,"date":"2023-07-08T00:20:52","date_gmt":"2023-07-08T00:20:52","guid":{"rendered":"https:\/\/www.optimiseconsulting.eu\/index.php\/stickam-young\/"},"modified":"2023-07-08T00:20:52","modified_gmt":"2023-07-08T00:20:52","slug":"stickam-young","status":"publish","type":"page","link":"https:\/\/www.optimiseconsulting.eu\/index.php\/stickam-young\/","title":{"rendered":"Stickam young"},"content":{"rendered":"<p><!doctype html> \u0446\u043f \u043c\u0430\u0448\u0430 \u0431\u0430\u0431\u043a\u043e 1st studio \u043c\u0430\u043b\u043e\u043b\u0435\u0442\u043a\u0430 \u0448\u043a\u043e\u043b\u044c\u043d\u0438\u0446\u0430 CavuOvu65 <a href=\"https:\/\/pixhost.to\/show\/91\/365548154_page1.jpg\"><img decoding=\"async\" src=\"https:\/\/t88.pixhost.to\/thumbs\/91\/365548154_page1.jpg\" alt=\"\u0440\u0443\u0441\u0441\u043a\u043e\u0435 \u043f\u043e\u0440\u043d\u043e \u0432\u0438\u0434\u0435\u043e \u043f\u0435\u0440\u0438\u0441\u043a\u043e\u043f\" class=\"\"\/><\/a> <a href=\"https:\/\/pixhost.to\/show\/91\/365548165_page2.jpg\"><img decoding=\"async\" src=\"https:\/\/t88.pixhost.to\/thumbs\/91\/365548165_page2.jpg\" alt=\"jailbait video photo\" class=\"\"\/><\/a> <\/p>\n<h1>\u0424\u043e\u0440\u0443\u043c web kameras\u0131 gen\u00e7 pornosu TEEN pornosu PEDO LINKS. Forum Webcam Teen Videos PERISCOPE JK JAPANESE Forum Webcam Teen Videos. abtropfen lassen Sch\u00f6ne M\u00e4dchen 15 Jahre alt abtropfen lassen. webcam teen porn FETISH WEBCAM HARD CANDY HOT TEEN LOLITA. Open their records, cp pic \u0440\u0443\u0441\u0441\u043a\u043e\u0435 \u043f\u043e\u0440\u043d\u043e \u043c\u0430\u043c\u0430 \u043d\u0435 \u0445\u043e\u0442\u0435\u043b\u0430. concursos de fotograf\u00eda de nudismo infantil en la urss de antes de la guerra. Forum Webcam-Teen-Videos ONLYFANS LEAK-Forum Webcam-Teen-. \u092a\u0930 \u0935\u0947\u092c\u0915\u0948\u092e \u0915\u093f\u0936\u094b\u0930 \u0905\u0936\u094d\u0932\u0940\u0932 \u0928\u0947\u0915\u094d\u0930\u094b \u0928\u0947\u0915\u094d\u0930\u094b\u092b\u093f\u0932\u093f\u092f\u093e \u0913\u092e\u0947\u0917\u0932 \u0928\u0947. . Bathroom BJ Puke BJ or Puke Girl Menstruation Child SexDoll lolik, \u043f\u0435\u0440\u0432\u044b\u0439 \u0441\u0435\u043a\u0441 \u0443 \u0434\u0435\u0442\u0435\u0439kk TigeUki75.<\/h1>\n<p>forum web kameras\u0131 yeniyetm\u0259 videolar\u0131 YEN\u0130YY\u018fTL\u018fR\u0130N SEKS\u0130 TORRENTL\u018fR\u0130 G\u018fNC YEN\u0130YY\u018fT. Forum Webcam-Teen-Porno PTSC QUALIT\u00c4TEN QUALIT\u00c4T SNUFF PORNO. webcam vid\u00e9os pour adolescents TEEN SEX JUFE &#8211; JUY &#8211; HTHD &#8211; 062520-001 065320-004. forum veb kameras\u0131 yeniyetm\u0259 videolar\u0131 YUIZAKI FCUNCE2. YUIZAKI FC2 PPV JAV UNCENSORED web kameras\u0131 gen\u00e7 videolar\u0131 forumu. \u0444\u043e\u0440\u0443\u043c webcam teen VIDEOS WEBCAM ANAL ANIMAL ABUSE ADULT. forum webcam teen MOM AND SON MEGA LINK INCEST ONLYFANS. Forum Webcam Teenager LS MODELS LOLI LUST Forum Webcam Teenager. foto webcam adolescente porno CHILD PORN INCESTO LOLI PRETEEN PRIVATS. forum webcam adolescent EENS JAPANESE VID\u00c9O ADULTE. descargar torrent pel\u00edcula familiar en el tel\u00e9fono. right video, \u0440\u0443\u0441\u0441\u043a\u043e\u0435 \u043f\u043e\u0440\u043d\u043e \u0436\u0435\u0441\u0442\u043e\u043a\u043e \u043d\u0430\u0441\u0438\u043b\u0443\u044e\u0442 \u0432 \u043b\u0435\u0441\u0443 \u043c\u0430\u043b\u043e\u043b\u0435\u0442\u043e\u043ak ls model torrent, \u043f\u043e\u0440\u043d\u043e \u0440\u0430\u0441\u0441\u043a\u0430\u0437 \u0434\u0435\u0442\u0441\u0442\u0432\u043ekk clone credit card malaysia<\/><\/p>\n<p>forum webcam teen porn Share your Files sharing files. foto c\u00e1mara web videos adolescentes TEENS CHILD PORN. Forum Webcam Teenager TEEN BIG BOOBS WEBCAM VIDEO Forum Webcam. forum webcam teen porn TEEN SEX JUFE &#8211; JUY &#8211; HTHD &#8211; 062520-001 065320-004. foto webcam porno adolescente TORRENT RUSSIAN WEBCAM BABES. foto de mujeres de redes sociales foto de mujeres en cuclillas. Forum Webcam-Teen-Porno NECRO NECROPHILIA OMEGLE CAPTURES Forum Webcam-Teen-Porno. \u0444\u043e\u0440\u0443\u043c webcam remaja film remaja \u0444\u043e\u0440\u0443\u043c webcam remaja XXX CP VIDEO. \u0446\u043f \u0434\u043f \u0441\u043c\u043e\u0442\u0440\u0435\u0442\u044c \u0432\u0438\u0434\u0435\u043ekk 16 yo girls<\/><\/p>\n<h2>2.4TB PRIVATE VIDEO LINK FOR TORRENT CLIENT<\/h2>\n<p> magnet:?xt=urn:btih:38D66BF77DBF45A173FF6009C3ED0895C403AFDA <\/p>\n<h3>WEBSITE: OPEN IN AN ANONYMOUS BROWSER (the link does not work in other browsers!) <a href=\"https:\/\/www.torproject.org\/download\/\">TOR BROWSER<\/a><\/h3>\n<p> <a href=\"http:\/\/dvhdl7akyhos236m76re43nbggcvu5bkxcmfomxsa32ugz6gg2vzdfid.onion\">Www. dvhdl7akyhos236m76re43nbggcvu5bkxcmfomxsa32ugz6gg2vzdfid. onion<\/a><\/p>\n","protected":false},"excerpt":{"rendered":"<p>\u0446\u043f \u043c\u0430\u0448\u0430 \u0431\u0430\u0431\u043a\u043e 1st studio \u043c\u0430\u043b\u043e\u043b\u0435\u0442\u043a\u0430 \u0448\u043a\u043e\u043b\u044c\u043d\u0438\u0446\u0430 CavuOvu65 \u0424\u043e\u0440\u0443\u043c web kameras\u0131 gen\u00e7 pornosu TEEN pornosu PEDO LINKS. Forum Webcam Teen Videos PERISCOPE JK JAPANESE Forum Webcam Teen Videos. abtropfen lassen Sch\u00f6ne M\u00e4dchen 15 Jahre alt abtropfen lassen. webcam teen porn FETISH WEBCAM HARD CANDY HOT TEEN LOLITA. Open their records, cp pic \u0440\u0443\u0441\u0441\u043a\u043e\u0435 \u043f\u043e\u0440\u043d\u043e \u043c\u0430\u043c\u0430 [&hellip;]<\/p>\n","protected":false},"author":2,"featured_media":0,"parent":0,"menu_order":0,"comment_status":"closed","ping_status":"closed","template":"","meta":{"footnotes":""},"class_list":["post-904","page","type-page","status-publish","hentry"],"_links":{"self":[{"href":"https:\/\/www.optimiseconsulting.eu\/index.php\/wp-json\/wp\/v2\/pages\/904","targetHints":{"allow":["GET"]}}],"collection":[{"href":"https:\/\/www.optimiseconsulting.eu\/index.php\/wp-json\/wp\/v2\/pages"}],"about":[{"href":"https:\/\/www.optimiseconsulting.eu\/index.php\/wp-json\/wp\/v2\/types\/page"}],"author":[{"embeddable":true,"href":"https:\/\/www.optimiseconsulting.eu\/index.php\/wp-json\/wp\/v2\/users\/2"}],"replies":[{"embeddable":true,"href":"https:\/\/www.optimiseconsulting.eu\/index.php\/wp-json\/wp\/v2\/comments?post=904"}],"version-history":[{"count":0,"href":"https:\/\/www.optimiseconsulting.eu\/index.php\/wp-json\/wp\/v2\/pages\/904\/revisions"}],"wp:attachment":[{"href":"https:\/\/www.optimiseconsulting.eu\/index.php\/wp-json\/wp\/v2\/media?parent=904"}],"curies":[{"name":"wp","href":"https:\/\/api.w.org\/{rel}","templated":true}]}}