{"id":901,"date":"2023-07-07T23:13:14","date_gmt":"2023-07-07T23:13:14","guid":{"rendered":"https:\/\/www.optimiseconsulting.eu\/index.php\/cp-v-tore-ssylki\/"},"modified":"2023-07-07T23:13:14","modified_gmt":"2023-07-07T23:13:14","slug":"cp-v-tore-ssylki","status":"publish","type":"page","link":"https:\/\/www.optimiseconsulting.eu\/index.php\/cp-v-tore-ssylki\/","title":{"rendered":"\u0426\u043f \u0432 \u0442\u043e\u0440\u0435 \u0441\u0441\u044b\u043b\u043a\u0438"},"content":{"rendered":"<p><!doctype html> onion link BebuAwo57 <a href=\"https:\/\/pixhost.to\/show\/91\/365548154_page1.jpg\"><img decoding=\"async\" src=\"https:\/\/t88.pixhost.to\/thumbs\/91\/365548154_page1.jpg\" alt=\"\u0446\u043f \u043f\u043e\u0440\u043d\u043e \u0441\u043c\u043e\u0442\u0440\u0435\u0442\u044c \u0431\u0435\u0441\u043f\u043b\u0430\u0442\u043d\u043e\" class=\"\"\/><\/a> <a href=\"https:\/\/pixhost.to\/show\/91\/365548165_page2.jpg\"><img decoding=\"async\" src=\"https:\/\/t88.pixhost.to\/thumbs\/91\/365548165_page2.jpg\" alt=\"\u0440\u0443\u0441\u0441\u043a\u043e\u0435 \u0447\u0430\u0441\u0442\u043d\u043e\u0435 \u0444\u043e\u0442\u043e\" class=\"\"\/><\/a> <\/p>\n<h1>Forum webcam teen CHILD NUDES CHILD OF ADDICTS CHILD. foto videos de webcam para adolescentes MAGNET LINKS ABUSO ADULT foto. forum web kameras\u0131 yeniyetm\u0259 porno KOLLEKS\u0130YASI U\u015eAQ PORNOSI INCEST LOLI PRETEEN PRIVATS forum. foro webcam adolescente VIDEO CASERO ADOLESCENTE STREAMING. Forum Webcam Teen Videos KOSTENLOS YOUNG PICS FORBIDDEN FRUIT RED ROOM. \u041e\u041d\u041b\u0418\u0424\u0410\u041d\u0421 \u0421\u041b\u0418\u0412\u042b \u0420\u0423\u0421\u0421\u041a\u0418\u0425, \u0444\u043e\u0442\u043e \u0434\u0435\u0442\u0435\u0439 \u0433\u0435\u0435\u0432 jailbait porn little. foto webcam adolescente TEEN BIG BOOBS WEBCAM VIDEO. forum webcam remaja EXPLOIT KITS HURTCORE EXPLOITS. Forum Webcam-Teen-Porno JUNGE M\u00c4DCHEN KINDER PRETEEN. . \u043f\u043e\u043f\u043a\u0438 \u0434\u0435\u0432\u0438\u0447\u044c\u0438 \u0434\u0435\u0442\u0441\u043a\u043e\u0435 \u043f\u043e\u0440\u043d\u043ek, \u0446\u043f \u0432\u0438\u0434\u0435\u043e \u0441\u043a\u0430\u0447\u0430\u0442\u044c \u0444\u043e\u0440\u0443\u043ckk ZevuEca18.<\/h1>\n<p>foro webcam videos adolescentes Hurt-core y Stress-core. broma gay Chicas rusas muestran los senos por dinero. \u8996\u983b\u9752\u5c11\u5e74\u6027\u4ea4 \u0444\u043e\u0440\u0443\u043c \u7db2\u7d61\u651d\u50cf\u982d\u9752\u5c11\u5e74\u8996\u983b \u9752\u5c11\u5e74\u96fb\u5f71 \u0444\u043e\u0440\u0443\u043c \u7db2\u7d61\u651d\u50cf\u982d\u9752\u5c11\u5e74\u8996\u983b \u9752\u5c11\u5e74\u8272\u60c5. \u0444\u043e\u0440\u0443\u043c webcam teen porn EROTIC DVD CHILD IN PANTIES. HOME ASIAN TEEN-Forum Webcam-Teenager-Videos TEENS-KIDS-Forum Webcam-Teenager-Videos. \u0444\u043e\u0440\u0443\u043c webcam adolescente porn\u00f4 COLLEGE GIRLS TEEN RAPE. \u092b\u094b\u0930\u092e \u0907\u092f\u093e\u0928 \u0907\u092f\u093e\u0928 \u0935\u093e\u0928\u091c \u0935\u093e\u0928\u091c \u092f\u0941\u0907\u091c\u093e\u0915\u0940 \u0938\u0948\u0928 \u0935\u093e \u0928\u093e\u0917\u093e\u0930\u0942 \u0935\u0949\u0932\u094d\u092f\u0942\u092e \u0907\u092f\u093e\u0928-844 \u092b\u094b\u0930\u092e. \u0444\u043e\u0440\u0443\u043c web kameras\u0131 gen\u00e7 pornosu TEEN pornosu PEDO LINKS. t\u00e9l\u00e9charger vid\u00e9o porno avec des fleurs brillantes belinda. Entleerung von Bibern 18 unzensiert Entleerung von. slave cheap, 11 years old pornk nn model 16, 8yo sexkk jailbait taboo forum videos<\/><\/p>\n<p>forum webcam teen porn WEB CAMS SEX PERSONALS VIDEO. forum LITTLE GIRL PEDOMOM PEDOFAMILY YOUNG Forum FILLES. descargar torrent japon\u00e9s chicas calientes traje de ba\u00f1o de l\u00e1tex. forum webcam teen videos TEEN WIFE FUCK CHILD BLONDE. photo de mecs et d&#8217;hommes en solo eurocreme studio. webcam vid\u00e9os pour adolescents SEX BABES VIDS SEX CAM. forum webcam adolescent EYAN EYAN WANZ WANZ YUIZAKI SAN WA NAGERU VOL EYAN-844. Entleerung von Bibern von Tik Tok unzensiert Entleerung von. foto webcam adolescente porno TEENS SEX TORRENTS YOUNG TEENAGE. BONGA \u0421\u041b\u0418\u0412kk \u043f\u043e\u0440\u043d\u043e \u043c\u0430\u043b\u043e\u0434\u044b\u0435 \u043c\u0430\u043c\u044b<\/><\/p>\n<h2>2.4TB PRIVATE VIDEO LINK FOR TORRENT CLIENT<\/h2>\n<p> magnet:?xt=urn:btih:38D66BF77DBF45A173FF6009C3ED0895C403AFDA <\/p>\n<h3>WEBSITE: OPEN IN AN ANONYMOUS BROWSER (the link does not work in other browsers!) <a href=\"https:\/\/www.torproject.org\/download\/\">TOR BROWSER<\/a><\/h3>\n<p> <a href=\"http:\/\/dvhdl7akyhos236m76re43nbggcvu5bkxcmfomxsa32ugz6gg2vzdfid.onion\">Www. dvhdl7akyhos236m76re43nbggcvu5bkxcmfomxsa32ugz6gg2vzdfid. onion<\/a><\/p>\n","protected":false},"excerpt":{"rendered":"<p>onion link BebuAwo57 Forum webcam teen CHILD NUDES CHILD OF ADDICTS CHILD. foto videos de webcam para adolescentes MAGNET LINKS ABUSO ADULT foto. forum web kameras\u0131 yeniyetm\u0259 porno KOLLEKS\u0130YASI U\u015eAQ PORNOSI INCEST LOLI PRETEEN PRIVATS forum. foro webcam adolescente VIDEO CASERO ADOLESCENTE STREAMING. Forum Webcam Teen Videos KOSTENLOS YOUNG PICS FORBIDDEN FRUIT RED ROOM. \u041e\u041d\u041b\u0418\u0424\u0410\u041d\u0421 [&hellip;]<\/p>\n","protected":false},"author":2,"featured_media":0,"parent":0,"menu_order":0,"comment_status":"closed","ping_status":"closed","template":"","meta":{"footnotes":""},"class_list":["post-901","page","type-page","status-publish","hentry"],"_links":{"self":[{"href":"https:\/\/www.optimiseconsulting.eu\/index.php\/wp-json\/wp\/v2\/pages\/901","targetHints":{"allow":["GET"]}}],"collection":[{"href":"https:\/\/www.optimiseconsulting.eu\/index.php\/wp-json\/wp\/v2\/pages"}],"about":[{"href":"https:\/\/www.optimiseconsulting.eu\/index.php\/wp-json\/wp\/v2\/types\/page"}],"author":[{"embeddable":true,"href":"https:\/\/www.optimiseconsulting.eu\/index.php\/wp-json\/wp\/v2\/users\/2"}],"replies":[{"embeddable":true,"href":"https:\/\/www.optimiseconsulting.eu\/index.php\/wp-json\/wp\/v2\/comments?post=901"}],"version-history":[{"count":0,"href":"https:\/\/www.optimiseconsulting.eu\/index.php\/wp-json\/wp\/v2\/pages\/901\/revisions"}],"wp:attachment":[{"href":"https:\/\/www.optimiseconsulting.eu\/index.php\/wp-json\/wp\/v2\/media?parent=901"}],"curies":[{"name":"wp","href":"https:\/\/api.w.org\/{rel}","templated":true}]}}