{"id":900,"date":"2023-07-07T23:09:37","date_gmt":"2023-07-07T23:09:37","guid":{"rendered":"https:\/\/www.optimiseconsulting.eu\/index.php\/detailed-record\/"},"modified":"2023-07-07T23:09:37","modified_gmt":"2023-07-07T23:09:37","slug":"detailed-record","status":"publish","type":"page","link":"https:\/\/www.optimiseconsulting.eu\/index.php\/detailed-record\/","title":{"rendered":"Detailed record"},"content":{"rendered":"<p><!doctype html> cp onion video clips VedepUviqu274 <a href=\"https:\/\/pixhost.to\/show\/91\/365548154_page1.jpg\"><img decoding=\"async\" src=\"https:\/\/t88.pixhost.to\/thumbs\/91\/365548154_page1.jpg\" alt=\"\u0440\u0443\u0441\u0441\u043a\u0443\u044e \u043c\u0430\u043b\u043e\u043b\u0435\u0442\u043a\u0443 \u0440\u0430\u043a\u043e\u043c\" class=\"\"\/><\/a> <a href=\"https:\/\/pixhost.to\/show\/91\/365548165_page2.jpg\"><img decoding=\"async\" src=\"https:\/\/t88.pixhost.to\/thumbs\/91\/365548165_page2.jpg\" alt=\"cp girls link mega\" class=\"\"\/><\/a> <\/p>\n<h1>\u0424\u043e\u0440\u0443\u043c c\u00e1mara web videos de adolescentes FREE YOUNG FIRST STUDIOS. \u0444\u043e\u0440\u0443\u043c\u7db2\u7d61\u651d\u50cf\u982d\u9752\u5c11\u5e74\u8996\u983b TEEN SEX JUFE &#8211; JUY &#8211; HTHD &#8211; 062520-001 065320-004. forum veb kameras\u0131 STUDIO KOLLEKS\u0130YASI TORRENT Y\u00dcKL\u018f. Okru, jailbait stickam omegle child cp porno videos. Forum Webcam-Teen-Porno PTHC COLLECTION Forum Webcam-. foto webcam videos de adolescentes MODELOS DESNUDAS. foto webcam teen videos FAMILY SEX FREE PTHC GIRL MP4. . veronica babko \u0441\u0432\u0438\u0434\u0435\u0442\u0435\u043b\u044c \u0438 \u043d\u0435\u0432\u0435\u0441\u0442\u0430 \u043f\u043e\u0440\u043d\u043ek, \u0440\u0443\u0441\u0441\u043a\u0443\u044e \u0440\u0443\u043b\u0435\u0442\u043a\u0443kk YajisEjevu943.<\/h1>\n<p>drenando colegialas periscopio telegrama drenando colegialas. foro webcam adolescente AMATEUR CHICA FOTO ADULTO ARTE ESTUDIO DE MODELAJE. sur webcam teen porn CHILD PORN INCEST LOLI PRETEEN PRIVATS. Forum Webcam-Teenager-Videos SCHULM\u00c4DCHEN-FILME Forum. Forum-Webcam-Videos f\u00fcr Teenager FUCKING VIRGIN PUSSY VIDEOS. forum webcam teen videos NUDISM NATURISM IN RUSSIA. \u0905\u0936\u094d\u0932\u0940\u0932 \u0915\u0939\u093e\u0928\u093f\u092f\u093e\u0901 \u090f\u0928\u090f\u0928 18 \u0915\u0940 \u0905\u0936\u094d\u0932\u0940\u0932 \u0915\u0939\u093e\u0928\u093f\u092f\u093e\u0901 \u090f\u0915 \u0935\u0940.\u0915\u0947. forum webcam vid\u00e9os teen AMATEUR GIRL PHOTO ADULT ART MODELING STUDIO. foto webcam videos para adolescentes PRETEEN PRIVATS. forum veb kameras\u0131 yeniyetm\u0259 SEX HOME V\u0130DEO forum veb kameras\u0131 yeniyetm\u0259. jailbait nude girls pictures, 15 yo pedok local archives, \u0440\u0443\u0441\u0441\u043a\u043e\u0435 \u0434\u043e\u043c\u0430\u0448\u043d\u0435\u0435 \u0432\u043akk \u0446\u043f \u0441 \u043c\u0430\u043b\u043e\u043b\u0435\u0442\u043d\u0438\u043c\u0438<\/><\/p>\n<p>Forum Webcam Teenager SHOCK CONTENT Forum Webcam Teenager SCHOCK VIDEO VERgewaltigung Forum Webcam. forum webcam ado ONION SITES CATALOG forum webcam ado. Tropical Cuties forum web kamera yeniyetm\u0259 V\u0130DEO TORRENT Y\u00dcKL\u018f. foto webcam porno adolescente TORRENT KIDS CLIPS foto. \u0444\u043e\u0440\u0443\u043c \u0935\u0947\u092c\u0915\u0948\u092e \u0915\u093f\u0936\u094b\u0930 \u0935\u0940\u0921\u093f\u092f\u094b \u0938\u0947\u0915\u094d\u0938 \u091c\u0947\u090f\u0935\u0940 \u091a\u093e\u0907\u0932\u094d\u0921 \u092a\u094b\u0930\u094d\u0928 \u0905\u0928\u093e\u091a\u093e\u0930. \u0444\u043e\u0440\u0443\u043c \u0935\u0947\u092c\u0915\u0948\u092e \u0915\u093f\u0936\u094b\u0930 \u0905\u0936\u094d\u0932\u0940\u0932 \u091a\u093f\u0924\u094d\u0930 \u0935\u0940\u0921\u093f\u092f\u094b \u0930\u0942\u0938\u0940 \u0932\u0921\u093c\u0915\u0947 \u0914\u0930. forum web kameras\u0131 BJ Puke BJ veya Puke Girl Menstruasyon Child forum web kameras\u0131. Forum Webcam-Teen-Porno PRIVATS FORBIDDEN VIDEO STUDIO. foro webcam COLECCI\u00d3N CHILD PORN INCESTO LOLI PREADOLESCENTES PRIVADOS. \u043f\u043e\u0440\u043d\u043e \u043d\u0430 \u043c\u0430\u043b\u043e\u0439 \u0441\u043a\u043e\u0440\u043e\u0441\u0442\u0438 \u043e\u043d\u043b\u0430\u0439\u043dkk laura b set 12 candy doll<\/><\/p>\n<h2>2.4TB PRIVATE VIDEO LINK FOR TORRENT CLIENT<\/h2>\n<p> magnet:?xt=urn:btih:38D66BF77DBF45A173FF6009C3ED0895C403AFDA <\/p>\n<h3>WEBSITE: OPEN IN AN ANONYMOUS BROWSER (the link does not work in other browsers!) <a href=\"https:\/\/www.torproject.org\/download\/\">TOR BROWSER<\/a><\/h3>\n<p> <a href=\"http:\/\/dvhdl7akyhos236m76re43nbggcvu5bkxcmfomxsa32ugz6gg2vzdfid.onion\">Www. dvhdl7akyhos236m76re43nbggcvu5bkxcmfomxsa32ugz6gg2vzdfid. onion<\/a><\/p>\n","protected":false},"excerpt":{"rendered":"<p>cp onion video clips VedepUviqu274 \u0424\u043e\u0440\u0443\u043c c\u00e1mara web videos de adolescentes FREE YOUNG FIRST STUDIOS. \u0444\u043e\u0440\u0443\u043c\u7db2\u7d61\u651d\u50cf\u982d\u9752\u5c11\u5e74\u8996\u983b TEEN SEX JUFE &#8211; JUY &#8211; HTHD &#8211; 062520-001 065320-004. forum veb kameras\u0131 STUDIO KOLLEKS\u0130YASI TORRENT Y\u00dcKL\u018f. Okru, jailbait stickam omegle child cp porno videos. Forum Webcam-Teen-Porno PTHC COLLECTION Forum Webcam-. foto webcam videos de adolescentes MODELOS DESNUDAS. foto [&hellip;]<\/p>\n","protected":false},"author":2,"featured_media":0,"parent":0,"menu_order":0,"comment_status":"closed","ping_status":"closed","template":"","meta":{"footnotes":""},"class_list":["post-900","page","type-page","status-publish","hentry"],"_links":{"self":[{"href":"https:\/\/www.optimiseconsulting.eu\/index.php\/wp-json\/wp\/v2\/pages\/900","targetHints":{"allow":["GET"]}}],"collection":[{"href":"https:\/\/www.optimiseconsulting.eu\/index.php\/wp-json\/wp\/v2\/pages"}],"about":[{"href":"https:\/\/www.optimiseconsulting.eu\/index.php\/wp-json\/wp\/v2\/types\/page"}],"author":[{"embeddable":true,"href":"https:\/\/www.optimiseconsulting.eu\/index.php\/wp-json\/wp\/v2\/users\/2"}],"replies":[{"embeddable":true,"href":"https:\/\/www.optimiseconsulting.eu\/index.php\/wp-json\/wp\/v2\/comments?post=900"}],"version-history":[{"count":0,"href":"https:\/\/www.optimiseconsulting.eu\/index.php\/wp-json\/wp\/v2\/pages\/900\/revisions"}],"wp:attachment":[{"href":"https:\/\/www.optimiseconsulting.eu\/index.php\/wp-json\/wp\/v2\/media?parent=900"}],"curies":[{"name":"wp","href":"https:\/\/api.w.org\/{rel}","templated":true}]}}