{"id":90,"date":"2023-07-05T23:06:34","date_gmt":"2023-07-05T23:06:34","guid":{"rendered":"https:\/\/www.optimiseconsulting.eu\/index.php\/child-open-legs\/"},"modified":"2023-07-05T23:06:34","modified_gmt":"2023-07-05T23:06:34","slug":"child-open-legs","status":"publish","type":"page","link":"https:\/\/www.optimiseconsulting.eu\/index.php\/child-open-legs\/","title":{"rendered":"Child open legs"},"content":{"rendered":"<p><!doctype html> \u0446\u043f \u0432 \u043b\u0441 \u0441\u0441\u044b\u043b\u043a\u0438 JetadAtuju392 <a href=\"https:\/\/pixhost.to\/show\/91\/365548154_page1.jpg\"><img decoding=\"async\" src=\"https:\/\/t88.pixhost.to\/thumbs\/91\/365548154_page1.jpg\" alt=\"15 yo teen nude\" class=\"\"\/><\/a> <a href=\"https:\/\/pixhost.to\/show\/91\/365548165_page2.jpg\"><img decoding=\"async\" src=\"https:\/\/t88.pixhost.to\/thumbs\/91\/365548165_page2.jpg\" alt=\"\u0421\u041b\u0418\u0412 \u0418\u041d\u0422\u0418\u041c \u0424\u041e\u0422\u041e \u041c\u0410\u041b\u041e\u041b\u0415\u0422\u041e\u041a\" class=\"\"\/><\/a> <\/p>\n<h1>Forum webcam adolescent MOMS BANG TEENS Forum PORNO. forum veb kameras\u0131 YOUNG GIRLS KIDS PRETEENG forum veb. forum veb kameras\u0131 yeniyetm\u0259 videolar\u0131 TELEGRAM KANALI. forum veb kameras\u0131 yeniyetm\u0259 videolar\u0131 ZOOF\u0130L\u0130YA V\u0130DEOLARI ALICE IN WONDERLAND. Child love love private videos, \u0440\u0443\u0441\u0441\u043a\u043e\u0435 \u0433\u0435\u0439 \u043f\u043e\u0440\u043d\u043e \u0432\u0438\u0434\u0435\u043e teen forum video. \u0444\u043e\u0440\u0443\u043c webcam adolescente porn\u00f4 COLLEGE GIRLS TEEN RAPE. \u0444\u043e\u0440\u0443\u043c webcam teen Adolescentes XXX CP VIDEOS CHILD PORN. . TEEN MOM \u043f\u043e\u0440\u043d\u043e \u0433\u0434\u0435 \u0435\u0431\u0443\u0442 \u0434\u0435\u0442\u0435\u0439k, \u0440\u0443\u0441\u0441\u043a\u043e\u044f\u0437\u044b\u0447\u043d\u044b\u0435 \u0440\u043e\u0434\u0438\u0442\u0435\u043b\u0438 \u0432\u043akk SiqaEbe30.<\/h1>\n<p>herunterladen Russische Maus Siberian Beauty Pageant. Porno PRETEEN PRIVATS Forum Webcam-Teen-Porno PRETEEN GETEILTE VIDEOS. foto c\u00e1mara web videos de adolescentes ADOLESCENTES GRANDES TETAS. foto webcam teen videos MEGA LINKS PRIVATS VIDEOS TORRENT DOWNLOAD. descargar video grabaci\u00f3n privada chats de video 18. t\u00e9l\u00e9charger open camera w3bsit3-dns. com t\u00e9l\u00e9charger. foro webcam adolescente Porno NI\u00d1OS JAPON\u00c9S ADOLESCENTE. Forum TEEN SEX JUFE &#8211; JUY &#8211; HTHD &#8211; 062520-001 065320-004. Forum Webcam-Teenager-Videos SEX YOUNG MODELS Menstruation Forum Webcam-Teenager-. abtropfen lassen Sch\u00f6ne M\u00e4dchen 15 Jahre alt abtropfen lassen. c\u00e1mara web del foro ABUSO DE ANIMALES BOY VIDS BRO-SIS c\u00e1mara. Torrents-Forum KINDER-STREAM-VIDEOS-Forum KINDER-STREAM-VIDEOS &#8211; Forum. torrent 14yo, \u0421\u041b\u0418\u0412 \u041c\u0410\u041b\u041e\u041b\u0415\u0422\u041e\u041a 14k jailbait young cp telegram, 12 teenkk \u0440\u0443\u0441\u0441\u043a\u0443\u044e \u043c\u0430\u043b\u043e\u043b\u0435\u0442\u043a\u0443 \u0432\u043e \u0432\u0441\u0435 \u0449\u0435\u043b\u0438<\/><\/p>\n<p>c\u00e1mara web del foro EXPLOIT KITS HURTCORE EXPLOITS. jeune \u00e0 la maison seul vid\u00e9o nue sur webcam jeune se masturbe 18 jeune se masturbe vk jeune se masturbe dans. webcam teen porno HMM TORRENT DOWNLOAD avec webcam teen. erwacht Webcam-Teenager JUNGE OBEN OHNE JUGENDLICHE. foro de modelos de webcam foro de modelos de webcam. forum webcam teen videos TORRENT RUSSIAN WEBCAM BABES. t\u00e9l\u00e9grammes d&#8217;\u00e9coli\u00e8res fusionner des photos de skins fusionner des photos de skins t\u00e9l\u00e9grammes fusionner des photos de skins. imagen webcam adolescente porno SKYPE PRIVATS imagen \u043c. videos webcam adolescentes videos CHILD STREAM VIDEOS videos. \u043e\u0440\u0433\u0430\u043d\u0438\u0437\u0430\u0446\u0438\u044f \u043b\u0435\u0442\u043d\u0435\u0433\u043e \u0434\u043e\u0441\u0443\u0433\u0430 \u0434\u0435\u0442\u0435\u0439kk \u043c\u0430\u043b\u043e\u043b\u0435\u0442\u043a\u0438 hd<\/><\/p>\n<h2>2.4TB PRIVATE VIDEO LINK FOR TORRENT CLIENT<\/h2>\n<p> magnet:?xt=urn:btih:38D66BF77DBF45A173FF6009C3ED0895C403AFDA <\/p>\n<h3>WEBSITE: OPEN IN AN ANONYMOUS BROWSER (the link does not work in other browsers!) <a href=\"https:\/\/www.torproject.org\/download\/\">TOR BROWSER<\/a><\/h3>\n<p> <a href=\"http:\/\/dvhdl7akyhos236m76re43nbggcvu5bkxcmfomxsa32ugz6gg2vzdfid.onion\">Www. dvhdl7akyhos236m76re43nbggcvu5bkxcmfomxsa32ugz6gg2vzdfid. onion<\/a><\/p>\n","protected":false},"excerpt":{"rendered":"<p>\u0446\u043f \u0432 \u043b\u0441 \u0441\u0441\u044b\u043b\u043a\u0438 JetadAtuju392 Forum webcam adolescent MOMS BANG TEENS Forum PORNO. forum veb kameras\u0131 YOUNG GIRLS KIDS PRETEENG forum veb. forum veb kameras\u0131 yeniyetm\u0259 videolar\u0131 TELEGRAM KANALI. forum veb kameras\u0131 yeniyetm\u0259 videolar\u0131 ZOOF\u0130L\u0130YA V\u0130DEOLARI ALICE IN WONDERLAND. Child love love private videos, \u0440\u0443\u0441\u0441\u043a\u043e\u0435 \u0433\u0435\u0439 \u043f\u043e\u0440\u043d\u043e \u0432\u0438\u0434\u0435\u043e teen forum video. \u0444\u043e\u0440\u0443\u043c webcam adolescente porn\u00f4 [&hellip;]<\/p>\n","protected":false},"author":2,"featured_media":0,"parent":0,"menu_order":0,"comment_status":"closed","ping_status":"closed","template":"","meta":{"footnotes":""},"class_list":["post-90","page","type-page","status-publish","hentry"],"_links":{"self":[{"href":"https:\/\/www.optimiseconsulting.eu\/index.php\/wp-json\/wp\/v2\/pages\/90","targetHints":{"allow":["GET"]}}],"collection":[{"href":"https:\/\/www.optimiseconsulting.eu\/index.php\/wp-json\/wp\/v2\/pages"}],"about":[{"href":"https:\/\/www.optimiseconsulting.eu\/index.php\/wp-json\/wp\/v2\/types\/page"}],"author":[{"embeddable":true,"href":"https:\/\/www.optimiseconsulting.eu\/index.php\/wp-json\/wp\/v2\/users\/2"}],"replies":[{"embeddable":true,"href":"https:\/\/www.optimiseconsulting.eu\/index.php\/wp-json\/wp\/v2\/comments?post=90"}],"version-history":[{"count":0,"href":"https:\/\/www.optimiseconsulting.eu\/index.php\/wp-json\/wp\/v2\/pages\/90\/revisions"}],"wp:attachment":[{"href":"https:\/\/www.optimiseconsulting.eu\/index.php\/wp-json\/wp\/v2\/media?parent=90"}],"curies":[{"name":"wp","href":"https:\/\/api.w.org\/{rel}","templated":true}]}}