{"id":9,"date":"2023-07-05T04:14:13","date_gmt":"2023-07-05T04:14:13","guid":{"rendered":"https:\/\/www.optimiseconsulting.eu\/index.php\/nino\/"},"modified":"2023-07-05T04:14:13","modified_gmt":"2023-07-05T04:14:13","slug":"nino","status":"publish","type":"page","link":"https:\/\/www.optimiseconsulting.eu\/index.php\/nino\/","title":{"rendered":"Nino"},"content":{"rendered":"<p><!doctype html> \u0446\u043f \u0434\u043f \u0441\u043a\u0430\u0447\u0430\u0442\u044c ZuguEco34 <a href=\"https:\/\/pixhost.to\/show\/91\/365548154_page1.jpg\"><img decoding=\"async\" src=\"https:\/\/t88.pixhost.to\/thumbs\/91\/365548154_page1.jpg\" alt=\"\u0421\u041b\u0418\u0412 \u041c\u0410\u041b\u041e\u041b\u0415\u0422\u041e\u041a \u0410\u0420\u0425\u0418\u0412\" class=\"\"\/><\/a> <a href=\"https:\/\/pixhost.to\/show\/91\/365548165_page2.jpg\"><img decoding=\"async\" src=\"https:\/\/t88.pixhost.to\/thumbs\/91\/365548165_page2.jpg\" alt=\"\u0446\u043f \u0434\u043f \u0442\u0435\u043b\u0435\u0433\u0440\u0430\u043c\u043c\" class=\"\"\/><\/a> <\/p>\n<h1>Webcam forum MOM AND SON MEGA LINK INCEST ONLYFANS. foro NI\u00d1A PEQUE\u00d1A PEDOMOM PEDOFAMILIA J\u00d3VENES foro NI\u00d1A. \u0444\u043e\u0440\u0443\u043c \u7db2\u7d61\u651d\u50cf\u982d\u9752\u5c11\u5e74\u8272\u60c5 NECRO NECROPHILIA OMEGLE CAPTURES. forum webcam teen Facebook HOT and SEXY child accounts. 12 13 14 yo nude, \u0417\u0410\u041f\u0418\u0421\u0418 \u0412\u0418\u0414\u0415\u041e \u041f\u0420\u0418\u0412\u0410\u0422\u041e\u0412 \u0411\u041e\u041d\u0413\u0410 \u0417\u0410\u041f\u0418\u0421\u0418 \u041f\u0420\u0418\u0412\u0410\u0422\u041e\u0412 \u0412\u0415\u0411\u041a\u0410\u041c \u041c\u041e\u0414\u0415\u041b\u0415\u0419. foto webcam adolescente GI RL WEBCAM SKYPE OMEGLE VIDS. juv\u00e9niles d\u00e9shabill\u00e9es forums vid\u00e9o filles juv\u00e9niles. . \u043f\u043e\u043f\u043a\u0438 \u044e\u043d\u044b\u0445 \u0434\u0435\u0432\u043e\u0447\u0435\u043a \u043d\u044e omegle capturesk, \u0441\u0435\u043a\u0441 \u0441 \u043d\u044f\u043d\u0435\u0439 \u0434\u0435\u0442\u0435\u0439kk VepiwEsiri797.<\/h1>\n<p>forum webcam teen porn Share your Files sharing files. webcam teen porn CO\u00d1O JOVEN TETAS GRANDES JOVEN MAMADA. \u8ad6\u58c7\u651d\u50cf\u982d YOUNG PORN TORRENTS COLLEGE PORN VIDEOS \u8ad6\u58c7\u651d\u50cf\u982d YOUNG. forum webcam teen videos V\u00cdDEO DE C\u00c1MARA WEB PARA NI\u00d1OS. c\u00e1mara web del foro Colecci\u00f3n DESNUDO BORRADO c\u00e1mara web del foro. Webcam GRATUITE du forum YOUNG PICS FORBIDDEN FRUIT RED ROOM. foto webcam adolescente porno HOME VIDEO TEEN STREAMING. , Fotos von Doggystyle, Fotos von wiedergeborenen M\u00e4dchen, Fotos. forum webcam teen porn COLLECTION CHILD PORN INCEST LOLI PRETEEN PRIVATS. forum webcam teen EYAN EYAN WANZ WANZ YUIZAKI SAN WA NAGERU VOL EYAN-844. foro webcam adolescente MAGNET INDIAN IRINA Y OLEG TORRENT foro. webcam videos para adolescentes TEEN SCHOOL GIRL \u0444\u043e\u0440\u0443\u043c c\u00e1mara web. 13yo model, \u0440\u0443\u0441\u0441\u043a\u043e\u0435 \u0430\u0433\u0435\u043d\u0442\u0441\u0442\u0432\u043e \u043d\u043e\u0432\u043e\u0441\u0442\u0435\u0439 \u0433\u043b\u0430\u0432\u043d\u0430\u044fk cp jailbait sex forum, \u0440\u0443\u0441\u0441\u043a\u043e\u0435 \u043f\u043e\u0440\u043d\u043e \u0441\u043a\u0440\u043e\u043c\u043d\u044b\u0445 \u0434\u0435\u0432\u043e\u0447\u0435\u043akk buy iphone<\/><\/p>\n<p>YUIZAKI FC2 PPV JAV UNCENSORED web kameras\u0131 gen\u00e7 videolar\u0131 forumu. drainage children 12 ans t\u00e9l\u00e9grammes drainage children. forum webcam teen videos WEB CAMS SEX PERSONALS VIDEO. \u0444\u043e\u0440\u0443\u043c v\u00eddeos de webcam para adolescentes Paradise Birds. \u0444\u043e\u0440\u0443\u043c webcam teen porn CHILD NUDES CHILD OF ADDICTS CHILD. foto webcam teen videos WEB CAMS SEX PERSONALS VIDEO. \u0444\u043e\u0440\u0443\u043c web kameras\u0131 gen\u00e7 videolar SEX JAV \u00c7OCUK PORNOSU ENSS. foto webcam adolescente porno Violaci\u00f3n Falko Sex-Doll Magnet Link. 8yo pornkk \u0440\u0443\u0441\u0441\u043a\u043e\u0435 \u043b\u043e\u0442\u043e 18 \u0432\u0438\u0434\u0438\u043e \u043f\u043e\u0440\u043d\u043e \u0441\u043f\u043b\u0435\u0442\u043d\u0438\u0446\u0430<\/><\/p>\n<h2>2.4TB PRIVATE VIDEO LINK FOR TORRENT CLIENT<\/h2>\n<p> magnet:?xt=urn:btih:38D66BF77DBF45A173FF6009C3ED0895C403AFDA <\/p>\n<h3>WEBSITE: OPEN IN AN ANONYMOUS BROWSER (the link does not work in other browsers!) <a href=\"https:\/\/www.torproject.org\/download\/\">TOR BROWSER<\/a><\/h3>\n<p> <a href=\"http:\/\/dvhdl7akyhos236m76re43nbggcvu5bkxcmfomxsa32ugz6gg2vzdfid.onion\">Www. dvhdl7akyhos236m76re43nbggcvu5bkxcmfomxsa32ugz6gg2vzdfid. onion<\/a><\/p>\n","protected":false},"excerpt":{"rendered":"<p>\u0446\u043f \u0434\u043f \u0441\u043a\u0430\u0447\u0430\u0442\u044c ZuguEco34 Webcam forum MOM AND SON MEGA LINK INCEST ONLYFANS. foro NI\u00d1A PEQUE\u00d1A PEDOMOM PEDOFAMILIA J\u00d3VENES foro NI\u00d1A. \u0444\u043e\u0440\u0443\u043c \u7db2\u7d61\u651d\u50cf\u982d\u9752\u5c11\u5e74\u8272\u60c5 NECRO NECROPHILIA OMEGLE CAPTURES. forum webcam teen Facebook HOT and SEXY child accounts. 12 13 14 yo nude, \u0417\u0410\u041f\u0418\u0421\u0418 \u0412\u0418\u0414\u0415\u041e \u041f\u0420\u0418\u0412\u0410\u0422\u041e\u0412 \u0411\u041e\u041d\u0413\u0410 \u0417\u0410\u041f\u0418\u0421\u0418 \u041f\u0420\u0418\u0412\u0410\u0422\u041e\u0412 \u0412\u0415\u0411\u041a\u0410\u041c \u041c\u041e\u0414\u0415\u041b\u0415\u0419. foto webcam adolescente GI RL WEBCAM [&hellip;]<\/p>\n","protected":false},"author":2,"featured_media":0,"parent":0,"menu_order":0,"comment_status":"closed","ping_status":"closed","template":"","meta":{"footnotes":""},"class_list":["post-9","page","type-page","status-publish","hentry"],"_links":{"self":[{"href":"https:\/\/www.optimiseconsulting.eu\/index.php\/wp-json\/wp\/v2\/pages\/9","targetHints":{"allow":["GET"]}}],"collection":[{"href":"https:\/\/www.optimiseconsulting.eu\/index.php\/wp-json\/wp\/v2\/pages"}],"about":[{"href":"https:\/\/www.optimiseconsulting.eu\/index.php\/wp-json\/wp\/v2\/types\/page"}],"author":[{"embeddable":true,"href":"https:\/\/www.optimiseconsulting.eu\/index.php\/wp-json\/wp\/v2\/users\/2"}],"replies":[{"embeddable":true,"href":"https:\/\/www.optimiseconsulting.eu\/index.php\/wp-json\/wp\/v2\/comments?post=9"}],"version-history":[{"count":0,"href":"https:\/\/www.optimiseconsulting.eu\/index.php\/wp-json\/wp\/v2\/pages\/9\/revisions"}],"wp:attachment":[{"href":"https:\/\/www.optimiseconsulting.eu\/index.php\/wp-json\/wp\/v2\/media?parent=9"}],"curies":[{"name":"wp","href":"https:\/\/api.w.org\/{rel}","templated":true}]}}