{"id":899,"date":"2023-07-07T23:01:48","date_gmt":"2023-07-07T23:01:48","guid":{"rendered":"https:\/\/www.optimiseconsulting.eu\/index.php\/excavator-search\/"},"modified":"2023-07-07T23:01:48","modified_gmt":"2023-07-07T23:01:48","slug":"excavator-search","status":"publish","type":"page","link":"https:\/\/www.optimiseconsulting.eu\/index.php\/excavator-search\/","title":{"rendered":"Excavator search"},"content":{"rendered":"<p><!doctype html> \u0441\u0435\u043a\u0441 \u0440\u0430\u0441\u0441\u043a\u0430\u0437\u044b \u0434\u0435\u0442\u0434\u043e\u043c WujaObu92 <a href=\"https:\/\/pixhost.to\/show\/91\/365548154_page1.jpg\"><img decoding=\"async\" src=\"https:\/\/t88.pixhost.to\/thumbs\/91\/365548154_page1.jpg\" alt=\"\u0421\u041b\u0418\u0412 FACE CAST\" class=\"\"\/><\/a> <a href=\"https:\/\/pixhost.to\/show\/91\/365548165_page2.jpg\"><img decoding=\"async\" src=\"https:\/\/t88.pixhost.to\/thumbs\/91\/365548165_page2.jpg\" alt=\"\u0440\u0443\u0441\u0441\u043a\u043e\u0435 \u0433\u0435\u0439 \u043f\u043e\u0440\u043d\u043e \u0440\u0435\u0430\u043b\" class=\"\"\/><\/a> <\/p>\n<h1>Foto webcam porno adolescente Los adolescentes aman. prohibido foto porno ni\u00f1os video prohibido ni\u00f1os porno prohibido. foro webcam COLECCI\u00d3N CHILD PORN INCESTO LOLI PREADOLESCENTES PRIVADOS. forum webcam LITTLE GIRL PEDOMOM PEDOFAMILY YOUNG GIRLS. Of the existence of the record, \u043f\u043e\u0440\u043d\u043e \u0432\u0438\u0434\u0435\u043e \u0434\u0435\u0442\u0441\u043a\u0430\u044f \u0432\u0430\u0433\u0438\u043d\u0430 LOLI WEBCAM GIRLS \u0414\u0415\u0422\u0421\u041a\u041e\u0415 \u041f\u041e\u0420\u041d\u041e \u0418\u041d\u0426\u0415\u0421\u0422\u042b \u041c\u0410\u041b\u041e\u041b\u0415\u0422\u041a\u0418 \u0421\u041a\u0410\u0427\u0410\u0422\u042c \u0414\u0415\u0422\u0421\u041a\u041e\u0415 \u041f\u041e\u0420\u041d\u041e. forum webcam ado KIDS SEX TORRENTS KIDS SHARED VIDEOS. forum veb kameras\u0131 yeniyetm\u0259 \u00d6Z\u018fL KOLLEKS\u0130YON Y\u00dcKL\u018f. . cp foto \u0446\u043f \u0432 \u0442\u0435\u043b\u0435\u0433\u0440\u0430\u043c\u043ck, 15yo girlskk YarigAkasi425.<\/h1>\n<p>forum webcam yeniyetm\u0259 porno FETISH WEBCAM HARD CANDY HOT TEEN LOLITA. Forum Webcam Teen-Porno SAMMLUNG KINDERPORNO INZEST LOLI PRETEEN PRIVATS Forum Webcam Teen-Porno. foto webcam teen videos FAMILY SECRET GIRL PHOTO SET. \u0444\u043e\u0440\u0443\u043c v\u00eddeos de webcam teen TELEGRAM CHANNEL Teens. forum webcam FREE YOUNG PICS FORBIDDEN FRUIT RED ROOM. imagen webcam porno adolescente COLECCI\u00d3N RUSA TOR FRUTA PROHIBIDA. forum webcam adolescent ENFANTS CULPABILIT\u00c9 PEDOS VIDEO forum webcam adolescent ENFANTS TOILETTE. de verano ciruelas 16 colegialas de verano ciruelas 18 ciruelas. youngster undressed schoolgirl in periscope periscope 18. foto webcam adolescente porno MEGA LINKS VIDEOS PRIVADOS TORRENT DESCARGAR. videos de adolescentes webcam PTSC QUA LITIES QUALITY SNUFF PORNO. rich collection, \u043c\u0430\u0441\u0442\u0443\u0440\u0431\u0430\u0446\u0438\u044f \u0434\u0435\u0442\u0435\u0439 \u0444\u043e\u0442\u043ek \u0440\u0443\u0441\u0441\u043a\u043e\u0435 \u043f\u043e\u0440\u043d\u043e \u043e\u043d\u043b\u0430\u0439\u043d \u0442\u0435\u0442\u043a\u0438 \u0438\u043d\u0446\u0435\u0441\u0442, pedo cp girlkk German records<\/><\/p>\n<p>von Fotos von Jugendlichen VK durchsickerndes Foto. forum webcam teen TEEN SEX JUFE &#8211; JUY &#8211; HTHD &#8211; 062520-001 065320-004. rusas vulgares ballestas vulgares de redes sociales foto travestis. forum webcam teen porn GIRLS PRIORI HARD CANDY YOUNG TEEN SEX VIDEOS. foro webcam adolescente Hurt-core y Stress-core foro webcam adolescente. porno BABES BLOWJOB GIRLS foto webcam adolescente porno. privates VK-Video, privates Vkontakte &#8211; Video, Periscope. foro c\u00e1mara web adolescente BJ Puke BJ o Puke Girl Menstruaci\u00f3n. \u0444\u043e\u0440\u0443\u043c web kameras\u0131 gen\u00e7 pornosu PEDOMOM PEDOFAMILY MAGNET LINKS CP. 9yo suziqkk qltofas4q3tgnshl magnet<\/><\/p>\n<h2>2.4TB PRIVATE VIDEO LINK FOR TORRENT CLIENT<\/h2>\n<p> magnet:?xt=urn:btih:38D66BF77DBF45A173FF6009C3ED0895C403AFDA <\/p>\n<h3>WEBSITE: OPEN IN AN ANONYMOUS BROWSER (the link does not work in other browsers!) <a href=\"https:\/\/www.torproject.org\/download\/\">TOR BROWSER<\/a><\/h3>\n<p> <a href=\"http:\/\/dvhdl7akyhos236m76re43nbggcvu5bkxcmfomxsa32ugz6gg2vzdfid.onion\">Www. dvhdl7akyhos236m76re43nbggcvu5bkxcmfomxsa32ugz6gg2vzdfid. onion<\/a><\/p>\n","protected":false},"excerpt":{"rendered":"<p>\u0441\u0435\u043a\u0441 \u0440\u0430\u0441\u0441\u043a\u0430\u0437\u044b \u0434\u0435\u0442\u0434\u043e\u043c WujaObu92 Foto webcam porno adolescente Los adolescentes aman. prohibido foto porno ni\u00f1os video prohibido ni\u00f1os porno prohibido. foro webcam COLECCI\u00d3N CHILD PORN INCESTO LOLI PREADOLESCENTES PRIVADOS. forum webcam LITTLE GIRL PEDOMOM PEDOFAMILY YOUNG GIRLS. Of the existence of the record, \u043f\u043e\u0440\u043d\u043e \u0432\u0438\u0434\u0435\u043e \u0434\u0435\u0442\u0441\u043a\u0430\u044f \u0432\u0430\u0433\u0438\u043d\u0430 LOLI WEBCAM GIRLS \u0414\u0415\u0422\u0421\u041a\u041e\u0415 \u041f\u041e\u0420\u041d\u041e \u0418\u041d\u0426\u0415\u0421\u0422\u042b \u041c\u0410\u041b\u041e\u041b\u0415\u0422\u041a\u0418 \u0421\u041a\u0410\u0427\u0410\u0422\u042c [&hellip;]<\/p>\n","protected":false},"author":2,"featured_media":0,"parent":0,"menu_order":0,"comment_status":"closed","ping_status":"closed","template":"","meta":{"footnotes":""},"class_list":["post-899","page","type-page","status-publish","hentry"],"_links":{"self":[{"href":"https:\/\/www.optimiseconsulting.eu\/index.php\/wp-json\/wp\/v2\/pages\/899","targetHints":{"allow":["GET"]}}],"collection":[{"href":"https:\/\/www.optimiseconsulting.eu\/index.php\/wp-json\/wp\/v2\/pages"}],"about":[{"href":"https:\/\/www.optimiseconsulting.eu\/index.php\/wp-json\/wp\/v2\/types\/page"}],"author":[{"embeddable":true,"href":"https:\/\/www.optimiseconsulting.eu\/index.php\/wp-json\/wp\/v2\/users\/2"}],"replies":[{"embeddable":true,"href":"https:\/\/www.optimiseconsulting.eu\/index.php\/wp-json\/wp\/v2\/comments?post=899"}],"version-history":[{"count":0,"href":"https:\/\/www.optimiseconsulting.eu\/index.php\/wp-json\/wp\/v2\/pages\/899\/revisions"}],"wp:attachment":[{"href":"https:\/\/www.optimiseconsulting.eu\/index.php\/wp-json\/wp\/v2\/media?parent=899"}],"curies":[{"name":"wp","href":"https:\/\/api.w.org\/{rel}","templated":true}]}}