{"id":898,"date":"2023-07-07T22:54:35","date_gmt":"2023-07-07T22:54:35","guid":{"rendered":"https:\/\/www.optimiseconsulting.eu\/index.php\/game-hacks\/"},"modified":"2023-07-07T22:54:35","modified_gmt":"2023-07-07T22:54:35","slug":"game-hacks","status":"publish","type":"page","link":"https:\/\/www.optimiseconsulting.eu\/index.php\/game-hacks\/","title":{"rendered":"Game hacks"},"content":{"rendered":"<p><!doctype html> \u043b\u0438\u0448\u0435\u043d\u0438\u0435 \u0434\u0435\u0442\u0441\u0442\u0432\u0438\u043d\u043e\u0441\u0442\u0438 \u043f\u043e\u0440\u043d\u043e \u043e\u043d\u043b\u0430\u0439\u043d JebuqAwahe929 <a href=\"https:\/\/pixhost.to\/show\/91\/365548154_page1.jpg\"><img decoding=\"async\" src=\"https:\/\/t88.pixhost.to\/thumbs\/91\/365548154_page1.jpg\" alt=\"\u0446\u043f \u0434\u043f\" class=\"\"\/><\/a> <a href=\"https:\/\/pixhost.to\/show\/91\/365548165_page2.jpg\"><img decoding=\"async\" src=\"https:\/\/t88.pixhost.to\/thumbs\/91\/365548165_page2.jpg\" alt=\"14yo girl illegal pics\" class=\"\"\/><\/a> <\/p>\n<h1>Foto webcam adolescente porno WEB CAMS SEX PERSONALS VIDEO. web kameras\u0131 gen\u00e7 videolar\u0131 forumu ZOOFILIA V\u0130DEOLAR ALICE IN WONDERLAND. foto webcam adolescente porno ABUSO DE NI\u00d1OS Y VIDEOS FAMILIARES. forum webcam teen porn WEB CAMS SEX PERSONALS VIDEO. forum HD webcam vid\u00e9os ados BJ Puke BJ ou Puke Girl. \u041e\u0434\u0435\u0442\u044b\u0435 \u0434\u0435\u0432\u0443\u0448\u043a\u0438 \u0438 \u0433\u043e\u043b\u044b\u0435 \u043c\u0430\u043b\u044c\u0447\u0438\u043a\u0438, 12 flv bitporno \u0421\u041b\u0418\u0412 \u041c\u0410\u041b\u041e\u041b\u0415\u0422\u041e\u041a \u0412\u041a\u041e\u041d\u0422\u0410\u041a\u0422\u0415. foro webcam adolescente MAGNET INDIAN IRINA Y OLEG TORRENT foro. grupos de telegramas privados trocar esposas de fotos. \u00e9coli\u00e8res drainantes 18 porno \u00e9coli\u00e8res drainantes 18. . 13yo fuck nudistk, \u0440\u0443\u0441\u0441\u043a\u0443\u044e \u043d\u0430 \u0434\u0432\u043e\u0438\u0445kk HoxuUya61.<\/h1>\n<p>Forum Webcam Teen Porno GIRLS PRIORI HARD CANDY YOUNG TEEN SEX VIDEOS. foto webcam teen porn SEX VIDEO SHARE LINKS PRIVAT foto. forum webcam teen videos YOUNG TEEN SEX VIDEOS ZOO. avec webcam teen videos Vichatter \u0444\u043e\u0440 \u0443\u043c webcam teen videos. Videos KINDER-PORNO-INZEST Forum Webcam-Teenager-Videos KINDER-PORNO-INZEST LOLI PRETEEN PRIVATS Forum Webcam-Teenager-Videos KINDER-PORNO-. forum webcam teen porn DAUGHTER LOVE KIDS LINK EXPOSED SLUT. \u0444\u043e\u0440\u0443\u043c webcam teen porn PERIS COPE JK JAPANESE \u0444\u043e\u0440\u0443\u043c webcam. forum veb kameras\u0131 yeniyetm\u0259 videolar\u0131 ZOOF\u0130L\u0130YA V\u0130DEOLARI ALICE IN WONDERLAND. forum webcam teen videos KIDS SEX TORRENTS KIDS SHARED VIDEOS. \u041f\u0420\u0418\u0412\u0410\u0422\u042b \u041c\u0410\u041b\u041e\u041b\u0415\u0422\u041e\u041a, \u043f\u043e\u043f\u043a\u0438 10 \u043b\u0435\u0442\u043d\u0438\u0445 \u0434\u0435\u0432\u043e\u0447\u0435\u043ak cipolla jailbait, 11 u12 pornkk DARKNET CHILD PORN<\/><\/p>\n<p>GETEILTE VIDEOS Forum Webcam-Teenager-Videos SCHOCK-INHALT. descargar video jumpstyle en ucrania Cossacks jump descargar. sur webcam teen porn t\u00e9l\u00e9charger fille chien oignon. foro webcam adolescente SEXO VIDEO PREADOLESCENTE BRAGAS. porno VIDEOS PETITE TEEN \u0444 VIDEOS porno adolescente. foto webcam adolescente porno MEGA LINKS TORRENT DESCARGAR. Yapon isti q\u0131zlar lateks \u00e7im\u0259rlik paltar\u0131 torrentini y\u00fckl\u0259. \ud3ec\ub7fc \uc6f9\ucea0 AMATEUR GIRL PHOTO ADULT ART MODELING STUDIO. \u0444\u043e\u0440\u0443\u043c web kameras\u0131 gen\u00e7 pornosu LS MAGAZINE \u0444\u043e\u0440\u0443\u043c web. \u0440\u0443\u0441\u0441\u043a\u043e\u0435 \u0432\u0438\u0434\u0435\u043e \u0441 \u043c\u0430\u043b\u0435\u043d\u044c\u043a\u0438\u043c\u0438 \u0434\u0435\u0442\u044c\u043c\u0438kk VIDEOS LIBRO TOR LINKS<\/><\/p>\n<h2>2.4TB PRIVATE VIDEO LINK FOR TORRENT CLIENT<\/h2>\n<p> magnet:?xt=urn:btih:38D66BF77DBF45A173FF6009C3ED0895C403AFDA <\/p>\n<h3>WEBSITE: OPEN IN AN ANONYMOUS BROWSER (the link does not work in other browsers!) <a href=\"https:\/\/www.torproject.org\/download\/\">TOR BROWSER<\/a><\/h3>\n<p> <a href=\"http:\/\/dvhdl7akyhos236m76re43nbggcvu5bkxcmfomxsa32ugz6gg2vzdfid.onion\">Www. dvhdl7akyhos236m76re43nbggcvu5bkxcmfomxsa32ugz6gg2vzdfid. onion<\/a><\/p>\n","protected":false},"excerpt":{"rendered":"<p>\u043b\u0438\u0448\u0435\u043d\u0438\u0435 \u0434\u0435\u0442\u0441\u0442\u0432\u0438\u043d\u043e\u0441\u0442\u0438 \u043f\u043e\u0440\u043d\u043e \u043e\u043d\u043b\u0430\u0439\u043d JebuqAwahe929 Foto webcam adolescente porno WEB CAMS SEX PERSONALS VIDEO. web kameras\u0131 gen\u00e7 videolar\u0131 forumu ZOOFILIA V\u0130DEOLAR ALICE IN WONDERLAND. foto webcam adolescente porno ABUSO DE NI\u00d1OS Y VIDEOS FAMILIARES. forum webcam teen porn WEB CAMS SEX PERSONALS VIDEO. forum HD webcam vid\u00e9os ados BJ Puke BJ ou Puke Girl. \u041e\u0434\u0435\u0442\u044b\u0435 [&hellip;]<\/p>\n","protected":false},"author":2,"featured_media":0,"parent":0,"menu_order":0,"comment_status":"closed","ping_status":"closed","template":"","meta":{"footnotes":""},"class_list":["post-898","page","type-page","status-publish","hentry"],"_links":{"self":[{"href":"https:\/\/www.optimiseconsulting.eu\/index.php\/wp-json\/wp\/v2\/pages\/898","targetHints":{"allow":["GET"]}}],"collection":[{"href":"https:\/\/www.optimiseconsulting.eu\/index.php\/wp-json\/wp\/v2\/pages"}],"about":[{"href":"https:\/\/www.optimiseconsulting.eu\/index.php\/wp-json\/wp\/v2\/types\/page"}],"author":[{"embeddable":true,"href":"https:\/\/www.optimiseconsulting.eu\/index.php\/wp-json\/wp\/v2\/users\/2"}],"replies":[{"embeddable":true,"href":"https:\/\/www.optimiseconsulting.eu\/index.php\/wp-json\/wp\/v2\/comments?post=898"}],"version-history":[{"count":0,"href":"https:\/\/www.optimiseconsulting.eu\/index.php\/wp-json\/wp\/v2\/pages\/898\/revisions"}],"wp:attachment":[{"href":"https:\/\/www.optimiseconsulting.eu\/index.php\/wp-json\/wp\/v2\/media?parent=898"}],"curies":[{"name":"wp","href":"https:\/\/api.w.org\/{rel}","templated":true}]}}