{"id":897,"date":"2023-07-07T22:48:17","date_gmt":"2023-07-07T22:48:17","guid":{"rendered":"https:\/\/www.optimiseconsulting.eu\/index.php\/page-corner\/"},"modified":"2023-07-07T22:48:17","modified_gmt":"2023-07-07T22:48:17","slug":"page-corner","status":"publish","type":"page","link":"https:\/\/www.optimiseconsulting.eu\/index.php\/page-corner\/","title":{"rendered":"Page corner"},"content":{"rendered":"<p><!doctype html> \u0440\u0443\u0441\u0441\u043a\u0443\u044e \u043c\u0430\u043b\u043e\u043b\u0435\u0442\u043a\u0443 \u0442\u0440\u0430\u0445\u0430\u044e\u0442 \u0432 \u043f\u043e\u043f\u0443 FubazEfeyi626 <a href=\"https:\/\/pixhost.to\/show\/91\/365548154_page1.jpg\"><img decoding=\"async\" src=\"https:\/\/t88.pixhost.to\/thumbs\/91\/365548154_page1.jpg\" alt=\"jailbait videos\" class=\"\"\/><\/a> <a href=\"https:\/\/pixhost.to\/show\/91\/365548165_page2.jpg\"><img decoding=\"async\" src=\"https:\/\/t88.pixhost.to\/thumbs\/91\/365548165_page2.jpg\" alt=\"cp edusite ru\" class=\"\"\/><\/a> <\/p>\n<h1>\u0424\u043e\u0440\u0443\u043c web kameras\u0131 gen\u00e7 TEEN YET\u0130\u015eK\u0130N KL\u0130PLER\u0130 \u00c7OCUK. foro de amantes del foro foro de los amantes del teatro. \u0444\u043e\u0440\u0443\u043c webcam teen videos BRO SIS CP KIDS WEBCAM GIRLS PRIORI. NUDISM NATURISM IN RUSSIA HELIOS NATURA HOLY NATURE NATURIST FREEDOM EUROVID VIDEOS MEGA LINKS PRIVATS VIDEOS TORRENT DOWNLOAD, \u0440\u0443\u0441\u0441\u043a\u043e\u0435 \u043f\u043e\u0440\u043d\u043e \u0440\u0443\u0441\u0441\u043a\u0443\u044e \u0434\u0435\u0432\u0443\u0448\u043a\u0443 \u0442\u043e\u043b\u043f\u043e\u0439 links to files. forum veb kameras\u0131 yeniyetm\u0259 videolar\u0131 TELEGRAM CHANNEL TEENMODEL. forum webcam adolescent HMM TORRENT DOWNLOAD forum webcam. . serviporno muycerditas petardashd \u043f\u043e\u043f\u043a\u0438 \u043c\u043e\u043b\u043e\u0434\u0435\u043d\u044c\u043a\u0438\u0445 \u0434\u0435\u0432\u043e\u0447\u0435\u043ak, \u0440\u0443\u0441\u0441\u043a\u043e\u0435 \u043f\u043e\u0440\u043d\u043e \u0437\u0440\u0435\u043b\u044b\u0445 \u0436\u0435\u043d\u0449\u0438\u043d \u0441 \u0434\u0435\u0442\u044c\u043c\u0438kk KusoUqe76.<\/h1>\n<p>forum webcam adolescent MOMS BANG TEENS Forum PORNO. violaci\u00f3n infantil en l\u00ednea historias de pornograf\u00eda infantil. foro webcam adolescente Menstruaci\u00f3n Hurtcore Stresscore. descargar naturist family vacation with children video. photo de filles avec des animaux 18 t\u00e9l\u00e9chargement gratuit. \u0444\u043e\u0440\u0443\u043c web kameras\u0131 porno gen\u00e7 TEEN SEX JUFE &#8211; JUY &#8211; HTHD &#8211; 062520-001 065320-004. forum web kameras\u0131 AMATEUR GIRL PHOTO ADULT ART MODELING STUDIO. forum webcam teen videos EYAN EYAN WANZ WANZ YUIZAKI SAN WA NAGERU VOL EYAN-844. forum webcam teen videos MOM AND SON MEGA LINK INCEST ONLYFANS. secret star session lilu, 13 yo pornk the tape read, 12 yo pornokk \u0447\u0435\u043b\u043e\u0432\u0435\u043a \u043a\u043e\u0442\u043e\u0440\u043e\u043c\u0443 \u043c\u0430\u043b\u043e \u0441\u0435\u043a\u0441\u0430<\/><\/p>\n<p>f\u00f3rum webcam adolescente SEX JAV CHILD CHILD INCEST. drainant les t\u00e9l\u00e9grammes des soldats drainant les soldats drainant. \u0444\u043e\u0440\u0443\u043c videos de webcam para adolescentes ZOOPHILIA BEAST. webcam teen videos RAPING LITTLE webcam teen videos. limonade filles porno loli citron filles porno loli. descargar a trav\u00e9s de torrent pel\u00edculas candy lips 1976. videos videos de adolescentes webcam GIRL WEBCAM SKYPE OMEGLE VIDS. \u0444\u043e\u0440\u0443\u043c webcam teen videos TEENS HOME ASIATIQUE TEEN. 14 year old girl pornkk 409 GIGABYT ARCHIVE 8yo 9yo 10yo 11yo<\/><\/p>\n<h2>2.4TB PRIVATE VIDEO LINK FOR TORRENT CLIENT<\/h2>\n<p> magnet:?xt=urn:btih:38D66BF77DBF45A173FF6009C3ED0895C403AFDA <\/p>\n<h3>WEBSITE: OPEN IN AN ANONYMOUS BROWSER (the link does not work in other browsers!) <a href=\"https:\/\/www.torproject.org\/download\/\">TOR BROWSER<\/a><\/h3>\n<p> <a href=\"http:\/\/dvhdl7akyhos236m76re43nbggcvu5bkxcmfomxsa32ugz6gg2vzdfid.onion\">Www. dvhdl7akyhos236m76re43nbggcvu5bkxcmfomxsa32ugz6gg2vzdfid. onion<\/a><\/p>\n","protected":false},"excerpt":{"rendered":"<p>\u0440\u0443\u0441\u0441\u043a\u0443\u044e \u043c\u0430\u043b\u043e\u043b\u0435\u0442\u043a\u0443 \u0442\u0440\u0430\u0445\u0430\u044e\u0442 \u0432 \u043f\u043e\u043f\u0443 FubazEfeyi626 \u0424\u043e\u0440\u0443\u043c web kameras\u0131 gen\u00e7 TEEN YET\u0130\u015eK\u0130N KL\u0130PLER\u0130 \u00c7OCUK. foro de amantes del foro foro de los amantes del teatro. \u0444\u043e\u0440\u0443\u043c webcam teen videos BRO SIS CP KIDS WEBCAM GIRLS PRIORI. NUDISM NATURISM IN RUSSIA HELIOS NATURA HOLY NATURE NATURIST FREEDOM EUROVID VIDEOS MEGA LINKS PRIVATS VIDEOS TORRENT DOWNLOAD, \u0440\u0443\u0441\u0441\u043a\u043e\u0435 [&hellip;]<\/p>\n","protected":false},"author":2,"featured_media":0,"parent":0,"menu_order":0,"comment_status":"closed","ping_status":"closed","template":"","meta":{"footnotes":""},"class_list":["post-897","page","type-page","status-publish","hentry"],"_links":{"self":[{"href":"https:\/\/www.optimiseconsulting.eu\/index.php\/wp-json\/wp\/v2\/pages\/897","targetHints":{"allow":["GET"]}}],"collection":[{"href":"https:\/\/www.optimiseconsulting.eu\/index.php\/wp-json\/wp\/v2\/pages"}],"about":[{"href":"https:\/\/www.optimiseconsulting.eu\/index.php\/wp-json\/wp\/v2\/types\/page"}],"author":[{"embeddable":true,"href":"https:\/\/www.optimiseconsulting.eu\/index.php\/wp-json\/wp\/v2\/users\/2"}],"replies":[{"embeddable":true,"href":"https:\/\/www.optimiseconsulting.eu\/index.php\/wp-json\/wp\/v2\/comments?post=897"}],"version-history":[{"count":0,"href":"https:\/\/www.optimiseconsulting.eu\/index.php\/wp-json\/wp\/v2\/pages\/897\/revisions"}],"wp:attachment":[{"href":"https:\/\/www.optimiseconsulting.eu\/index.php\/wp-json\/wp\/v2\/media?parent=897"}],"curies":[{"name":"wp","href":"https:\/\/api.w.org\/{rel}","templated":true}]}}