{"id":894,"date":"2023-07-07T22:18:52","date_gmt":"2023-07-07T22:18:52","guid":{"rendered":"https:\/\/www.optimiseconsulting.eu\/index.php\/animal-chan\/"},"modified":"2023-07-07T22:18:52","modified_gmt":"2023-07-07T22:18:52","slug":"animal-chan","status":"publish","type":"page","link":"https:\/\/www.optimiseconsulting.eu\/index.php\/animal-chan\/","title":{"rendered":"Animal chan"},"content":{"rendered":"<p><!doctype html> \u0440\u0443\u0441\u0441\u043a\u043e\u0435 \u043f\u043e\u0440\u043d\u043e \u043c\u0430\u043b\u043e\u043b\u0435\u0442\u043a\u0438 KabihEjebu272 <a href=\"https:\/\/pixhost.to\/show\/91\/365548154_page1.jpg\"><img decoding=\"async\" src=\"https:\/\/t88.pixhost.to\/thumbs\/91\/365548154_page1.jpg\" alt=\"\u043c\u0443\u0436\u0438\u043a\u0438 \u043f\u0435\u0440\u0435\u043e\u0434\u0435\u0442\u044b\u0435 \u0432 \u0436\u0435\u043d\u0449\u0438\u043d \u043f\u043e\u0440\u043d\u043e\" class=\"\"\/><\/a> <a href=\"https:\/\/pixhost.to\/show\/91\/365548165_page2.jpg\"><img decoding=\"async\" src=\"https:\/\/t88.pixhost.to\/thumbs\/91\/365548165_page2.jpg\" alt=\"\u043b\u0438\u0448\u0435\u043d\u0438\u0435 \u0434\u0435\u0442\u0441\u0442\u0432\u0438\u043d\u043e\u0441\u0442\u0438 \u043f\u043e\u0440\u043d\u043e \u0441\u043c\u043e\u0442\u0440\u0435\u0442\u044c\" class=\"\"\/><\/a> <\/p>\n<h1>ZOOPHILES ZOOPHILIA BEAST webcam foro porno adolescente ZOOPHILIA BESTIA. forum CHILD PORN INCEST LOLI PRETEEN PRIVATS webcam forum. descargar gratis foto er\u00f3tico chicas adolescentes lolihentai18. c\u00e1mara web adolescente videos ADOLESCENTE CALIENTE DESNUDA. Entleerung von Bibern 18 unzensiert Entleerung von. Notevil search engine, \u0421\u041b\u0418\u0412 \u0414\u0415\u0412\u0423\u0428\u0415\u041a 14 \u041b\u0415\u0422 BORNEPORN. forum webcam teen videos VLADMODELS YOUNG VIDEO MODELS. drenando colegialas periscopio telegrama drenando colegialas. forum webcam adolescent ENFANTS CULPABILIT\u00c9 PEDOS VIDEO forum webcam adolescent ENFANTS TOILETTE. . \u0440\u0443\u0441\u0441\u043a\u043e\u0435 \u043f\u043e\u0440\u043d\u043e \u0438\u043a\u0441 \u0432\u0438\u0434\u0435\u043e 11 13 jailbait topless girls dark webk, \u0432\u0440\u044a\u0437\u043a\u0438 \u0437\u0430 \u0434\u0435\u0442\u0441\u043a\u043e \u043f\u043e\u0440\u043d\u043ekk RatoIhe73.<\/h1>\n<p>\u0444\u043e\u0440\u0443\u043c web kameras\u0131 gen\u00e7 videolar\u0131 TEEN SCHOOL GIRL. webcam porno adolescente JAIL BAIT foro webcam porno adolescente JAILBAIT foro. foto webcam adolescente porno CANDYDOLL CANDY ADULT KIDS FAMILY foto. Forum Webcam Teen Videos ZOOPHILES ZOOPHILIA BEAST. \u092a\u0930 \u0935\u0947\u092c\u0915\u0948\u092e \u0915\u093f\u0936\u094b\u0930 \u0905\u0936\u094d\u0932\u0940\u0932 \u0928\u0947\u0915\u094d\u0930\u094b \u0928\u0947\u0915\u094d\u0930\u094b\u092b\u093f\u0932\u093f\u092f\u093e \u0913\u092e\u0947\u0917\u0932 \u0928\u0947. forum webcam teen porn GIRLS LEAK GIRL CHAT HIDDEN. yeniyetm\u0259 DILDO KINDER FICKENOW forum veb kameras\u0131 DILDO KINDER FICKEN DIGENOW veb kameras\u0131 DILDO KINDER FICKEN DIGENOW. foro webcam adolescente HIJA AMOR NI\u00d1OS ENLACE PUTA EXPUESTA foro. teen forum top, \u043f\u043e\u0440\u043d\u043e \u0441 \u0443\u0447\u0430\u0441\u0442\u0438\u0435\u043c \u0434\u0435\u0442\u0435\u0439 \u043e\u043d\u043b\u0430\u0439\u043dk \u043c\u0430\u0441\u0442\u0443\u0440\u0431\u0430\u0446\u0438 \u0434\u0435\u0442\u0435\u0439 \u0444\u043e\u0442\u043e, \u0417\u0410\u041f\u0418\u0421\u0418 \u0421 \u0412\u0415\u0411\u041a\u0410\u041ckk \u0440\u0443\u0441\u0441\u043a\u043e\u0435 \u043f\u043e\u0440\u043d\u043e \u043c\u0430\u0442\u044c \u0442\u0435\u0442\u044f \u0434\u043e\u0447\u044c<\/><\/p>\n<p>\u0444\u043e\u0440\u0443\u043c webcam teen porn PRIVAT COLLECTION T\u00c9L\u00c9CHARGEMENT. Forum Webcam-Teenager-Videos Sex-Doll-Vergewaltigungsinhalt 8 Jahre alt 9 Jahre alt 10 Jahre alt 12. \u0905\u0936\u094d\u0932\u0940\u0932 \u0915\u0939\u093e\u0928\u093f\u092f\u093e\u0901 \u090f\u0928\u090f\u0928 18 \u0915\u0940 \u0905\u0936\u094d\u0932\u0940\u0932 \u0915\u0939\u093e\u0928\u093f\u092f\u093e\u0901 \u090f\u0915 \u0935\u0940.\u0915\u0947. peque\u00f1os foto de nalgas de ni\u00f1os peque\u00f1os foto de porno. forum webcam adolescent MOM ET FILS MEGA LINK INCEST ONLYFANS. descargar bongacams grabaciones a trav\u00e9s de torrent. c\u00e1mara web del foro Share your Files sharing files c\u00e1mara web. bagaimana mengatur waktu luang anak-anak apa yang akan menjadi. \u043f\u043e\u0440\u043d\u043e \u043f\u0435\u0440\u0435\u043e\u0434\u0435\u0442\u044b\u0445 \u0433\u0435\u0435\u0432kk jalibad toplist<\/><\/p>\n<h2>2.4TB PRIVATE VIDEO LINK FOR TORRENT CLIENT<\/h2>\n<p> magnet:?xt=urn:btih:38D66BF77DBF45A173FF6009C3ED0895C403AFDA <\/p>\n<h3>WEBSITE: OPEN IN AN ANONYMOUS BROWSER (the link does not work in other browsers!) <a href=\"https:\/\/www.torproject.org\/download\/\">TOR BROWSER<\/a><\/h3>\n<p> <a href=\"http:\/\/dvhdl7akyhos236m76re43nbggcvu5bkxcmfomxsa32ugz6gg2vzdfid.onion\">Www. dvhdl7akyhos236m76re43nbggcvu5bkxcmfomxsa32ugz6gg2vzdfid. onion<\/a><\/p>\n","protected":false},"excerpt":{"rendered":"<p>\u0440\u0443\u0441\u0441\u043a\u043e\u0435 \u043f\u043e\u0440\u043d\u043e \u043c\u0430\u043b\u043e\u043b\u0435\u0442\u043a\u0438 KabihEjebu272 ZOOPHILES ZOOPHILIA BEAST webcam foro porno adolescente ZOOPHILIA BESTIA. forum CHILD PORN INCEST LOLI PRETEEN PRIVATS webcam forum. descargar gratis foto er\u00f3tico chicas adolescentes lolihentai18. c\u00e1mara web adolescente videos ADOLESCENTE CALIENTE DESNUDA. Entleerung von Bibern 18 unzensiert Entleerung von. Notevil search engine, \u0421\u041b\u0418\u0412 \u0414\u0415\u0412\u0423\u0428\u0415\u041a 14 \u041b\u0415\u0422 BORNEPORN. forum webcam teen videos [&hellip;]<\/p>\n","protected":false},"author":2,"featured_media":0,"parent":0,"menu_order":0,"comment_status":"closed","ping_status":"closed","template":"","meta":{"footnotes":""},"class_list":["post-894","page","type-page","status-publish","hentry"],"_links":{"self":[{"href":"https:\/\/www.optimiseconsulting.eu\/index.php\/wp-json\/wp\/v2\/pages\/894","targetHints":{"allow":["GET"]}}],"collection":[{"href":"https:\/\/www.optimiseconsulting.eu\/index.php\/wp-json\/wp\/v2\/pages"}],"about":[{"href":"https:\/\/www.optimiseconsulting.eu\/index.php\/wp-json\/wp\/v2\/types\/page"}],"author":[{"embeddable":true,"href":"https:\/\/www.optimiseconsulting.eu\/index.php\/wp-json\/wp\/v2\/users\/2"}],"replies":[{"embeddable":true,"href":"https:\/\/www.optimiseconsulting.eu\/index.php\/wp-json\/wp\/v2\/comments?post=894"}],"version-history":[{"count":0,"href":"https:\/\/www.optimiseconsulting.eu\/index.php\/wp-json\/wp\/v2\/pages\/894\/revisions"}],"wp:attachment":[{"href":"https:\/\/www.optimiseconsulting.eu\/index.php\/wp-json\/wp\/v2\/media?parent=894"}],"curies":[{"name":"wp","href":"https:\/\/api.w.org\/{rel}","templated":true}]}}