{"id":893,"date":"2023-07-07T22:03:02","date_gmt":"2023-07-07T22:03:02","guid":{"rendered":"https:\/\/www.optimiseconsulting.eu\/index.php\/young-girls\/"},"modified":"2023-07-07T22:03:02","modified_gmt":"2023-07-07T22:03:02","slug":"young-girls","status":"publish","type":"page","link":"https:\/\/www.optimiseconsulting.eu\/index.php\/young-girls\/","title":{"rendered":"Young girls"},"content":{"rendered":"<p><!doctype html> \u0436\u0435\u0441\u0442\u043a\u043e\u0435 \u043f\u043e\u0440\u043d\u043e \u0434\u0435\u0442\u0435\u0439 \u043e\u043d\u043b\u0430\u0439\u043d VijuAqu48 <a href=\"https:\/\/pixhost.to\/show\/91\/365548154_page1.jpg\"><img decoding=\"async\" src=\"https:\/\/t88.pixhost.to\/thumbs\/91\/365548154_page1.jpg\" alt=\"\u043f\u043e\u043f\u043a\u0438 \u0448\u043a\u043e\u043b\u044c\u043d\u0438\u0446 \u0432 \u0442\u0440\u0443\u0441\u0438\u043a\u0430\u0445 \u0444\u043e\u0442\u043e \u0432\u043a\u043e\u043d\u0442\u0430\u043a\u0442\u0435\" class=\"\"\/><\/a> <a href=\"https:\/\/pixhost.to\/show\/91\/365548165_page2.jpg\"><img decoding=\"async\" src=\"https:\/\/t88.pixhost.to\/thumbs\/91\/365548165_page2.jpg\" alt=\"\u0421\u041b\u0418\u0422\u042b\u0415 \u0412\u0418\u0414\u0415\u041e \u0421\u0422\u0420\u0418\u041c\u0415\u0420\u041e\u0412\" class=\"\"\/><\/a> <\/p>\n<h1>Forum webcam FREE YOUNG PICS FORBIDDEN FRUIT RED ROOM. Forum Webcam-Teenager-Porno JUNGE OBEREN OBEN TEENS. foro webcam adolescente VIDEOS ADOLESCENTE foro webcam. No place like home mary higgins clark, \u0430\u043d\u0443\u0441 \u043c\u0430\u043b\u043e\u043b\u0435\u0442\u043a\u0438 died in exile. forum webcam yeniyetm\u0259 videolar\u0131 Sex-Doll T\u0259cav\u00fcz m\u0259zmunu yo8 yo9 yo10 yo12. \u0935\u0947\u092c\u0915\u0948\u092e \u092c\u0940\u0906\u0930\u0913 \u090f\u0938\u0906\u0908\u090f\u0938 \u0938\u0940\u092a\u0940 \u0915\u093f\u0921\u094d\u0938 \u0935\u0947\u092c\u0915\u0948\u092e \u0917\u0930\u094d\u0932\u094d\u0938 \u092a\u094d\u0930\u093e\u092f\u094b\u0930\u0940. . HYPERCAM2 TEEN ABUSED GIRLS GIRLS PRIORI HARD CANDY \u043f\u043e\u0440\u043d\u043e \u0432\u0438\u0434\u0435\u043e \u0434\u043e\u043c\u0430\u0448\u043d\u0435\u0435 \u043c\u0430\u043b\u043e\u043b\u0435\u0442\u043e\u043a \u0431\u0440\u0430\u0442\u0430 \u0438 \u0441\u0435\u0441\u0442\u0440\u044bk, pedomom photokk LubuUli35.<\/h1>\n<p>foto webcam adolescente porno TORRENT CP foto webcam adolescente porno. foro c\u00e1mara web adolescente HMM TORRENT DOWNLOAD foro c\u00e1mara web. Forum Webcam-Teenager-Videos SEX YOUNG MODELS Menstruation Forum Webcam-Teenager-. \u0444\u043e\u0440\u0443\u043c web kameras\u0131 gen\u00e7 videolar\u0131 TELEGRAM CHANNEL Teens. foro webcam PADRES TORRENT HIJOS INODORO SNUFF PORNO. \u0444\u043e\u0440\u0443\u043c webcam vid\u00e9os pour adolescents catalogue de sites d&#8217;oignons i2p. \u0935\u0947\u092c\u0915\u0948\u092e \u092c\u0940\u0906\u0930\u0913 \u090f\u0938\u0906\u0908\u090f\u0938 \u0938\u0940\u092a\u0940 \u0915\u093f\u0921\u094d\u0938 \u0935\u0947\u092c\u0915\u0948\u092e \u0917\u0930\u094d\u0932\u094d\u0938 \u092a\u094d\u0930\u093e\u092f\u094b\u0930\u0940. Durchsickern von Fotos und Videos eines russischen Studentenforums. web del foro C\u00c1MARAS WEB DESNUDAS EN VIVO c\u00e1mara web del foro. forum webcam teen MEGA LINKS PRIVATS VIDEOS TORRENT DOWNLOAD. c\u00e1mara web del foro CHICA AMATEUR FOTO ARTE PARA ADULTOS ESTUDIO DE MODELADO. kids girls forum, \u0441\u0435\u043a\u0441 \u0440\u0430\u0441\u043a\u0430\u0437\u044b \u043f\u0440\u043e \u0434\u0435\u0442\u0435\u0439k Hairy Virgin Indian Pussy Indian Sex Scandals PAKISTANI 1080p HD, \u0421\u041b\u0418\u0412\u042b \u041f\u0420\u0418\u0412\u0410\u0422\u041e\u0412 \u0412\u0415\u0411\u041a\u0410\u041c \u041c\u041e\u0414\u0415\u041b\u0415\u0419kk jailbait nn model<\/><\/p>\n<p>Durchsickern von Fotos von M\u00e4tressen Durchsickern von Fotos von VK-Liebhabern. forum webcam yeniyetm\u0259 porno MAGNET INDIAN IRINA AND OLEG Webcam. yeniyetm\u0259l\u0259r veb kamerada yeniyetm\u0259l\u0259r vk kamerada yeniyetm\u0259l\u0259r. forum webcam teen videos YUIZAKI FC2 PPV JAV UNCENSORED. forum webcam Sex-Doll Rape content yo8 yo9 yo10 yo12. veb kameras\u0131 yeniyetm\u0259 videolar\u0131 CP I2P MAGNET L\u0130NKL\u018fR. webcam vid\u00e9os pour adolescents SEX CHAT ROULETTE avec. Forum Webcam Teen Videos PERISCOPE JK JAPANESE Forum Webcam Teen Videos. \u0446\u043f \u0444\u043e\u0442\u043e \u0432 \u0442\u0435\u043b\u0435\u0433\u0440\u0430\u043c\u043c\u0435kk stack wolfs reviews<\/><\/p>\n<h2>2.4TB PRIVATE VIDEO LINK FOR TORRENT CLIENT<\/h2>\n<p> magnet:?xt=urn:btih:38D66BF77DBF45A173FF6009C3ED0895C403AFDA <\/p>\n<h3>WEBSITE: OPEN IN AN ANONYMOUS BROWSER (the link does not work in other browsers!) <a href=\"https:\/\/www.torproject.org\/download\/\">TOR BROWSER<\/a><\/h3>\n<p> <a href=\"http:\/\/dvhdl7akyhos236m76re43nbggcvu5bkxcmfomxsa32ugz6gg2vzdfid.onion\">Www. dvhdl7akyhos236m76re43nbggcvu5bkxcmfomxsa32ugz6gg2vzdfid. onion<\/a><\/p>\n","protected":false},"excerpt":{"rendered":"<p>\u0436\u0435\u0441\u0442\u043a\u043e\u0435 \u043f\u043e\u0440\u043d\u043e \u0434\u0435\u0442\u0435\u0439 \u043e\u043d\u043b\u0430\u0439\u043d VijuAqu48 Forum webcam FREE YOUNG PICS FORBIDDEN FRUIT RED ROOM. Forum Webcam-Teenager-Porno JUNGE OBEREN OBEN TEENS. foro webcam adolescente VIDEOS ADOLESCENTE foro webcam. No place like home mary higgins clark, \u0430\u043d\u0443\u0441 \u043c\u0430\u043b\u043e\u043b\u0435\u0442\u043a\u0438 died in exile. forum webcam yeniyetm\u0259 videolar\u0131 Sex-Doll T\u0259cav\u00fcz m\u0259zmunu yo8 yo9 yo10 yo12. \u0935\u0947\u092c\u0915\u0948\u092e \u092c\u0940\u0906\u0930\u0913 \u090f\u0938\u0906\u0908\u090f\u0938 \u0938\u0940\u092a\u0940 \u0915\u093f\u0921\u094d\u0938 [&hellip;]<\/p>\n","protected":false},"author":2,"featured_media":0,"parent":0,"menu_order":0,"comment_status":"closed","ping_status":"closed","template":"","meta":{"footnotes":""},"class_list":["post-893","page","type-page","status-publish","hentry"],"_links":{"self":[{"href":"https:\/\/www.optimiseconsulting.eu\/index.php\/wp-json\/wp\/v2\/pages\/893","targetHints":{"allow":["GET"]}}],"collection":[{"href":"https:\/\/www.optimiseconsulting.eu\/index.php\/wp-json\/wp\/v2\/pages"}],"about":[{"href":"https:\/\/www.optimiseconsulting.eu\/index.php\/wp-json\/wp\/v2\/types\/page"}],"author":[{"embeddable":true,"href":"https:\/\/www.optimiseconsulting.eu\/index.php\/wp-json\/wp\/v2\/users\/2"}],"replies":[{"embeddable":true,"href":"https:\/\/www.optimiseconsulting.eu\/index.php\/wp-json\/wp\/v2\/comments?post=893"}],"version-history":[{"count":0,"href":"https:\/\/www.optimiseconsulting.eu\/index.php\/wp-json\/wp\/v2\/pages\/893\/revisions"}],"wp:attachment":[{"href":"https:\/\/www.optimiseconsulting.eu\/index.php\/wp-json\/wp\/v2\/media?parent=893"}],"curies":[{"name":"wp","href":"https:\/\/api.w.org\/{rel}","templated":true}]}}