{"id":892,"date":"2023-07-07T21:54:11","date_gmt":"2023-07-07T21:54:11","guid":{"rendered":"https:\/\/www.optimiseconsulting.eu\/index.php\/cp-porn-onion\/"},"modified":"2023-07-07T21:54:11","modified_gmt":"2023-07-07T21:54:11","slug":"cp-porn-onion","status":"publish","type":"page","link":"https:\/\/www.optimiseconsulting.eu\/index.php\/cp-porn-onion\/","title":{"rendered":"Cp porn onion"},"content":{"rendered":"<p><!doctype html> cp \u0441\u043a\u0430\u0447\u0430\u0442\u044c \u0442\u043e\u0440\u0440\u0435\u043d\u0442 GufazUjune329 <a href=\"https:\/\/pixhost.to\/show\/91\/365548154_page1.jpg\"><img decoding=\"async\" src=\"https:\/\/t88.pixhost.to\/thumbs\/91\/365548154_page1.jpg\" alt=\"\u0440\u0443\u0441\u0441\u043a\u043e\u0435 \u043f\u043e\u0440\u043d\u043e \u043c\u0430\u043c\u0430 \u043f\u0430\u043f\u0430 \u044f \u0432\u0435\u0441\u0435\u043b\u0430\u044f \u0441\u0435\u043c\u044c\u044f\" class=\"\"\/><\/a> <a href=\"https:\/\/pixhost.to\/show\/91\/365548165_page2.jpg\"><img decoding=\"async\" src=\"https:\/\/t88.pixhost.to\/thumbs\/91\/365548165_page2.jpg\" alt=\"cp download\" class=\"\"\/><\/a> <\/p>\n<h1>\u0424\u043e\u0440\u0443\u043c \u0935\u0947\u092c\u0915\u0948\u092e \u0915\u093f\u0936\u094b\u0930 \u0935\u0940\u0921\u093f\u092f\u094b \u0938\u0947\u0915\u094d\u0938 \u0921\u0940\u0935\u0940\u0921\u0940 \u0444\u043e\u0440\u0443\u043c \u0935\u0947\u092c\u0915\u0948\u092e \u0915\u093f\u0936\u094b\u0930 \u0935\u0940\u0921\u093f\u092f\u094b. foro webcam adolescente TEENS SEX TORRENTS YOUNG TEENAGE foro. ADOLESCENTES foto webcam videos de adolescentes NATURISMO PUSSY. forum webcam teen porn MEGA LINKS PRIVATS VIDEOS TORRENT DOWNLOAD. arabas\u0131 bo\u015fald\u0131lan g\u0259ncl\u0259r m\u0259kt\u0259bli q\u0131zlar teleqramlar\u0131. Nn teens models forum, \u043f\u043e\u043f\u043a\u0438 \u043c\u0430\u043b\u043e\u043b\u0435\u0442\u043e\u043a \u0432\u0438\u0434\u0435\u043e COMPLETE COLLECTION VIDEO YOUNG MODELS. videos de sexo infantil privacion de infancia porno gratis. forum webcam teen porn RUSSIAN COLLECTION TOR FORBIDDEN FRUIT. . 12 year old models \u043f\u043e\u043f\u043a\u0438 \u0434\u0435\u0432\u043e\u0447\u0435\u043a 12 \u043b\u0435\u0442k, \u0421\u041b\u0418\u0412 \u041c\u0410\u041b\u041e\u041b\u0415\u0422\u041e\u041a \u0421\u041a\u0410\u0427\u0410\u0422\u042ckk RazuUgu31.<\/h1>\n<p>webcam adolescente CP ENLACES INCESTO LOLI PREADOLESCENTES KIDS. foto webcam adolescente porno EYAN EYAN WANZ WANZ YUIZAKI SAN WA NAGERU VOL EYAN-844. forum webcam teen CP LINKS INCEST LOLI PRETEEN KIDS. draining cadets of the Ministry of Internal Affairs. foto webcam adolescente porno TEENS CHILD POR NO MIS PRIVATS. pour adolescents MAGNET INDIAN IRINA ET OLEG TORRENT. avec webcam teen videos magnet links TORRENT CHILD PORN YOUNG. chicas desnudas peque\u00f1as en la c\u00e1mara web telegrama. k\u00fclotlu bir k\u0131z\u0131n pisliklerinin kaliteli foto\u011fraf\u0131. Forum Webcam-Teen-Porno PTSC QUALIT\u00c4TEN QUALIT\u00c4T SNUFF PORNO. forum web kameras\u0131 yeniyetm\u0259 porno KOLLEKS\u0130YASI U\u015eAQ PORNOSI INCEST LOLI PRETEEN PRIVATS forum. children nude models, \u0440\u0443\u0441\u0441\u043a\u043e\u0435 \u043f\u043e\u0440\u043d\u043e \u0441\u0435\u043c\u0435\u0439\u043d\u0430\u044f \u043f\u0430\u0440\u0430 \u0438 \u0434\u0435\u0432\u0443\u0448\u043a\u0430k CANDYDOLL CANDY ADULT KIDS FAMILY NUDIST NATURISM PUSSY VK RU ANAL YOUNG MODELS PTHC SKYPE PRIVATS, jailbait videos belongingkk \u0446\u043f \u0432 \u0442\u0435\u043b\u0435\u0433\u0440\u0430\u043c\u043c\u0435 \u0431\u0435\u0441\u043f\u043b\u0430\u0442\u043d\u043e<\/><\/p>\n<p>webcam teen videos SEX VIDEO PARTAGER LIENS PRIVAT avec webcam teen videos. Forum-Webcam-Teenager-Porno Verletzt &#8211; core und Stress-core. forum veb kameras\u0131 yeniyetm\u0259 videolar\u0131 U\u015eAQ V\u0130DEOLARI. \u0444\u043e\u0440\u0443\u043c c\u00e1mara web videos de adolescentes SNUFF VIDEO. CHILD STREAMING foro webcam adolescente CHILD STREAMING. forum webcam teen videos TORRENT RUSSIAN WEBCAM BABES. foto webcam adolescente pornograf\u00eda TELEGRAM CHANNEL Teens. \u0444\u043e\u0440\u0443\u043c webcam ASIAN LOLITAS ASIAN YOUNG GIRLS CUTIE. jailbait comkk Free preview<\/><\/p>\n<h2>2.4TB PRIVATE VIDEO LINK FOR TORRENT CLIENT<\/h2>\n<p> magnet:?xt=urn:btih:38D66BF77DBF45A173FF6009C3ED0895C403AFDA <\/p>\n<h3>WEBSITE: OPEN IN AN ANONYMOUS BROWSER (the link does not work in other browsers!) <a href=\"https:\/\/www.torproject.org\/download\/\">TOR BROWSER<\/a><\/h3>\n<p> <a href=\"http:\/\/dvhdl7akyhos236m76re43nbggcvu5bkxcmfomxsa32ugz6gg2vzdfid.onion\">Www. dvhdl7akyhos236m76re43nbggcvu5bkxcmfomxsa32ugz6gg2vzdfid. onion<\/a><\/p>\n","protected":false},"excerpt":{"rendered":"<p>cp \u0441\u043a\u0430\u0447\u0430\u0442\u044c \u0442\u043e\u0440\u0440\u0435\u043d\u0442 GufazUjune329 \u0424\u043e\u0440\u0443\u043c \u0935\u0947\u092c\u0915\u0948\u092e \u0915\u093f\u0936\u094b\u0930 \u0935\u0940\u0921\u093f\u092f\u094b \u0938\u0947\u0915\u094d\u0938 \u0921\u0940\u0935\u0940\u0921\u0940 \u0444\u043e\u0440\u0443\u043c \u0935\u0947\u092c\u0915\u0948\u092e \u0915\u093f\u0936\u094b\u0930 \u0935\u0940\u0921\u093f\u092f\u094b. foro webcam adolescente TEENS SEX TORRENTS YOUNG TEENAGE foro. ADOLESCENTES foto webcam videos de adolescentes NATURISMO PUSSY. forum webcam teen porn MEGA LINKS PRIVATS VIDEOS TORRENT DOWNLOAD. arabas\u0131 bo\u015fald\u0131lan g\u0259ncl\u0259r m\u0259kt\u0259bli q\u0131zlar teleqramlar\u0131. Nn teens models forum, \u043f\u043e\u043f\u043a\u0438 \u043c\u0430\u043b\u043e\u043b\u0435\u0442\u043e\u043a \u0432\u0438\u0434\u0435\u043e COMPLETE [&hellip;]<\/p>\n","protected":false},"author":2,"featured_media":0,"parent":0,"menu_order":0,"comment_status":"closed","ping_status":"closed","template":"","meta":{"footnotes":""},"class_list":["post-892","page","type-page","status-publish","hentry"],"_links":{"self":[{"href":"https:\/\/www.optimiseconsulting.eu\/index.php\/wp-json\/wp\/v2\/pages\/892","targetHints":{"allow":["GET"]}}],"collection":[{"href":"https:\/\/www.optimiseconsulting.eu\/index.php\/wp-json\/wp\/v2\/pages"}],"about":[{"href":"https:\/\/www.optimiseconsulting.eu\/index.php\/wp-json\/wp\/v2\/types\/page"}],"author":[{"embeddable":true,"href":"https:\/\/www.optimiseconsulting.eu\/index.php\/wp-json\/wp\/v2\/users\/2"}],"replies":[{"embeddable":true,"href":"https:\/\/www.optimiseconsulting.eu\/index.php\/wp-json\/wp\/v2\/comments?post=892"}],"version-history":[{"count":0,"href":"https:\/\/www.optimiseconsulting.eu\/index.php\/wp-json\/wp\/v2\/pages\/892\/revisions"}],"wp:attachment":[{"href":"https:\/\/www.optimiseconsulting.eu\/index.php\/wp-json\/wp\/v2\/media?parent=892"}],"curies":[{"name":"wp","href":"https:\/\/api.w.org\/{rel}","templated":true}]}}