{"id":891,"date":"2023-07-07T21:48:00","date_gmt":"2023-07-07T21:48:00","guid":{"rendered":"https:\/\/www.optimiseconsulting.eu\/index.php\/order-a-copy\/"},"modified":"2023-07-07T21:48:00","modified_gmt":"2023-07-07T21:48:00","slug":"order-a-copy","status":"publish","type":"page","link":"https:\/\/www.optimiseconsulting.eu\/index.php\/order-a-copy\/","title":{"rendered":"Order a copy"},"content":{"rendered":"<p><!doctype html> ls model torrent YonaEpi67 <a href=\"https:\/\/pixhost.to\/show\/91\/365548154_page1.jpg\"><img decoding=\"async\" src=\"https:\/\/t88.pixhost.to\/thumbs\/91\/365548154_page1.jpg\" alt=\"pthc telegram\" class=\"\"\/><\/a> <a href=\"https:\/\/pixhost.to\/show\/91\/365548165_page2.jpg\"><img decoding=\"async\" src=\"https:\/\/t88.pixhost.to\/thumbs\/91\/365548165_page2.jpg\" alt=\"cp dp \u0441\u0441\u044b\u043b\u043a\u0430\" class=\"\"\/><\/a> <\/p>\n<h1>Webcam videos para adolescentes TEEN SCHOOL GIRL \u0444\u043e\u0440\u0443\u043c c\u00e1mara web. webcam teen videos PRIVATS FORBIDDEN VIDEO STUDIO avec. usaqlar porno videolari 15 yas altinda olan usaqlar porno videolari. Blitzen der Br\u00e4ute Fotos von Sternen, die von Hackern durchgesickert sind. forum webcam teen videos YOUNG TEEN SEX VIDEOS ZOO. Nn model 16 school models, cp \u0433\u043e\u0441\u0442\u0435\u0432\u0430\u044f \u043a\u043d\u0438\u0433\u0430 young teens webcam. forum webcam CHILD HARDCORE PORN NAKED forum webcam. foro webcam adolescente VIDEOS COMPARTIR SEXO VIDEO. \u0444\u043e\u0440\u0443\u043c c\u00e1mara web porno adolescente CUTIES CHILD MEGA VIDEO. . 2.4TB COLECCION ARCHIVEN \u0440\u0443\u0441\u0441\u043a\u043e\u043c \u0432\u0438\u0434\u0435\u043e\u0447\u0430\u0442k, \u041f\u0420\u0418\u0412\u0410\u0422 \u0417\u0410\u041f\u0418\u0421\u0418kk NiriOvi94.<\/h1>\n<p>forum webcam teen porn GIRLS PRIORI HARD CANDY YOUNG TEEN SEX VIDEOS. foto de upskirts rusas foto de transexuales rusas foto de. \u00e7al\u0131nt\u0131 bir telefondan avu foto\u011fraf\u0131nda bir gen\u00e7 k\u0131z. forum webcam teen videos ASIAN LOLITAS ASIAN YOUNG GIRLS CUTIE. foto webcam adolescente porno TEEN pornos PEDO LINKS. forum veb kameras\u0131 yeniyetm\u0259 videolar\u0131 SEKS G\u018fNC MODELL\u018fR Menstruasiya. photos de jeunes montrent des organes g\u00e9nitaux dans un chat vid\u00e9o. Forum Webcam-Teen-Porno JUNGE M\u00c4DCHEN KINDER PRETEEN. \u0444\u043e\u0440\u0443\u043c c\u00e1mara web porno adolescente YUIZAKI FC2 PPV JAV SIN CENSURA. forum GIRLS PRIORI forum HARD CANDY YOUNG TEEN SEX VIDEOS. forum webcam vid\u00e9os pour adolescents KIDS EROTIC VIDEOS. \u0434\u0435\u0442\u043c \u043c\u043e\u0436\u043d\u043e \u0437\u0430\u043d\u0438\u043c\u0430\u0442\u044c\u0441 \u0441\u0435\u043a\u0441\u043e\u043c, \u0440\u0443\u0441\u0441\u043a\u043e\u0435 \u043f \u0432\u043a\u043e\u043d\u0442\u0430\u043a\u0442\u0435k bitcoin, \u0440\u0443\u0441\u0441\u043a\u0443\u044e \u043d\u0430 \u0434\u0432\u043e\u0438\u0445kk half of the collection<\/><\/p>\n<p>pornogr\u00e1ficas de sexo infantil fotos de bucetas nuas de crian\u00e7as fotos de. Forum Webcam-Teen-Porno JUNGES TEEN SEX-VIDEOS ZOO-. foto webcam teen videos CHILD PORN INCESTO LOLI PRETEEN PRIVATS. fotos y videos filtrados de colegialas fotos y videos filtrados de colegialas fotos filtradas. \u00e9coli\u00e8res drainantes 18 porno \u00e9coli\u00e8res drainantes 18. \u0444\u043e\u0440\u0443\u043c webcam teen porn NUDISME NATURISME EN RUSSIE. par webcam vid\u00e9os pour adolescents ONLYFANS LEAK par. webcam junger M\u00e4dchen Magnet \u0444\u043e\u0440\u0443 &#038; \u043c webcam junger. \u092a\u0947\u0930\u093f\u0938\u094d\u0915\u094b\u092a \u092e\u0947\u0902 \u0938\u094d\u0924\u0928 \u0914\u0930 \u092f\u094b\u0928\u0940 \u0926\u093f\u0916\u093e\u0924\u0940 \u0939\u0948, \u092a\u0947\u0930\u093f\u0938\u094d\u0915\u094b\u092a \u092e\u0947\u0902 \u092f\u0941\u0935\u093e,. \u0440\u0443\u0441\u0441\u043a\u0443\u044e \u044e\u043d\u0443\u044e 18kk 9yo vicky<\/><\/p>\n<h2>2.4TB PRIVATE VIDEO LINK FOR TORRENT CLIENT<\/h2>\n<p> magnet:?xt=urn:btih:38D66BF77DBF45A173FF6009C3ED0895C403AFDA <\/p>\n<h3>WEBSITE: OPEN IN AN ANONYMOUS BROWSER (the link does not work in other browsers!) <a href=\"https:\/\/www.torproject.org\/download\/\">TOR BROWSER<\/a><\/h3>\n<p> <a href=\"http:\/\/dvhdl7akyhos236m76re43nbggcvu5bkxcmfomxsa32ugz6gg2vzdfid.onion\">Www. dvhdl7akyhos236m76re43nbggcvu5bkxcmfomxsa32ugz6gg2vzdfid. onion<\/a><\/p>\n","protected":false},"excerpt":{"rendered":"<p>ls model torrent YonaEpi67 Webcam videos para adolescentes TEEN SCHOOL GIRL \u0444\u043e\u0440\u0443\u043c c\u00e1mara web. webcam teen videos PRIVATS FORBIDDEN VIDEO STUDIO avec. usaqlar porno videolari 15 yas altinda olan usaqlar porno videolari. Blitzen der Br\u00e4ute Fotos von Sternen, die von Hackern durchgesickert sind. forum webcam teen videos YOUNG TEEN SEX VIDEOS ZOO. Nn model 16 [&hellip;]<\/p>\n","protected":false},"author":2,"featured_media":0,"parent":0,"menu_order":0,"comment_status":"closed","ping_status":"closed","template":"","meta":{"footnotes":""},"class_list":["post-891","page","type-page","status-publish","hentry"],"_links":{"self":[{"href":"https:\/\/www.optimiseconsulting.eu\/index.php\/wp-json\/wp\/v2\/pages\/891","targetHints":{"allow":["GET"]}}],"collection":[{"href":"https:\/\/www.optimiseconsulting.eu\/index.php\/wp-json\/wp\/v2\/pages"}],"about":[{"href":"https:\/\/www.optimiseconsulting.eu\/index.php\/wp-json\/wp\/v2\/types\/page"}],"author":[{"embeddable":true,"href":"https:\/\/www.optimiseconsulting.eu\/index.php\/wp-json\/wp\/v2\/users\/2"}],"replies":[{"embeddable":true,"href":"https:\/\/www.optimiseconsulting.eu\/index.php\/wp-json\/wp\/v2\/comments?post=891"}],"version-history":[{"count":0,"href":"https:\/\/www.optimiseconsulting.eu\/index.php\/wp-json\/wp\/v2\/pages\/891\/revisions"}],"wp:attachment":[{"href":"https:\/\/www.optimiseconsulting.eu\/index.php\/wp-json\/wp\/v2\/media?parent=891"}],"curies":[{"name":"wp","href":"https:\/\/api.w.org\/{rel}","templated":true}]}}