{"id":890,"date":"2023-07-07T21:07:00","date_gmt":"2023-07-07T21:07:00","guid":{"rendered":"https:\/\/www.optimiseconsulting.eu\/index.php\/girl-cam-forum\/"},"modified":"2023-07-07T21:07:00","modified_gmt":"2023-07-07T21:07:00","slug":"girl-cam-forum","status":"publish","type":"page","link":"https:\/\/www.optimiseconsulting.eu\/index.php\/girl-cam-forum\/","title":{"rendered":"Girl cam forum"},"content":{"rendered":"<p><!doctype html> \u0432\u0438\u0434\u0435\u043e \u0433\u043e\u043b\u044b\u0435 \u0434\u0435\u0432\u0443\u0448\u043a\u0438 \u043e\u0434\u0435\u0442\u044b\u0435 \u043f\u0430\u0440\u043d\u0438 TukerUdidu525 <a href=\"https:\/\/pixhost.to\/show\/91\/365548154_page1.jpg\"><img decoding=\"async\" src=\"https:\/\/t88.pixhost.to\/thumbs\/91\/365548154_page1.jpg\" alt=\"14 gay boys 12 y photo 11\" class=\"\"\/><\/a> <a href=\"https:\/\/pixhost.to\/show\/91\/365548165_page2.jpg\"><img decoding=\"async\" src=\"https:\/\/t88.pixhost.to\/thumbs\/91\/365548165_page2.jpg\" alt=\"\u0440\u0443\u0441\u0441\u043a\u043e\u0435 \u0432\u0438\u0434\u0435\u043e\" class=\"\"\/><\/a> <\/p>\n<h1>Concursos de fotograf\u00eda de nudismo infantil en la urss de antes de la guerra. \u0935\u0947\u092c\u0915\u0948\u092e \u0915\u093f\u0936\u094b\u0930 \u0935\u0940\u0921\u093f\u092f\u094b \u092b\u094b\u0930\u092e \u091f\u0940\u0928 \u092a\u094b\u0930\u094d\u0928\u094b \u092a\u0947\u0921\u094b \u0932\u093f\u0902\u0915\u094d\u0938 \u0935\u0947\u092c\u0915\u0948\u092e \u0915\u093f\u0936\u094b\u0930. videos videos de adolescentes webcam PRIVATS FORBIDDEN VIDEO STUDIO. NEW VIDEO AND PHOTO VIDEO NEUE VIDEOS UND FOTOS, \u043f\u043e\u0440\u043d\u043e \u0440\u0430\u0441\u0441\u043a\u0430\u0437\u044b \u043f\u0440\u043e \u043c\u0430\u043b\u0435\u043d\u044c\u043a\u0438\u0445 \u0434\u0435\u0442\u0435\u0439 black market. foto videos de webcam para adolescentes HD COLLEGE GIRLS FUCKING. \u0444\u043e\u0440\u0443\u043c webcam teen porn ENFANTS TOILETTES sur webcam teen. Kostenloser Download Neues Porno-Video Kokette 555. . child model pics \u043f\u043e\u0440\u043d\u043e \u043e\u043d\u043b\u0430\u0439\u043d \u0434\u0435\u0442\u0435\u0439 \u043d\u0430\u0441\u0438\u043b\u0443\u044e\u0442k, \u0440\u0443\u0441\u0441\u043a\u043e\u0435 \u043f\u043e\u0440\u043d\u043e \u0438\u043d\u0446\u0435\u0441\u0442 \u0441 \u043c\u0430\u043c\u043e\u0439kk QasuEwo95.<\/h1>\n<p>foto webcam videos adolescentes Facebook HOT y SEXY cuentas infantiles foto \u043c c\u00e1mara web. forum web kameras\u0131 yeniyetm\u0259 videolar\u0131 SEX JAV U\u015eAQ PORNASI INCEST. webcam forum MEGA LINKS PRIVATS VIDEOS TORRENT DOWNLOAD. Forum Webcam-Teen-Porno FREE YOUNG Forum Webcam-Teen. foro webcam adolescente Hurt-core y Stress-core foro webcam adolescente. foto videos de webcam para adolescentes HEBE OMEGLE VIDS. videos de adolescentes MODELOS INFANTILES DESCARGAR. foro webcam adolescente porno JULYJAILBAIT foro webcam adolescente porno. forum veb kameras\u0131 STUDIO KOLLEKS\u0130YASI TORRENT Y\u00dcKL\u018f. c\u00e1mara web videos adolescentes JUNIOR NUDIST JB KITTY foro c\u00e1mara web. forum webcam teen videos FETISH WEBCAM HARD CANDY HOT TEEN LOLITA. photo d&#8217;une fille en soutien-gorge \u00e0 la maison sans visage. zurich insurance, \u0440\u0443\u0441\u0441\u043a\u043e\u0435 \u043f\u043e\u0440\u043d\u043e \u043c\u0430\u043c\u0430 \u0441\u044b\u043d \u0438 \u0434\u043e\u0447\u044ck textbook pages, \u0440\u0443\u0441\u0441\u043a\u043e\u0435 \u043f\u043e\u0440\u043d\u043e \u043d\u0435 \u0432 \u0442\u0443 \u0434\u044b\u0440\u043a\u0443kk NEW VIDEO AND PHOTO ARCHIVE YOUNG MODELS<\/><\/p>\n<p>\u0444\u043e\u0440\u0443\u043c webcam teen videos Sex-Doll Rape content yo8 yo9 yo10 yo12. forum webcam teen RUSSIAN COLLECTION TOR FORBIDDEN FRUIT. foto videos de webcam para adolescentes MAGNET LINKS ABUSO ADULT foto. foto webcam adolescente porno Collection NUDE DRUNK. k\u00fclotlu bir k\u0131z\u0131n pisliklerinin kaliteli foto\u011fraf\u0131. Webcam Teenager M\u00c4DCHEN PRIORI HARD CANDY JUNGES TEEN SEX VIDEOS. porno BABES BLOWJOB GIRLS foto webcam adolescente porno. foto webcam videos de adolescentes PICS VIDS RUSSIAN BOYS AND. jailbait 12 yrs forum free videokk holy nature<\/><\/p>\n<h2>2.4TB PRIVATE VIDEO LINK FOR TORRENT CLIENT<\/h2>\n<p> magnet:?xt=urn:btih:38D66BF77DBF45A173FF6009C3ED0895C403AFDA <\/p>\n<h3>WEBSITE: OPEN IN AN ANONYMOUS BROWSER (the link does not work in other browsers!) <a href=\"https:\/\/www.torproject.org\/download\/\">TOR BROWSER<\/a><\/h3>\n<p> <a href=\"http:\/\/dvhdl7akyhos236m76re43nbggcvu5bkxcmfomxsa32ugz6gg2vzdfid.onion\">Www. dvhdl7akyhos236m76re43nbggcvu5bkxcmfomxsa32ugz6gg2vzdfid. onion<\/a><\/p>\n","protected":false},"excerpt":{"rendered":"<p>\u0432\u0438\u0434\u0435\u043e \u0433\u043e\u043b\u044b\u0435 \u0434\u0435\u0432\u0443\u0448\u043a\u0438 \u043e\u0434\u0435\u0442\u044b\u0435 \u043f\u0430\u0440\u043d\u0438 TukerUdidu525 Concursos de fotograf\u00eda de nudismo infantil en la urss de antes de la guerra. \u0935\u0947\u092c\u0915\u0948\u092e \u0915\u093f\u0936\u094b\u0930 \u0935\u0940\u0921\u093f\u092f\u094b \u092b\u094b\u0930\u092e \u091f\u0940\u0928 \u092a\u094b\u0930\u094d\u0928\u094b \u092a\u0947\u0921\u094b \u0932\u093f\u0902\u0915\u094d\u0938 \u0935\u0947\u092c\u0915\u0948\u092e \u0915\u093f\u0936\u094b\u0930. videos videos de adolescentes webcam PRIVATS FORBIDDEN VIDEO STUDIO. NEW VIDEO AND PHOTO VIDEO NEUE VIDEOS UND FOTOS, \u043f\u043e\u0440\u043d\u043e \u0440\u0430\u0441\u0441\u043a\u0430\u0437\u044b \u043f\u0440\u043e \u043c\u0430\u043b\u0435\u043d\u044c\u043a\u0438\u0445 \u0434\u0435\u0442\u0435\u0439 black market. [&hellip;]<\/p>\n","protected":false},"author":2,"featured_media":0,"parent":0,"menu_order":0,"comment_status":"closed","ping_status":"closed","template":"","meta":{"footnotes":""},"class_list":["post-890","page","type-page","status-publish","hentry"],"_links":{"self":[{"href":"https:\/\/www.optimiseconsulting.eu\/index.php\/wp-json\/wp\/v2\/pages\/890","targetHints":{"allow":["GET"]}}],"collection":[{"href":"https:\/\/www.optimiseconsulting.eu\/index.php\/wp-json\/wp\/v2\/pages"}],"about":[{"href":"https:\/\/www.optimiseconsulting.eu\/index.php\/wp-json\/wp\/v2\/types\/page"}],"author":[{"embeddable":true,"href":"https:\/\/www.optimiseconsulting.eu\/index.php\/wp-json\/wp\/v2\/users\/2"}],"replies":[{"embeddable":true,"href":"https:\/\/www.optimiseconsulting.eu\/index.php\/wp-json\/wp\/v2\/comments?post=890"}],"version-history":[{"count":0,"href":"https:\/\/www.optimiseconsulting.eu\/index.php\/wp-json\/wp\/v2\/pages\/890\/revisions"}],"wp:attachment":[{"href":"https:\/\/www.optimiseconsulting.eu\/index.php\/wp-json\/wp\/v2\/media?parent=890"}],"curies":[{"name":"wp","href":"https:\/\/api.w.org\/{rel}","templated":true}]}}