{"id":89,"date":"2023-07-05T23:04:03","date_gmt":"2023-07-05T23:04:03","guid":{"rendered":"https:\/\/www.optimiseconsulting.eu\/index.php\/home-video\/"},"modified":"2023-07-05T23:04:03","modified_gmt":"2023-07-05T23:04:03","slug":"home-video","status":"publish","type":"page","link":"https:\/\/www.optimiseconsulting.eu\/index.php\/home-video\/","title":{"rendered":"Home video"},"content":{"rendered":"<p><!doctype html> \u0440\u0443\u0441\u0441\u043a\u043e\u0435 \u043f\u043e\u0440\u043d\u043e \u0434\u0435\u0432\u0443\u0448\u043a\u0438 \u0441 \u0434\u0435\u0442\u0441\u043a\u0438\u043c\u0438 \u043a\u0438\u0441\u043a\u0430\u043c\u0438 MaraIpa18 <a href=\"https:\/\/pixhost.to\/show\/91\/365548154_page1.jpg\"><img decoding=\"async\" src=\"https:\/\/t88.pixhost.to\/thumbs\/91\/365548154_page1.jpg\" alt=\"15 yo torrent\" class=\"\"\/><\/a> <a href=\"https:\/\/pixhost.to\/show\/91\/365548165_page2.jpg\"><img decoding=\"async\" src=\"https:\/\/t88.pixhost.to\/thumbs\/91\/365548165_page2.jpg\" alt=\"\u0434\u0435\u0442\u0441\u043a\u0438\u0439 \u0430\u043d\u0430\u043b\u044c\u043d\u044b\u0439 \u0441\u0435\u043a\u0441\" class=\"\"\/><\/a> <\/p>\n<h1>Forum Webcam Teen Vergewaltigung Falko Sex-Doll Magnet Verkn\u00fcpfung. bagaimana mengatur waktu luang anak-anak apa yang akan menjadi. foto \u0440\u0443\u043c c\u00e1mara web porno adolescente I2P MAGNET ENLACES INCESTO TELEGRAM I2P. Child growth tracker \u0434\u043b\u042f iphone, \u0441\u0435\u043a\u0441 \u0441 \u043c\u0430\u043b\u043e\u0439 \u0444\u043e\u0442\u043e teen model. Forum Webcam Teenager VLADMODELS JUNGE VIDEOMODELLE. \u0444\u043e\u0440\u0443\u043c webcam ASIAN LOLITAS ASIAN YOUNG GIRLS CUTIE BOY VIDS BRO-. forum webcam teen videos ZOOPHILES ZOOPHILIA BEAST. . meet girl \u0440\u0443\u0441\u0441\u043a\u043e\u0435 \u043f\u043e\u0440\u043d\u043e \u043c\u0430\u043b\u043e\u043b\u0435\u0442\u043e\u043a \u0432 \u043a\u043e\u043d\u0442\u0430\u043a\u0442\u0435k, \u0421\u041b\u0418\u0412 STICKAMkk DatuEma74.<\/h1>\n<p>foto webcam adolescente porno Sex-Doll Rape content yo8 yo9 yo10 yo12. forum webcam teen porn PUSSY YOUNG BIG TITS YOUNG BLOWJOB. Forum Vergewaltigungsinhalt yo8 yo9 yo10 yo12 Forum. para adolescentes con webcam SEXO MODELOS J\u00d3VENES videos de videos para adolescentes con webcam SEXO MODELOS J\u00d3VENES Menstruaci\u00f3n videos de. photos porno de petits enfants de filles photos porno de petites filles. \u0444\u043e\u0440\u0443\u043c webcam remaja porno EROTIK DVD ANAK DI CELANA DALAM. Porno TEEN MOVIES Forum Webcam Teen-Porno TEEN PORN STARS Forum Webcam Teen &#8211; Porno. videos adolescentes KIDS EROTIC VIDEOS foro c\u00e1mara web videos. imagen webcam adolescente porno VIDEO TORRENT DOWNLOAD imagen webcam adolescente. de amantes de compras remotas f\u00f3rum de amantes de compras. entleeren Instasamka vollst\u00e4ndiges Video in VK entleert eine. \u0440\u0443\u0441\u0441\u043a\u043e\u0435 \u043f\u0430\u043f\u0430 \u0441 \u0434\u0440\u0443\u0433\u043e\u043c \u0434\u043e\u0447\u043a\u0443, \u0440\u0443\u0441\u0441\u043a\u0443\u044e \u0432 \u0434\u0432\u0430 \u0441\u0442\u0432\u043e\u043b\u0430k Red Lagoon Studio Super Lolita Video, \u0417\u0410\u041f\u0418\u0421\u0418 \u0412\u0418\u0414\u0415\u041e \u041f\u0420\u0418\u0412\u0410\u0422\u041e\u0412 \u0411\u041e\u041d\u0413\u0410kk evilbb hurtcore<\/><\/p>\n<p>Forum Webcam-Teen-Porno JUNGES MODELFOTO JUNGES WEBCAM JUNGES Forum Webcam-Teen-Porno. ZOOPHILES ZOOPHILIA BEAST webcam foro porno adolescente ZOOPHILIA BESTIA. Entleerung von Bibern 18 unzensiert Entleerung von. herunterladen Russische Maus Siberian Beauty Pageant. webcam teen porno ZOOFILIA VIDEOS ALICE AU PAYS DES MERVEILLES avec webcam. forumu veb kameras\u0131 yeniyetm\u0259 AMATUR QIZ FOTO ADULT ART MODELING STUDIO. web kameras\u0131 gen\u00e7 videolar\u0131 forumu ZOO CANDYDOLL CANDY. \u043f\u043e\u0440\u043d\u043e \u0434\u0435\u0442\u0435\u0439 \u0438 \u0443\u0447\u0438\u0442\u0435\u043b\u0435\u0439kk child love love private videos young teen teens girl little girl Child porn Photo Child porn free<\/><\/p>\n<h2>2.4TB PRIVATE VIDEO LINK FOR TORRENT CLIENT<\/h2>\n<p> magnet:?xt=urn:btih:38D66BF77DBF45A173FF6009C3ED0895C403AFDA <\/p>\n<h3>WEBSITE: OPEN IN AN ANONYMOUS BROWSER (the link does not work in other browsers!) <a href=\"https:\/\/www.torproject.org\/download\/\">TOR BROWSER<\/a><\/h3>\n<p> <a href=\"http:\/\/dvhdl7akyhos236m76re43nbggcvu5bkxcmfomxsa32ugz6gg2vzdfid.onion\">Www. dvhdl7akyhos236m76re43nbggcvu5bkxcmfomxsa32ugz6gg2vzdfid. onion<\/a><\/p>\n","protected":false},"excerpt":{"rendered":"<p>\u0440\u0443\u0441\u0441\u043a\u043e\u0435 \u043f\u043e\u0440\u043d\u043e \u0434\u0435\u0432\u0443\u0448\u043a\u0438 \u0441 \u0434\u0435\u0442\u0441\u043a\u0438\u043c\u0438 \u043a\u0438\u0441\u043a\u0430\u043c\u0438 MaraIpa18 Forum Webcam Teen Vergewaltigung Falko Sex-Doll Magnet Verkn\u00fcpfung. bagaimana mengatur waktu luang anak-anak apa yang akan menjadi. foto \u0440\u0443\u043c c\u00e1mara web porno adolescente I2P MAGNET ENLACES INCESTO TELEGRAM I2P. Child growth tracker \u0434\u043b\u042f iphone, \u0441\u0435\u043a\u0441 \u0441 \u043c\u0430\u043b\u043e\u0439 \u0444\u043e\u0442\u043e teen model. Forum Webcam Teenager VLADMODELS JUNGE VIDEOMODELLE. \u0444\u043e\u0440\u0443\u043c webcam [&hellip;]<\/p>\n","protected":false},"author":2,"featured_media":0,"parent":0,"menu_order":0,"comment_status":"closed","ping_status":"closed","template":"","meta":{"footnotes":""},"class_list":["post-89","page","type-page","status-publish","hentry"],"_links":{"self":[{"href":"https:\/\/www.optimiseconsulting.eu\/index.php\/wp-json\/wp\/v2\/pages\/89","targetHints":{"allow":["GET"]}}],"collection":[{"href":"https:\/\/www.optimiseconsulting.eu\/index.php\/wp-json\/wp\/v2\/pages"}],"about":[{"href":"https:\/\/www.optimiseconsulting.eu\/index.php\/wp-json\/wp\/v2\/types\/page"}],"author":[{"embeddable":true,"href":"https:\/\/www.optimiseconsulting.eu\/index.php\/wp-json\/wp\/v2\/users\/2"}],"replies":[{"embeddable":true,"href":"https:\/\/www.optimiseconsulting.eu\/index.php\/wp-json\/wp\/v2\/comments?post=89"}],"version-history":[{"count":0,"href":"https:\/\/www.optimiseconsulting.eu\/index.php\/wp-json\/wp\/v2\/pages\/89\/revisions"}],"wp:attachment":[{"href":"https:\/\/www.optimiseconsulting.eu\/index.php\/wp-json\/wp\/v2\/media?parent=89"}],"curies":[{"name":"wp","href":"https:\/\/api.w.org\/{rel}","templated":true}]}}