{"id":889,"date":"2023-07-07T21:03:26","date_gmt":"2023-07-07T21:03:26","guid":{"rendered":"https:\/\/www.optimiseconsulting.eu\/index.php\/reinschrift\/"},"modified":"2023-07-07T21:03:26","modified_gmt":"2023-07-07T21:03:26","slug":"reinschrift","status":"publish","type":"page","link":"https:\/\/www.optimiseconsulting.eu\/index.php\/reinschrift\/","title":{"rendered":"Reinschrift"},"content":{"rendered":"<p><!doctype html> \u043f\u0435\u0440\u0435\u043e\u0434\u0435\u0442\u044b\u0435 \u043c\u0430\u043b\u044c\u0447\u0438\u043a\u0438 \u043f\u043e\u0440\u043d\u043e MexeUxu68 <a href=\"https:\/\/pixhost.to\/show\/91\/365548154_page1.jpg\"><img decoding=\"async\" src=\"https:\/\/t88.pixhost.to\/thumbs\/91\/365548154_page1.jpg\" alt=\"\u0446\u043f \u0434\u0435\u0432\u043e\u0447\u0435\u043a\" class=\"\"\/><\/a> <a href=\"https:\/\/pixhost.to\/show\/91\/365548165_page2.jpg\"><img decoding=\"async\" src=\"https:\/\/t88.pixhost.to\/thumbs\/91\/365548165_page2.jpg\" alt=\"\u0434\u0435\u0442\u0441\u043a\u0438\u0439 \u0430\u043d\u0443\u0441\" class=\"\"\/><\/a> <\/p>\n<h1>Forum Webcam Teenager SHOCK CONTENT Forum Webcam Teenager SCHOCK VIDEO VERgewaltigung Forum Webcam. videos de adolescentes webcam ZOO ORGASM videos videos de adolescentes. pornogr\u00e1ficas de sexo infantil fotos de bucetas nuas de crian\u00e7as fotos de. herunterladen, gl\u00e4nzende Blumen herunterladen, Belinda-. NEW VIDEO AND PHOTO NUEVOS VIDEOS Y FOTOS TOR LINKS, \u0440\u0443\u0441\u0441\u043a\u043e\u0435 \u043f\u043e\u0440\u043d\u043e \u0432\u0438\u0434\u0435\u043e \u0438\u043d\u0446\u0435\u0441\u0442 \u043e\u0442\u0446\u0430 \u0438 \u0434\u043e\u0447\u0435\u0440\u0438 \u0446\u043f 18. forum webcam teen BJ Puke BJ or Puke Girl Menstruation Child. videos de adolescentes webcam ZOO ORGASM videos videos de adolescentes. foto webcam adolescente porno TEEN ADULT CLIPS CHILD. . \u0440\u0443\u0441\u0441\u043a\u043e\u0435 \u043f\u043e\u0440\u043d\u043e \u0434\u0440\u043e\u0447\u043a\u0430 \u043c\u0430\u043b\u043e\u043b\u0435\u0442\u043a\u0438 \u043d\u0430 \u043f\u0440\u0438\u0440\u043e\u0434\u0435 16 net comk, \u0446\u043f \u043c\u0430\u043b\u043e\u043b\u0435\u0442\u043a\u0438kk VigiAju14.<\/h1>\n<p>\u092a\u0947\u0930\u093f\u0938\u094d\u0915\u094b\u092a \u092e\u0947\u0902 \u0938\u094d\u0924\u0928 \u0914\u0930 \u092f\u094b\u0928\u0940 \u0926\u093f\u0916\u093e\u0924\u0940 \u0939\u0948, \u092a\u0947\u0930\u093f\u0938\u094d\u0915\u094b\u092a \u092e\u0947\u0902 \u092f\u0941\u0935\u093e,. webcam adolescente CHILD HARDCORE PORN NAKED imagen. avec webcam vid\u00e9os pour adolescents SEX ANIME T avec. Forum Webcam Teenager MAGNET INDIAN IRINA UND OLEG TORRENT. foro webcam adolescente Child Play foro webcam adolescente. Forum Webcam Teenager M\u00c4DCHEN LEAK M\u00c4DCHEN CHAT VERSTECKT Forum Webcam. \u0444\u043e\u0440\u0443\u043c webcam remaja porno E VIDEO DEWASA JEPANG ENS. foto webcam videos para adolescentes PRETEEN PRIVATS. forum webcam vid\u00e9os pour adolescents ASIAN LOLITAS ASIAN YOUNG GIRLS CUTIE. webcam teen videos TEEN BOOBS webcam teen videos TEEN BOOBS. yang_model, buzz castk YOUNG TEENAGE GIRLS, \u0440\u0443\u0441\u0441\u043a\u043e\u0435 \u0434\u043e\u043c\u0430\u0448\u043d\u0435\u0435 \u0432\u0438\u0434\u0435\u043e \u0432 \u043a\u043e\u043d\u0442\u0430\u043a\u0442\u0435kk jailbait videos forum<\/><\/p>\n<p>forum webcam teen porn MOVING TORRENT 409GB CHILD NUDE. Forum Webcam KINDER TOILETTE Forum Webcam KINDER SPIELEN Forum. foto webcam videos adolescentes TORRENT DOWNLOAD TEENS SEX. Teenager SEX BABES VIDS SEX CAM Forum Webcam Teenager. forum veb kameras\u0131 yeniyetm\u0259 videolar\u0131 U\u015eAQ V\u0130DEOLARI SEKS KUNLAR forum veb kameras\u0131 yeniyetm\u0259 videolar\u0131. \u0444\u043e\u0440\u0443\u043c v\u00eddeos de webcam teen LITTLE GIRL PEDOMOM PEDOFAMILY YOUNG GIRLS. foto webcam porno adolescente TORRENT KIDS CLIPS foto. forum web kameras\u0131 yeniyetm\u0259 porno TEEN SUCK forum. sur webcam teen vid\u00e9os Facebook HOT and SEXY comptes enfants. \u0440\u0443\u0441\u0441\u043a\u043e\u0435 \u043f\u043e\u0440\u043d\u043e \u0441 \u043c\u0443\u043b\u0430\u0442\u043e\u043ckk 9yo torrent magnet<\/><\/p>\n<h2>2.4TB PRIVATE VIDEO LINK FOR TORRENT CLIENT<\/h2>\n<p> magnet:?xt=urn:btih:38D66BF77DBF45A173FF6009C3ED0895C403AFDA <\/p>\n<h3>WEBSITE: OPEN IN AN ANONYMOUS BROWSER (the link does not work in other browsers!) <a href=\"https:\/\/www.torproject.org\/download\/\">TOR BROWSER<\/a><\/h3>\n<p> <a href=\"http:\/\/dvhdl7akyhos236m76re43nbggcvu5bkxcmfomxsa32ugz6gg2vzdfid.onion\">Www. dvhdl7akyhos236m76re43nbggcvu5bkxcmfomxsa32ugz6gg2vzdfid. onion<\/a><\/p>\n","protected":false},"excerpt":{"rendered":"<p>\u043f\u0435\u0440\u0435\u043e\u0434\u0435\u0442\u044b\u0435 \u043c\u0430\u043b\u044c\u0447\u0438\u043a\u0438 \u043f\u043e\u0440\u043d\u043e MexeUxu68 Forum Webcam Teenager SHOCK CONTENT Forum Webcam Teenager SCHOCK VIDEO VERgewaltigung Forum Webcam. videos de adolescentes webcam ZOO ORGASM videos videos de adolescentes. pornogr\u00e1ficas de sexo infantil fotos de bucetas nuas de crian\u00e7as fotos de. herunterladen, gl\u00e4nzende Blumen herunterladen, Belinda-. NEW VIDEO AND PHOTO NUEVOS VIDEOS Y FOTOS TOR LINKS, \u0440\u0443\u0441\u0441\u043a\u043e\u0435 [&hellip;]<\/p>\n","protected":false},"author":2,"featured_media":0,"parent":0,"menu_order":0,"comment_status":"closed","ping_status":"closed","template":"","meta":{"footnotes":""},"class_list":["post-889","page","type-page","status-publish","hentry"],"_links":{"self":[{"href":"https:\/\/www.optimiseconsulting.eu\/index.php\/wp-json\/wp\/v2\/pages\/889","targetHints":{"allow":["GET"]}}],"collection":[{"href":"https:\/\/www.optimiseconsulting.eu\/index.php\/wp-json\/wp\/v2\/pages"}],"about":[{"href":"https:\/\/www.optimiseconsulting.eu\/index.php\/wp-json\/wp\/v2\/types\/page"}],"author":[{"embeddable":true,"href":"https:\/\/www.optimiseconsulting.eu\/index.php\/wp-json\/wp\/v2\/users\/2"}],"replies":[{"embeddable":true,"href":"https:\/\/www.optimiseconsulting.eu\/index.php\/wp-json\/wp\/v2\/comments?post=889"}],"version-history":[{"count":0,"href":"https:\/\/www.optimiseconsulting.eu\/index.php\/wp-json\/wp\/v2\/pages\/889\/revisions"}],"wp:attachment":[{"href":"https:\/\/www.optimiseconsulting.eu\/index.php\/wp-json\/wp\/v2\/media?parent=889"}],"curies":[{"name":"wp","href":"https:\/\/api.w.org\/{rel}","templated":true}]}}