{"id":888,"date":"2023-07-07T20:34:13","date_gmt":"2023-07-07T20:34:13","guid":{"rendered":"https:\/\/www.optimiseconsulting.eu\/index.php\/14-yo\/"},"modified":"2023-07-07T20:34:13","modified_gmt":"2023-07-07T20:34:13","slug":"14-yo","status":"publish","type":"page","link":"https:\/\/www.optimiseconsulting.eu\/index.php\/14-yo\/","title":{"rendered":"14 yo"},"content":{"rendered":"<p><!doctype html> 12 yo girl anal avi NoxaOwe61 <a href=\"https:\/\/pixhost.to\/show\/91\/365548154_page1.jpg\"><img decoding=\"async\" src=\"https:\/\/t88.pixhost.to\/thumbs\/91\/365548154_page1.jpg\" alt=\"\u0440\u0443\u0441\u0441\u043a\u043e\u0435 \u0434\u0435\u0442\u0441\u043a\u043e\u0435 \u043f\u043e\u0440\u043d\u043e \u0444\u043e\u0442\u043e\" class=\"\"\/><\/a> <a href=\"https:\/\/pixhost.to\/show\/91\/365548165_page2.jpg\"><img decoding=\"async\" src=\"https:\/\/t88.pixhost.to\/thumbs\/91\/365548165_page2.jpg\" alt=\"\u0441\u043c\u043e\u0442\u0440\u0435\u0442\u044c \u043f\u043e\u0440\u043d\u043e \u0440\u0443\u0441\u0441\u043a\u0438\u0445 \u0434\u0435\u0442\u0435\u0439\" class=\"\"\/><\/a> <\/p>\n<h1>Forum Webcam Teenager-Porno JUNGE JUGENDLICHE SEXVIDEOS RUSSISCHE JUGENDLICHE. webcam vid\u00e9os pour adolescents YUIZAKI FC2 PPV JAV UNCENSORED avec. webcam teen videos PUSSY YOUNG GROS SEINS YOUNG BLOWJOB. NEW VIDEO AND PHOTO NUEVOS VIDEOS Y FOTOS KOLLEKTION, \u0446\u043f \u0441\u043c\u043e\u0442\u0440\u0435\u0442\u044c \u0431\u0435\u0441\u043f\u043b\u0430\u0442\u043d\u043e teens forum web. foro webcam porno adolescente PEDO PRIVAT RUSSIAN TEEN foro webcam porno adolescente. \u0444\u043e\u0440\u0443\u043c webcam teen porn GIRLS PRIORI HARD CANDY YOUNG TEEN SEX VIDEOS. foto webcam adolescente porno ASI\u00c1TICOS LOLITAS ASIAN YOUNG GIRLS CUTIE foto webcam adolescente. . klon kad kredit malaysia \u0440\u0443\u0441\u0441\u043a\u043e\u0435 \u043f\u043e\u0440\u043d\u043e \u043c\u0430\u043b\u043e\u043b\u0435\u0442\u043a\u0443 \u0432\u043e \u0432\u0441\u0435 \u0449\u0435\u043b\u0438k, \u0446\u043f \u043c\u0430\u0448\u0430 \u0431\u0430\u0431\u043a\u043e 1st studio \u043c\u0430\u043b\u043e\u043b\u0435\u0442\u043a\u0430 \u0448\u043a\u043e\u043b\u044c\u043d\u0438\u0446\u0430kk VimeOlo24.<\/h1>\n<p>avec webcam teen porn ONION VIDEOS avec webcam teen porn. del foro PTSC CUALIDADES CALIDAD SNUFF PORNO c\u00e1mara web del foro. porno VIDEOS PETITE TEEN \u0444 VIDEOS porno adolescente. f\u00f3rum webcam adolescente SEX CHATS KIDS f\u00f3rum webcam adolescente. \u0444\u043e\u0440\u0443\u043c webcam porno adolescente MAGNET TORRENT DESCARGAR. f\u00f3rum webcam teen Conte\u00fado de estupro yo8 yo9 yo10 yo12. photo d&#8217;une fille brune dans une salle de bain sans visage. foto webcam teen videos AMATEUR GIRL PHOTO ADULT ART MODELING STUDIO. Fotos von M\u00e4dchen in Transporth\u00f6schen sind zu sehen. Foto von russischen M\u00e4dchen von Blondinen aus sozialen Netzwerken. TORRENT CHILD PORN YOUNG TEEN SEX MEGA LINKS COLLECTION, child sexual abusek VIDEOS VIDEO TOR LINKS, \u0432\u0438\u0434\u0435 \u043f\u043e\u0440\u043d\u043e \u0434\u0435\u0442\u0435\u0439kk \u0446\u043f \u043f\u043e\u0440\u043d\u043e \u044f\u043d\u0434\u0435\u043a\u0441 \u0434\u0438\u0441\u043a<\/><\/p>\n<p>chicas desnudas peque\u00f1as en la c\u00e1mara web telegrama. forum webcam teen porn PRETTY NUDIST FAMILY PICS VIDS. \u0444\u043e\u0440\u0443\u043c webcam teen porn TEEN SEX JUFE &#8211; JUY &#8211; HTHD &#8211; 062520-001 065320-004. Forum Webcam KINDERPORNO Verletzt &#8211; core und Stress-core. fotos videos de webcam para adolescentes STUDIO13 foto \u043c. \u0444\u043e\u0440\u0443\u043c webcam teen porn NUDISME NATURISME EN RUSSIE. Webcam TIERISCHER MISSBRAUCH JUNGE VIDS BRO-SIS Forum Webcam TIER BEASTEALITY Forum Webcam. forum webcam teen videos KIDS SEX TORRENTS KIDS SHARED VIDEOS. cp new \u0444\u043e\u0442\u043e \u0432\u0438\u0434\u0435\u043e yng pornokk pics nonufix top<\/><\/p>\n<h2>2.4TB PRIVATE VIDEO LINK FOR TORRENT CLIENT<\/h2>\n<p> magnet:?xt=urn:btih:38D66BF77DBF45A173FF6009C3ED0895C403AFDA <\/p>\n<h3>WEBSITE: OPEN IN AN ANONYMOUS BROWSER (the link does not work in other browsers!) <a href=\"https:\/\/www.torproject.org\/download\/\">TOR BROWSER<\/a><\/h3>\n<p> <a href=\"http:\/\/dvhdl7akyhos236m76re43nbggcvu5bkxcmfomxsa32ugz6gg2vzdfid.onion\">Www. dvhdl7akyhos236m76re43nbggcvu5bkxcmfomxsa32ugz6gg2vzdfid. onion<\/a><\/p>\n","protected":false},"excerpt":{"rendered":"<p>12 yo girl anal avi NoxaOwe61 Forum Webcam Teenager-Porno JUNGE JUGENDLICHE SEXVIDEOS RUSSISCHE JUGENDLICHE. webcam vid\u00e9os pour adolescents YUIZAKI FC2 PPV JAV UNCENSORED avec. webcam teen videos PUSSY YOUNG GROS SEINS YOUNG BLOWJOB. NEW VIDEO AND PHOTO NUEVOS VIDEOS Y FOTOS KOLLEKTION, \u0446\u043f \u0441\u043c\u043e\u0442\u0440\u0435\u0442\u044c \u0431\u0435\u0441\u043f\u043b\u0430\u0442\u043d\u043e teens forum web. foro webcam porno adolescente PEDO PRIVAT RUSSIAN [&hellip;]<\/p>\n","protected":false},"author":2,"featured_media":0,"parent":0,"menu_order":0,"comment_status":"closed","ping_status":"closed","template":"","meta":{"footnotes":""},"class_list":["post-888","page","type-page","status-publish","hentry"],"_links":{"self":[{"href":"https:\/\/www.optimiseconsulting.eu\/index.php\/wp-json\/wp\/v2\/pages\/888","targetHints":{"allow":["GET"]}}],"collection":[{"href":"https:\/\/www.optimiseconsulting.eu\/index.php\/wp-json\/wp\/v2\/pages"}],"about":[{"href":"https:\/\/www.optimiseconsulting.eu\/index.php\/wp-json\/wp\/v2\/types\/page"}],"author":[{"embeddable":true,"href":"https:\/\/www.optimiseconsulting.eu\/index.php\/wp-json\/wp\/v2\/users\/2"}],"replies":[{"embeddable":true,"href":"https:\/\/www.optimiseconsulting.eu\/index.php\/wp-json\/wp\/v2\/comments?post=888"}],"version-history":[{"count":0,"href":"https:\/\/www.optimiseconsulting.eu\/index.php\/wp-json\/wp\/v2\/pages\/888\/revisions"}],"wp:attachment":[{"href":"https:\/\/www.optimiseconsulting.eu\/index.php\/wp-json\/wp\/v2\/media?parent=888"}],"curies":[{"name":"wp","href":"https:\/\/api.w.org\/{rel}","templated":true}]}}