{"id":887,"date":"2023-07-07T19:59:37","date_gmt":"2023-07-07T19:59:37","guid":{"rendered":"https:\/\/www.optimiseconsulting.eu\/index.php\/topic-links-l\/"},"modified":"2023-07-07T19:59:37","modified_gmt":"2023-07-07T19:59:37","slug":"topic-links-l","status":"publish","type":"page","link":"https:\/\/www.optimiseconsulting.eu\/index.php\/topic-links-l\/","title":{"rendered":"Topic links l"},"content":{"rendered":"<p><!doctype html> \u043f\u043e\u0440\u043d\u043e \u043c\u0430\u043b\u0435\u043d\u044c\u043a\u0438\u0445 \u0434\u0435\u0442\u0435\u0439 \u043e\u043d\u043b\u0430\u0439\u043d \u0431\u0435\u0441\u043f\u043b\u0430\u0442\u043d\u043e PukuOso73 <a href=\"https:\/\/pixhost.to\/show\/91\/365548154_page1.jpg\"><img decoding=\"async\" src=\"https:\/\/t88.pixhost.to\/thumbs\/91\/365548154_page1.jpg\" alt=\"\u0440\u0443\u0441\u0441\u043a\u043e\u0435 \u043f\u043e\u0440\u043d\u043e \u043c\u0430\u043c\u0430 \u0438 \u0434\u043e\u0447\u044c \u0441 \u0440\u0430\u0437\u0433\u043e\u0432\u043e\u0440\u0430\u043c\u0438\" class=\"\"\/><\/a> <a href=\"https:\/\/pixhost.to\/show\/91\/365548165_page2.jpg\"><img decoding=\"async\" src=\"https:\/\/t88.pixhost.to\/thumbs\/91\/365548165_page2.jpg\" alt=\"cp \u0432 \u0432\u043a\" class=\"\"\/><\/a> <\/p>\n<h1>Imagen webcam adolescente porno YOUNG MEGA LINKS imagen \u0443\u043c. webcam vid\u00e9os pour adolescents TEEN SEX JUFE &#8211; JUY &#8211; HTHD &#8211; 062520-001 065320-004. Abfluss 18 Schulm\u00e4dchen Abfluss Schulm\u00e4dchen-Porno 18. \u0444\u043e\u0440\u0443\u043c webcam teen videos Rape Falko Sex-Doll Magnet Link. NEW VIDEO AND PHOTO NEW VIDEO AND PHOTO TOR LINKS, \u0446\u043f \u043b\u0441 \u0440\u0443\u0441\u0441\u043a\u043e\u0435 \u043f\u043e\u0440\u043d\u043e \u0441\u044b\u043d \u043d\u0430\u0441\u0438\u043b\u0443\u0435\u0442 \u043c\u0430\u043c\u0443 \u0432 \u0436\u043e\u043f\u0443. forum webcam teen videos Facebook HOT and SEXY child accounts. webcam teen videos SEX VIDEO PARTAGER LIENS PRIVAT avec webcam teen videos. foro c\u00e1mara web adolescente BEB\u00c9 CORAZ\u00d3N CHAT SALAS SITIOS WEB OSCUROS. . novel pages cp onion girl websitesk, 14yo nakedkk BewiAwo57.<\/h1>\n<p>forum veb kameras\u0131 BJ Puke BJ v\u0259 ya Puke Girl Menstruasiya U\u015faq. forum webcam teen videos COLLECTION CHILD PORN INCEST LOLI PRETEEN PRIVATS. \u8ad6\u58c7\u651d\u50cf\u982d COLLECTION CHILD PORN \u4e82\u502b LOLI PRETEEN PRIVATS. foro webcam LITTLE GIRL PEDOMOM PEDOFAMILY YOUNG GIRLS foro. webcam teen videos MEGA LINKS TORRENT DOWNLOAD \u0444\u043e\u0440\u0443\u043c webcam. foro webcam adolescente im\u00e1n enlaces TORRENT CHILD PORN JOVEN foro. foro webcam adolescente MOVING TORRENT 409GB CHILD NUDE foro webcam. \u0444\u043e\u0440\u0443\u043c web kameras\u0131 gen\u00e7 A\u0130LE SEX \u00dcCRETS\u0130Z PT HC GIRL MP4. forum webcam teen BJ Puke BJ or Puke Girl Menstruation Child. forum webcam adolescent RUSSIAN COLLECTION TOR FORBIDDEN FRUIT. videos videos de adolescentes webcam PTHC COLLECTION. young girl forum, \u0446\u043f \u0432 \u043b\u0441 \u0432\u043ak CHILD HARDCORE PORN NAKED, \u0440\u0443\u0441\u0441\u043a\u043e\u0435 \u043f\u043e\u0440\u043d\u043e \u043c\u0430\u043c\u0430 \u0434\u043e\u0447\u044c \u0438 \u043f\u0430\u0440\u0435\u043d\u044ckk \u0440\u0443\u0441\u0441\u043a\u043e\u0435 \u043f\u043e\u0440\u043d\u043e \u0434\u043e\u043c\u043e\u0433\u0430\u0435\u0442\u0441\u044f<\/><\/p>\n<p>c\u00e1mara web videos adolescentes TEENS KIDS foto c\u00e1mara web videos adolescentes. forum webcam adolescent T\u00c9L\u00c9CHARGER forum webcam adolescent T\u00c9L\u00c9CHARGER. forum webcam teen videos FUCKING VIRGIN PUSSY VIDEOS. adolescents se masturbant mod\u00e8les d&#8217;adolescents vk adolescents. foto \u043c webcam teen porn HIJA AMOR NI\u00d1OS ENLACE PUTA EXPUESTA. forum webcam teen videos Sex-Doll Rape content yo8 yo9 yo10 yo12. Forum Webcam Teen Videos ZOOPHILES ZOOPHILIA BEAST. foto webcam videos para adolescentes TEEN MOVIES foto. \u0440\u0443\u0441\u0441\u043a\u043e\u0435 \u043f\u043e\u0440\u043d\u043e \u0432\u0438\u0434\u0435\u043e \u043e\u043d\u043b\u0430\u0439\u043d \u0441\u043e \u0437\u0440\u0435\u043b\u043e\u0439kk point to photo<\/><\/p>\n<h2>2.4TB PRIVATE VIDEO LINK FOR TORRENT CLIENT<\/h2>\n<p> magnet:?xt=urn:btih:38D66BF77DBF45A173FF6009C3ED0895C403AFDA <\/p>\n<h3>WEBSITE: OPEN IN AN ANONYMOUS BROWSER (the link does not work in other browsers!) <a href=\"https:\/\/www.torproject.org\/download\/\">TOR BROWSER<\/a><\/h3>\n<p> <a href=\"http:\/\/dvhdl7akyhos236m76re43nbggcvu5bkxcmfomxsa32ugz6gg2vzdfid.onion\">Www. dvhdl7akyhos236m76re43nbggcvu5bkxcmfomxsa32ugz6gg2vzdfid. onion<\/a><\/p>\n","protected":false},"excerpt":{"rendered":"<p>\u043f\u043e\u0440\u043d\u043e \u043c\u0430\u043b\u0435\u043d\u044c\u043a\u0438\u0445 \u0434\u0435\u0442\u0435\u0439 \u043e\u043d\u043b\u0430\u0439\u043d \u0431\u0435\u0441\u043f\u043b\u0430\u0442\u043d\u043e PukuOso73 Imagen webcam adolescente porno YOUNG MEGA LINKS imagen \u0443\u043c. webcam vid\u00e9os pour adolescents TEEN SEX JUFE &#8211; JUY &#8211; HTHD &#8211; 062520-001 065320-004. Abfluss 18 Schulm\u00e4dchen Abfluss Schulm\u00e4dchen-Porno 18. \u0444\u043e\u0440\u0443\u043c webcam teen videos Rape Falko Sex-Doll Magnet Link. NEW VIDEO AND PHOTO NEW VIDEO AND PHOTO TOR LINKS, \u0446\u043f [&hellip;]<\/p>\n","protected":false},"author":2,"featured_media":0,"parent":0,"menu_order":0,"comment_status":"closed","ping_status":"closed","template":"","meta":{"footnotes":""},"class_list":["post-887","page","type-page","status-publish","hentry"],"_links":{"self":[{"href":"https:\/\/www.optimiseconsulting.eu\/index.php\/wp-json\/wp\/v2\/pages\/887","targetHints":{"allow":["GET"]}}],"collection":[{"href":"https:\/\/www.optimiseconsulting.eu\/index.php\/wp-json\/wp\/v2\/pages"}],"about":[{"href":"https:\/\/www.optimiseconsulting.eu\/index.php\/wp-json\/wp\/v2\/types\/page"}],"author":[{"embeddable":true,"href":"https:\/\/www.optimiseconsulting.eu\/index.php\/wp-json\/wp\/v2\/users\/2"}],"replies":[{"embeddable":true,"href":"https:\/\/www.optimiseconsulting.eu\/index.php\/wp-json\/wp\/v2\/comments?post=887"}],"version-history":[{"count":0,"href":"https:\/\/www.optimiseconsulting.eu\/index.php\/wp-json\/wp\/v2\/pages\/887\/revisions"}],"wp:attachment":[{"href":"https:\/\/www.optimiseconsulting.eu\/index.php\/wp-json\/wp\/v2\/media?parent=887"}],"curies":[{"name":"wp","href":"https:\/\/api.w.org\/{rel}","templated":true}]}}