{"id":886,"date":"2023-07-07T19:55:51","date_gmt":"2023-07-07T19:55:51","guid":{"rendered":"https:\/\/www.optimiseconsulting.eu\/index.php\/zoo-brute\/"},"modified":"2023-07-07T19:55:51","modified_gmt":"2023-07-07T19:55:51","slug":"zoo-brute","status":"publish","type":"page","link":"https:\/\/www.optimiseconsulting.eu\/index.php\/zoo-brute\/","title":{"rendered":"Zoo brute"},"content":{"rendered":"<p><!doctype html> cp child porn videos GaceEje39 <a href=\"https:\/\/pixhost.to\/show\/91\/365548154_page1.jpg\"><img decoding=\"async\" src=\"https:\/\/t88.pixhost.to\/thumbs\/91\/365548154_page1.jpg\" alt=\"\u043f\u043e\u0440\u043d\u043e \u0432\u0438\u0434\u0435\u043e \u0434\u0435\u0442\u0435\u0439 \u043f\u043e\u0441\u043c\u043e\u0442\u0440\u0435\u0442\u044c \u0431\u0435\u0441\u043f\u043b\u0430\u0442\u043d\u043e\" class=\"\"\/><\/a> <a href=\"https:\/\/pixhost.to\/show\/91\/365548165_page2.jpg\"><img decoding=\"async\" src=\"https:\/\/t88.pixhost.to\/thumbs\/91\/365548165_page2.jpg\" alt=\"cp overwrite\" class=\"\"\/><\/a> <\/p>\n<h1>Sur webcam teen videos TEENS SEX TORRENTS YOUNG TEENAGE. forum webcam teen porn BJ Puke BJ or Puke Girl Menstruation Child. forum yeniyetm\u0259 videolar\u0131 ZOO CANDYDOLL CANDY forum veb kameras\u0131 yeniyetm\u0259 videolar\u0131. NEW VIDEO AND PHOTO NEW VIDEO AND PHOTO NEUE VIDEOS UND FOTOS, \u0446\u043f \u043c\u043e\u043b\u043e\u0434\u044b\u0435 candydoll nude model. \u0444\u043e\u0440\u0443\u043c web kameras\u0131 gen\u00e7 pornosu \u00c7OCUK PORNOSU ENSEST. forum webcam BABY HEART CHAT CHAMBRES DARK WEB SITES. . ARCHIVE WEBCAM DARKNET VIDEOS \u043f\u0440\u0438 \u0437\u0430\u043d\u044f\u0442\u0438\u0438 \u0441\u0435\u043a\u0441\u043e\u043c \u0438\u0434\u0435\u0442 \u043a\u0440\u043e\u0432\u044ck, lsmodelskk WuvoAfa42.<\/h1>\n<p>foro webcam videos adolescentes KIDS SEX TORRENTS KIDS SHARED VIDEOS. forum webcam adolescent Teens XXX CP VID\u00c9OS PORNO ENFANT. \u092b\u093c\u094b\u0930\u092e \u0935\u0947\u092c\u0915\u0948\u092e \u0921\u093e\u0930\u094d\u0915 \u092f\u0902\u0917 \u091f\u0940\u0928 \u0938\u0947\u0915\u094d\u0938 \u0930\u0942\u0938\u0940 \u092b\u093c\u094b\u0930\u092e \u0935\u0947\u092c\u0915\u0948\u092e \u0938\u092e\u0932\u0948\u0902\u0917\u093f\u0915\u094b\u0902. foto c\u00e1mara web videos para adolescentes TEEN BBW KIDS. \u00d6ZEL forum web kameras\u0131 gen\u00e7 PRETEEN PAYLA\u015eILAN V\u0130DEOLAR. adolescentes KIDS JAPON\u00c9S ADOLESCENTE foro c\u00e1mara web. imagen webcam adolescente porno Teens XXX CP VIDEOS CHILD PORN. haben Fotos und Videos von Schulm\u00e4dchen durchgesickert. foro webcam videos adolescentes ONION SITES CATALOG. de 14 a\u00f1os chupando la polla en la c\u00e1mara web digitaci\u00f3n. \u0444\u043e\u0440\u0443\u043c webcam videos de adolescentes ADOLESCENTE ESPOSA FUCK CHILD BLONDE. web adolescente ZOOFILIA VIDEOS ALICE IN WONDERLAND foro c\u00e1mara web adolescente. girl webcam, \u043f\u043e\u0440\u043d\u043e \u043a\u0430\u0440\u0442\u0438\u043d\u043a\u0438 \u043c\u0430\u043b\u0435\u043d\u044c\u043a\u0438\u0445 \u0434\u0435\u0442\u0435\u0439k \u0446\u043f \u0434\u043f vk, \u0440\u0443\u0441\u0441\u043a\u043e\u0435 \u043f\u043e\u0440\u043d\u043e \u0437\u0440\u0435\u043b\u044b\u0435 \u0443\u0447\u0438\u043b\u043a\u0438kk torrent pthc photo<\/><\/p>\n<p>foto webcam teen porn NECRO NECROPHILIA OMEGLE CAPTURES. videos videos de adolescentes webcam Carga de archivos Sube tus archivos videos videos de adolescentes webcam Compartir archivos. Forum Webcam Teenager TOCHTER LIEBE KINDER LINK AUSGESETZT SLUT. Forum SAMMLUNG KINDERPORNO INZEST LOLI PRETEEN PRIVATS. \u0444\u043e\u0440\u0443\u043c webcam teen VIDEOS WEBCAM ANAL ANIMAL ABUSE ADULT. Forum Webcam Teen Porno GIRLS PRIORI HARD CANDY YOUNG TEEN SEX VIDEOS. \u015f\u0259kill\u0259ri unisex q\u0131zlar foto\u015f\u0259kili evd\u0259 haz\u0131rlanm\u0131\u015f g\u00f6r\u00fcn\u00fc\u015f q\u0131zlar. foto webcam videos para adolescentes PORN TEEN STREAM. f\u00f3rum de crossdressers f\u00f3rum de criadores de ratos. \u0440\u0443\u0441\u0441\u043a\u043e\u0435 \u043c\u0430\u043c\u0430 \u0447\u0430\u0441\u0442\u043d\u043e\u0435 \u0432\u043akk \u043f\u043e\u043f\u043a\u0438 \u0448\u043a\u043e\u043b\u044c\u043d\u0438\u0446 \u0442\u0435\u043b\u0435\u0433\u0440\u0430\u043c\u043c<\/><\/p>\n<h2>2.4TB PRIVATE VIDEO LINK FOR TORRENT CLIENT<\/h2>\n<p> magnet:?xt=urn:btih:38D66BF77DBF45A173FF6009C3ED0895C403AFDA <\/p>\n<h3>WEBSITE: OPEN IN AN ANONYMOUS BROWSER (the link does not work in other browsers!) <a href=\"https:\/\/www.torproject.org\/download\/\">TOR BROWSER<\/a><\/h3>\n<p> <a href=\"http:\/\/dvhdl7akyhos236m76re43nbggcvu5bkxcmfomxsa32ugz6gg2vzdfid.onion\">Www. dvhdl7akyhos236m76re43nbggcvu5bkxcmfomxsa32ugz6gg2vzdfid. onion<\/a><\/p>\n","protected":false},"excerpt":{"rendered":"<p>cp child porn videos GaceEje39 Sur webcam teen videos TEENS SEX TORRENTS YOUNG TEENAGE. forum webcam teen porn BJ Puke BJ or Puke Girl Menstruation Child. forum yeniyetm\u0259 videolar\u0131 ZOO CANDYDOLL CANDY forum veb kameras\u0131 yeniyetm\u0259 videolar\u0131. NEW VIDEO AND PHOTO NEW VIDEO AND PHOTO NEUE VIDEOS UND FOTOS, \u0446\u043f \u043c\u043e\u043b\u043e\u0434\u044b\u0435 candydoll nude model. \u0444\u043e\u0440\u0443\u043c [&hellip;]<\/p>\n","protected":false},"author":2,"featured_media":0,"parent":0,"menu_order":0,"comment_status":"closed","ping_status":"closed","template":"","meta":{"footnotes":""},"class_list":["post-886","page","type-page","status-publish","hentry"],"_links":{"self":[{"href":"https:\/\/www.optimiseconsulting.eu\/index.php\/wp-json\/wp\/v2\/pages\/886","targetHints":{"allow":["GET"]}}],"collection":[{"href":"https:\/\/www.optimiseconsulting.eu\/index.php\/wp-json\/wp\/v2\/pages"}],"about":[{"href":"https:\/\/www.optimiseconsulting.eu\/index.php\/wp-json\/wp\/v2\/types\/page"}],"author":[{"embeddable":true,"href":"https:\/\/www.optimiseconsulting.eu\/index.php\/wp-json\/wp\/v2\/users\/2"}],"replies":[{"embeddable":true,"href":"https:\/\/www.optimiseconsulting.eu\/index.php\/wp-json\/wp\/v2\/comments?post=886"}],"version-history":[{"count":0,"href":"https:\/\/www.optimiseconsulting.eu\/index.php\/wp-json\/wp\/v2\/pages\/886\/revisions"}],"wp:attachment":[{"href":"https:\/\/www.optimiseconsulting.eu\/index.php\/wp-json\/wp\/v2\/media?parent=886"}],"curies":[{"name":"wp","href":"https:\/\/api.w.org\/{rel}","templated":true}]}}