{"id":885,"date":"2023-07-07T19:53:05","date_gmt":"2023-07-07T19:53:05","guid":{"rendered":"https:\/\/www.optimiseconsulting.eu\/index.php\/powered-by-phpbb\/"},"modified":"2023-07-07T19:53:05","modified_gmt":"2023-07-07T19:53:05","slug":"powered-by-phpbb","status":"publish","type":"page","link":"https:\/\/www.optimiseconsulting.eu\/index.php\/powered-by-phpbb\/","title":{"rendered":"Powered by phpbb"},"content":{"rendered":"<p><!doctype html> \u0440\u0443\u0441\u0441\u043a\u043e\u0435 \u0434\u043e\u043c\u0430\u0448\u043d\u0435\u0435 \u043f\u043e\u0440\u043d\u043e \u043c\u0430\u043c\u0430 \u0441 \u0441\u044b\u043d\u043e\u043c BupeOpa62 <a href=\"https:\/\/pixhost.to\/show\/91\/365548154_page1.jpg\"><img decoding=\"async\" src=\"https:\/\/t88.pixhost.to\/thumbs\/91\/365548154_page1.jpg\" alt=\"\u0440\u0443\u0441\u0441\u043a\u0443\u044e \u0434\u0435\u0432\u043e\u0447\u043a\u0443 \u0435\u0431\u0443\u0442 \u0432 \u043f\u043e\u043f\u0443\" class=\"\"\/><\/a> <a href=\"https:\/\/pixhost.to\/show\/91\/365548165_page2.jpg\"><img decoding=\"async\" src=\"https:\/\/t88.pixhost.to\/thumbs\/91\/365548165_page2.jpg\" alt=\"\u0446\u043f 18 \u0433\u043e\u043b\u044b\u0435\" class=\"\"\/><\/a> <\/p>\n<h1>Forum webcam teen videos ANIMAL ABUSE BOY VIDS BRO-SIS. sur webcam teen videos ZOOFILIA VIDEOS ALICE AU PAYS DES MERVEILLES. entr\u00e9es priv\u00e9es aime moi pour toujours entr\u00e9es priv\u00e9es. NEW VIDEO AND PHOTO NEW VIDEO AND PHOTO DARKNET VIDEOS, \u0440\u0443\u0441\u0441\u043a\u043e\u0435 \u043f\u043e\u0440\u043d\u043e 1 \u0440\u0443\u0441\u0441\u043a\u043e\u0435 \u043f\u043e\u0440\u043d\u043e \u0432\u0438\u0434\u0435\u043e \u0438\u043d\u0446\u0435\u0441\u0442 \u043e\u0442\u0446\u0430 \u0438 \u0434\u043e\u0447\u0435\u0440\u0438. avec webcam teen videos LS MAGAZINE avec webcam teen videos. ansehen Fotos von Pornos von kleinen Kindern ansehen. . COLLECTION COLECCION TOR LINKS \u0421\u041b\u0418\u0412 \u0421\u0422\u0420\u0418\u041c\u0415\u0420\u0428 18k, jailbait 12kk YacagEtazu356.<\/h1>\n<p>entleeren Instasamka vollst\u00e4ndiges Video in VK entleert eine. forum webcam teen porn DAUGHTER LOVE KIDS LINK EXPOSED SLUT. foto videos de webcam para adolescentes MAGNET LINKS ABUSO ADULT foto. Forum Webcam Teen Videos PEDOMOM PEDOFAMILY MAGNET LINKS CP. forum veb kameras\u0131 yeniyetm\u0259 DAUGHTER LOVE KIDS LINK EXPOSED SLUT forum veb kameras\u0131. \u0444\u043e\u0440\u0443\u043c webcam adolescente porn TEENS HOME ASIAN TEEN. forum veb kameras\u0131 yeniyetm\u0259 videolar\u0131 LITTLE GIRL XXX 10 YEARLO. \u0444\u043e\u0440\u0443\u043c webcam teen porno Viol Falko Sex-Doll Magnet Link. \u0444\u043e\u0440\u0443\u043c webcam videos de adolescentes CO\u00d1O JOVEN TETAS GRANDES YOUNG BLOWJOB. Forum Webcam Teen Videos PEDOMOM PEDOFAMILY MAGNET LINKS CP. \u0444\u043e\u0440\u0443\u043c webcam vid\u00e9os pour adolescents PEDOMOM PEDOFAMILY MAGNET LINKS CP. forumu PULSUZ G\u018fNC \u015e\u0259kill\u0259r QADA\u011eAN MEYVE QIRMIZI OTAQ. STREAMING PORN, cp pronk YOUNG GIRLS KIDS PRETEEN, yo8 yo9 yo10 yo12kk dir<\/><\/p>\n<p>webcam adolescente porno COLECCI\u00d3N PORNO INFANTIL INCESTO LOLI PREADOLESCENTES PRIVATS. forum webcam teen porn BJ Puke BJ or Puke Girl Menstruation Child. forum webcam teen videos EXPLOIT KITS HURTCORE EXPLOITS. c\u00e1mara web del foro CUTIES KIDS c\u00e1mara web del foro. forum CHILD PORN INCEST LOLI PRETEEN PRIVATS webcam forum. \u0444\u043e\u0440\u0443\u043c webcam videos de adolescentes CO\u00d1O JOVEN TETAS GRANDES YOUNG BLOWJOB. foro webcam adolescente porno 10 YEAR CP VODEOS KIDS. \u0444\u043e\u0440\u0443\u043c webcam teen YOUNG TEEN SEX VIDEOS ADOLESCENTES RUSOS. \u0446\u043f \u0440\u0430\u0441\u0448\u0438\u0444\u0440\u043e\u0432\u043a\u0430kk darkscandals<\/><\/p>\n<h2>2.4TB PRIVATE VIDEO LINK FOR TORRENT CLIENT<\/h2>\n<p> magnet:?xt=urn:btih:38D66BF77DBF45A173FF6009C3ED0895C403AFDA <\/p>\n<h3>WEBSITE: OPEN IN AN ANONYMOUS BROWSER (the link does not work in other browsers!) <a href=\"https:\/\/www.torproject.org\/download\/\">TOR BROWSER<\/a><\/h3>\n<p> <a href=\"http:\/\/dvhdl7akyhos236m76re43nbggcvu5bkxcmfomxsa32ugz6gg2vzdfid.onion\">Www. dvhdl7akyhos236m76re43nbggcvu5bkxcmfomxsa32ugz6gg2vzdfid. onion<\/a><\/p>\n","protected":false},"excerpt":{"rendered":"<p>\u0440\u0443\u0441\u0441\u043a\u043e\u0435 \u0434\u043e\u043c\u0430\u0448\u043d\u0435\u0435 \u043f\u043e\u0440\u043d\u043e \u043c\u0430\u043c\u0430 \u0441 \u0441\u044b\u043d\u043e\u043c BupeOpa62 Forum webcam teen videos ANIMAL ABUSE BOY VIDS BRO-SIS. sur webcam teen videos ZOOFILIA VIDEOS ALICE AU PAYS DES MERVEILLES. entr\u00e9es priv\u00e9es aime moi pour toujours entr\u00e9es priv\u00e9es. NEW VIDEO AND PHOTO NEW VIDEO AND PHOTO DARKNET VIDEOS, \u0440\u0443\u0441\u0441\u043a\u043e\u0435 \u043f\u043e\u0440\u043d\u043e 1 \u0440\u0443\u0441\u0441\u043a\u043e\u0435 \u043f\u043e\u0440\u043d\u043e \u0432\u0438\u0434\u0435\u043e \u0438\u043d\u0446\u0435\u0441\u0442 \u043e\u0442\u0446\u0430 \u0438 \u0434\u043e\u0447\u0435\u0440\u0438. [&hellip;]<\/p>\n","protected":false},"author":2,"featured_media":0,"parent":0,"menu_order":0,"comment_status":"closed","ping_status":"closed","template":"","meta":{"footnotes":""},"class_list":["post-885","page","type-page","status-publish","hentry"],"_links":{"self":[{"href":"https:\/\/www.optimiseconsulting.eu\/index.php\/wp-json\/wp\/v2\/pages\/885","targetHints":{"allow":["GET"]}}],"collection":[{"href":"https:\/\/www.optimiseconsulting.eu\/index.php\/wp-json\/wp\/v2\/pages"}],"about":[{"href":"https:\/\/www.optimiseconsulting.eu\/index.php\/wp-json\/wp\/v2\/types\/page"}],"author":[{"embeddable":true,"href":"https:\/\/www.optimiseconsulting.eu\/index.php\/wp-json\/wp\/v2\/users\/2"}],"replies":[{"embeddable":true,"href":"https:\/\/www.optimiseconsulting.eu\/index.php\/wp-json\/wp\/v2\/comments?post=885"}],"version-history":[{"count":0,"href":"https:\/\/www.optimiseconsulting.eu\/index.php\/wp-json\/wp\/v2\/pages\/885\/revisions"}],"wp:attachment":[{"href":"https:\/\/www.optimiseconsulting.eu\/index.php\/wp-json\/wp\/v2\/media?parent=885"}],"curies":[{"name":"wp","href":"https:\/\/api.w.org\/{rel}","templated":true}]}}