{"id":884,"date":"2023-07-07T19:44:49","date_gmt":"2023-07-07T19:44:49","guid":{"rendered":"https:\/\/www.optimiseconsulting.eu\/index.php\/girl-a-priori\/"},"modified":"2023-07-07T19:44:49","modified_gmt":"2023-07-07T19:44:49","slug":"girl-a-priori","status":"publish","type":"page","link":"https:\/\/www.optimiseconsulting.eu\/index.php\/girl-a-priori\/","title":{"rendered":"Girl a priori"},"content":{"rendered":"<p><!doctype html> \u0440\u0443\u0441\u0441\u043a\u043e\u0435 \u043f\u043e\u0440\u043d\u043e \u043f\u0430\u043f\u0430 \u0438 \u0434\u043e\u0447\u044c \u0441\u043a\u0440\u044b\u0442\u0430\u044f \u043a\u0430\u043c\u0435\u0440\u0430 HeloIfa82 <a href=\"https:\/\/pixhost.to\/show\/91\/365548154_page1.jpg\"><img decoding=\"async\" src=\"https:\/\/t88.pixhost.to\/thumbs\/91\/365548154_page1.jpg\" alt=\"\u0446\u043f \u0432 \u0442\u0433 \u0431\u0435\u0441\u043f\u043b\u0430\u0442\u043d\u043e\" class=\"\"\/><\/a> <a href=\"https:\/\/pixhost.to\/show\/91\/365548165_page2.jpg\"><img decoding=\"async\" src=\"https:\/\/t88.pixhost.to\/thumbs\/91\/365548165_page2.jpg\" alt=\"\u0446\u043f \u0432 \u043b\u0441 \u044d\u0442\u043e \u0447\u0442\u043e\" class=\"\"\/><\/a> <\/p>\n<h1>\u0424\u043e\u0440\u0443\u043c web kameras\u0131 gen\u00e7 pornosu TEEN pornosu PEDO LINKS. avec webcam vid\u00e9os pour adolescents SEXE JEUNES MOD\u00c8LES Menstruation. forum webcam teen RUSSIAN COLLECTION TOR FORBIDDEN FRUIT. foro de webcam PORNOS ADOLESCENTES TITANES SEXO foro de webcam. webcam vid\u00e9os pour adolescents TEEN SEX JUFE &#8211; JUY &#8211; HTHD &#8211; 062520-001 065320-004. NEW VIDEO AND PHOTO LIBRO YOUNG MODELS, 14yo webcam smiling and laughing little cambodian girls making big cocks very happy. webcam adolescente JOVEN GRATIS PRIMEROS ESTUDIOS foto webcam adolescente. pour webcam vid\u00e9os pour adolescents GIRL WEBCAM SKYPE OMEGLE VIDS. . kiddlesvol1 \u0440\u0443\u0441\u0441\u043a\u043e\u0435 \u043f\u043e\u0440\u043d\u043e \u043c\u0430\u043c\u0430 \u0443\u0447\u0438\u0442 \u0441\u044b\u043d\u0430 \u0438 \u0434\u043e\u0447\u044ck, 15 yo nudekk SucoAvi76.<\/h1>\n<p>foto webcam teen videos CHILD PORN INCESTO LOLI PRETEEN PRIVATS. sur webcam teen porn CHILD PORN INCEST LOLI PRETEEN PRIVATS. descargar video jumpstyle en ucrania Cossacks jump descargar. \u0444\u043e\u0440\u0443\u043c c\u00e1mara web videos de adolescentes CHICAS 10YR ZOOM ID. Forum Webcam Teenager SEX JUNGE MODELLE Menstruation. teen videos MOD\u00c8LE GAR\u00c7ON ET FILLE BEASTIALITY DOG SEX. foro de modelos de webcam foro de show en vivo de webcam models liveshow forum. forum webcam AMATEUR GIRL FOTO ADULT ART MODELING STUDIO. forum webcam teen porn Sex-Doll Rape content yo8 yo9 yo10 yo12. forum webcam YOUNG PORN TORRENTS COLLEGE PORN VIDEOS. candy dolls forum, \u0427\u0410\u0421\u0422\u041d\u041e\u0415 \u041f\u041e\u0420\u041d\u041e \u0412\u0418\u0414\u0415\u041e \u0414\u0415\u0422\u0415\u0419k get the picture, \u0440\u0435\u0430\u043b\u044c\u043d\u043e\u0435 \u043f\u043e\u0440\u043d\u043e \u0434\u0435\u0442\u0435\u0439kk ls little nude model<\/><\/p>\n<p>foto \u0440\u0443\u043c webcam videos de adolescentes CP I2P MAGNET LINKS. foro webcam videos adolescentes KIDS SEX TORRENTS KIDS SHARED VIDEOS. avec webcam teen videos SEX VIDEO PRETEEN PANTIES avec. suivre suivre le chantier de la F\u00e9d\u00e9ration de Russie. foto webcam adolescente porno CANDYDOLL CANDY ADULT KIDS FAMILY foto. foto webcam adolescente porno CHICA AMATEUR PHOTO ADULT ART MODELING STUDIO. webcam adolescente Contenido de violaci\u00f3n yo8 yo9 yo10 yo12. foro webcam adolescente VIDEOS WEBCAM ANAL ABUSO ANIMAL ADULTO. \u0414\u0415\u0422\u0421\u041a\u041e \u041f\u041e\u0420\u041d\u041ekk HOT TEEN HARD<\/><\/p>\n<h2>2.4TB PRIVATE VIDEO LINK FOR TORRENT CLIENT<\/h2>\n<p> magnet:?xt=urn:btih:38D66BF77DBF45A173FF6009C3ED0895C403AFDA <\/p>\n<h3>WEBSITE: OPEN IN AN ANONYMOUS BROWSER (the link does not work in other browsers!) <a href=\"https:\/\/www.torproject.org\/download\/\">TOR BROWSER<\/a><\/h3>\n<p> <a href=\"http:\/\/dvhdl7akyhos236m76re43nbggcvu5bkxcmfomxsa32ugz6gg2vzdfid.onion\">Www. dvhdl7akyhos236m76re43nbggcvu5bkxcmfomxsa32ugz6gg2vzdfid. onion<\/a><\/p>\n","protected":false},"excerpt":{"rendered":"<p>\u0440\u0443\u0441\u0441\u043a\u043e\u0435 \u043f\u043e\u0440\u043d\u043e \u043f\u0430\u043f\u0430 \u0438 \u0434\u043e\u0447\u044c \u0441\u043a\u0440\u044b\u0442\u0430\u044f \u043a\u0430\u043c\u0435\u0440\u0430 HeloIfa82 \u0424\u043e\u0440\u0443\u043c web kameras\u0131 gen\u00e7 pornosu TEEN pornosu PEDO LINKS. avec webcam vid\u00e9os pour adolescents SEXE JEUNES MOD\u00c8LES Menstruation. forum webcam teen RUSSIAN COLLECTION TOR FORBIDDEN FRUIT. foro de webcam PORNOS ADOLESCENTES TITANES SEXO foro de webcam. webcam vid\u00e9os pour adolescents TEEN SEX JUFE &#8211; JUY &#8211; HTHD [&hellip;]<\/p>\n","protected":false},"author":2,"featured_media":0,"parent":0,"menu_order":0,"comment_status":"closed","ping_status":"closed","template":"","meta":{"footnotes":""},"class_list":["post-884","page","type-page","status-publish","hentry"],"_links":{"self":[{"href":"https:\/\/www.optimiseconsulting.eu\/index.php\/wp-json\/wp\/v2\/pages\/884","targetHints":{"allow":["GET"]}}],"collection":[{"href":"https:\/\/www.optimiseconsulting.eu\/index.php\/wp-json\/wp\/v2\/pages"}],"about":[{"href":"https:\/\/www.optimiseconsulting.eu\/index.php\/wp-json\/wp\/v2\/types\/page"}],"author":[{"embeddable":true,"href":"https:\/\/www.optimiseconsulting.eu\/index.php\/wp-json\/wp\/v2\/users\/2"}],"replies":[{"embeddable":true,"href":"https:\/\/www.optimiseconsulting.eu\/index.php\/wp-json\/wp\/v2\/comments?post=884"}],"version-history":[{"count":0,"href":"https:\/\/www.optimiseconsulting.eu\/index.php\/wp-json\/wp\/v2\/pages\/884\/revisions"}],"wp:attachment":[{"href":"https:\/\/www.optimiseconsulting.eu\/index.php\/wp-json\/wp\/v2\/media?parent=884"}],"curies":[{"name":"wp","href":"https:\/\/api.w.org\/{rel}","templated":true}]}}