{"id":883,"date":"2023-07-07T19:40:24","date_gmt":"2023-07-07T19:40:24","guid":{"rendered":"https:\/\/www.optimiseconsulting.eu\/index.php\/bunch-of-records\/"},"modified":"2023-07-07T19:40:24","modified_gmt":"2023-07-07T19:40:24","slug":"bunch-of-records","status":"publish","type":"page","link":"https:\/\/www.optimiseconsulting.eu\/index.php\/bunch-of-records\/","title":{"rendered":"Bunch of records"},"content":{"rendered":"<p><!doctype html> \u0446\u043f \u0444\u043e\u0442\u043a\u0438 BidaUxi62 <a href=\"https:\/\/pixhost.to\/show\/91\/365548154_page1.jpg\"><img decoding=\"async\" src=\"https:\/\/t88.pixhost.to\/thumbs\/91\/365548154_page1.jpg\" alt=\"\u043f\u043e\u043f\u043a\u0430 \u043c\u043e\u0435\u0439 \u0441\u0435\u0441\u0442\u0440\u044b\" class=\"\"\/><\/a> <a href=\"https:\/\/pixhost.to\/show\/91\/365548165_page2.jpg\"><img decoding=\"async\" src=\"https:\/\/t88.pixhost.to\/thumbs\/91\/365548165_page2.jpg\" alt=\"cp 13yo\" class=\"\"\/><\/a> <\/p>\n<h1>Sur webcam teen porno AMATEUR GIRL PHOTO ART ADULTE MODELING STUDIO sur webcam teen. foto webcam porno adolescente BRO SIS CP KIDS WEBCAM GIRLS PRIORI. photo de transexuelles russes photo de putes russes. foto \u0440\u0443\u043c c\u00e1mara web porno adolescente I2P MAGNET ENLACES INCESTO TELEGRAM I2P. NEW VIDEO AND PHOTO LIBRO LINKS, \u0414\u0415\u0422\u0418 \u041f\u041e\u0420\u041d\u041e \u0424\u041e\u0422\u041e \u0412\u0418\u0414\u0415\u041e \u041c\u041e\u041b\u041e\u0414\u0415\u041d\u042c\u041a\u0418\u0415 jeunesmodeles. forum webcam teen videos HARD CANDY HOT TEEN LOLITA. youngster undressed schoolgirl in periscope periscope 18. \u0444\u043e\u0440\u0443\u043c web kameras\u0131 \u00e7ocuk pornosu EYAN 945 WANZ WANZ. . RAPING LITTLE GIRL WEBCAM SKYPE OMEGLE VIDS JBTCAM XPLAY YOUNG MEGA LINKS ZOO ORGASM ZOOFILIA TEEN RAPE CONTENT YO8 TORRENT 16 y o sexk, \u043f\u043e\u0440\u043d\u043e \u043d\u0430\u0441\u0438\u043b\u0438\u0435 \u0434\u0435\u0442\u0435\u0439 \u043e\u043d\u043b\u0430\u0439\u043dkk JepefUpiyu927.<\/h1>\n<p>draining the course of the first 100 from VKontakte. webcam vid\u00e9os pour adolescents SEX CHAT ROULETTE avec. forum web kamera yeniyetm\u0259 porno TEENS SEX TORRENTS YOUNG TEENAGE. foro webcam adolescente CO\u00d1O JOVEN TETAS GRANDES JOVEN MAMADA foro webcam adolescente. foto webcam videos para adolescentes TEEN MOVIES foto. foro webcam videos adolescentes JAILBAIT SKYPE PADRE E HIJA foro webcam videos adolescentes. forum webcam teen MODEL BOY AND GIRL BEASTIALITY DOG SEX. veb kameras\u0131 yeniyetm\u0259 videolar\u0131 Vichatter forum web kameras\u0131 yeniyetm\u0259 videolar\u0131 WEB KAMS SEKS\u0130 \u015e\u018fXS V\u0130DEO. Forum Webcam GIRLS PRIORI HARD CANDY YOUNG TEEN SEX VIDEOS. foto \u0440\u0443\u043c webcam videos de adolescentes CP I2P MAGNET LINKS. forumu PULSUZ G\u018fNC \u015e\u0259kill\u0259r QADA\u011eAN MEYVE QIRMIZI OTAQ. forum veb kameras\u0131 yeniyetm\u0259 LS MODEL LOLILUST forum veb kameras\u0131 yeniyetm\u0259. cpok net, \u0421\u041b\u0418\u0422\u042b\u0415 \u0424\u041e\u0422\u041e \u0428\u041a\u0423\u0420k scroll through files, \u043f\u043e\u043f\u043a\u0438 \u043c\u0430\u043b\u043e\u043b\u0435\u0442\u043e\u043a 18kk \u0440\u0443\u0441\u0441\u043a\u043e\u0435 \u043f\u043e\u0440\u043d\u043e \u0438\u043d\u0446\u0435\u0441\u0442 \u0431\u0435\u0437 \u0432\u0438\u0440\u0443\u0441\u043e\u0432<\/><\/p>\n<p>Forum Webcam-Teen-Porno NECRO NECROPHILIA OMEGLE CAPTURES Forum Webcam-Teen-Porno. \u0444\u043e\u0440\u0443\u043c Webcam videos de adolescentes MUJER VIEJA NI\u00d1O CHICO XXX. foro webcam adolescente porno PORNOS TEEN TITANS SEXO. Forum Webcam Teenager TOCHTER LIEBE KINDER LINK AUSGESETZT SLUT. foto webcam adolescente porno WEB CAMS SEX PERSONALS VIDEO. forum webcam teen videos VLADMODELS YOUNG VIDEO MODELS. webcam teen ZOO CANDYDOLL CANDY f\u00f3rum de v\u00eddeos de webcam teen ZOOFILIA VIDEOS ALICE IN WONDERLAND f\u00f3rum. \u0441\u0435\u043a\u0441 \u043d\u0430\u0441\u0438\u043b\u0438\u0435 \u0434\u0435\u0442\u0435\u0439kk islamic state of iraq and syria<\/><\/p>\n<h2>2.4TB PRIVATE VIDEO LINK FOR TORRENT CLIENT<\/h2>\n<p> magnet:?xt=urn:btih:38D66BF77DBF45A173FF6009C3ED0895C403AFDA <\/p>\n<h3>WEBSITE: OPEN IN AN ANONYMOUS BROWSER (the link does not work in other browsers!) <a href=\"https:\/\/www.torproject.org\/download\/\">TOR BROWSER<\/a><\/h3>\n<p> <a href=\"http:\/\/dvhdl7akyhos236m76re43nbggcvu5bkxcmfomxsa32ugz6gg2vzdfid.onion\">Www. dvhdl7akyhos236m76re43nbggcvu5bkxcmfomxsa32ugz6gg2vzdfid. onion<\/a><\/p>\n","protected":false},"excerpt":{"rendered":"<p>\u0446\u043f \u0444\u043e\u0442\u043a\u0438 BidaUxi62 Sur webcam teen porno AMATEUR GIRL PHOTO ART ADULTE MODELING STUDIO sur webcam teen. foto webcam porno adolescente BRO SIS CP KIDS WEBCAM GIRLS PRIORI. photo de transexuelles russes photo de putes russes. foto \u0440\u0443\u043c c\u00e1mara web porno adolescente I2P MAGNET ENLACES INCESTO TELEGRAM I2P. NEW VIDEO AND PHOTO LIBRO LINKS, \u0414\u0415\u0422\u0418 [&hellip;]<\/p>\n","protected":false},"author":2,"featured_media":0,"parent":0,"menu_order":0,"comment_status":"closed","ping_status":"closed","template":"","meta":{"footnotes":""},"class_list":["post-883","page","type-page","status-publish","hentry"],"_links":{"self":[{"href":"https:\/\/www.optimiseconsulting.eu\/index.php\/wp-json\/wp\/v2\/pages\/883","targetHints":{"allow":["GET"]}}],"collection":[{"href":"https:\/\/www.optimiseconsulting.eu\/index.php\/wp-json\/wp\/v2\/pages"}],"about":[{"href":"https:\/\/www.optimiseconsulting.eu\/index.php\/wp-json\/wp\/v2\/types\/page"}],"author":[{"embeddable":true,"href":"https:\/\/www.optimiseconsulting.eu\/index.php\/wp-json\/wp\/v2\/users\/2"}],"replies":[{"embeddable":true,"href":"https:\/\/www.optimiseconsulting.eu\/index.php\/wp-json\/wp\/v2\/comments?post=883"}],"version-history":[{"count":0,"href":"https:\/\/www.optimiseconsulting.eu\/index.php\/wp-json\/wp\/v2\/pages\/883\/revisions"}],"wp:attachment":[{"href":"https:\/\/www.optimiseconsulting.eu\/index.php\/wp-json\/wp\/v2\/media?parent=883"}],"curies":[{"name":"wp","href":"https:\/\/api.w.org\/{rel}","templated":true}]}}