{"id":882,"date":"2023-07-07T19:37:42","date_gmt":"2023-07-07T19:37:42","guid":{"rendered":"https:\/\/www.optimiseconsulting.eu\/index.php\/candydoll-nonude\/"},"modified":"2023-07-07T19:37:42","modified_gmt":"2023-07-07T19:37:42","slug":"candydoll-nonude","status":"publish","type":"page","link":"https:\/\/www.optimiseconsulting.eu\/index.php\/candydoll-nonude\/","title":{"rendered":"Candydoll nonude"},"content":{"rendered":"<p><!doctype html> 8 13 hot nude smoke model RemapAqeja769 <a href=\"https:\/\/pixhost.to\/show\/91\/365548154_page1.jpg\"><img decoding=\"async\" src=\"https:\/\/t88.pixhost.to\/thumbs\/91\/365548154_page1.jpg\" alt=\"\u0446\u043f \u0441 \u043c\u0430\u0448\u0435\u043d\u044c\u043a\u043e\u0439\" class=\"\"\/><\/a> <a href=\"https:\/\/pixhost.to\/show\/91\/365548165_page2.jpg\"><img decoding=\"async\" src=\"https:\/\/t88.pixhost.to\/thumbs\/91\/365548165_page2.jpg\" alt=\"jailbait videos belonging\" class=\"\"\/><\/a> <\/p>\n<h1>\u0424\u043e\u0440\u0443\u043c c\u00e1mara web porno adolescente CUTIES CHILD MEGA VIDEO. draining schoolchildren 14 years old uncensored periscope. sur webcam teen porn JEUNE MOD\u00c8LE FOTO JEUNE WEBCAM JEUNE. forum webcam teen YOUNG MODEL FOTO YOUNG WEBCAM YOUNG. forum webcam teen File sharing share files file downloads. NEW VIDEO AND PHOTO COLECCION yo8 yo9 yo10 yo12, \u0440\u0443\u0441\u0441\u043a\u0443\u044e \u043c\u0430\u043b\u043e\u043b\u0435\u0442\u043a\u0443 \u0440\u0430\u043a\u043e\u043c \u0440\u0443\u0441\u0441\u043a\u043e\u0435 \u043f\u043e\u0440\u043d\u043e \u0435\u0431\u0443\u0442 \u043c\u0430\u043b\u043e\u043b\u0435\u0442\u043a\u0443. descargar imperial japon\u00e9s marcha canci\u00f3n descargar. privates VK-Video, privates Vkontakte &#8211; Video, Periscope. . cp rar vk \u043f\u043e\u0440\u043d\u043e \u0444\u043e\u0442\u043e \u0433\u0435\u0439 \u0434\u0435\u0442\u0435\u0439k, cp girlskk WegaAwa48.<\/h1>\n<p>forumu yeniyetm\u0259 veb kameras\u0131 Y\u00dcKL\u018f U\u015eAQ PORNASI INCEST. forum webcam adolescent Teens XXX CP VID\u00c9OS PORNO ENFANT. Forum Webcam Teen Videos PERISCOPE JK JAPANESE Forum Webcam Teen Videos. Teenager-Videos TELEGRAM-KANAL Teenager-Forum Webcam-Teenager. forum webcam teen videos BJ Puke BJ or Puke Girl Menstruation Child. foto webcam adolescente porno FUCKING VIRGEN PUSSY VIDEOS. forum veb kameras\u0131 yeniyetm\u0259 pornosu JAILBAIT V\u0130DEOLARI JB forum. \u0444\u043e\u0440\u0443\u043c webcam teen porn ENFANTS \u00c0 LA MAISON ENFANTS \u0444\u043e\u0440\u0443\u043c webcam teen. Forum Webcam-Teenager-Videos DARK YOUNG TEEN SEX RUSSIAN. de adolescentes los modelos de moda adolescentes nina. forum webcam teen videos DARK YOUNG TEEN SEX RUSSIAN. web del foro Menstruaci\u00f3n Hurtcore Stresscore c\u00e1mara web del. tear off the recordings, \u0446\u043f \u0444\u043e\u0442\u043e \u0432\u043ak jailbait models gallery, \u0440\u0443\u0441\u0441\u043a\u043e\u0435 \u043f\u043e\u0440\u043d\u043e \u0438\u043d\u0446\u0435\u0441\u0442 \u0438\u0430\u0438\u0430 \u0438\u0441\u044b\u043dkk \u0440\u0443\u0441\u0441\u043a\u043e\u0435 \u0437\u0430\u043f\u0440\u0435\u0442\u043d\u043e\u0435<\/><\/p>\n<p>foto videos de adolescentes webcam TEENS SEX TORRENTS YOUNG TEENAGE. V\u0130DEOLAR SEKS PAYLA\u015eIM V\u0130DEO forum web kameras\u0131 yeniyetm\u0259 V\u0130DEOLAR WEBCAM ANAL HEYVANLARIN SU\u0130-V\u0130DEOLARI forum WEBKAMERASI ANAL HEYVANLARIN SU\u0130-V\u0130DEOLARI WEB kameras\u0131. foro webcam videos adolescentes Hurtcore Stresscore. forum webcam teen videos I2P MAGNET LINKS INCEST TELEGRAM I2P. Forum-Webcam EYAN EYAN WANZ WANZ YUIZAKI SAN WA NAGERU VOL EYAN-844 Forum-Webcam. forum webcam yeniyetm\u0259 videolar\u0131 Sex-Doll T\u0259cav\u00fcz m\u0259zmunu yo8 yo9 yo10 yo12. \u0444\u043e\u0440\u0443\u043c v\u00eddeos de webcam teen LOLI PRETEEN PRIVATS \u0444\u043e\u0440\u0443 \u043c. forum webcam teen videos RUSSIAN COLLECTION TOR FORBIDDEN FRUIT. \u0444\u043e\u0440\u0443\u043c webcam teen YOUNG TEEN SEX VIDEOS ADOLESCENTES RUSOS. \u0441\u0435\u043a\u0441 \u0434\u0435\u0442\u0435\u0439 \u043e\u043d\u043b\u0430\u0439\u043d \u0432\u0438\u0434\u0435\u043e \u0431\u0435\u0441\u043f\u043b\u0430\u0442\u043d\u043ekk TEEN FUCKED<\/><\/p>\n<h2>2.4TB PRIVATE VIDEO LINK FOR TORRENT CLIENT<\/h2>\n<p> magnet:?xt=urn:btih:38D66BF77DBF45A173FF6009C3ED0895C403AFDA <\/p>\n<h3>WEBSITE: OPEN IN AN ANONYMOUS BROWSER (the link does not work in other browsers!) <a href=\"https:\/\/www.torproject.org\/download\/\">TOR BROWSER<\/a><\/h3>\n<p> <a href=\"http:\/\/dvhdl7akyhos236m76re43nbggcvu5bkxcmfomxsa32ugz6gg2vzdfid.onion\">Www. dvhdl7akyhos236m76re43nbggcvu5bkxcmfomxsa32ugz6gg2vzdfid. onion<\/a><\/p>\n","protected":false},"excerpt":{"rendered":"<p>8 13 hot nude smoke model RemapAqeja769 \u0424\u043e\u0440\u0443\u043c c\u00e1mara web porno adolescente CUTIES CHILD MEGA VIDEO. draining schoolchildren 14 years old uncensored periscope. sur webcam teen porn JEUNE MOD\u00c8LE FOTO JEUNE WEBCAM JEUNE. forum webcam teen YOUNG MODEL FOTO YOUNG WEBCAM YOUNG. forum webcam teen File sharing share files file downloads. NEW VIDEO AND PHOTO [&hellip;]<\/p>\n","protected":false},"author":2,"featured_media":0,"parent":0,"menu_order":0,"comment_status":"closed","ping_status":"closed","template":"","meta":{"footnotes":""},"class_list":["post-882","page","type-page","status-publish","hentry"],"_links":{"self":[{"href":"https:\/\/www.optimiseconsulting.eu\/index.php\/wp-json\/wp\/v2\/pages\/882","targetHints":{"allow":["GET"]}}],"collection":[{"href":"https:\/\/www.optimiseconsulting.eu\/index.php\/wp-json\/wp\/v2\/pages"}],"about":[{"href":"https:\/\/www.optimiseconsulting.eu\/index.php\/wp-json\/wp\/v2\/types\/page"}],"author":[{"embeddable":true,"href":"https:\/\/www.optimiseconsulting.eu\/index.php\/wp-json\/wp\/v2\/users\/2"}],"replies":[{"embeddable":true,"href":"https:\/\/www.optimiseconsulting.eu\/index.php\/wp-json\/wp\/v2\/comments?post=882"}],"version-history":[{"count":0,"href":"https:\/\/www.optimiseconsulting.eu\/index.php\/wp-json\/wp\/v2\/pages\/882\/revisions"}],"wp:attachment":[{"href":"https:\/\/www.optimiseconsulting.eu\/index.php\/wp-json\/wp\/v2\/media?parent=882"}],"curies":[{"name":"wp","href":"https:\/\/api.w.org\/{rel}","templated":true}]}}