{"id":879,"date":"2023-07-07T19:26:52","date_gmt":"2023-07-07T19:26:52","guid":{"rendered":"https:\/\/www.optimiseconsulting.eu\/index.php\/15-yo-sex-com\/"},"modified":"2023-07-07T19:26:52","modified_gmt":"2023-07-07T19:26:52","slug":"15-yo-sex-com","status":"publish","type":"page","link":"https:\/\/www.optimiseconsulting.eu\/index.php\/15-yo-sex-com\/","title":{"rendered":"15 yo sex com"},"content":{"rendered":"<p><!doctype html> \u0446\u043f \u043f\u043e\u043a\u043e\u0440\u043d\u043e \u0434\u0435\u0442\u0438 RuwiIdu72 <a href=\"https:\/\/pixhost.to\/show\/91\/365548154_page1.jpg\"><img decoding=\"async\" src=\"https:\/\/t88.pixhost.to\/thumbs\/91\/365548154_page1.jpg\" alt=\"\u0440\u0443\u0441\u0441\u043a\u043e\u0435 \u043f\u043e\u0440\u043d\u043e \u0441\u043a\u0440\u043e\u043c\u043d\u044b\u0445 \u0434\u0435\u0432\u043e\u0447\u0435\u043a\" class=\"\"\/><\/a> <a href=\"https:\/\/pixhost.to\/show\/91\/365548165_page2.jpg\"><img decoding=\"async\" src=\"https:\/\/t88.pixhost.to\/thumbs\/91\/365548165_page2.jpg\" alt=\"\u0446\u043f \u043a\u0438\u0442\u0430\u0439\u0441\u043a\u0438\u0439 \u0441\u0430\u0439\u0442\" class=\"\"\/><\/a> <\/p>\n<h1>Forum webcam teen videos Hurt-core and Stress-core. foro webcam adolescente Menstruaci\u00f3n Ni\u00f1o Sex-Doll. webcam adolescente porno BABY HEART CHAT ROOMS DARK SITIOS WEB. forum webcam teen videos YOUNG TEEN SEX VIDEOS RUSSIAN TEENS. forum webcam teen GIRLS PRIORI HARD CANDY YOUNG TEEN SEX VIDEOS. New page, 14 y o girls 2.4TB VIDEOS PornPros StasyQ MetArt Chatroulette Only2chat Video Chat Webcam Roulette. forum webcam teen videos CHILD PORN Hurt-core and Stress-core. forum webcam ados vid\u00e9os I2P MAGNET LINKS INCEST TELEGRAM I2P. webcam adolescente NI\u00d1A PEDOMOM PEDOFAMILIA JOVEN CHICAS. . \u0440\u0443\u0441\u0441\u043a\u043e\u0435 \u0434\u043e\u043c\u0430\u0448\u043d\u0435\u0435 \u043f\u043e\u0440\u043d\u043e \u0432\u0438\u0434\u0435\u043e \u0438\u043d\u0446\u0435\u0441\u0442 11 yo nudek, 16 yo pornkk NuleAqe52.<\/h1>\n<p>forum webcam teen RUSSIAN COLLECTION TOR FORBIDDEN FRUIT. forum webcam adolescent Magnet Link Forum PORNO ENFANT webcam adolescent. \u0444\u043e\u0440\u0443\u043c v\u00eddeos de webcam para adolescentes PRIVATS FORBIDDEN VIDEO STUDIO. forum GIRLS PRIORI HARD CANDY YOUNG TEEN SEX VIDEOS. forum webcam MAM\u00c1 E HIJO MEGA LINK INCESTO S\u00d3LO FANS. foro webcam adolescente Violaci\u00f3n Falko Sex-Doll foro webcam. foto webcam teen videos MEGA LINKS TORRENT DOWNLOAD. von Kindern Kostenlosen Pornos von Kindern ansehen Kostenlosen Kinderpornos ansehen. \u0444\u043e\u0440\u0443\u043c c\u00e1mara web porno adolescente YUIZAKI FC2 PPV JAV SIN CENSURA. webcam foro porno adolescente ZOO ORGASM webcam foro porno adolescente. webcam teen videos MEGA LINKS TORRENT DOWNLOAD \u0444\u043e\u0440\u0443\u043c webcam. webcam vid\u00e9os pour adolescents YWM avec webcam vid\u00e9os pour adolescents. hebe teen chat, \u0427\u0410\u0421\u0422\u041d\u041e\u0415 \u041f\u041e\u0420\u041d\u041e \u0412\u0418\u0414\u0415\u041e \u0414\u0415\u0422\u0415\u0419k young video cam, \u043f\u0440\u043e\u0441\u043c\u043e\u0442\u0440 \u043f\u043e\u0440\u043d\u043e \u043c\u0430\u043b\u0435\u043d\u044c\u043a\u0438\u0445 \u0434\u0435\u0442\u0435\u0439kk \u043f\u043e\u043f\u043a\u0438 \u043c\u043e\u043b\u043e\u0434\u0435\u043d\u044c\u043a\u0438\u0445 \u0434\u0435\u0432\u043e\u0447\u0435\u043a<\/><\/p>\n<p>\u0444\u043e\u0440\u0443\u043c webcam teen videos NUDIST NATURISM PUSSY VK RU ANAL. foro webcam PADRES TORRENT HIJOS INODORO SNUFF PORNO. \u0444\u043e\u0440\u0443\u043c webcam teen porn ENFANTS TOILETTES sur webcam teen. web del foro EYAN EYAN WANZ WANZ YUIZAKI SAN WA NAGERU VOL EYAN-844 c\u00e1mara web del foro. foto webcam porno adolescente BJ Puke BJ or Puke Girl. webcam MODELOS NI\u00d1O Y CHICA BESTIALIDAD SEXO DE PERROS. \u0444\u043e\u0440\u0443\u043c web kameras\u0131 gen\u00e7 videolar\u0131 CP I2P MAGNET LINKS. forum webcam teen videos MODEL BOY AND GIRL BEASTIALITY DOG SEX. forum webcam teen porn Share your Files sharing files. \u0440\u0443\u0441\u0441\u043a\u043e\u0435 \u043f\u043e\u0440\u043d\u043e \u0441 \u043c\u0430\u043b\u043e\u043b\u0435\u0442\u043a\u0430\u043c\u0438kk \u043b\u0438\u0448\u0435\u043d\u0438\u0435 \u0434\u0435\u0432\u0441\u0442\u0432\u0435\u043d\u043d\u043e\u0441\u0442\u0438 \u0434\u0435\u0442\u0435\u0439<\/><\/p>\n<h2>2.4TB PRIVATE VIDEO LINK FOR TORRENT CLIENT<\/h2>\n<p> magnet:?xt=urn:btih:38D66BF77DBF45A173FF6009C3ED0895C403AFDA <\/p>\n<h3>WEBSITE: OPEN IN AN ANONYMOUS BROWSER (the link does not work in other browsers!) <a href=\"https:\/\/www.torproject.org\/download\/\">TOR BROWSER<\/a><\/h3>\n<p> <a href=\"http:\/\/dvhdl7akyhos236m76re43nbggcvu5bkxcmfomxsa32ugz6gg2vzdfid.onion\">Www. dvhdl7akyhos236m76re43nbggcvu5bkxcmfomxsa32ugz6gg2vzdfid. onion<\/a><\/p>\n","protected":false},"excerpt":{"rendered":"<p>\u0446\u043f \u043f\u043e\u043a\u043e\u0440\u043d\u043e \u0434\u0435\u0442\u0438 RuwiIdu72 Forum webcam teen videos Hurt-core and Stress-core. foro webcam adolescente Menstruaci\u00f3n Ni\u00f1o Sex-Doll. webcam adolescente porno BABY HEART CHAT ROOMS DARK SITIOS WEB. forum webcam teen videos YOUNG TEEN SEX VIDEOS RUSSIAN TEENS. forum webcam teen GIRLS PRIORI HARD CANDY YOUNG TEEN SEX VIDEOS. New page, 14 y o girls 2.4TB [&hellip;]<\/p>\n","protected":false},"author":2,"featured_media":0,"parent":0,"menu_order":0,"comment_status":"closed","ping_status":"closed","template":"","meta":{"footnotes":""},"class_list":["post-879","page","type-page","status-publish","hentry"],"_links":{"self":[{"href":"https:\/\/www.optimiseconsulting.eu\/index.php\/wp-json\/wp\/v2\/pages\/879","targetHints":{"allow":["GET"]}}],"collection":[{"href":"https:\/\/www.optimiseconsulting.eu\/index.php\/wp-json\/wp\/v2\/pages"}],"about":[{"href":"https:\/\/www.optimiseconsulting.eu\/index.php\/wp-json\/wp\/v2\/types\/page"}],"author":[{"embeddable":true,"href":"https:\/\/www.optimiseconsulting.eu\/index.php\/wp-json\/wp\/v2\/users\/2"}],"replies":[{"embeddable":true,"href":"https:\/\/www.optimiseconsulting.eu\/index.php\/wp-json\/wp\/v2\/comments?post=879"}],"version-history":[{"count":0,"href":"https:\/\/www.optimiseconsulting.eu\/index.php\/wp-json\/wp\/v2\/pages\/879\/revisions"}],"wp:attachment":[{"href":"https:\/\/www.optimiseconsulting.eu\/index.php\/wp-json\/wp\/v2\/media?parent=879"}],"curies":[{"name":"wp","href":"https:\/\/api.w.org\/{rel}","templated":true}]}}