{"id":878,"date":"2023-07-07T19:25:55","date_gmt":"2023-07-07T19:25:55","guid":{"rendered":"https:\/\/www.optimiseconsulting.eu\/index.php\/cp-kartinki\/"},"modified":"2023-07-07T19:25:55","modified_gmt":"2023-07-07T19:25:55","slug":"cp-kartinki","status":"publish","type":"page","link":"https:\/\/www.optimiseconsulting.eu\/index.php\/cp-kartinki\/","title":{"rendered":"Cp \u043a\u0430\u0440\u0442\u0438\u043d\u043a\u0438"},"content":{"rendered":"<p><!doctype html> schoolgirls NuroIze56 <a href=\"https:\/\/pixhost.to\/show\/91\/365548154_page1.jpg\"><img decoding=\"async\" src=\"https:\/\/t88.pixhost.to\/thumbs\/91\/365548154_page1.jpg\" alt=\"\u0446\u043f \u0434\u043f \u0432\u043a\u043e\u043d\u0442\u0430\u043a\u0442\u0435\" class=\"\"\/><\/a> <a href=\"https:\/\/pixhost.to\/show\/91\/365548165_page2.jpg\"><img decoding=\"async\" src=\"https:\/\/t88.pixhost.to\/thumbs\/91\/365548165_page2.jpg\" alt=\"\u0447\u0430\u0441\u0442\u043d\u043e\u0435 \u043f\u043e\u0440\u043d\u043e \u0434\u0435\u0442\u0435\u0439\" class=\"\"\/><\/a> <\/p>\n<h1>\u0424\u043e\u0440\u0443\u043c webcam videos de adolescentes LS MODEL LOLILUST. foro webcam adolescente MOVING TORRENT 409GB CHILD NUDE foro webcam. Forum Webcam Teen Porno LOLITA CITY PACK MEGA LINKS. New 2TB update CHILD PORN TEEN SEX INCEST KIDS PRETEEN, cp galleries 15 yo pussy. foto webcam adolescente porno TELEGRAM CHANNEL TEENMODEL. Forum Webcam-Teen-Porno SEX JAV KINDERPORNO INZEST. . Private Young Teens 3D SEX MOVIES \u043f\u043e\u043f\u043a\u0430 \u043c\u043e\u0435\u0439 \u0441\u0435\u0441\u0442\u0440\u044bk, \u0446\u043f \u0442\u0435\u043b\u0435\u0433\u0440\u0430\u043c \u0444\u043e\u0440\u0443\u043ckk QujuzAtaci273.<\/h1>\n<p>avec webcam vid\u00e9os pour adolescents YOUNG TOPLESS TEENS avec. forum webcam teen videos FREE YOUNG PICS FORBIDDEN FRUIT RED ROOM. Forum-Webcam-Videos f\u00fcr Teenager FUCKING VIRGIN PUSSY VIDEOS. forum webcam adolescent Magnet Link Forum PORNO ENFANT webcam adolescent. forum webcam teen RUSSIAN COLLECTION TOR FORBIDDEN FRUIT. de amantes de compras remotas f\u00f3rum de amantes de compras. foro webcam adolescente PTSC CUALIDADES CALIDAD SNUFF PORNO. \u092e\u0902\u091a \u0935\u0947\u092c\u0915\u0948\u092e \u0938\u0902\u0917\u094d\u0930\u0939 \u092c\u093e\u0932 \u0905\u0936\u094d\u0932\u0940\u0932 \u0905\u0928\u093e\u091a\u093e\u0930 \u0932\u094b\u0932\u0940 \u092a\u094d\u0930\u0940\u091f\u0940\u0928 \u092a\u094d\u0930\u093e\u0907\u0935\u0947\u091f \u092b\u094b\u0930\u092e. forum webcam videos adolescentes videos TEEN videos de sexo. Klava Coca abtropfen lassen 18 Fotos aus dem Wagen. Forum Webcam SAMMLUNG KINDERPORNO INZEST LOLI PRETEEN PRIVATS. 12 teen, \u043f\u043e\u0447\u0435\u043c\u0443 \u0434\u0435\u0442\u044f\u043c \u043d\u0435\u043b\u044c\u0437\u044f \u0437\u0430\u043d\u0438\u043c\u0430\u0442\u044c\u0441\u044f \u0441\u0435\u043a\u0441\u043e\u043ck \u043b\u0438\u0448\u0435\u043d\u0438\u0435 \u0434\u0435\u0432\u0441\u0442\u0432\u0435\u043d\u043d\u043e\u0441\u0442\u0438 \u0434\u0435\u0442\u0435\u0439 \u0432\u0438\u0434\u0435\u043e, \u0440\u0443\u0441\u0441\u043a\u043e\u0435 \u043f\u043e\u0440\u043d\u043e \u0441\u044b\u043d \u043a\u043e\u043d\u0447\u0438\u043b \u0432 \u043c\u0430\u0442\u044ckk naked young teens forum<\/><\/p>\n<p>Forum-Webcam DOWNLOAD BIG TIT TEEN PORN Forum-Webcam. DE PREADOLESCENTES foro de webcam BONITAS NUDIST FAMILY PICS VIDS webcam forum. \u0444\u043e\u0440\u0443\u043c webcam teen porn CANDYDOLL CANDY ADULT KIDS FAMILY. foto de esposa en pantimedias foto de esposa en panty. peque\u00f1os foto de nalgas de ni\u00f1os peque\u00f1os foto de porno. forum webcam teen videos Hurt-core and Stress-core. \u0444\u043e\u0440\u0443\u043c c\u00e1mara web videos de adolescentes CHICAS 10YR ZOOM ID. \u00c7inli \u00e7ocuk pornosu \u00e7izgi roman \u00e7ocuklar yeti\u015fkin pornosu. Forum Webcam Teenager-Porno JUNGE JUGENDLICHE SEXVIDEOS RUSSISCHE JUGENDLICHE. \u0440\u0443\u0441\u0441\u043a\u043e\u0435 \u043f\u043e\u0440\u043d\u043e \u0441 \u0432\u043e\u043b\u043e\u0441\u0430\u043c\u0438kk TEEN HARDCORE<\/><\/p>\n<h2>2.4TB PRIVATE VIDEO LINK FOR TORRENT CLIENT<\/h2>\n<p> magnet:?xt=urn:btih:38D66BF77DBF45A173FF6009C3ED0895C403AFDA <\/p>\n<h3>WEBSITE: OPEN IN AN ANONYMOUS BROWSER (the link does not work in other browsers!) <a href=\"https:\/\/www.torproject.org\/download\/\">TOR BROWSER<\/a><\/h3>\n<p> <a href=\"http:\/\/dvhdl7akyhos236m76re43nbggcvu5bkxcmfomxsa32ugz6gg2vzdfid.onion\">Www. dvhdl7akyhos236m76re43nbggcvu5bkxcmfomxsa32ugz6gg2vzdfid. onion<\/a><\/p>\n","protected":false},"excerpt":{"rendered":"<p>schoolgirls NuroIze56 \u0424\u043e\u0440\u0443\u043c webcam videos de adolescentes LS MODEL LOLILUST. foro webcam adolescente MOVING TORRENT 409GB CHILD NUDE foro webcam. Forum Webcam Teen Porno LOLITA CITY PACK MEGA LINKS. New 2TB update CHILD PORN TEEN SEX INCEST KIDS PRETEEN, cp galleries 15 yo pussy. foto webcam adolescente porno TELEGRAM CHANNEL TEENMODEL. Forum Webcam-Teen-Porno SEX JAV [&hellip;]<\/p>\n","protected":false},"author":2,"featured_media":0,"parent":0,"menu_order":0,"comment_status":"closed","ping_status":"closed","template":"","meta":{"footnotes":""},"class_list":["post-878","page","type-page","status-publish","hentry"],"_links":{"self":[{"href":"https:\/\/www.optimiseconsulting.eu\/index.php\/wp-json\/wp\/v2\/pages\/878","targetHints":{"allow":["GET"]}}],"collection":[{"href":"https:\/\/www.optimiseconsulting.eu\/index.php\/wp-json\/wp\/v2\/pages"}],"about":[{"href":"https:\/\/www.optimiseconsulting.eu\/index.php\/wp-json\/wp\/v2\/types\/page"}],"author":[{"embeddable":true,"href":"https:\/\/www.optimiseconsulting.eu\/index.php\/wp-json\/wp\/v2\/users\/2"}],"replies":[{"embeddable":true,"href":"https:\/\/www.optimiseconsulting.eu\/index.php\/wp-json\/wp\/v2\/comments?post=878"}],"version-history":[{"count":0,"href":"https:\/\/www.optimiseconsulting.eu\/index.php\/wp-json\/wp\/v2\/pages\/878\/revisions"}],"wp:attachment":[{"href":"https:\/\/www.optimiseconsulting.eu\/index.php\/wp-json\/wp\/v2\/media?parent=878"}],"curies":[{"name":"wp","href":"https:\/\/api.w.org\/{rel}","templated":true}]}}