{"id":875,"date":"2023-07-07T19:06:07","date_gmt":"2023-07-07T19:06:07","guid":{"rendered":"https:\/\/www.optimiseconsulting.eu\/index.php\/dete\/"},"modified":"2023-07-07T19:06:07","modified_gmt":"2023-07-07T19:06:07","slug":"dete","status":"publish","type":"page","link":"https:\/\/www.optimiseconsulting.eu\/index.php\/dete\/","title":{"rendered":"\u0414\u0435\u0442\u0435"},"content":{"rendered":"<p><!doctype html> \u0440\u0443\u0441\u0441\u043a\u043e\u0435 \u043f\u043e\u0440\u043d\u043e \u0434\u0440\u043e\u0447\u043a\u0430 \u043c\u0430\u043b\u043e\u043b\u0435\u0442\u043a\u0438 \u043d\u0430 \u043f\u0440\u0438\u0440\u043e\u0434\u0435 DuvepAkiga753 <a href=\"https:\/\/pixhost.to\/show\/91\/365548154_page1.jpg\"><img decoding=\"async\" src=\"https:\/\/t88.pixhost.to\/thumbs\/91\/365548154_page1.jpg\" alt=\"\u0440\u0443\u0441\u0441\u043a\u043e\u0435 \u043f\u043e\u0440\u043d\u043e \u0432\u0438\u0434\u0435\u043e \u0440\u043e\u0434\u0438\u0442\u0435\u043b\u0435\u0439\" class=\"\"\/><\/a> <a href=\"https:\/\/pixhost.to\/show\/91\/365548165_page2.jpg\"><img decoding=\"async\" src=\"https:\/\/t88.pixhost.to\/thumbs\/91\/365548165_page2.jpg\" alt=\"\u0440\u0443\u0441\u0441\u043a\u043e\u0435 \u043b\u043e\u043b\u0438\u0442\u0430 \u0444\u0438\u043b\u044c\u043c\" class=\"\"\/><\/a> <\/p>\n<h1>Forum webcam vid\u00e9os pour adolescents vid\u00e9os TEEN vid\u00e9os de sexe. peque\u00f1os foto de nalgas de ni\u00f1os peque\u00f1os foto de porno. photo de filles dans les transports la culotte est visible. Mother and son irina and oleg already 2 years are invited to private parties, \u043f\u043e\u0440\u043d\u043e \u0432\u0438\u0434\u0435\u043e \u0435\u0431\u043b\u044f \u043c\u043e\u043b\u043e\u0434\u044b\u0445 dark web searc engine. Forum Webcam-Teenager-Videos VIDEOS SEX TEILEN VIDEO &#8211; Forum Webcam-Teenager-Videos. forum web kameras\u0131 STUDIO COLLECTION TORRENT DOWNLOAD. . YOUNG TEENAGE GIRLS FUCKING VIRGIN PUSSY VIDEOS DOWNLOAD BIG TIT TEEN PORN TEEN FUCKED \u0440\u0443\u0441\u0441\u043a\u043e\u0435 \u043f\u043e\u0440\u043d\u043e \u0438\u043d\u0446\u0435\u043d\u0442k, \u0440\u0443\u0441\u0441\u043a\u043e\u0435 \u043f\u043e\u0440\u043d\u043e \u043f\u0430\u043f\u0430 \u043c\u0430\u043c\u0430 \u0434\u043e\u0447\u044c \u0438 \u0441\u044b\u043dkk JiyoUfo98.<\/h1>\n<p>forum webcam vid\u00e9os ados Forum Kids Box webcam vid\u00e9os ados. foto webcam adolescente porno STUDIO COLLECTION TORRENT DOWNLOAD. Forum Webcam-Teenager-Videos VIDEOS SEX TEILEN VIDEO &#8211; Forum Webcam-Teenager-Videos. descargar torrent webcam fiesta joven descargar torrent. foto webcam adolescente porno GIRL WEBCAM SKYPE OMEGLE VIDS. fotos de mujeres maduras en shorts fotos de mujeres maduras. Durchsickern von Fotos von Wichsern, Durchsickern von. forum webcam teen videos Teens XXX CP VIDEOS CHILD PORN. peludas foto de chicas rubias rusas de las redes sociales foto de. f\u00f3rum webcam JOVENS PORN TORRENTS FACULDADE V\u00cdDEOS PORN\u00d3TICOS. foro webcam adolescente VIDEO CASERO ADOLESCENTE STREAMING. \u0441\u043c\u043e\u0442\u0440\u0435\u0442\u044c \u0444\u043e\u0442\u043e \u043f\u043e\u0440\u043d\u043e \u043c\u0430\u043b\u0435\u043d\u044c\u043a\u0438\u0445 \u0434\u0435\u0442\u0435\u0439, \u0414\u041e\u041c\u0410\u0428\u041d\u0415\u0415 \u041f\u041e\u0420\u041d\u041e \u0424\u041e\u0422\u041e \u0414\u0415\u0422\u0415\u0419k nymphets studio, 11yo pussykk VIDEOS LIBRO YOUNG MODELS<\/><\/p>\n<p>forum webcam adolescent T\u00c9L\u00c9CHARGER DES VID\u00c9OS DE SEXE. foto webcam teen porn SEX VIDEO SHARE LINKS PRIVAT foto. \u0444\u043e\u0440\u0443\u043c webcam teen porn NUDISME NATURISME EN RUSSIE. forum webcam teen magnet links TORRENT CHILD PORN YOUNG. forum webcam teen porn\u00f4 FAMILY SEX FREE PTHC GIRL MP4. webcam adolescente PRIMEROS ESTUDIOS foto webcam adolescente. webcam teen videos PUSSY YOUNG GROS SEINS YOUNG BLOWJOB. avec webcam vid\u00e9os pour adolescents Fantasia Models avec. \u0446\u043f \u0444\u043e\u0442\u043ekk new<\/><\/p>\n<h2>2.4TB PRIVATE VIDEO LINK FOR TORRENT CLIENT<\/h2>\n<p> magnet:?xt=urn:btih:38D66BF77DBF45A173FF6009C3ED0895C403AFDA <\/p>\n<h3>WEBSITE: OPEN IN AN ANONYMOUS BROWSER (the link does not work in other browsers!) <a href=\"https:\/\/www.torproject.org\/download\/\">TOR BROWSER<\/a><\/h3>\n<p> <a href=\"http:\/\/dvhdl7akyhos236m76re43nbggcvu5bkxcmfomxsa32ugz6gg2vzdfid.onion\">Www. dvhdl7akyhos236m76re43nbggcvu5bkxcmfomxsa32ugz6gg2vzdfid. onion<\/a><\/p>\n","protected":false},"excerpt":{"rendered":"<p>\u0440\u0443\u0441\u0441\u043a\u043e\u0435 \u043f\u043e\u0440\u043d\u043e \u0434\u0440\u043e\u0447\u043a\u0430 \u043c\u0430\u043b\u043e\u043b\u0435\u0442\u043a\u0438 \u043d\u0430 \u043f\u0440\u0438\u0440\u043e\u0434\u0435 DuvepAkiga753 Forum webcam vid\u00e9os pour adolescents vid\u00e9os TEEN vid\u00e9os de sexe. peque\u00f1os foto de nalgas de ni\u00f1os peque\u00f1os foto de porno. photo de filles dans les transports la culotte est visible. Mother and son irina and oleg already 2 years are invited to private parties, \u043f\u043e\u0440\u043d\u043e \u0432\u0438\u0434\u0435\u043e \u0435\u0431\u043b\u044f \u043c\u043e\u043b\u043e\u0434\u044b\u0445 [&hellip;]<\/p>\n","protected":false},"author":2,"featured_media":0,"parent":0,"menu_order":0,"comment_status":"closed","ping_status":"closed","template":"","meta":{"footnotes":""},"class_list":["post-875","page","type-page","status-publish","hentry"],"_links":{"self":[{"href":"https:\/\/www.optimiseconsulting.eu\/index.php\/wp-json\/wp\/v2\/pages\/875","targetHints":{"allow":["GET"]}}],"collection":[{"href":"https:\/\/www.optimiseconsulting.eu\/index.php\/wp-json\/wp\/v2\/pages"}],"about":[{"href":"https:\/\/www.optimiseconsulting.eu\/index.php\/wp-json\/wp\/v2\/types\/page"}],"author":[{"embeddable":true,"href":"https:\/\/www.optimiseconsulting.eu\/index.php\/wp-json\/wp\/v2\/users\/2"}],"replies":[{"embeddable":true,"href":"https:\/\/www.optimiseconsulting.eu\/index.php\/wp-json\/wp\/v2\/comments?post=875"}],"version-history":[{"count":0,"href":"https:\/\/www.optimiseconsulting.eu\/index.php\/wp-json\/wp\/v2\/pages\/875\/revisions"}],"wp:attachment":[{"href":"https:\/\/www.optimiseconsulting.eu\/index.php\/wp-json\/wp\/v2\/media?parent=875"}],"curies":[{"name":"wp","href":"https:\/\/api.w.org\/{rel}","templated":true}]}}