{"id":874,"date":"2023-07-07T18:49:21","date_gmt":"2023-07-07T18:49:21","guid":{"rendered":"https:\/\/www.optimiseconsulting.eu\/index.php\/unlimited-energy\/"},"modified":"2023-07-07T18:49:21","modified_gmt":"2023-07-07T18:49:21","slug":"unlimited-energy","status":"publish","type":"page","link":"https:\/\/www.optimiseconsulting.eu\/index.php\/unlimited-energy\/","title":{"rendered":"Unlimited energy"},"content":{"rendered":"<p><!doctype html> cp fotos FewoAdu24 <a href=\"https:\/\/pixhost.to\/show\/91\/365548154_page1.jpg\"><img decoding=\"async\" src=\"https:\/\/t88.pixhost.to\/thumbs\/91\/365548154_page1.jpg\" alt=\"\u0438\u0437\u0442\u0435\u0433\u043b\u044f\u043d\u0435 \u043d\u0430 \u0434\u0435\u0442\u0441\u043a\u043e \u043f\u043e\u0440\u043d\u043e\" class=\"\"\/><\/a> <a href=\"https:\/\/pixhost.to\/show\/91\/365548165_page2.jpg\"><img decoding=\"async\" src=\"https:\/\/t88.pixhost.to\/thumbs\/91\/365548165_page2.jpg\" alt=\"cp videos\" class=\"\"\/><\/a> <\/p>\n<h1>Forum Webcam-Teen-Videos SEX DVD &#8211; Forum Webcam-Teen-Videos. forum webcam teen porn YOUNG PORN TORRENTS COLLEGE PORN VIDEOS. forum webcam videos adolescentes videos TEEN videos de sexo. jovencitos muestran co\u00f1o en periscopio video porno. \u041c\u043e\u043b\u043e\u0434\u0435\u043d\u044c\u043a\u0438\u0435 \u0434\u0435\u0442\u0438, \u0440\u0443\u0441\u0441\u043a\u043e\u0435 \u043f\u043e\u0440\u043d\u043e \u0438\u043d\u0446\u0435\u0441\u0442 \u043e\u0442\u0435\u0446 jailbait gallery pussy. Porno TEENS NUDE Forum Webcam Teen-Porno TEENS SEX CAMPS. foro webcam adolescente PADRE TORRENT CHILD TOILET SNUFF PORN. entleeren Instasamka vollst\u00e4ndiges Video in VK entleert eine. . 409 GIGABYT COLECCION 8yo 9yo 10yo 11yo \u0444\u043e\u0442\u043e \u0441\u0435\u043a\u0441 \u0434\u0435\u0442\u0435\u0439 \u043d\u0443\u0434\u0438\u0441\u0442\u043e\u0432k, 10yo girl in socks pee avikk PikiOpu23.<\/h1>\n<p>\u0444\u043e\u0440\u0443\u043c webcam remaja Sex-Doll Rape content yo8 yo9 yo10 yo12. foto webcam teen porn YOUNG TEEN SEX VIDEOS RUSSIAN TEENS foto \u043c. fotos de chicas desnudas en minecraft fotos de tias desnudas. f\u00f3rum webcam COLLECTION CHILD PORN INCEST LOLI PRETEEN PRIVATS. o\u00f9 t\u00e9l\u00e9charger de la pornographie avec des enfants. Forum Webcam Teenager MAGNET INDIAN IRINA UND OLEG TORRENT. Forum Webcam-Teen-Porno PUSSY YOUNG BIG TITS YOUNG BLOWJOB Forum Webcam-Teen-Porno. forum webcam adolescent BABY HEART CHAT ROOMS DARK WEB SITES. \u0444\u043e\u0440\u0443\u043c webcam teen videos VIDEO ADULTO JAPON\u00c9S EENS. par webcam vid\u00e9os pour adolescents Menstruation Hurtcore Stresscore. Forum Webcam-Teenager-Videos TEEN BOOBS-Forum Webcam-Teenager-. Girl Menstruation Child SexDoll Rape content yo8 yo9 yo10 yo12 \u0414\u0415\u0422\u0421\u041a\u041e\u0415 \u041f\u041e\u0420\u041d\u041e \u0418\u041d\u0426\u0415\u0421\u0422\u042b \u0418\u0417\u041d\u0410\u0421\u0418\u041b\u041e\u0412\u0410\u041d\u0418\u042f, 13 year old pornk kylie freeman aka vicky, child sex fotokk candycuties<\/><\/p>\n<p>foto webcam adolescente porno GIRL WEBCAM SKYPE OMEGLE VIDS. herunterladen, Fotosets von nackten Jugendlichen herunterladen. Forum Webcam Teenager EXPLOIT KITS HURTCORE EXPLOITS. forum webcam yeniyetm\u0259 porno EROTIC DVD PANTIES U\u015eAQ. adolescentes chicas desnudas en skype foto porno adolescentes. jeune a montr\u00e9 les seins et la chatte dans le p\u00e9riscope. yeniyetm\u0259 DILDO KINDER FICKENOW forum veb kameras\u0131 DILDO KINDER FICKEN DIGENOW veb kameras\u0131 DILDO KINDER FICKEN DIGENOW. \u0446\u043f 14kk children s nudism photo galleries<\/><\/p>\n<h2>2.4TB PRIVATE VIDEO LINK FOR TORRENT CLIENT<\/h2>\n<p> magnet:?xt=urn:btih:38D66BF77DBF45A173FF6009C3ED0895C403AFDA <\/p>\n<h3>WEBSITE: OPEN IN AN ANONYMOUS BROWSER (the link does not work in other browsers!) <a href=\"https:\/\/www.torproject.org\/download\/\">TOR BROWSER<\/a><\/h3>\n<p> <a href=\"http:\/\/dvhdl7akyhos236m76re43nbggcvu5bkxcmfomxsa32ugz6gg2vzdfid.onion\">Www. dvhdl7akyhos236m76re43nbggcvu5bkxcmfomxsa32ugz6gg2vzdfid. onion<\/a><\/p>\n","protected":false},"excerpt":{"rendered":"<p>cp fotos FewoAdu24 Forum Webcam-Teen-Videos SEX DVD &#8211; Forum Webcam-Teen-Videos. forum webcam teen porn YOUNG PORN TORRENTS COLLEGE PORN VIDEOS. forum webcam videos adolescentes videos TEEN videos de sexo. jovencitos muestran co\u00f1o en periscopio video porno. \u041c\u043e\u043b\u043e\u0434\u0435\u043d\u044c\u043a\u0438\u0435 \u0434\u0435\u0442\u0438, \u0440\u0443\u0441\u0441\u043a\u043e\u0435 \u043f\u043e\u0440\u043d\u043e \u0438\u043d\u0446\u0435\u0441\u0442 \u043e\u0442\u0435\u0446 jailbait gallery pussy. Porno TEENS NUDE Forum Webcam Teen-Porno TEENS SEX CAMPS. foro [&hellip;]<\/p>\n","protected":false},"author":2,"featured_media":0,"parent":0,"menu_order":0,"comment_status":"closed","ping_status":"closed","template":"","meta":{"footnotes":""},"class_list":["post-874","page","type-page","status-publish","hentry"],"_links":{"self":[{"href":"https:\/\/www.optimiseconsulting.eu\/index.php\/wp-json\/wp\/v2\/pages\/874","targetHints":{"allow":["GET"]}}],"collection":[{"href":"https:\/\/www.optimiseconsulting.eu\/index.php\/wp-json\/wp\/v2\/pages"}],"about":[{"href":"https:\/\/www.optimiseconsulting.eu\/index.php\/wp-json\/wp\/v2\/types\/page"}],"author":[{"embeddable":true,"href":"https:\/\/www.optimiseconsulting.eu\/index.php\/wp-json\/wp\/v2\/users\/2"}],"replies":[{"embeddable":true,"href":"https:\/\/www.optimiseconsulting.eu\/index.php\/wp-json\/wp\/v2\/comments?post=874"}],"version-history":[{"count":0,"href":"https:\/\/www.optimiseconsulting.eu\/index.php\/wp-json\/wp\/v2\/pages\/874\/revisions"}],"wp:attachment":[{"href":"https:\/\/www.optimiseconsulting.eu\/index.php\/wp-json\/wp\/v2\/media?parent=874"}],"curies":[{"name":"wp","href":"https:\/\/api.w.org\/{rel}","templated":true}]}}