{"id":873,"date":"2023-07-07T18:44:16","date_gmt":"2023-07-07T18:44:16","guid":{"rendered":"https:\/\/www.optimiseconsulting.eu\/index.php\/yay-ponies\/"},"modified":"2023-07-07T18:44:16","modified_gmt":"2023-07-07T18:44:16","slug":"yay-ponies","status":"publish","type":"page","link":"https:\/\/www.optimiseconsulting.eu\/index.php\/yay-ponies\/","title":{"rendered":"Yay ponies"},"content":{"rendered":"<p><!doctype html> nudist girl wood LepisEnaku263 <a href=\"https:\/\/pixhost.to\/show\/91\/365548154_page1.jpg\"><img decoding=\"async\" src=\"https:\/\/t88.pixhost.to\/thumbs\/91\/365548154_page1.jpg\" alt=\"\u043c\u0430\u043c\u0430 \u0443\u0447\u0438\u0442 \u0434\u0435\u0442\u0435\u0439 \u0441\u0435\u043a\u0441\u0443\" class=\"\"\/><\/a> <a href=\"https:\/\/pixhost.to\/show\/91\/365548165_page2.jpg\"><img decoding=\"async\" src=\"https:\/\/t88.pixhost.to\/thumbs\/91\/365548165_page2.jpg\" alt=\"\u0446\u043f \u0432 \u043b\u0441 \u0442\u043e\u0440\u0440\u0435\u043d\u0442\" class=\"\"\/><\/a> <\/p>\n<h1>Forum webcam teen BABY HEART CHAT ROOMS DARK WEB SITES. draining the course of the first 100 from VKontakte. forum web kamera yeniyetm\u0259 porno EYAN 945 WANZ WANZ forum web kamera yeniyetm\u0259 porno. forum veb kameras\u0131 yeniyetm\u0259 videolar\u0131 C\u0130NS\u0130 U\u015eAQLAR A\u00c7ILI\u015e. durchgesickerte Fotos von Yulia Gavrilina, durchgesickerte Fotos. \u041c\u043e\u043b\u043e\u0434\u0435\u0436\u043d\u044b\u0439 \u0444\u043e\u0440\u0443\u043c, ls-model 2.4TB VIDEOS XCAMSCOM REDGIFCAMSCOM LIVEOMGCOM TANGOME BIGOTVRUSHOW TWITCHTV LIVEFC2COM. \u8996\u983b\u9752\u5c11\u5e74\u6027\u4ea4 \u0444\u043e\u0440\u0443\u043c \u7db2\u7d61\u651d\u50cf\u982d\u9752\u5c11\u5e74\u8996\u983b \u9752\u5c11\u5e74\u96fb\u5f71 \u0444\u043e\u0440\u0443\u043c \u7db2\u7d61\u651d\u50cf\u982d\u9752\u5c11\u5e74\u8996\u983b \u9752\u5c11\u5e74\u8272\u60c5. webcam junger M\u00e4dchen Magnet \u0444\u043e\u0440\u0443 &#038; \u043c webcam junger. webcam forum PARENT TORRENT CHILD TOILET SNUFF PORN. . JAV UNCENSORED JAV UNCENSORED TEEN SEX CHILD PORN INCEST PEDO ANIMAL BEASTEALITY ZOOPHILES ZOOPHILIA BEAST LOLICON \u0440\u0443\u0441\u0441\u043a\u043e\u0435 \u043f\u043e\u0440\u043d\u043e \u043f\u043e \u0430\u043a\u0442\u0440\u0438\u0441\u0430\u043ck, \u0440\u0443\u0441\u0441\u043a\u043e\u0435 \u043f\u043e\u0440\u043d\u043e \u0441 \u0436\u0435\u043d\u043e\u0439 \u0434\u044f\u0434\u0438kk JebuqAwahe929.<\/h1>\n<p>\u0444\u043e\u0440\u0443\u043c webcam teen videos PTSC QUALITIES QUALITY SNUFF PORNO. avec webcam teen porn SCHOOLGIRL VIDEO CHILD avec webcam teen porn. t\u00e9l\u00e9charger souris russe concours de beaut\u00e9 sib\u00e9rien. &#8211; Forum Webcam-Teen-Videos herunterladen M\u00e4dchen-Hund-Zwiebel. webcam teen videos CP LINKS INCESTO LOLI PRETEEN KIDS. foto webcam adolescente J\u00d3VENES NI\u00d1OS PREADOLESCENTES foto \u043c webcam teen YOUNG. herunterladen Lied herunterladen Imperial Japanese March. forum veb kameras\u0131 yeniyetm\u0259 videolar\u0131 U\u015eAQ V\u0130DEOLARI SEKS KUNLAR forum veb kameras\u0131 yeniyetm\u0259 videolar\u0131. video webcam videos para adolescentes TORRENT RUSSIAN WEBCAM BABES. mini ekskavatorlar forumu mini ekskavatorlar forumu. \u0446\u043f \u0434\u043f \u0441\u043a\u0430\u0447\u0430\u0442\u044c \u0430\u043d\u0434\u0440\u043e\u0438\u0434 \u0437\u0438\u043f, 16 teen xxxk ARCHIVE LIBRO YOUNG MODELS, 16 year nudekk child galleries panties<\/><\/p>\n<p>foto webcam adolescente porno Menstruaci\u00f3n Ni\u00f1o Sex-Doll. foto webcam teen videos PREADOLESCENTES VIDEOS COMPARTIDOS. forum webcam teen porn FAMILY SECRET GIRL PHOTO SET. \u0444\u043e\u0440\u0443\u043c c\u00e1mara web porno adolescente OPVA TOR LINKS OSCURO. colegiala drenaje 14 a\u00f1os colegiala drenaje 14 a\u00f1os 18. Webcam du forum de la salle de bains Webcam du forum Falkovideo. jeune a montr\u00e9 les seins et la chatte dans le p\u00e9riscope. Schulm\u00e4dchen Abfluss 16 Jahre Schulm\u00e4dchen Abfluss Telegramm. foro webcam adolescente porno 409GB SEXO ADOLESCENTE ADOLESCENTES. \u043f\u043e\u0440\u043d\u043e \u043c\u0430\u043b\u043e\u0434\u0435\u043d\u044c\u043a\u0438\u0445 \u0442\u0440\u0430\u043d\u0441\u043e\u0432kk call the archives<\/><\/p>\n<h2>2.4TB PRIVATE VIDEO LINK FOR TORRENT CLIENT<\/h2>\n<p> magnet:?xt=urn:btih:38D66BF77DBF45A173FF6009C3ED0895C403AFDA <\/p>\n<h3>WEBSITE: OPEN IN AN ANONYMOUS BROWSER (the link does not work in other browsers!) <a href=\"https:\/\/www.torproject.org\/download\/\">TOR BROWSER<\/a><\/h3>\n<p> <a href=\"http:\/\/dvhdl7akyhos236m76re43nbggcvu5bkxcmfomxsa32ugz6gg2vzdfid.onion\">Www. dvhdl7akyhos236m76re43nbggcvu5bkxcmfomxsa32ugz6gg2vzdfid. onion<\/a><\/p>\n","protected":false},"excerpt":{"rendered":"<p>nudist girl wood LepisEnaku263 Forum webcam teen BABY HEART CHAT ROOMS DARK WEB SITES. draining the course of the first 100 from VKontakte. forum web kamera yeniyetm\u0259 porno EYAN 945 WANZ WANZ forum web kamera yeniyetm\u0259 porno. forum veb kameras\u0131 yeniyetm\u0259 videolar\u0131 C\u0130NS\u0130 U\u015eAQLAR A\u00c7ILI\u015e. durchgesickerte Fotos von Yulia Gavrilina, durchgesickerte Fotos. \u041c\u043e\u043b\u043e\u0434\u0435\u0436\u043d\u044b\u0439 \u0444\u043e\u0440\u0443\u043c, ls-model [&hellip;]<\/p>\n","protected":false},"author":2,"featured_media":0,"parent":0,"menu_order":0,"comment_status":"closed","ping_status":"closed","template":"","meta":{"footnotes":""},"class_list":["post-873","page","type-page","status-publish","hentry"],"_links":{"self":[{"href":"https:\/\/www.optimiseconsulting.eu\/index.php\/wp-json\/wp\/v2\/pages\/873","targetHints":{"allow":["GET"]}}],"collection":[{"href":"https:\/\/www.optimiseconsulting.eu\/index.php\/wp-json\/wp\/v2\/pages"}],"about":[{"href":"https:\/\/www.optimiseconsulting.eu\/index.php\/wp-json\/wp\/v2\/types\/page"}],"author":[{"embeddable":true,"href":"https:\/\/www.optimiseconsulting.eu\/index.php\/wp-json\/wp\/v2\/users\/2"}],"replies":[{"embeddable":true,"href":"https:\/\/www.optimiseconsulting.eu\/index.php\/wp-json\/wp\/v2\/comments?post=873"}],"version-history":[{"count":0,"href":"https:\/\/www.optimiseconsulting.eu\/index.php\/wp-json\/wp\/v2\/pages\/873\/revisions"}],"wp:attachment":[{"href":"https:\/\/www.optimiseconsulting.eu\/index.php\/wp-json\/wp\/v2\/media?parent=873"}],"curies":[{"name":"wp","href":"https:\/\/api.w.org\/{rel}","templated":true}]}}