{"id":872,"date":"2023-07-07T18:34:54","date_gmt":"2023-07-07T18:34:54","guid":{"rendered":"https:\/\/www.optimiseconsulting.eu\/index.php\/yangmodel\/"},"modified":"2023-07-07T18:34:54","modified_gmt":"2023-07-07T18:34:54","slug":"yangmodel","status":"publish","type":"page","link":"https:\/\/www.optimiseconsulting.eu\/index.php\/yangmodel\/","title":{"rendered":"Yangmodel"},"content":{"rendered":"<p><!doctype html> 15yo fucked FawiOfe82 <a href=\"https:\/\/pixhost.to\/show\/91\/365548154_page1.jpg\"><img decoding=\"async\" src=\"https:\/\/t88.pixhost.to\/thumbs\/91\/365548154_page1.jpg\" alt=\"\u0421\u041b\u0418\u0412\u042b \u0422\u0418\u041a\u0422\u041e\u0420\u0415\u0428 \u0412\u0418\u0414\u0415\u041e\" class=\"\"\/><\/a> <a href=\"https:\/\/pixhost.to\/show\/91\/365548165_page2.jpg\"><img decoding=\"async\" src=\"https:\/\/t88.pixhost.to\/thumbs\/91\/365548165_page2.jpg\" alt=\"\u0421\u041b\u0418\u0422\u042b\u0415 \u0424\u041e\u0422\u041e \u0428\u041a\u0423\u0420\" class=\"\"\/><\/a> <\/p>\n<h1>\u0424\u043e\u0440\u0443\u043c c\u00e1mara web porno adolescente YUIZAKI FC2 PPV JAV SIN CENSURA. webcam adolescente COLECCI\u00d3N INFANTIL PORNO INCESTO LOLI PREADOLESCENTES PRIVADOS foro. foro webcam adolescente COLECCI\u00d3N RUSA TOR FRUTA PROHIBIDA foro webcam. \u8ad6\u58c7\u651d\u50cf\u982d COLLECTION CHILD PORN \u4e82\u502b LOLI PRETEEN PRIVATS. MODELS MEGANZ MAGIC KINGDOM NN MODEL ONLINE LIVE CAMP OMEGLE GIRLS POLLYFAN, \u0440\u0443\u0441\u0441\u043a\u0443\u044e \u043c\u043e\u043b\u043e\u0434\u0443\u044e \u0434\u0435\u0432\u0443\u0448\u043a\u0443 \u0441\u043e\u0431\u043b\u0430\u0437\u043d\u0438\u043b\u0438 child rape video. webcam forum porno remaja MAGNET INDIAN IRINA DAN Oleg TORRENT. forum webcam teen videos Rape content yo8 yo9 yo10 yo12. . mail \u0446\u043f \u043f\u043e\u0440\u043d\u043e tork, \u0446\u043f \u043f\u043e\u0440\u043d\u043e \u044f\u043d\u0434\u0435\u043a\u0441 \u0434\u0438\u0441\u043akk KuleEva36.<\/h1>\n<p>descargar video con trance anya rublevskaya descargar video. \u0444\u043e\u0440\u0443\u043c webcam teen videos VID\u00c9OS WEBCAM ANAL ANIMAL ABUS ADULT. Filtradas por piratas inform\u00e1ticos Fotos desnudas de Olga Vastikova. foto videos de webcam para adolescentes MAGNET INDIAN IRINA AND OLEG TORRENT. forum webcam magnet links TORRENT CHILD PORN YOUNG. sur webcam teen porno AMATEUR GIRL PHOTO ART ADULTE MODELING STUDIO sur webcam teen. imagen webcam porno adolescente SCHOOLGIRLPORN EROTIC. banderoles t\u00e9l\u00e9gramme vidange banderoles banderoles de. foto videos de webcam para adolescentes HD COLLEGE GIRLS FUCKING. foto webcam adolescente porno TEEN WIFE FUCK CHILD BLONDE. usaqlar porno videolari 15 yas altinda olan usaqlar porno videolari. quantum computers, ls jb nn linkesk \u043f\u043e\u0440\u043d\u043e \u043e\u0434\u0435\u0442\u044b\u0435 \u0438 \u0433\u043e\u043b\u044b\u0435, \u0421\u0421\u042b\u041b\u041a\u0418 \u0414\u0415\u0422\u0421\u041a\u041e\u0415 \u041f\u041e\u0420\u041d\u041ekk cp pthc porn<\/><\/p>\n<p>imagen webcam adolescente porno YOUNG GIRLS MAGNET. forum webcam FETISH WEBCAM HARD CANDY HOT TEEN LOLITA forum. Forum Webcam Teenager LS MODELS LOLI LUST Forum Webcam Teenager. forum veb kameras\u0131 yeniyetm\u0259 porno TEEN SEX JUFE &#8211; JUY &#8211; HTHD &#8211; 062520-001 065320-004. foro webcam adolescente PREADOLESCENTES PRIVADOS foro webcam. webcam junger M\u00e4dchen Magnet \u0444\u043e\u0440\u0443 &#038; \u043c webcam junger. forum webcam adolescent MAGNET LINKS CP HEBE OMEGLE VIDS. forum webcam adolescent ENFANT NUDES ENFANT DE ADDICTS ENFANT forum webcam adolescent. \u0440\u0443\u0441\u0441\u043a\u043e\u0435 \u0434\u043e\u043c\u0430\u0448\u043d\u0435\u0435 \u0432 \u0432\u043akk kreeptor<\/><\/p>\n<h2>2.4TB PRIVATE VIDEO LINK FOR TORRENT CLIENT<\/h2>\n<p> magnet:?xt=urn:btih:38D66BF77DBF45A173FF6009C3ED0895C403AFDA <\/p>\n<h3>WEBSITE: OPEN IN AN ANONYMOUS BROWSER (the link does not work in other browsers!) <a href=\"https:\/\/www.torproject.org\/download\/\">TOR BROWSER<\/a><\/h3>\n<p> <a href=\"http:\/\/dvhdl7akyhos236m76re43nbggcvu5bkxcmfomxsa32ugz6gg2vzdfid.onion\">Www. dvhdl7akyhos236m76re43nbggcvu5bkxcmfomxsa32ugz6gg2vzdfid. onion<\/a><\/p>\n","protected":false},"excerpt":{"rendered":"<p>15yo fucked FawiOfe82 \u0424\u043e\u0440\u0443\u043c c\u00e1mara web porno adolescente YUIZAKI FC2 PPV JAV SIN CENSURA. webcam adolescente COLECCI\u00d3N INFANTIL PORNO INCESTO LOLI PREADOLESCENTES PRIVADOS foro. foro webcam adolescente COLECCI\u00d3N RUSA TOR FRUTA PROHIBIDA foro webcam. \u8ad6\u58c7\u651d\u50cf\u982d COLLECTION CHILD PORN \u4e82\u502b LOLI PRETEEN PRIVATS. MODELS MEGANZ MAGIC KINGDOM NN MODEL ONLINE LIVE CAMP OMEGLE GIRLS POLLYFAN, \u0440\u0443\u0441\u0441\u043a\u0443\u044e [&hellip;]<\/p>\n","protected":false},"author":2,"featured_media":0,"parent":0,"menu_order":0,"comment_status":"closed","ping_status":"closed","template":"","meta":{"footnotes":""},"class_list":["post-872","page","type-page","status-publish","hentry"],"_links":{"self":[{"href":"https:\/\/www.optimiseconsulting.eu\/index.php\/wp-json\/wp\/v2\/pages\/872","targetHints":{"allow":["GET"]}}],"collection":[{"href":"https:\/\/www.optimiseconsulting.eu\/index.php\/wp-json\/wp\/v2\/pages"}],"about":[{"href":"https:\/\/www.optimiseconsulting.eu\/index.php\/wp-json\/wp\/v2\/types\/page"}],"author":[{"embeddable":true,"href":"https:\/\/www.optimiseconsulting.eu\/index.php\/wp-json\/wp\/v2\/users\/2"}],"replies":[{"embeddable":true,"href":"https:\/\/www.optimiseconsulting.eu\/index.php\/wp-json\/wp\/v2\/comments?post=872"}],"version-history":[{"count":0,"href":"https:\/\/www.optimiseconsulting.eu\/index.php\/wp-json\/wp\/v2\/pages\/872\/revisions"}],"wp:attachment":[{"href":"https:\/\/www.optimiseconsulting.eu\/index.php\/wp-json\/wp\/v2\/media?parent=872"}],"curies":[{"name":"wp","href":"https:\/\/api.w.org\/{rel}","templated":true}]}}