{"id":871,"date":"2023-07-07T18:34:04","date_gmt":"2023-07-07T18:34:04","guid":{"rendered":"https:\/\/www.optimiseconsulting.eu\/index.php\/show-page\/"},"modified":"2023-07-07T18:34:04","modified_gmt":"2023-07-07T18:34:04","slug":"show-page","status":"publish","type":"page","link":"https:\/\/www.optimiseconsulting.eu\/index.php\/show-page\/","title":{"rendered":"Show page"},"content":{"rendered":"<p><!doctype html> cp overwrite MejusAdari927 <a href=\"https:\/\/pixhost.to\/show\/91\/365548154_page1.jpg\"><img decoding=\"async\" src=\"https:\/\/t88.pixhost.to\/thumbs\/91\/365548154_page1.jpg\" alt=\"\u0440\u0443\u0441\u0441\u043a\u043e\u0435 \u0438\u0437\u0432\u0440\u0430\u0449\u0435\u043d\u0446\u044b\" class=\"\"\/><\/a> <a href=\"https:\/\/pixhost.to\/show\/91\/365548165_page2.jpg\"><img decoding=\"async\" src=\"https:\/\/t88.pixhost.to\/thumbs\/91\/365548165_page2.jpg\" alt=\"cpr girl video\" class=\"\"\/><\/a> <\/p>\n<h1>Foto webcam adolescente FETISH WEBCAM HARD CANDY HOT TEEN LOLITA foto. prunes d&#8217;\u00e9coliers 14 ans de t\u00e9l\u00e9grammes non censur\u00e9s. Forum Webcam-Teen-Porno JUNGE M\u00c4DCHEN KINDER PRETEEN. Sex-Cam &#8211; Forum Webcam-Teenager-Videos Videos TEEN-Sexvideos. forum web kameras\u0131 teen EXPLOIT KITS HURTCORE EXPLOITS. \u041c\u0430\u0441\u0442\u0443\u0440\u0431\u0430\u0446\u0438 \u0434\u0435\u0442\u0435\u0439 \u0444\u043e\u0442\u043e, ls land magazine \u043c\u0430\u043b\u043e\u043b\u0435\u0442\u043a\u0438 \u043e\u043d\u043b\u0430\u0439\u043d \u0431\u0435\u0441\u043f\u043b\u0430\u0442\u043d\u043e. Forum Webcam Teenager ANIMAL MISSBRAUCH JUNGE VIDS BRO-SIS. Forum Webcam Teen Vergewaltigung Falko Sex-Doll Magnet Verkn\u00fcpfung. . open credit line stolen identity guide 2023 12 yo girl breastk, \u043f\u043e\u0440\u043d\u043e \u0441\u043c\u043e\u0442\u0440\u0435\u0442\u044c \u043d\u0430 \u043c\u0430\u043b\u043e\u0439 \u0441\u043a\u043e\u0440\u043e\u0441\u0442\u0438kk ZexoEne40.<\/h1>\n<p>Forum Webcam Teenager JB PUSSY JAPANESE Forum Webcam Teenager. foro webcam porno adolescente PEDO PRIVAT RUSSIAN TEEN foro webcam porno adolescente. fotos videos de webcam para adolescentes HELIOS NATURA videos. Forum Webcam-Teen-Videos SEX DVD &#8211; Forum Webcam-Teen-Videos. forum webcam adolescent TEEN BIG BOOBS WEBCAM VIDEO. forum webcam teen porn FUCKING VIRGIN PUSSY VIDEOS. gen\u00e7ler g\u00f6\u011f\u00fcslerini g\u00f6ster gen\u00e7ler web kameras\u0131nda g\u00f6\u011f\u00fcslerini g\u00f6ster gen\u00e7ler skype&#8217;ta. foto \u043c webcam teen porn HIJA AMOR NI\u00d1OS ENLACE PUTA EXPUESTA. entleerende Streamer in den Startl\u00f6chern entleerende Streamer. labios de loli porno ense\u00f1a a su hijo a caminar correctamente. foto webcam adolescente porno TEEN ADULT CLIPS CHILD. \u0441\u043c\u043e\u0442\u0440\u0435\u0442\u044c \u043f\u043e\u0440\u043d\u043e \u0440\u043e\u043b\u0438\u043a\u0438 \u043c\u0430\u043b\u0435\u043d\u044c\u043a\u0438\u0445 \u0434\u0435\u0442\u0435\u0439, \u0440\u0443\u0441\u0441\u043a\u0443\u044e \u0434\u0435\u0432\u043e\u0447\u043a\u0443 \u0432\u043e \u0432\u0441\u0435 \u0434\u044b\u0440\u044bk child cp sexy videos, one night stand storieskk send a file<\/><\/p>\n<p>forum webcam teen videos FAMILY SECRET GIRL PHOTO SET. forum webcam adolescent HARD CANDY HOT TEEN LOLITA. forum web kameras\u0131 BRO SIS CP KIDS WEBCAM GIRLS PRIORI forum web kameras\u0131. foto webcam videos para adolescentes Teens XXX CP VIDEOS CHILD PORN. videos de webcam para adolescentes Magnet Link CHILD PORN. foro webcam adolescente NUDISTA NATURISMO CO\u00d1O VK RU ANAL foro. \u0444\u043e\u0440\u0443\u043c webcam teen VLADMODELS JEUNES MOD\u00c8LES VID\u00c9O avec. foro webcam adolescente porno VIOLACI\u00d3N INCESTO foro webcam adolescente porno NI\u00d1OS DESCARGAR PORNO INFANTIL foro webcam adolescente DESCARGAR PORNO INFANTIL. opvakk guts<\/><\/p>\n<h2>2.4TB PRIVATE VIDEO LINK FOR TORRENT CLIENT<\/h2>\n<p> magnet:?xt=urn:btih:38D66BF77DBF45A173FF6009C3ED0895C403AFDA <\/p>\n<h3>WEBSITE: OPEN IN AN ANONYMOUS BROWSER (the link does not work in other browsers!) <a href=\"https:\/\/www.torproject.org\/download\/\">TOR BROWSER<\/a><\/h3>\n<p> <a href=\"http:\/\/dvhdl7akyhos236m76re43nbggcvu5bkxcmfomxsa32ugz6gg2vzdfid.onion\">Www. dvhdl7akyhos236m76re43nbggcvu5bkxcmfomxsa32ugz6gg2vzdfid. onion<\/a><\/p>\n","protected":false},"excerpt":{"rendered":"<p>cp overwrite MejusAdari927 Foto webcam adolescente FETISH WEBCAM HARD CANDY HOT TEEN LOLITA foto. prunes d&#8217;\u00e9coliers 14 ans de t\u00e9l\u00e9grammes non censur\u00e9s. Forum Webcam-Teen-Porno JUNGE M\u00c4DCHEN KINDER PRETEEN. Sex-Cam &#8211; Forum Webcam-Teenager-Videos Videos TEEN-Sexvideos. forum web kameras\u0131 teen EXPLOIT KITS HURTCORE EXPLOITS. \u041c\u0430\u0441\u0442\u0443\u0440\u0431\u0430\u0446\u0438 \u0434\u0435\u0442\u0435\u0439 \u0444\u043e\u0442\u043e, ls land magazine \u043c\u0430\u043b\u043e\u043b\u0435\u0442\u043a\u0438 \u043e\u043d\u043b\u0430\u0439\u043d \u0431\u0435\u0441\u043f\u043b\u0430\u0442\u043d\u043e. Forum Webcam Teenager ANIMAL [&hellip;]<\/p>\n","protected":false},"author":2,"featured_media":0,"parent":0,"menu_order":0,"comment_status":"closed","ping_status":"closed","template":"","meta":{"footnotes":""},"class_list":["post-871","page","type-page","status-publish","hentry"],"_links":{"self":[{"href":"https:\/\/www.optimiseconsulting.eu\/index.php\/wp-json\/wp\/v2\/pages\/871","targetHints":{"allow":["GET"]}}],"collection":[{"href":"https:\/\/www.optimiseconsulting.eu\/index.php\/wp-json\/wp\/v2\/pages"}],"about":[{"href":"https:\/\/www.optimiseconsulting.eu\/index.php\/wp-json\/wp\/v2\/types\/page"}],"author":[{"embeddable":true,"href":"https:\/\/www.optimiseconsulting.eu\/index.php\/wp-json\/wp\/v2\/users\/2"}],"replies":[{"embeddable":true,"href":"https:\/\/www.optimiseconsulting.eu\/index.php\/wp-json\/wp\/v2\/comments?post=871"}],"version-history":[{"count":0,"href":"https:\/\/www.optimiseconsulting.eu\/index.php\/wp-json\/wp\/v2\/pages\/871\/revisions"}],"wp:attachment":[{"href":"https:\/\/www.optimiseconsulting.eu\/index.php\/wp-json\/wp\/v2\/media?parent=871"}],"curies":[{"name":"wp","href":"https:\/\/api.w.org\/{rel}","templated":true}]}}