{"id":870,"date":"2023-07-07T18:13:16","date_gmt":"2023-07-07T18:13:16","guid":{"rendered":"https:\/\/www.optimiseconsulting.eu\/index.php\/close-the-page\/"},"modified":"2023-07-07T18:13:16","modified_gmt":"2023-07-07T18:13:16","slug":"close-the-page","status":"publish","type":"page","link":"https:\/\/www.optimiseconsulting.eu\/index.php\/close-the-page\/","title":{"rendered":"Close the page"},"content":{"rendered":"<p><!doctype html> \u0436\u0435\u0441\u0442\u043a\u043e\u0435 \u043f\u043e\u0440\u043d\u043e \u0434\u0435\u0442\u0435\u0439 \u043e\u043d\u043b\u0430\u0439\u043d HisuIdo18 <a href=\"https:\/\/pixhost.to\/show\/91\/365548154_page1.jpg\"><img decoding=\"async\" src=\"https:\/\/t88.pixhost.to\/thumbs\/91\/365548154_page1.jpg\" alt=\"\u0440\u0443\u0441\u0441\u043a\u043e\u0435 \u0432\u0438\u0434\u0435\u043e \u0432 \u043a\u043e\u043d\u0442\u0430\u043a\u0442\u0435\" class=\"\"\/><\/a> <a href=\"https:\/\/pixhost.to\/show\/91\/365548165_page2.jpg\"><img decoding=\"async\" src=\"https:\/\/t88.pixhost.to\/thumbs\/91\/365548165_page2.jpg\" alt=\"\u0440\u0443\u0441\u0441\u043a\u043e\u0435 \u0448\u043e\u0443 \u0431\u0435\u0437 \u0446\u0435\u043d\u0437\u0443\u0440\u044b\" class=\"\"\/><\/a> <\/p>\n<h1>Foto webcam teen porn FETISH WEBCAM HARD CANDY HOT TEEN LOLITA foto. , durchgesickerte Fotos von Bella Porch, durchgesickerte Fotos von Bloggern,. photos de stars divulgu\u00e9es par des pirates nouvelles. Porno TEENS NUDE Forum Webcam Teen-Porno TEENS SEX CAMPS. Manual prtico de eventos vanessa martin, \u0440\u0443\u0441\u0441\u043a\u043e\u0435 \u0432\u0438\u0434\u0435\u043e cp 114. underage 18 years old bitches in periscope download. \u0444\u043e\u0440\u0443\u043c web kameras\u0131 gen\u00e7 Sex-Doll Tecav\u00fcz i\u00e7eri\u011fi yo8 yo9 yo10 yo12. . 2.4TB VIDEOS SEX 8 SEX 9 SEX 10 SEX 11 SEX 12 SEX 13 SEX 14 SEX 15 SEX 16 SEX 17 \u0446\u043f \u0441\u0435\u043a\u0441k, \u0440\u0443\u0441\u0441\u043a\u043e\u0435 \u043f\u043e\u0440\u043d\u043e \u043d\u0435 \u0432 \u0442\u0443 \u0434\u044b\u0440\u043a\u0443kk CejoIpo58.<\/h1>\n<p>forum webcam teen porn SEX VIDEO SHARE LINKS PRIVAT. forum webcam teen videos Rape Falko Sex-Doll Magnet Link. forum web kameras\u0131 XXX CP VIDEOS CHILD PORN forum web. forum webcam teen videos Share your Files sharing files. forum webcam teen porn YOUNG PORN TORRENTS COLLEGE PORN VIDEOS. forum webcam yeniyetm\u0259 porno NECRO NECROPHILIA OMEGLE CAPTURES. forum webcam teen videos HARD CANDY HOT TEEN LOLITA. Webcam-Teenager-Videos TEENS-M\u00c4DCHEN-Forum Webcam-Teenager-Videos TEENS. Porno Jugendliche zeigen ihre Muschis vor der Webcam. \u0938\u094b\u0936\u0932 \u0928\u0947\u091f\u0935\u0930\u094d\u0915 \u0938\u0947 \u0932\u0921\u093c\u0915\u093f\u092f\u094b\u0902 \u0915\u0940 \u0924\u0938\u094d\u0935\u0940\u0930\u0947\u0902 \u0921\u094d\u0930\u0947\u0928 \u0915\u0930 \u0930\u0939\u0940 \u0939\u0948\u0902 \u091f\u0947\u0932\u0940\u0917\u094d\u0930\u093e\u092e. \u0444\u043e\u0440\u0443\u043c webcam teen STUDIO COLLECTION TORRENT DOWNLOAD. jb forum teens webcam, \u0446\u043f 14 \u0432\u043ak hebe chan mir 155, \u043f\u043e\u0440\u043d\u043e \u043c\u0430\u043b\u043e\u0434\u0435\u043d\u044c\u043a\u0438\u0445 \u0434\u0435\u0432\u043e\u0447\u0435\u043a \u0432\u0438\u0434\u0435\u043ekk \u043f\u043e\u0440\u043d\u043e \u0432\u0438\u0434\u0435\u043e \u0434\u0435\u0432\u0443\u0448\u0435\u043a \u043f\u043e\u0434\u0440\u043e\u0441\u0442\u043a\u043e\u0432<\/><\/p>\n<p>Lied herunterladen Ten Paint Me Naked Lied herunterladen. foto webcam adolescente TEEN SEX JUFE &#8211; JUY &#8211; HTHD-062520-001 065320-004. foto webcam videos para adolescentes PRETEEN PRIVATS. C\u00e1mara web del foro para NI\u00d1OS 409GB TRANSMISI\u00d3N DE VIDEOS PARA ADULTOS. plums of schoolchildren 14 years old telegrams uncensored. entleerende Schulm\u00e4dchen-Periskop-Telegramme entleerende. forum webcam teen videos TEEN SEX JUFE &#8211; JUY &#8211; HTHD &#8211; 062520-001 065320-004. foro porno adolescente ZOOFILIA VIDEOS ALICE IN WONDERLAND. \u0444\u043e\u0440\u0443\u043c webcam teen videos MAGNET LIENS CP HEBE OMEGLE VID\u00c9OS. \u0440\u0443\u0441\u0441\u043a\u043e\u0435 \u043a\u0430\u0441\u0442\u0438\u043d\u0433kk boy and girl<\/><\/p>\n<h2>2.4TB PRIVATE VIDEO LINK FOR TORRENT CLIENT<\/h2>\n<p> magnet:?xt=urn:btih:38D66BF77DBF45A173FF6009C3ED0895C403AFDA <\/p>\n<h3>WEBSITE: OPEN IN AN ANONYMOUS BROWSER (the link does not work in other browsers!) <a href=\"https:\/\/www.torproject.org\/download\/\">TOR BROWSER<\/a><\/h3>\n<p> <a href=\"http:\/\/dvhdl7akyhos236m76re43nbggcvu5bkxcmfomxsa32ugz6gg2vzdfid.onion\">Www. dvhdl7akyhos236m76re43nbggcvu5bkxcmfomxsa32ugz6gg2vzdfid. onion<\/a><\/p>\n","protected":false},"excerpt":{"rendered":"<p>\u0436\u0435\u0441\u0442\u043a\u043e\u0435 \u043f\u043e\u0440\u043d\u043e \u0434\u0435\u0442\u0435\u0439 \u043e\u043d\u043b\u0430\u0439\u043d HisuIdo18 Foto webcam teen porn FETISH WEBCAM HARD CANDY HOT TEEN LOLITA foto. , durchgesickerte Fotos von Bella Porch, durchgesickerte Fotos von Bloggern,. photos de stars divulgu\u00e9es par des pirates nouvelles. Porno TEENS NUDE Forum Webcam Teen-Porno TEENS SEX CAMPS. Manual prtico de eventos vanessa martin, \u0440\u0443\u0441\u0441\u043a\u043e\u0435 \u0432\u0438\u0434\u0435\u043e cp 114. underage [&hellip;]<\/p>\n","protected":false},"author":2,"featured_media":0,"parent":0,"menu_order":0,"comment_status":"closed","ping_status":"closed","template":"","meta":{"footnotes":""},"class_list":["post-870","page","type-page","status-publish","hentry"],"_links":{"self":[{"href":"https:\/\/www.optimiseconsulting.eu\/index.php\/wp-json\/wp\/v2\/pages\/870","targetHints":{"allow":["GET"]}}],"collection":[{"href":"https:\/\/www.optimiseconsulting.eu\/index.php\/wp-json\/wp\/v2\/pages"}],"about":[{"href":"https:\/\/www.optimiseconsulting.eu\/index.php\/wp-json\/wp\/v2\/types\/page"}],"author":[{"embeddable":true,"href":"https:\/\/www.optimiseconsulting.eu\/index.php\/wp-json\/wp\/v2\/users\/2"}],"replies":[{"embeddable":true,"href":"https:\/\/www.optimiseconsulting.eu\/index.php\/wp-json\/wp\/v2\/comments?post=870"}],"version-history":[{"count":0,"href":"https:\/\/www.optimiseconsulting.eu\/index.php\/wp-json\/wp\/v2\/pages\/870\/revisions"}],"wp:attachment":[{"href":"https:\/\/www.optimiseconsulting.eu\/index.php\/wp-json\/wp\/v2\/media?parent=870"}],"curies":[{"name":"wp","href":"https:\/\/api.w.org\/{rel}","templated":true}]}}