{"id":868,"date":"2023-07-07T17:05:47","date_gmt":"2023-07-07T17:05:47","guid":{"rendered":"https:\/\/www.optimiseconsulting.eu\/index.php\/russian-boys-yo\/"},"modified":"2023-07-07T17:05:47","modified_gmt":"2023-07-07T17:05:47","slug":"russian-boys-yo","status":"publish","type":"page","link":"https:\/\/www.optimiseconsulting.eu\/index.php\/russian-boys-yo\/","title":{"rendered":"Russian boys yo"},"content":{"rendered":"<p><!doctype html> \u0446\u043f \u0434\u0435\u0442\u0441\u043a\u043e\u0435 \u043f\u043e\u0440\u043d\u043e \u0441\u043c\u043e\u0442\u0440\u0435\u0442\u044c LesugAjuva274 <a href=\"https:\/\/pixhost.to\/show\/91\/365548154_page1.jpg\"><img decoding=\"async\" src=\"https:\/\/t88.pixhost.to\/thumbs\/91\/365548154_page1.jpg\" alt=\"\u0413\u041e\u041b\u042b\u0415 \u0424\u041e\u0422\u041e \u0422\u0418\u041a \u0422\u041e\u041a\" class=\"\"\/><\/a> <a href=\"https:\/\/pixhost.to\/show\/91\/365548165_page2.jpg\"><img decoding=\"async\" src=\"https:\/\/t88.pixhost.to\/thumbs\/91\/365548165_page2.jpg\" alt=\"\u041f\u0420\u0418\u0412\u0410\u0422 \u0427\u0410\u0422 \u0417\u0410\u041f\u0418\u0421\u0418\" class=\"\"\/><\/a> <\/p>\n<h1>C\u00e1mara web videos para adolescentes PERISCOPE JK JAPON\u00c9S. \u0905\u0936\u094d\u0932\u0940\u0932 \u0932\u0921\u093c\u0915\u093f\u092f\u093e\u0901 \u0935\u0940\u0915\u0947 \u092e\u0947\u0902 16 \u0935\u0940\u0915\u0947 \u092e\u0947\u0902 \u0905\u0936\u094d\u0932\u0940\u0932 \u0932\u0921\u093c\u0915\u093f\u092f\u093e\u0901 \u0935\u0940\u0915\u0947 \u092e\u0947\u0902 18 \u0935\u0940\u0915\u0947 \u092e\u0947\u0902 \u0905\u0936\u094d\u0932\u0940\u0932 \u0932\u0921\u093c\u0915\u093f\u092f\u093e\u0901 \u0935\u0940\u0915\u0947 \u092e\u0947\u0902 \u0924\u0941\u0930\u0902\u0924 \u0928\u0939\u0940\u0902. mengeringkan foto gadis dari jejaring sosial telegram. Monat wurde das Video \u201eKleiner Junge\u201c abgerissen, nachdem der Kleine Junge abgeschnitten hatte. Ls model nude pic, ls-magazine \u0440\u0443\u0441\u0441\u043a\u0443\u044e \u043c\u0430\u043c\u0430\u0448\u0443. forum webcam teen porn 409GB STREAMING ADULT VIDEOS. c\u00e1mara web del foro NECRO NECROFILIA CAPTURAS OMEGLE. . YOUNG MODELS PTHC \u0446\u043f \u0441\u0441\u044b\u043b\u043a\u0438k, 16 year old girlkk DafaUpa97.<\/h1>\n<p>von Kindern Kostenlosen Pornos von Kindern ansehen Kostenlosen Kinderpornos ansehen. foto webcam teen porn YOUNG PORN TORRENTS COLLEGE PORN VIDEOS. forum webcam teen porn ABUSE CHILD AND FAMILY VIDEOS. foro webcam adolescente 409GB SEXO ADOLESCENTE ADOLESCENTES. web kameras\u0131nda gen\u00e7ler bacaklar\u0131n\u0131 ay\u0131r\u0131yor video. Forum Webcam Teenager VLADMODELS JUNGE VIDEOMODELLE. Forum Webcam-Teenager-Videos DARK YOUNG TEEN SEX RUSSIAN. webcam adolescente LOLITA CITY PACK MEGA LINKS foro. Forum Webcam Teenager M\u00c4DCHEN LEAK M\u00c4DCHEN CHAT VERSTECKT Forum Webcam. Forum Webcam Teen Porno TEEN WIFE FUCK CHILD BLONDE. webcam teen videos TEEN BOOBS webcam teen videos TEEN BOOBS. \u043c\u0430\u043b\u043e\u043b\u0435\u0442\u043a\u0438 hd, \u0440\u0443\u0441\u0441\u043a\u043e\u0435 \u0434\u043e\u043c\u0430\u0448\u043d\u0435\u0435 \u0440\u0435\u0430\u043b\u044c\u043d\u043e\u0435 \u0432\u043ak NUDISM NATURISM IN RUSSIA HELIOS NATURA HOLY NATURE NATURIST FREEDOM EUROVID VIDEOS MEGA LINKS PRIVATS VIDEOS TORRENT DOWNLOAD, dar knetkk Cat Goddess<\/><\/p>\n<p>Webcam-Teenager-Videos KINDER-VIDEOS-SEX-PUPPEN-Forum Webcam-Teenager-Videos COLLEGE-GIRLS-SEX-. Schulm\u00e4dchen Abfluss 16 Jahre Schulm\u00e4dchen Abfluss Telegramm. forum webcam teen porn I2P MAGNET LINKS INCEST TELEGRAM I2P. teen videolar\u0131 forum YUIZAKI FCUNCE2 teen videolar\u0131. foto de una chica en un ba\u00f1o sin cara foto de una chica. foro webcam porno adolescente LOLICON SHOTACON SHOTA. \u0444\u043e\u0440\u0443\u043c webcam videos adolescentes PORNO INFANTIL DESCARGAR. foto webcam adolescente porno MODELO CHICO Y CHICA BESTIALIDAD PERRO SEXO foto. download child pornkk COLLECTION WEBCAM NEUE VIDEOS UND FOTOS<\/><\/p>\n<h2>2.4TB PRIVATE VIDEO LINK FOR TORRENT CLIENT<\/h2>\n<p> magnet:?xt=urn:btih:38D66BF77DBF45A173FF6009C3ED0895C403AFDA <\/p>\n<h3>WEBSITE: OPEN IN AN ANONYMOUS BROWSER (the link does not work in other browsers!) <a href=\"https:\/\/www.torproject.org\/download\/\">TOR BROWSER<\/a><\/h3>\n<p> <a href=\"http:\/\/dvhdl7akyhos236m76re43nbggcvu5bkxcmfomxsa32ugz6gg2vzdfid.onion\">Www. dvhdl7akyhos236m76re43nbggcvu5bkxcmfomxsa32ugz6gg2vzdfid. onion<\/a><\/p>\n","protected":false},"excerpt":{"rendered":"<p>\u0446\u043f \u0434\u0435\u0442\u0441\u043a\u043e\u0435 \u043f\u043e\u0440\u043d\u043e \u0441\u043c\u043e\u0442\u0440\u0435\u0442\u044c LesugAjuva274 C\u00e1mara web videos para adolescentes PERISCOPE JK JAPON\u00c9S. \u0905\u0936\u094d\u0932\u0940\u0932 \u0932\u0921\u093c\u0915\u093f\u092f\u093e\u0901 \u0935\u0940\u0915\u0947 \u092e\u0947\u0902 16 \u0935\u0940\u0915\u0947 \u092e\u0947\u0902 \u0905\u0936\u094d\u0932\u0940\u0932 \u0932\u0921\u093c\u0915\u093f\u092f\u093e\u0901 \u0935\u0940\u0915\u0947 \u092e\u0947\u0902 18 \u0935\u0940\u0915\u0947 \u092e\u0947\u0902 \u0905\u0936\u094d\u0932\u0940\u0932 \u0932\u0921\u093c\u0915\u093f\u092f\u093e\u0901 \u0935\u0940\u0915\u0947 \u092e\u0947\u0902 \u0924\u0941\u0930\u0902\u0924 \u0928\u0939\u0940\u0902. mengeringkan foto gadis dari jejaring sosial telegram. Monat wurde das Video \u201eKleiner Junge\u201c abgerissen, nachdem der Kleine Junge abgeschnitten hatte. Ls model [&hellip;]<\/p>\n","protected":false},"author":2,"featured_media":0,"parent":0,"menu_order":0,"comment_status":"closed","ping_status":"closed","template":"","meta":{"footnotes":""},"class_list":["post-868","page","type-page","status-publish","hentry"],"_links":{"self":[{"href":"https:\/\/www.optimiseconsulting.eu\/index.php\/wp-json\/wp\/v2\/pages\/868","targetHints":{"allow":["GET"]}}],"collection":[{"href":"https:\/\/www.optimiseconsulting.eu\/index.php\/wp-json\/wp\/v2\/pages"}],"about":[{"href":"https:\/\/www.optimiseconsulting.eu\/index.php\/wp-json\/wp\/v2\/types\/page"}],"author":[{"embeddable":true,"href":"https:\/\/www.optimiseconsulting.eu\/index.php\/wp-json\/wp\/v2\/users\/2"}],"replies":[{"embeddable":true,"href":"https:\/\/www.optimiseconsulting.eu\/index.php\/wp-json\/wp\/v2\/comments?post=868"}],"version-history":[{"count":0,"href":"https:\/\/www.optimiseconsulting.eu\/index.php\/wp-json\/wp\/v2\/pages\/868\/revisions"}],"wp:attachment":[{"href":"https:\/\/www.optimiseconsulting.eu\/index.php\/wp-json\/wp\/v2\/media?parent=868"}],"curies":[{"name":"wp","href":"https:\/\/api.w.org\/{rel}","templated":true}]}}