{"id":867,"date":"2023-07-07T17:01:53","date_gmt":"2023-07-07T17:01:53","guid":{"rendered":"https:\/\/www.optimiseconsulting.eu\/index.php\/copy-the-record\/"},"modified":"2023-07-07T17:01:53","modified_gmt":"2023-07-07T17:01:53","slug":"copy-the-record","status":"publish","type":"page","link":"https:\/\/www.optimiseconsulting.eu\/index.php\/copy-the-record\/","title":{"rendered":"Copy the record"},"content":{"rendered":"<p><!doctype html> \u0446\u043f \u0441\u043a\u0430\u0447\u0430\u0442\u044c FihiUqe37 <a href=\"https:\/\/pixhost.to\/show\/91\/365548154_page1.jpg\"><img decoding=\"async\" src=\"https:\/\/t88.pixhost.to\/thumbs\/91\/365548154_page1.jpg\" alt=\"\u0434\u0435\u0442\u0441\u043a\u043e \u043f\u043e\u0440\u043d\u043e\" class=\"\"\/><\/a> <a href=\"https:\/\/pixhost.to\/show\/91\/365548165_page2.jpg\"><img decoding=\"async\" src=\"https:\/\/t88.pixhost.to\/thumbs\/91\/365548165_page2.jpg\" alt=\"\u0440\u0443\u0441\u0441\u043a\u043e\u0435 \u043f\u043e\u0440\u043d\u043e \u043c\u0435\u0436\u0434\u0443 \u043d\u043e\u0433\" class=\"\"\/><\/a> <\/p>\n<h1>Forum Webcam-Teen-Porno NECRO NECROPHILIA OMEGLE CAPTURES Forum Webcam-Teen-Porno. webcam videos porno de adolescentes ADOLESCENTES videos de sexo. foto webcam adolescente porno PRIVATS FORBIDDEN VIDEO STUDIO. Forum-Webcam File-Sharing Dateien teilen Datei-Downloads. LS MODEL LOLILUST LS MODELS, 16 teen porn EENS JAPANESE ADULT VIDEO. webcam vid\u00e9os pour adolescents YUIZAKI FC2 PPV JAV UNCENSORED avec. \u0444\u043e\u0440\u0443\u043c webcam teen videos HARD CANDY HOT TEEN LOLITA. . \u0440\u0443\u0441\u0441\u043a\u043e\u0435 \u043f\u043e\u0440\u043d\u043e \u0432\u0435\u0441\u0435\u043b\u0430\u044f \u0441\u0435\u043c\u0435\u0439\u043a\u0430 \u0440\u0443\u0441\u0441\u043a\u043e\u0435 \u043f\u043e\u0440\u043d\u043e \u0441\u0435\u043a\u0441 \u0441 \u044e\u043d\u044b\u043c\u0438k, 12 yo fuckedkk DuvoUhu93.<\/h1>\n<p>, Foto von Br\u00fcsten im Badezimmer, Foto von Br\u00fcsten im. forum webcam vid\u00e9os pour adolescents KIDS LINK UNCESORED forum. c\u00e1mara web del foro BABY HEART CHAT ROOMS SITIOS WEB OSCUROS c\u00e1mara. adolescente TELEGRAM CHANNEL foro webcam adolescente TELEGRAM CHANNEL TENMODEL foro. porno BABES BLOWJOB GIRLS foto webcam adolescente porno. \u043e\u0440\u0443\u043c webcam adolescente videos VIDEO TORRENT DOWNLOAD. t\u00e9l\u00e9charger torrent filles chaudes japonaises maillot de bain en latex. F\u00f3rum de amantes de sexo oral F\u00f3rum de amantes de sexo oral. t\u00e9l\u00e9charger torrent filles chaudes japonaises maillot de bain en latex. avec webcam teen videos Vichatter \u0444\u043e\u0440 \u0443\u043c webcam teen videos. \u092b\u094b\u0930\u092e \u0935\u0947\u092c\u0915\u0948\u092e \u0905\u092a\u0928\u0940 \u092b\u093c\u093e\u0907\u0932\u0947\u0902 \u0938\u093e\u091d\u093e \u0915\u0930\u0928\u093e \u092b\u093c\u093e\u0907\u0932\u0947\u0902 \u0938\u093e\u091d\u093e \u0915\u0930\u0928\u093e. jailbait galleries, \u0440\u0443\u0441\u0441\u043a\u043e\u0435 \u043f\u043e\u0440\u043d\u043e \u043c\u0430\u043c\u0438\u043d\u0430 \u0441\u0435\u0441\u0442\u0440\u0430k 8yo sex, 16 modelskk cp \u0432 \u0432\u043a<\/><\/p>\n<p>foto webcam adolescente porno TEENS CHILD POR NO MIS PRIVATS. foto webcam teen videos PREADOLESCENTES VIDEOS COMPARTIDOS. \u0444\u043e\u0440\u0443\u043c webcam adolescente porn TEENS HOME ASIAN TEEN. Forum Webcam Teenager EXPLOIT KITS HURTCORE EXPLOITS. forum veb kameras\u0131 CHILDREN GUILT PEDOS VIDEO forum veb kameras\u0131 CHILDREN GUILT PEDOS VIDEO forumu veb kameras\u0131 CHILDREN. forum veb kameras\u0131 BABY HEART SOHBET Otaqlar\u0131 QARANDI WEB SAYTLARI. forum webcam vid\u00e9os ados Forum Kids Box webcam vid\u00e9os ados. \u0421\u041b\u0418\u0412 \u0424\u041e\u0422\u041e\u041a \u041f\u041e\u0414\u0420\u041e\u0421\u0422\u041a\u041e\u0412kk 2.4TB VIDEOS VOLAFILEORG BETTERSCOPENET MRVINECO CAMKITTYSCO JBCAMXYZ CAM4COMFEMALE<\/><\/p>\n<h2>2.4TB PRIVATE VIDEO LINK FOR TORRENT CLIENT<\/h2>\n<p> magnet:?xt=urn:btih:38D66BF77DBF45A173FF6009C3ED0895C403AFDA <\/p>\n<h3>WEBSITE: OPEN IN AN ANONYMOUS BROWSER (the link does not work in other browsers!) <a href=\"https:\/\/www.torproject.org\/download\/\">TOR BROWSER<\/a><\/h3>\n<p> <a href=\"http:\/\/dvhdl7akyhos236m76re43nbggcvu5bkxcmfomxsa32ugz6gg2vzdfid.onion\">Www. dvhdl7akyhos236m76re43nbggcvu5bkxcmfomxsa32ugz6gg2vzdfid. onion<\/a><\/p>\n","protected":false},"excerpt":{"rendered":"<p>\u0446\u043f \u0441\u043a\u0430\u0447\u0430\u0442\u044c FihiUqe37 Forum Webcam-Teen-Porno NECRO NECROPHILIA OMEGLE CAPTURES Forum Webcam-Teen-Porno. webcam videos porno de adolescentes ADOLESCENTES videos de sexo. foto webcam adolescente porno PRIVATS FORBIDDEN VIDEO STUDIO. Forum-Webcam File-Sharing Dateien teilen Datei-Downloads. LS MODEL LOLILUST LS MODELS, 16 teen porn EENS JAPANESE ADULT VIDEO. webcam vid\u00e9os pour adolescents YUIZAKI FC2 PPV JAV UNCENSORED avec. [&hellip;]<\/p>\n","protected":false},"author":2,"featured_media":0,"parent":0,"menu_order":0,"comment_status":"closed","ping_status":"closed","template":"","meta":{"footnotes":""},"class_list":["post-867","page","type-page","status-publish","hentry"],"_links":{"self":[{"href":"https:\/\/www.optimiseconsulting.eu\/index.php\/wp-json\/wp\/v2\/pages\/867","targetHints":{"allow":["GET"]}}],"collection":[{"href":"https:\/\/www.optimiseconsulting.eu\/index.php\/wp-json\/wp\/v2\/pages"}],"about":[{"href":"https:\/\/www.optimiseconsulting.eu\/index.php\/wp-json\/wp\/v2\/types\/page"}],"author":[{"embeddable":true,"href":"https:\/\/www.optimiseconsulting.eu\/index.php\/wp-json\/wp\/v2\/users\/2"}],"replies":[{"embeddable":true,"href":"https:\/\/www.optimiseconsulting.eu\/index.php\/wp-json\/wp\/v2\/comments?post=867"}],"version-history":[{"count":0,"href":"https:\/\/www.optimiseconsulting.eu\/index.php\/wp-json\/wp\/v2\/pages\/867\/revisions"}],"wp:attachment":[{"href":"https:\/\/www.optimiseconsulting.eu\/index.php\/wp-json\/wp\/v2\/media?parent=867"}],"curies":[{"name":"wp","href":"https:\/\/api.w.org\/{rel}","templated":true}]}}